{"id":102132,"date":"2026-03-10T09:29:41","date_gmt":"2026-03-10T08:29:41","guid":{"rendered":"https:\/\/translinguoglobal.com\/service-de-traduction-a-valladolid\/"},"modified":"2026-03-10T09:29:45","modified_gmt":"2026-03-10T08:29:45","slug":"service-de-traduction-a-valladolid","status":"publish","type":"page","link":"https:\/\/translinguoglobal.com\/fr\/service-de-traduction-a-valladolid\/","title":{"rendered":"Service de traduction \u00e0 Valladolid"},"content":{"rendered":"<p><a href=\"https:\/\/translinguoglobal.com\/fr\/\">Service de traduction \u00e0<\/a> Valladolid Tout au long de notre vie, il est possible que nous fassions face \u00e0 d&rsquo;autres langues, mais les entreprises font tous les jours face \u00e0 cette r\u00e9alit\u00e9. Esto se debe a la cantidad de lenguas que existen y a que cada vez estamos m\u00e1s intercomunicados.<\/p>\n<p>Le probl\u00e8me, c&rsquo;est que si l&rsquo;on ne ma\u00eetrise pas bien la langue dans laquelle on souhaite communiquer, des malentendus peuvent survenir. A cet effet, nous vous proposons notre <strong>service de traduction \u00e0 <a href=\"https:\/\/es.wikipedia.org\/wiki\/Valladolid\" target=\"_blank\" rel=\"noopener\">Valladolid<\/a><\/strong>. Nous ne voulons pas que cela vous arrive et que vos relations commerciales s&rsquo;am\u00e9liorent gr\u00e2ce \u00e0 notre service linguistique.<\/p>\n<h3 style=\"text-align: center;\"><strong>Pourquoi compter sur un service de traduction \u00e0 Valladolid<\/strong><\/h3>\n<p>Le travail de traduction d&rsquo;un traducteur professionnel, ainsi que la supervision des missions, sont essentiels pour fournir des services de qualit\u00e9. Pour cela, dans notre<strong> service de traduction \u00e0 Valladolid<\/strong> nous vous proposons une autre option plus int\u00e9ressante, efficace et s\u00fbre : des traducteurs natifs. Ces experts traduisent depuis leur langue maternelle, ainsi les r\u00e9sultats qu&rsquo;ils obtiennent sont plus coh\u00e9rents et fid\u00e8ls au texte original.  De plus, ils comptons sur beaucoup plus de ressources linguistiques et culturels.<\/p>\n<h3 style=\"text-align: center;\"><strong>Pourquoi \u00e0 Valladolid?<\/strong><\/h3>\n<p>Valladolid est une ville qui nous laisse d\u00e9couvrir le pass\u00e9. La municipalit\u00e9 poss\u00e8de des vestiges d&rsquo;\u00e9tablissements datant du Pal\u00e9olithique inf\u00e9rieur, ainsi que des sites Vacc\u00e9ens et romains. De plus, par elle passe le bassin du Duero, qui permettais \u00e0 nos ant\u00e9c\u00e9dents d&rsquo;avoir une population stable. Par ailleurs, la ville poss\u00e8de un patrimoine extraordinaire. On peut y visiter l&rsquo;\u00e9glise conventuelle de San Pablo, le Palais Royal, le th\u00e9\u00e2tre Calder\u00f3n, le monast\u00e8re de San Benito el Real\u2026 Avec une histoire aussi riche, cette ville regorge de guides touristiques qui facilitent la t\u00e2che. Cela veut dire la visites de beaucoup de touristes int\u00e9ress\u00e9s pour davantage connaitre la ville et ses origines. <\/p>\n<p>Pour ce motif, compter sur un expert en langue est d&rsquo;une importance vitale. Notre <strong>service de traduction \u00e0 Valladolid<\/strong> vous fournis toutes les traductions essentielles pour votre commerce. Par exemple, lorsque vous avez \u00e0 traduire des descriptions de sites embl\u00e9matiques de la ville.<\/p>\n<h3 style=\"text-align: center;\"><strong>Que proposons-nous dans nos services<\/strong><\/h3>\n<p>Notre vaste exp\u00e9rience nous permet de traduire des textes sp\u00e9cialis\u00e9s de diff\u00e9rents types. Gr\u00e2ce \u00e0 toutes ces ann\u00e9es travaill\u00e9es, nous savons que l&rsquo;attention au client est un pilier fondamental pour satisfaire vos objectifs.  Pour cela, nous proposons les services suivants et domaines de traduction :<\/p>\n<ul>\n<li><strong>Professionnels de qualit\u00e9 sp\u00e9cialis\u00e9s<\/strong> dans diff\u00e9rents domaines.<\/li>\n<li>Respect de la<strong> ponctualit\u00e9<\/strong> dans les d\u00e9lais de remises \u00e9tablis.<\/li>\n<li>L&rsquo;importance de l&rsquo;<strong>attention au client<\/strong> et ses demandes.<\/li>\n<li>Vari\u00e9t\u00e9 de <strong>formes de traduction <\/strong>:\n<ul>\n<li>G\u00e9n\u00e9rale.<\/li>\n<li>De pages web.<\/li>\n<li>Localisation.<\/li>\n<li>Asserment\u00e9e.<\/li>\n<li>Sp\u00e9cifique, en particulier alimentaire et pharmaceutique.<\/li>\n<\/ul>\n<\/li>\n<\/ul>\n<p><strong>Si vous voulez que votre commerce triomphe et brille comme jamais, comptez sur notre service de traduction! Ne regrettez pas.<\/strong><\/p>\n<p>&nbsp;<\/p>\n","protected":false},"excerpt":{"rendered":"<p>Service de traduction \u00e0 Valladolid Tout au long de notre vie, il est possible que nous fassions face \u00e0 d&rsquo;autres langues, mais les entreprises font tous les jours face \u00e0 cette r\u00e9alit\u00e9. Esto se debe a la cantidad de lenguas que existen y a que cada vez estamos m\u00e1s intercomunicados. Le probl\u00e8me, c&rsquo;est que si [&hellip;]<\/p>\n","protected":false},"author":3,"featured_media":37758,"parent":0,"menu_order":0,"comment_status":"closed","ping_status":"closed","template":"","meta":{"_crdt_document":"","inline_featured_image":false,"site-sidebar-layout":"default","site-content-layout":"default","ast-site-content-layout":"default","site-content-style":"default","site-sidebar-style":"default","ast-global-header-display":"","ast-banner-title-visibility":"","ast-main-header-display":"","ast-hfb-above-header-display":"","ast-hfb-below-header-display":"","ast-hfb-mobile-header-display":"","site-post-title":"","ast-breadcrumbs-content":"","ast-featured-img":"","footer-sml-layout":"","ast-disable-related-posts":"","theme-transparent-header-meta":"default","adv-header-id-meta":"","stick-header-meta":"","header-above-stick-meta":"","header-main-stick-meta":"","header-below-stick-meta":"","astra-migrate-meta-layouts":"default","ast-page-background-enabled":"default","ast-page-background-meta":{"desktop":{"background-color":"var(--ast-global-color-4)","background-image":"","background-repeat":"repeat","background-position":"center center","background-size":"auto","background-attachment":"scroll","background-type":"","background-media":"","overlay-type":"","overlay-color":"","overlay-opacity":"","overlay-gradient":""},"tablet":{"background-color":"","background-image":"","background-repeat":"repeat","background-position":"center center","background-size":"auto","background-attachment":"scroll","background-type":"","background-media":"","overlay-type":"","overlay-color":"","overlay-opacity":"","overlay-gradient":""},"mobile":{"background-color":"","background-image":"","background-repeat":"repeat","background-position":"center center","background-size":"auto","background-attachment":"scroll","background-type":"","background-media":"","overlay-type":"","overlay-color":"","overlay-opacity":"","overlay-gradient":""}},"ast-content-background-meta":{"desktop":{"background-color":"var(--ast-global-color-5)","background-image":"","background-repeat":"repeat","background-position":"center center","background-size":"auto","background-attachment":"scroll","background-type":"","background-media":"","overlay-type":"","overlay-color":"","overlay-opacity":"","overlay-gradient":""},"tablet":{"background-color":"var(--ast-global-color-5)","background-image":"","background-repeat":"repeat","background-position":"center center","background-size":"auto","background-attachment":"scroll","background-type":"","background-media":"","overlay-type":"","overlay-color":"","overlay-opacity":"","overlay-gradient":""},"mobile":{"background-color":"var(--ast-global-color-5)","background-image":"","background-repeat":"repeat","background-position":"center center","background-size":"auto","background-attachment":"scroll","background-type":"","background-media":"","overlay-type":"","overlay-color":"","overlay-opacity":"","overlay-gradient":""}},"footnotes":""},"class_list":["post-102132","page","type-page","status-publish","has-post-thumbnail","hentry"],"_links":{"self":[{"href":"https:\/\/translinguoglobal.com\/fr\/wp-json\/wp\/v2\/pages\/102132","targetHints":{"allow":["GET"]}}],"collection":[{"href":"https:\/\/translinguoglobal.com\/fr\/wp-json\/wp\/v2\/pages"}],"about":[{"href":"https:\/\/translinguoglobal.com\/fr\/wp-json\/wp\/v2\/types\/page"}],"author":[{"embeddable":true,"href":"https:\/\/translinguoglobal.com\/fr\/wp-json\/wp\/v2\/users\/3"}],"replies":[{"embeddable":true,"href":"https:\/\/translinguoglobal.com\/fr\/wp-json\/wp\/v2\/comments?post=102132"}],"version-history":[{"count":1,"href":"https:\/\/translinguoglobal.com\/fr\/wp-json\/wp\/v2\/pages\/102132\/revisions"}],"predecessor-version":[{"id":102133,"href":"https:\/\/translinguoglobal.com\/fr\/wp-json\/wp\/v2\/pages\/102132\/revisions\/102133"}],"wp:featuredmedia":[{"embeddable":true,"href":"https:\/\/translinguoglobal.com\/fr\/wp-json\/wp\/v2\/media\/37758"}],"wp:attachment":[{"href":"https:\/\/translinguoglobal.com\/fr\/wp-json\/wp\/v2\/media?parent=102132"}],"curies":[{"name":"wp","href":"https:\/\/api.w.org\/{rel}","templated":true}]}}