{"id":102060,"date":"2026-03-09T15:28:12","date_gmt":"2026-03-09T14:28:12","guid":{"rendered":"https:\/\/translinguoglobal.com\/entreprise-de-traduction-aux-iles-canaries\/"},"modified":"2026-03-09T15:28:12","modified_gmt":"2026-03-09T14:28:12","slug":"entreprise-de-traduction-aux-iles-canaries","status":"publish","type":"page","link":"https:\/\/translinguoglobal.com\/fr\/entreprise-de-traduction-aux-iles-canaries\/","title":{"rendered":"Entreprise de traduction aux \u00celes Canaries"},"content":{"rendered":"<h3 style=\"text-align: center;\"><strong>Pourquoi compter sur une entreprise de traduction aux \u00celes Canaries<\/strong><\/h3>\n<p>Entreprise de traduction aux \u00celes Canaries. Les traducteurs natifs sont un \u00e9l\u00e9ment fondamental du puzzle de la traduction, car sans eux, rien de tout cela ne serait possible. Gr\u00e2ce \u00e0 leur connaissance de leur langue maternelle, de leur soci\u00e9t\u00e9 et de leur culture, nous pouvons r\u00e9aliser des traductions de qualit\u00e9. Ces supports sont adapt\u00e9s culturellement au public cible, et tout cela se fait sans que ce dernier ne se rende compte qu&rsquo;un traducteur est intervenu dans le processus. Pour ces raisons et bien d&rsquo;autres, chez <a href=\"https:\/\/translinguoglobal.com\/fr\/\">Translinguo Global<\/a>, nous consid\u00e9rons qu&rsquo;il est primordial de maintenir une \u00e9quipe de traducteurs natifs sp\u00e9cialis\u00e9s dans diff\u00e9rents domaines. Notre entreprise de traduction aux \u00celes <a href=\"https:\/\/es.wikipedia.org\/wiki\/Canarias\" target=\"_blank\" rel=\"noopener\">Canaries<\/a> donnera le coup de boost n\u00e9cessaire \u00e0 votre commerce.<\/p>\n<p>De nombreuses soci\u00e9t\u00e9s de traduction ont acquis une position importante sur le march\u00e9, principalement gr\u00e2ce aux besoins engendr\u00e9s par la mondialisation. Translinguo Global est devenu un leader du secteur gr\u00e2ce aux r\u00e9sultats que nous obtenons, car ils r\u00e9pondent aux attentes de nos clients.<\/p>\n<h3 style=\"text-align: center;\"><strong>Que proposons nous dans nos services<\/strong><\/h3>\n<p>Dans notre entreprise nous nous engageons \u00e0 remplir toutes les esp\u00e9rances qu&rsquo;ont nos clients. Para atteindre cet objectif, nous suivons une s\u00e9rie de directives totalement indispensables :<\/p>\n<ul>\n<li>Confidentialit\u00e9 pour garantir la confience mutuelle.<\/li>\n<li>Traitement personnalis\u00e9 et contacte \u00e0 n&rsquo;importe quel heure de la journ\u00e9e.<\/li>\n<li>Ponctualit\u00e9 dans la remise de nos projets. <\/li>\n<li>D\u00e9lais de remise raisonnables. <\/li>\n<\/ul>\n<p>Nous utilisons tout cela pour r\u00e9aliser des travaux li\u00e9s \u00e0 diff\u00e9rents domaines : traduction asserment\u00e9e, traduction sp\u00e9cialis\u00e9e, traduction g\u00e9n\u00e9rale, localisation et traduction de pages web.<\/p>\n<h3 style=\"text-align: center;\"><strong>Pourquoi aux \u00celes Canaries<\/strong><\/h3>\n<p>Les \u00celes Canaries constituent le plus grand archipel d&rsquo;Espagne, compar\u00e9 \u00e0 l&rsquo;archipel des Bal\u00e9ares. Elles sont form\u00e9s de 7 \u00eeles: Gran Canaria, Fuerteventura, Lanzarote, Tenerife, La Palma, La Gomera et El Hierro; et quelques \u00eelots : Alegranza, Graciosa, Monta\u00f1a Clara, Roque del Este, Roque del Oeste y Lobos. Elles sont connues comme des \u00eeles paradisiaques ensoleill\u00e9es aux plages de sable fin, qui b\u00e9n\u00e9ficient d&rsquo;une temp\u00e9rature printani\u00e8re tout au long de l&rsquo;ann\u00e9e, ce qui en fait l&rsquo;un des centres touristiques les plus importants d&rsquo;Espagne. Les \u00celes Canaries accueillent chaque ann\u00e9e plus de 11,5 millions de touristes \u00e9trangers, originaires g\u00e9n\u00e9ralement d&rsquo;Europe du Nord, c&rsquo;est-\u00e0-dire d&rsquo;Allemagne et du Royaume-Uni.<\/p>\n<p>Si vous souhaitez vous d\u00e9velopper sur ce territoire attractif, n&rsquo;h\u00e9sitez pas \u00e0 contacter notre agence de traduction aux \u00celes Canaries.<\/p>\n","protected":false},"excerpt":{"rendered":"<p>Pourquoi compter sur une entreprise de traduction aux \u00celes Canaries Entreprise de traduction aux \u00celes Canaries. Les traducteurs natifs sont un \u00e9l\u00e9ment fondamental du puzzle de la traduction, car sans eux, rien de tout cela ne serait possible. Gr\u00e2ce \u00e0 leur connaissance de leur langue maternelle, de leur soci\u00e9t\u00e9 et de leur culture, nous pouvons [&hellip;]<\/p>\n","protected":false},"author":3,"featured_media":37854,"parent":0,"menu_order":0,"comment_status":"closed","ping_status":"closed","template":"","meta":{"_crdt_document":"","inline_featured_image":false,"site-sidebar-layout":"default","site-content-layout":"default","ast-site-content-layout":"default","site-content-style":"default","site-sidebar-style":"default","ast-global-header-display":"","ast-banner-title-visibility":"","ast-main-header-display":"","ast-hfb-above-header-display":"","ast-hfb-below-header-display":"","ast-hfb-mobile-header-display":"","site-post-title":"","ast-breadcrumbs-content":"","ast-featured-img":"","footer-sml-layout":"","ast-disable-related-posts":"","theme-transparent-header-meta":"default","adv-header-id-meta":"","stick-header-meta":"","header-above-stick-meta":"","header-main-stick-meta":"","header-below-stick-meta":"","astra-migrate-meta-layouts":"default","ast-page-background-enabled":"default","ast-page-background-meta":{"desktop":{"background-color":"var(--ast-global-color-4)","background-image":"","background-repeat":"repeat","background-position":"center center","background-size":"auto","background-attachment":"scroll","background-type":"","background-media":"","overlay-type":"","overlay-color":"","overlay-opacity":"","overlay-gradient":""},"tablet":{"background-color":"","background-image":"","background-repeat":"repeat","background-position":"center center","background-size":"auto","background-attachment":"scroll","background-type":"","background-media":"","overlay-type":"","overlay-color":"","overlay-opacity":"","overlay-gradient":""},"mobile":{"background-color":"","background-image":"","background-repeat":"repeat","background-position":"center center","background-size":"auto","background-attachment":"scroll","background-type":"","background-media":"","overlay-type":"","overlay-color":"","overlay-opacity":"","overlay-gradient":""}},"ast-content-background-meta":{"desktop":{"background-color":"var(--ast-global-color-5)","background-image":"","background-repeat":"repeat","background-position":"center center","background-size":"auto","background-attachment":"scroll","background-type":"","background-media":"","overlay-type":"","overlay-color":"","overlay-opacity":"","overlay-gradient":""},"tablet":{"background-color":"var(--ast-global-color-5)","background-image":"","background-repeat":"repeat","background-position":"center center","background-size":"auto","background-attachment":"scroll","background-type":"","background-media":"","overlay-type":"","overlay-color":"","overlay-opacity":"","overlay-gradient":""},"mobile":{"background-color":"var(--ast-global-color-5)","background-image":"","background-repeat":"repeat","background-position":"center center","background-size":"auto","background-attachment":"scroll","background-type":"","background-media":"","overlay-type":"","overlay-color":"","overlay-opacity":"","overlay-gradient":""}},"footnotes":""},"class_list":["post-102060","page","type-page","status-publish","has-post-thumbnail","hentry"],"_links":{"self":[{"href":"https:\/\/translinguoglobal.com\/fr\/wp-json\/wp\/v2\/pages\/102060","targetHints":{"allow":["GET"]}}],"collection":[{"href":"https:\/\/translinguoglobal.com\/fr\/wp-json\/wp\/v2\/pages"}],"about":[{"href":"https:\/\/translinguoglobal.com\/fr\/wp-json\/wp\/v2\/types\/page"}],"author":[{"embeddable":true,"href":"https:\/\/translinguoglobal.com\/fr\/wp-json\/wp\/v2\/users\/3"}],"replies":[{"embeddable":true,"href":"https:\/\/translinguoglobal.com\/fr\/wp-json\/wp\/v2\/comments?post=102060"}],"version-history":[{"count":0,"href":"https:\/\/translinguoglobal.com\/fr\/wp-json\/wp\/v2\/pages\/102060\/revisions"}],"wp:featuredmedia":[{"embeddable":true,"href":"https:\/\/translinguoglobal.com\/fr\/wp-json\/wp\/v2\/media\/37854"}],"wp:attachment":[{"href":"https:\/\/translinguoglobal.com\/fr\/wp-json\/wp\/v2\/media?parent=102060"}],"curies":[{"name":"wp","href":"https:\/\/api.w.org\/{rel}","templated":true}]}}