{"id":102059,"date":"2026-03-09T15:18:05","date_gmt":"2026-03-09T14:18:05","guid":{"rendered":"https:\/\/translinguoglobal.com\/service-de-traduction-a-badajoz\/"},"modified":"2026-03-09T15:18:05","modified_gmt":"2026-03-09T14:18:05","slug":"service-de-traduction-a-badajoz","status":"publish","type":"page","link":"https:\/\/translinguoglobal.com\/fr\/service-de-traduction-a-badajoz\/","title":{"rendered":"Service de traduction \u00e0 Badajoz"},"content":{"rendered":"<p><a href=\"https:\/\/translinguoglobal.com\/fr\/\">Service de traduction<\/a> \u00e0 Badajoz. Aujourd&rsquo;hui plus que jamais, nous vivons dans un monde connect\u00e9 gr\u00e2ce \u00e0 la technologie, o\u00f9 l&rsquo;information est accessible en un clic. Cependant, trouver l&rsquo;information que vous recherchez dans une langue que vous comprenez peut s&rsquo;av\u00e9rer compliqu\u00e9. La plupart de ces informations nous sont pr\u00e9sent\u00e9es dans d&rsquo;autres langues. C&rsquo;est justement \u00e0 ce moment l\u00e0 qu&rsquo;entre en jeu les traducteurs.<\/p>\n<p><strong>Dans nos service de traduction \u00e0 <a href=\"https:\/\/es.wikipedia.org\/wiki\/Badajoz\" target=\"_blank\" rel=\"noopener\">Badajoz<\/a><\/strong> nous sommes sp\u00e9cialis\u00e9s dans diff\u00e9rents types de traductions. Nous collaborons avec de nombreuses entreprises internationales et nationales.  Ainsi, nous mettons \u00e0 votre port\u00e9e les meilleurs professionnels.<\/p>\n<h3 style=\"text-align: center;\"><strong>Pourquoi faire appel \u00e0 un service de traduction \u00e0 Badajoz<\/strong><\/h3>\n<p>Vous avez s\u00fbrement d\u00e9j\u00e0 rencontr\u00e9 de tr\u00e8s mauvaises traductions. Que ce soit le menu d&rsquo;un restaurant ou la brochure d&rsquo;un mus\u00e9e. L&rsquo;importance d&rsquo;une bonne traduction est plus qu&rsquo;\u00e9vidente. Il est inimaginable d&rsquo;arriver dans une entreprise nationale ou internationale et de constater que la traduction est insuffisante. Malheureusement, cela arrive, et les clients ne voudront plus travailler avec cette entreprise.<\/p>\n<p><strong>Donc, avec notre service de traduction \u00e0 Badajoz<\/strong> nous nous assurons que les traductions soient d&rsquo;une haute qualit\u00e9. Nous fournissons toujours les meilleurs solutions pour chaque commande. <\/p>\n<h3 style=\"text-align: center;\"><strong>Pourquoi \u00e0 Badajoz?<\/strong><\/h3>\n<p>Cette ville constitue l&rsquo;un des principaux centres d&rsquo;Estr\u00e9madure. De plus, elle est limitrophe par l&rsquo;ouest avec le Portugal. Cela a toujours \u00e9t\u00e9 l&rsquo;un des liens directs avec notre voisin. La vieille ville est le secteur le plus ancien \u00e0 Badajoz. Bien qu&rsquo;ayant particip\u00e9 \u00e0 de nombreuses guerres, la ville conserve une multitude de b\u00e2timents anciens. Ses sites historiques et arch\u00e9ologiques ont \u00e9t\u00e9 d\u00e9clar\u00e9s site du patrimoine culturel. De plus, l&rsquo;enceinte fortifi\u00e9e de Badajoz est la plus longue d&rsquo;Espagne. Et sa citadelle arabe est la plus grande d&rsquo;Europe et l&rsquo;une des plus grandes du monde.<\/p>\n<p>D&rsquo;autre part, cela souligne l&rsquo;importance du r\u00e9seau de communication dont dispose cette ville. De nombreuses entreprises ont des succursales dans cette ville car elle constitue un lien entre deux pays. Todo cela converti \u00e0 notre <strong>service de traduction \u00e0 Badajoz<\/strong> en un indispensable. Le tourisme, les relations internationales et le commerce n\u00e9cessitent tous des traductions rapides et de haute qualit\u00e9.<\/p>\n<h3 style=\"text-align: center;\"><strong>Que proposons nous dans nos services<\/strong><\/h3>\n<p>Notre devise est la vari\u00e9t\u00e9 Les services de traduction que nous proposons varient en fonction de l&rsquo;objectif de la traduction et de son niveau de sp\u00e9cialisation. Quelqu&rsquo;uns des services que nous proposons sont les suivants: <\/p>\n<ul>\n<li>Traduction g\u00e9n\u00e9rale.<\/li>\n<li>Traduction sp\u00e9cialis\u00e9e.<\/li>\n<li>Traduction asserment\u00e9e.<\/li>\n<li>Localisation.<\/li>\n<\/ul>\n<p>Nous proposons \u00e9galement des services d&rsquo;interpr\u00e9tation et de marketing num\u00e9rique. Nous nous actualisons constamment pour pouvoir vous proposer des services d&rsquo;ahute qualit\u00e9.<\/p>\n<p>Contactez-nous sans aucun engagement. Nous sommes tout \u00e0 fait dispos\u00e9s \u00e0 r\u00e9pondre \u00e0 vos questions et \u00e0 vous proposer la solution la plus adapt\u00e9e \u00e0 votre projet.<\/p>\n<p>&nbsp;<\/p>\n","protected":false},"excerpt":{"rendered":"<p>Service de traduction \u00e0 Badajoz. Aujourd&rsquo;hui plus que jamais, nous vivons dans un monde connect\u00e9 gr\u00e2ce \u00e0 la technologie, o\u00f9 l&rsquo;information est accessible en un clic. Cependant, trouver l&rsquo;information que vous recherchez dans une langue que vous comprenez peut s&rsquo;av\u00e9rer compliqu\u00e9. La plupart de ces informations nous sont pr\u00e9sent\u00e9es dans d&rsquo;autres langues. C&rsquo;est justement \u00e0 [&hellip;]<\/p>\n","protected":false},"author":3,"featured_media":37842,"parent":0,"menu_order":0,"comment_status":"closed","ping_status":"closed","template":"","meta":{"_crdt_document":"","inline_featured_image":false,"site-sidebar-layout":"default","site-content-layout":"default","ast-site-content-layout":"default","site-content-style":"default","site-sidebar-style":"default","ast-global-header-display":"","ast-banner-title-visibility":"","ast-main-header-display":"","ast-hfb-above-header-display":"","ast-hfb-below-header-display":"","ast-hfb-mobile-header-display":"","site-post-title":"","ast-breadcrumbs-content":"","ast-featured-img":"","footer-sml-layout":"","ast-disable-related-posts":"","theme-transparent-header-meta":"default","adv-header-id-meta":"","stick-header-meta":"","header-above-stick-meta":"","header-main-stick-meta":"","header-below-stick-meta":"","astra-migrate-meta-layouts":"default","ast-page-background-enabled":"default","ast-page-background-meta":{"desktop":{"background-color":"var(--ast-global-color-4)","background-image":"","background-repeat":"repeat","background-position":"center center","background-size":"auto","background-attachment":"scroll","background-type":"","background-media":"","overlay-type":"","overlay-color":"","overlay-opacity":"","overlay-gradient":""},"tablet":{"background-color":"","background-image":"","background-repeat":"repeat","background-position":"center center","background-size":"auto","background-attachment":"scroll","background-type":"","background-media":"","overlay-type":"","overlay-color":"","overlay-opacity":"","overlay-gradient":""},"mobile":{"background-color":"","background-image":"","background-repeat":"repeat","background-position":"center center","background-size":"auto","background-attachment":"scroll","background-type":"","background-media":"","overlay-type":"","overlay-color":"","overlay-opacity":"","overlay-gradient":""}},"ast-content-background-meta":{"desktop":{"background-color":"var(--ast-global-color-5)","background-image":"","background-repeat":"repeat","background-position":"center center","background-size":"auto","background-attachment":"scroll","background-type":"","background-media":"","overlay-type":"","overlay-color":"","overlay-opacity":"","overlay-gradient":""},"tablet":{"background-color":"var(--ast-global-color-5)","background-image":"","background-repeat":"repeat","background-position":"center center","background-size":"auto","background-attachment":"scroll","background-type":"","background-media":"","overlay-type":"","overlay-color":"","overlay-opacity":"","overlay-gradient":""},"mobile":{"background-color":"var(--ast-global-color-5)","background-image":"","background-repeat":"repeat","background-position":"center center","background-size":"auto","background-attachment":"scroll","background-type":"","background-media":"","overlay-type":"","overlay-color":"","overlay-opacity":"","overlay-gradient":""}},"footnotes":""},"class_list":["post-102059","page","type-page","status-publish","has-post-thumbnail","hentry"],"_links":{"self":[{"href":"https:\/\/translinguoglobal.com\/fr\/wp-json\/wp\/v2\/pages\/102059","targetHints":{"allow":["GET"]}}],"collection":[{"href":"https:\/\/translinguoglobal.com\/fr\/wp-json\/wp\/v2\/pages"}],"about":[{"href":"https:\/\/translinguoglobal.com\/fr\/wp-json\/wp\/v2\/types\/page"}],"author":[{"embeddable":true,"href":"https:\/\/translinguoglobal.com\/fr\/wp-json\/wp\/v2\/users\/3"}],"replies":[{"embeddable":true,"href":"https:\/\/translinguoglobal.com\/fr\/wp-json\/wp\/v2\/comments?post=102059"}],"version-history":[{"count":0,"href":"https:\/\/translinguoglobal.com\/fr\/wp-json\/wp\/v2\/pages\/102059\/revisions"}],"wp:featuredmedia":[{"embeddable":true,"href":"https:\/\/translinguoglobal.com\/fr\/wp-json\/wp\/v2\/media\/37842"}],"wp:attachment":[{"href":"https:\/\/translinguoglobal.com\/fr\/wp-json\/wp\/v2\/media?parent=102059"}],"curies":[{"name":"wp","href":"https:\/\/api.w.org\/{rel}","templated":true}]}}