{"id":102058,"date":"2026-03-09T13:06:22","date_gmt":"2026-03-09T12:06:22","guid":{"rendered":"https:\/\/translinguoglobal.com\/entreprise-de-traduction-a-murcie\/"},"modified":"2026-03-09T13:06:22","modified_gmt":"2026-03-09T12:06:22","slug":"entreprise-de-traduction-a-murcie","status":"publish","type":"page","link":"https:\/\/translinguoglobal.com\/fr\/entreprise-de-traduction-a-murcie\/","title":{"rendered":"Entreprise de traduction \u00e0 Murcie"},"content":{"rendered":"<h3 style=\"text-align: center;\"><strong>Pourquoi compter sur une entreprise de traduction \u00e0 Murcie?<\/strong><\/h3>\n<p><strong>Dans notre <a href=\"https:\/\/translinguoglobal.com\/fr\/\">entreprise de traduction<\/a> \u00e0 <a href=\"https:\/\/es.wikipedia.org\/wiki\/Murcia\" target=\"_blank\" rel=\"noopener\">Murcie<\/a><\/strong> nous comptons seulement avec de grands professionnels de la traduction qui remplissent deux exigences indispensables: avoir une solide base de formation acad\u00e9mique dans le domaine de la linguistique et \u00eatre natif dans la langue source, c&rsquo;est-\u00e0-dire, dans la langue dans laquelle le texte original est reproduit. Seulement eux garantissent un r\u00e9sultat de qualit\u00e9 avec la correction grammatical et stylistique absolue, la pr\u00e9cision terminologique et le caract\u00e8re naturel des expressions idiomatiques caract\u00e9ristiques d&rsquo;une langue.<\/p>\n<p>Votre travail est appuyer par nos consultant linguistiques experts dans plusieurs domaines alors que l&rsquo;\u00e9quipe de sp\u00e9cialistes dans le marketing digital apportent une valeur ajout\u00e9e \u00e0 vos projets.<\/p>\n<h3 style=\"text-align: center;\"><strong>Que proposons nous dans nos services<\/strong><\/h3>\n<p>Nous vous proposons une <strong>vaste carte de services dans notre entreprise de traduction \u00e0 Murcie,<\/strong> parmi lesquels nous trouvons la traduction g\u00e9n\u00e9rale, asserment\u00e9e et sp\u00e9cialis\u00e9e; traduction et localisation web; traduction de CV et r\u00e9vision de textos. De plus, dans nos services de <em>marketing<\/em> digital sont inclus: le design web et la r\u00e9daction de contenus; positionnement SEO; <em>marketing<\/em> multilingue et \u00e9laboration du mat\u00e9riel publicitaire. <\/p>\n<p>Nous sommes clairement engag\u00e9s \u00e0 satisfaire nos clients; c\u2019est pourquoi nous garantissons un <strong>service hautement personnalis\u00e9<\/strong> et des horaires d\u2019ouverture \u00e9tendus. De m\u00eame, dans notre travail quotidien, nous restons fid\u00e8les \u00e0 des valeurs telles que la plus haute qualit\u00e9 de nos commandes, la ponctualit\u00e9 de leurs remise et la confidentialit\u00e9 absolue de leur contenu. <\/p>\n<h3 style=\"text-align: center;\"><strong>Pourquoi \u00e0 Murcie<\/strong><\/h3>\n<p>Situ\u00e9e au sud-est de la p\u00e9ninsule Ib\u00e9rique, Murcie est la capitale de la r\u00e9gion du m\u00eame nom. Autrefois surnomm\u00e9e \u00ab le potager de l&rsquo;Europe \u00bb pour sa production agricole, principale activit\u00e9 \u00e9conomique, elle se distingue aujourd&rsquo;hui dans le secteur des services administratifs, financiers et commerciaux. Toutefois, l&rsquo;industrie alimentaire (brasserie et conserve), le textile et la chimie continuent d&rsquo;avoir un impact significatif sur l&rsquo;\u00e9conomie de la ville et de la r\u00e9gion.  <\/p>\n<p>Murcie est aussi un important centre de tradition universitaire h\u00e9bergeant deux universit\u00e9s : l&rsquo;Universit\u00e9 de Murcie et l&rsquo;Universit\u00e9 Catholique San Antonio. Finalement,Il convient de mentionner l&rsquo;importance du tourisme r\u00e9sidentiel de citoyens europ\u00e9ens qui a \u00e9merg\u00e9 \u00e0 Murcie au d\u00e9but du XXIe si\u00e8cle.<br \/>\nBeaucoup nous fons d\u00e9j\u00e0 confiance, rejoignez notre entreprise de traduction \u00e0 Murcie <\/p>\n","protected":false},"excerpt":{"rendered":"<p>Pourquoi compter sur une entreprise de traduction \u00e0 Murcie? Dans notre entreprise de traduction \u00e0 Murcie nous comptons seulement avec de grands professionnels de la traduction qui remplissent deux exigences indispensables: avoir une solide base de formation acad\u00e9mique dans le domaine de la linguistique et \u00eatre natif dans la langue source, c&rsquo;est-\u00e0-dire, dans la langue [&hellip;]<\/p>\n","protected":false},"author":3,"featured_media":37938,"parent":0,"menu_order":0,"comment_status":"closed","ping_status":"closed","template":"","meta":{"_crdt_document":"","inline_featured_image":false,"site-sidebar-layout":"default","site-content-layout":"default","ast-site-content-layout":"default","site-content-style":"default","site-sidebar-style":"default","ast-global-header-display":"","ast-banner-title-visibility":"","ast-main-header-display":"","ast-hfb-above-header-display":"","ast-hfb-below-header-display":"","ast-hfb-mobile-header-display":"","site-post-title":"","ast-breadcrumbs-content":"","ast-featured-img":"","footer-sml-layout":"","ast-disable-related-posts":"","theme-transparent-header-meta":"default","adv-header-id-meta":"","stick-header-meta":"","header-above-stick-meta":"","header-main-stick-meta":"","header-below-stick-meta":"","astra-migrate-meta-layouts":"default","ast-page-background-enabled":"default","ast-page-background-meta":{"desktop":{"background-color":"var(--ast-global-color-4)","background-image":"","background-repeat":"repeat","background-position":"center center","background-size":"auto","background-attachment":"scroll","background-type":"","background-media":"","overlay-type":"","overlay-color":"","overlay-opacity":"","overlay-gradient":""},"tablet":{"background-color":"","background-image":"","background-repeat":"repeat","background-position":"center center","background-size":"auto","background-attachment":"scroll","background-type":"","background-media":"","overlay-type":"","overlay-color":"","overlay-opacity":"","overlay-gradient":""},"mobile":{"background-color":"","background-image":"","background-repeat":"repeat","background-position":"center center","background-size":"auto","background-attachment":"scroll","background-type":"","background-media":"","overlay-type":"","overlay-color":"","overlay-opacity":"","overlay-gradient":""}},"ast-content-background-meta":{"desktop":{"background-color":"var(--ast-global-color-5)","background-image":"","background-repeat":"repeat","background-position":"center center","background-size":"auto","background-attachment":"scroll","background-type":"","background-media":"","overlay-type":"","overlay-color":"","overlay-opacity":"","overlay-gradient":""},"tablet":{"background-color":"var(--ast-global-color-5)","background-image":"","background-repeat":"repeat","background-position":"center center","background-size":"auto","background-attachment":"scroll","background-type":"","background-media":"","overlay-type":"","overlay-color":"","overlay-opacity":"","overlay-gradient":""},"mobile":{"background-color":"var(--ast-global-color-5)","background-image":"","background-repeat":"repeat","background-position":"center center","background-size":"auto","background-attachment":"scroll","background-type":"","background-media":"","overlay-type":"","overlay-color":"","overlay-opacity":"","overlay-gradient":""}},"footnotes":""},"class_list":["post-102058","page","type-page","status-publish","has-post-thumbnail","hentry"],"_links":{"self":[{"href":"https:\/\/translinguoglobal.com\/fr\/wp-json\/wp\/v2\/pages\/102058","targetHints":{"allow":["GET"]}}],"collection":[{"href":"https:\/\/translinguoglobal.com\/fr\/wp-json\/wp\/v2\/pages"}],"about":[{"href":"https:\/\/translinguoglobal.com\/fr\/wp-json\/wp\/v2\/types\/page"}],"author":[{"embeddable":true,"href":"https:\/\/translinguoglobal.com\/fr\/wp-json\/wp\/v2\/users\/3"}],"replies":[{"embeddable":true,"href":"https:\/\/translinguoglobal.com\/fr\/wp-json\/wp\/v2\/comments?post=102058"}],"version-history":[{"count":0,"href":"https:\/\/translinguoglobal.com\/fr\/wp-json\/wp\/v2\/pages\/102058\/revisions"}],"wp:featuredmedia":[{"embeddable":true,"href":"https:\/\/translinguoglobal.com\/fr\/wp-json\/wp\/v2\/media\/37938"}],"wp:attachment":[{"href":"https:\/\/translinguoglobal.com\/fr\/wp-json\/wp\/v2\/media?parent=102058"}],"curies":[{"name":"wp","href":"https:\/\/api.w.org\/{rel}","templated":true}]}}