{"id":102057,"date":"2026-03-09T12:49:17","date_gmt":"2026-03-09T11:49:17","guid":{"rendered":"https:\/\/translinguoglobal.com\/entreprise-de-traduction-a-porto\/"},"modified":"2026-03-09T12:49:17","modified_gmt":"2026-03-09T11:49:17","slug":"entreprise-de-traduction-a-porto","status":"publish","type":"page","link":"https:\/\/translinguoglobal.com\/fr\/entreprise-de-traduction-a-porto\/","title":{"rendered":"Entreprise de traduction \u00e0 Porto"},"content":{"rendered":"<h3 style=\"text-align: center;\"><strong>Pourquoi compter sur une entreprise de traduction \u00e0 Porto?<\/strong><\/h3>\n<p>Tout le monde ne peut pas se vanter de savoir communiquer dans la belle langue portugaise. Pour cela, quel que soit votre commerce : un restaurant, une cave \u00e0 vins ou une entreprise de visites guid\u00e9es, sans mentionn\u00e9 les \u00e9tablissements h\u00f4teliers, vous avez besoin d&rsquo;atteindre les clients \u00e9trangers. <\/p>\n<p>Notre <strong><a href=\"https:\/\/translinguoglobal.com\/fr\/\">entreprise de traduction<\/a> \u00e0 <a href=\"https:\/\/es.wikipedia.org\/wiki\/Oporto\" target=\"_blank\" rel=\"noopener\">Porto<\/a><\/strong> sera votre support pour pouvoir r\u00e9pondre aux besoins de vos clients internationaux, peu importe d&rsquo;o\u00f9 ils viennent. En plus,nous vous aiderons \u00e9galement avec la traduction de tout type de documentation officielle en relation avec l&rsquo;exportation de produits \u00e0 l&rsquo;int\u00e9rieur et en dehors de l&rsquo;Union Europ\u00e9enne.<\/p>\n<h3 style=\"text-align: center;\"><strong>Que proposons nous dans nos services<\/strong><\/h3>\n<p>Ce qui nous caract\u00e9rise c&rsquo;est l&rsquo;approche holistique au moment de d\u00e9velopper des projets. Notre<strong> entreprise de traduction \u00e0 Porto<\/strong> comptons sur un grand nombre de traducteurs hautement qualifi\u00e9s et natifs qui travaillent dans plusieurs combinaisons de langues.  <\/p>\n<p>De plus, nous vous proposons \u00e9galement nos services de marketing digital, tels que la r\u00e9daction des contenus de votre page web , son design et am\u00e9liorer son positionnement web. Nous garantissons la qualit\u00e9 maximale de nos traductions, avec une maitrise tr\u00e8s rigoureuse de la terminologie\u2013 pour cela nous comptons sur nos consultants linguistiques experts dans plusieurs mati\u00e8res. Traitement personnalis\u00e9, ponctualit\u00e9 des remises et confidentialit\u00e9 sont les valeurs qui guident notre travail. Et pour finir, nos prix sont imbattables. Tout cela pour vous dire que nous voulons \u00eatre votre <strong>entreprise de traduction \u00e0 Porto<\/strong>!    <\/p>\n<h3 style=\"text-align: center;\"><strong>Pourquoi \u00e0 Porto<\/strong><\/h3>\n<p>Le dynamisme de cette ville c\u00f4ti\u00e8re est incroyable, consid\u00e9r\u00e9e comme la \u00abCapitale du Nord\u00bb de Portugal. Deuxi\u00e8me ville la plus peupl\u00e9e du pays portugais, connu par ces important ponts et la production du fameux vin du m\u00eame nom, Porto est une ville ancienne qui compte sur un vaste patrimoine historique. <\/p>\n<p>De fait, son centre \u00e0 \u00e9t\u00e9 d\u00e9clar\u00e9 Patrimoine de l&rsquo;Humanit\u00e9 par l&rsquo;UNESCO en 1996.Il n&rsquo;est pas surprenant que, ces derni\u00e8res ann\u00e9es, elle ait connu un afflux constant de touristes \u00e9trangers. Par ailleurs, le dynamisme culturel et industriel justifie la pr\u00e9sence d&rsquo;une <strong>soci\u00e9t\u00e9 de traduction \u00e0 Porto<\/strong>.  <\/p>\n<p>&nbsp;<\/p>\n","protected":false},"excerpt":{"rendered":"<p>Pourquoi compter sur une entreprise de traduction \u00e0 Porto? Tout le monde ne peut pas se vanter de savoir communiquer dans la belle langue portugaise. Pour cela, quel que soit votre commerce : un restaurant, une cave \u00e0 vins ou une entreprise de visites guid\u00e9es, sans mentionn\u00e9 les \u00e9tablissements h\u00f4teliers, vous avez besoin d&rsquo;atteindre les [&hellip;]<\/p>\n","protected":false},"author":3,"featured_media":37932,"parent":0,"menu_order":0,"comment_status":"closed","ping_status":"closed","template":"","meta":{"_crdt_document":"","inline_featured_image":false,"site-sidebar-layout":"default","site-content-layout":"default","ast-site-content-layout":"default","site-content-style":"default","site-sidebar-style":"default","ast-global-header-display":"","ast-banner-title-visibility":"","ast-main-header-display":"","ast-hfb-above-header-display":"","ast-hfb-below-header-display":"","ast-hfb-mobile-header-display":"","site-post-title":"","ast-breadcrumbs-content":"","ast-featured-img":"","footer-sml-layout":"","ast-disable-related-posts":"","theme-transparent-header-meta":"default","adv-header-id-meta":"","stick-header-meta":"","header-above-stick-meta":"","header-main-stick-meta":"","header-below-stick-meta":"","astra-migrate-meta-layouts":"default","ast-page-background-enabled":"default","ast-page-background-meta":{"desktop":{"background-color":"var(--ast-global-color-4)","background-image":"","background-repeat":"repeat","background-position":"center center","background-size":"auto","background-attachment":"scroll","background-type":"","background-media":"","overlay-type":"","overlay-color":"","overlay-opacity":"","overlay-gradient":""},"tablet":{"background-color":"","background-image":"","background-repeat":"repeat","background-position":"center center","background-size":"auto","background-attachment":"scroll","background-type":"","background-media":"","overlay-type":"","overlay-color":"","overlay-opacity":"","overlay-gradient":""},"mobile":{"background-color":"","background-image":"","background-repeat":"repeat","background-position":"center center","background-size":"auto","background-attachment":"scroll","background-type":"","background-media":"","overlay-type":"","overlay-color":"","overlay-opacity":"","overlay-gradient":""}},"ast-content-background-meta":{"desktop":{"background-color":"var(--ast-global-color-5)","background-image":"","background-repeat":"repeat","background-position":"center center","background-size":"auto","background-attachment":"scroll","background-type":"","background-media":"","overlay-type":"","overlay-color":"","overlay-opacity":"","overlay-gradient":""},"tablet":{"background-color":"var(--ast-global-color-5)","background-image":"","background-repeat":"repeat","background-position":"center center","background-size":"auto","background-attachment":"scroll","background-type":"","background-media":"","overlay-type":"","overlay-color":"","overlay-opacity":"","overlay-gradient":""},"mobile":{"background-color":"var(--ast-global-color-5)","background-image":"","background-repeat":"repeat","background-position":"center center","background-size":"auto","background-attachment":"scroll","background-type":"","background-media":"","overlay-type":"","overlay-color":"","overlay-opacity":"","overlay-gradient":""}},"footnotes":""},"class_list":["post-102057","page","type-page","status-publish","has-post-thumbnail","hentry"],"_links":{"self":[{"href":"https:\/\/translinguoglobal.com\/fr\/wp-json\/wp\/v2\/pages\/102057","targetHints":{"allow":["GET"]}}],"collection":[{"href":"https:\/\/translinguoglobal.com\/fr\/wp-json\/wp\/v2\/pages"}],"about":[{"href":"https:\/\/translinguoglobal.com\/fr\/wp-json\/wp\/v2\/types\/page"}],"author":[{"embeddable":true,"href":"https:\/\/translinguoglobal.com\/fr\/wp-json\/wp\/v2\/users\/3"}],"replies":[{"embeddable":true,"href":"https:\/\/translinguoglobal.com\/fr\/wp-json\/wp\/v2\/comments?post=102057"}],"version-history":[{"count":0,"href":"https:\/\/translinguoglobal.com\/fr\/wp-json\/wp\/v2\/pages\/102057\/revisions"}],"wp:featuredmedia":[{"embeddable":true,"href":"https:\/\/translinguoglobal.com\/fr\/wp-json\/wp\/v2\/media\/37932"}],"wp:attachment":[{"href":"https:\/\/translinguoglobal.com\/fr\/wp-json\/wp\/v2\/media?parent=102057"}],"curies":[{"name":"wp","href":"https:\/\/api.w.org\/{rel}","templated":true}]}}