{"id":102056,"date":"2026-03-09T12:32:39","date_gmt":"2026-03-09T11:32:39","guid":{"rendered":"https:\/\/translinguoglobal.com\/service-de-traduction-a-tolede\/"},"modified":"2026-03-09T12:32:39","modified_gmt":"2026-03-09T11:32:39","slug":"service-de-traduction-a-tolede","status":"publish","type":"page","link":"https:\/\/translinguoglobal.com\/fr\/service-de-traduction-a-tolede\/","title":{"rendered":"Service de traduction \u00e0 Tol\u00e8de"},"content":{"rendered":"<p>Service de traduction \u00e0 Tol\u00e8de. La traduction est un des services qui s&rsquo;est le plus habitu\u00e9 aux temps. Bien que l&rsquo;activit\u00e9 de la traduction existe depuis des temps imm\u00e9morable, il n&rsquo;y a aucun doute sur le fait qu&rsquo;elle s&rsquo;est adapt\u00e9 aux exigences actuelles. Pour cela, ces services se sont popularis\u00e9s et par cons\u00e9quent, beaucoup de types de traductions ont surgis. Gr\u00e2ce \u00e0 l&rsquo;activit\u00e9 de la traduction, la proximit\u00e9 fournie par la globalisation peut \u00eatre profiter au maximum. Pour que vous puissiez en profiter, nous mettons \u00e0 votre disposition notre <strong>service de traduction \u00e0 <a href=\"https:\/\/es.wikipedia.org\/wiki\/Toledo\" target=\"_blank\" rel=\"noopener\">Tol\u00e8de<\/a>.<\/strong> Nous voulons vous offrir un service de qualit\u00e9, \u00e0 votre mesure et adapt\u00e9 \u00e0 la culture et au public cible.     <\/p>\n<h3 style=\"text-align: center;\"><strong>Pourquoi compter sur un service de traduction \u00e0 Toledo<\/strong><\/h3>\n<p>Comme expliquer pr\u00e9c\u00e9demment, la traduction existe depuis des centaines d&rsquo;ann\u00e9es, comme le d\u00e9montre la propre histoire de Tol\u00e8de. N\u00e9anmoins, on ne traduit plus comme avant. On ne traduit m\u00eame pas comme \u00e7a se faisait il y a un demi si\u00e8cle en arri\u00e8re. Actuellement, pour \u00eatre un bon traducteur, il ne suffit pas d&rsquo;avoir des connaissances linguistiques et sp\u00e9cifiques. Il est \u00e9galement essentiel de savoir g\u00e9rer des outils de traduction assist\u00e9e et d&rsquo;avoir beaucoup d&rsquo;autres connaissances techniques. Pour cela, nous ne travaillons qu&rsquo;avec des traducteurs professionnels et des traducteurs professionnels natifs. Ces derniers se chargent de capter toutes les subtilit\u00e9s qu&rsquo;une non-natif de la m\u00eame langue pourrait m\u00e9connaitre.       <\/p>\n<h3 style=\"text-align: center;\"><strong>Pourquoi \u00e0 Tol\u00e8de?<\/strong><\/h3>\n<p>Tout <strong>service de traduction \u00e0 Tol\u00e8de<\/strong> qui m\u00e9rite ce nom doit faire honneur \u00e0 l&rsquo;histoire de la ville. Aux XII\u00e8me et XIII\u00e8me si\u00e8cles sont apparue dans celle-ci l&rsquo;Ecole de traducteurs de Tol\u00e8de. Cette \u00e9cole a marqu\u00e9 une p\u00e9riode de splendeur culturelle sans pr\u00e9c\u00e9dent dans la ville. Pourtant, compter sur un <strong>service de traduction \u00e0 Tol\u00e8de<\/strong> de qualit\u00e9 n&rsquo;est pas seulement important pour faire honneur \u00e0 son histoire.   <\/p>\n<h3 style=\"text-align: center;\"><strong>Que proposons nous dans nos services?<\/strong><\/h3>\n<p>S&rsquo;adapter aux besoins du march\u00e9, aujourd&rsquo;hui, implique de travailler avec beaucoup de types de traductions, formats et supports. Pour cela, nous proposons tous les diff\u00e9rents types de traductions suivants: <\/p>\n<ul>\n<li>G\u00e9n\u00e9rale.<\/li>\n<li>De contenus web.<\/li>\n<li>Asserment\u00e9e.<\/li>\n<li>Localisation.<\/li>\n<li>Sp\u00e9cialis\u00e9e.<\/li>\n<\/ul>\n<p>A part de cela, nous nous chargeons de fournir un traitement personnalis\u00e9 et une qualit\u00e9 maximale. De plus, nous ne vous ferons pas attendre, \u00e9tant donn\u00e9e que nous proposons toujours des d\u00e9lais raisonnables et nous garantissons la ponctualit\u00e9.  <\/p>\n","protected":false},"excerpt":{"rendered":"<p>Service de traduction \u00e0 Tol\u00e8de. La traduction est un des services qui s&rsquo;est le plus habitu\u00e9 aux temps. Bien que l&rsquo;activit\u00e9 de la traduction existe depuis des temps imm\u00e9morable, il n&rsquo;y a aucun doute sur le fait qu&rsquo;elle s&rsquo;est adapt\u00e9 aux exigences actuelles. Pour cela, ces services se sont popularis\u00e9s et par cons\u00e9quent, beaucoup de [&hellip;]<\/p>\n","protected":false},"author":3,"featured_media":0,"parent":0,"menu_order":0,"comment_status":"closed","ping_status":"closed","template":"","meta":{"_crdt_document":"","inline_featured_image":false,"site-sidebar-layout":"default","site-content-layout":"default","ast-site-content-layout":"default","site-content-style":"default","site-sidebar-style":"default","ast-global-header-display":"","ast-banner-title-visibility":"","ast-main-header-display":"","ast-hfb-above-header-display":"","ast-hfb-below-header-display":"","ast-hfb-mobile-header-display":"","site-post-title":"","ast-breadcrumbs-content":"","ast-featured-img":"","footer-sml-layout":"","ast-disable-related-posts":"","theme-transparent-header-meta":"default","adv-header-id-meta":"","stick-header-meta":"","header-above-stick-meta":"","header-main-stick-meta":"","header-below-stick-meta":"","astra-migrate-meta-layouts":"default","ast-page-background-enabled":"default","ast-page-background-meta":{"desktop":{"background-color":"var(--ast-global-color-4)","background-image":"","background-repeat":"repeat","background-position":"center center","background-size":"auto","background-attachment":"scroll","background-type":"","background-media":"","overlay-type":"","overlay-color":"","overlay-opacity":"","overlay-gradient":""},"tablet":{"background-color":"","background-image":"","background-repeat":"repeat","background-position":"center center","background-size":"auto","background-attachment":"scroll","background-type":"","background-media":"","overlay-type":"","overlay-color":"","overlay-opacity":"","overlay-gradient":""},"mobile":{"background-color":"","background-image":"","background-repeat":"repeat","background-position":"center center","background-size":"auto","background-attachment":"scroll","background-type":"","background-media":"","overlay-type":"","overlay-color":"","overlay-opacity":"","overlay-gradient":""}},"ast-content-background-meta":{"desktop":{"background-color":"var(--ast-global-color-5)","background-image":"","background-repeat":"repeat","background-position":"center center","background-size":"auto","background-attachment":"scroll","background-type":"","background-media":"","overlay-type":"","overlay-color":"","overlay-opacity":"","overlay-gradient":""},"tablet":{"background-color":"var(--ast-global-color-5)","background-image":"","background-repeat":"repeat","background-position":"center center","background-size":"auto","background-attachment":"scroll","background-type":"","background-media":"","overlay-type":"","overlay-color":"","overlay-opacity":"","overlay-gradient":""},"mobile":{"background-color":"var(--ast-global-color-5)","background-image":"","background-repeat":"repeat","background-position":"center center","background-size":"auto","background-attachment":"scroll","background-type":"","background-media":"","overlay-type":"","overlay-color":"","overlay-opacity":"","overlay-gradient":""}},"footnotes":""},"class_list":["post-102056","page","type-page","status-publish","hentry"],"_links":{"self":[{"href":"https:\/\/translinguoglobal.com\/fr\/wp-json\/wp\/v2\/pages\/102056","targetHints":{"allow":["GET"]}}],"collection":[{"href":"https:\/\/translinguoglobal.com\/fr\/wp-json\/wp\/v2\/pages"}],"about":[{"href":"https:\/\/translinguoglobal.com\/fr\/wp-json\/wp\/v2\/types\/page"}],"author":[{"embeddable":true,"href":"https:\/\/translinguoglobal.com\/fr\/wp-json\/wp\/v2\/users\/3"}],"replies":[{"embeddable":true,"href":"https:\/\/translinguoglobal.com\/fr\/wp-json\/wp\/v2\/comments?post=102056"}],"version-history":[{"count":0,"href":"https:\/\/translinguoglobal.com\/fr\/wp-json\/wp\/v2\/pages\/102056\/revisions"}],"wp:attachment":[{"href":"https:\/\/translinguoglobal.com\/fr\/wp-json\/wp\/v2\/media?parent=102056"}],"curies":[{"name":"wp","href":"https:\/\/api.w.org\/{rel}","templated":true}]}}