{"id":102054,"date":"2026-03-09T12:08:11","date_gmt":"2026-03-09T11:08:11","guid":{"rendered":"https:\/\/translinguoglobal.com\/service-de-traduction-a-telde\/"},"modified":"2026-03-09T12:08:11","modified_gmt":"2026-03-09T11:08:11","slug":"service-de-traduction-a-telde","status":"publish","type":"page","link":"https:\/\/translinguoglobal.com\/fr\/service-de-traduction-a-telde\/","title":{"rendered":"Service de traduction \u00e0 Telde"},"content":{"rendered":"<p>Service de traduction \u00e0 <a href=\"https:\/\/es.wikipedia.org\/wiki\/Telde\" target=\"_blank\" rel=\"noopener\">Telde<\/a>. Nous vivons dans l&rsquo;\u00e8re des communications La communication est l&rsquo;axe fondamental sur lequel tourne notre existence comme \u00eatres sociaux. Aujourd&rsquo;hui, les services les plus demand\u00e9s sont ceux qui permettent cette communication. Un de ces services est la traduction Gr\u00e2ce \u00e0 elle, il est possible de transmettre des messages entre personnes de diff\u00e9rentes cultures.<\/p>\n<p>En vue des besoins de cette \u00e8re, nous vous proposons nos <strong>services de traduction \u00e0 Telde<\/strong>. Nous souhaitons vous aider \u00e0 relever les d\u00e9fis linguistiques de votre entreprise sans entraver le d\u00e9veloppement de votre activit\u00e9. <\/p>\n<h3 style=\"text-align: center;\"><strong>Pourquoi compter sur un service de traduction de Telde<\/strong><\/h3>\n<p>La traduction est une des professions o\u00f9 il y a le plus d&rsquo;intrusion. A cause de cette situation, et \u00e0 la fausse croyance que presque tout le monde peut traduire, des probl\u00e8mes surviennent. Les clients qui ne font pas appel \u00e0 un traducteur professionnel n&rsquo;ont pas tendance \u00e0 \u00eatre satisfaits avec les r\u00e9sultats finaux. La qualit\u00e9 des traductions non r\u00e9alis\u00e9es par des personnes entrain\u00e9es laisse beaucoup \u00e0 d\u00e9sir\u00e9. Pour cela, nous travaillons seulement avec des traducteurs professionnels qui en plus sont natifs.Tous comptent sur des connaissances sur la traduction et la langue et des connaissances sp\u00e9cifiques. Sans oublier que nous proposons une garantie de qualit\u00e9 en traduisant vers leur langue maternelle.      <\/p>\n<h3 style=\"text-align: center;\"><strong>Que proposons nous dans nos services<\/strong><\/h3>\n<p>Quel que soit votre projet, nous pouvons vous aider. Nous proposons une grande vari\u00e9t\u00e9 de services et types de traductions, parmi eux se trouve la : <\/p>\n<ul>\n<li>Traduction g\u00e9n\u00e9rale.<\/li>\n<li>Traduction de contenu web.<\/li>\n<li>Traduction asserment\u00e9e.<\/li>\n<li>Localisation.<\/li>\n<li>Traduction sp\u00e9cialis\u00e9e.<\/li>\n<\/ul>\n<p>En plus de proposer tout ces services, nous nous occupons toujours des autres questions que nous consid\u00e9rons comme fondamentales. Dans notre<strong> service de traduction<\/strong> \u00e0 Telde nous sommes ponctuels, nous garantissons la qualit\u00e9 et nous proposons des d\u00e9lais de remise raisonnables. <\/p>\n","protected":false},"excerpt":{"rendered":"<p>Service de traduction \u00e0 Telde. Nous vivons dans l&rsquo;\u00e8re des communications La communication est l&rsquo;axe fondamental sur lequel tourne notre existence comme \u00eatres sociaux. Aujourd&rsquo;hui, les services les plus demand\u00e9s sont ceux qui permettent cette communication. Un de ces services est la traduction Gr\u00e2ce \u00e0 elle, il est possible de transmettre des messages entre personnes [&hellip;]<\/p>\n","protected":false},"author":3,"featured_media":0,"parent":0,"menu_order":0,"comment_status":"closed","ping_status":"closed","template":"","meta":{"_crdt_document":"","inline_featured_image":false,"site-sidebar-layout":"default","site-content-layout":"default","ast-site-content-layout":"default","site-content-style":"default","site-sidebar-style":"default","ast-global-header-display":"","ast-banner-title-visibility":"","ast-main-header-display":"","ast-hfb-above-header-display":"","ast-hfb-below-header-display":"","ast-hfb-mobile-header-display":"","site-post-title":"","ast-breadcrumbs-content":"","ast-featured-img":"","footer-sml-layout":"","ast-disable-related-posts":"","theme-transparent-header-meta":"default","adv-header-id-meta":"","stick-header-meta":"","header-above-stick-meta":"","header-main-stick-meta":"","header-below-stick-meta":"","astra-migrate-meta-layouts":"default","ast-page-background-enabled":"default","ast-page-background-meta":{"desktop":{"background-color":"var(--ast-global-color-4)","background-image":"","background-repeat":"repeat","background-position":"center center","background-size":"auto","background-attachment":"scroll","background-type":"","background-media":"","overlay-type":"","overlay-color":"","overlay-opacity":"","overlay-gradient":""},"tablet":{"background-color":"","background-image":"","background-repeat":"repeat","background-position":"center center","background-size":"auto","background-attachment":"scroll","background-type":"","background-media":"","overlay-type":"","overlay-color":"","overlay-opacity":"","overlay-gradient":""},"mobile":{"background-color":"","background-image":"","background-repeat":"repeat","background-position":"center center","background-size":"auto","background-attachment":"scroll","background-type":"","background-media":"","overlay-type":"","overlay-color":"","overlay-opacity":"","overlay-gradient":""}},"ast-content-background-meta":{"desktop":{"background-color":"var(--ast-global-color-5)","background-image":"","background-repeat":"repeat","background-position":"center center","background-size":"auto","background-attachment":"scroll","background-type":"","background-media":"","overlay-type":"","overlay-color":"","overlay-opacity":"","overlay-gradient":""},"tablet":{"background-color":"var(--ast-global-color-5)","background-image":"","background-repeat":"repeat","background-position":"center center","background-size":"auto","background-attachment":"scroll","background-type":"","background-media":"","overlay-type":"","overlay-color":"","overlay-opacity":"","overlay-gradient":""},"mobile":{"background-color":"var(--ast-global-color-5)","background-image":"","background-repeat":"repeat","background-position":"center center","background-size":"auto","background-attachment":"scroll","background-type":"","background-media":"","overlay-type":"","overlay-color":"","overlay-opacity":"","overlay-gradient":""}},"footnotes":""},"class_list":["post-102054","page","type-page","status-publish","hentry"],"_links":{"self":[{"href":"https:\/\/translinguoglobal.com\/fr\/wp-json\/wp\/v2\/pages\/102054","targetHints":{"allow":["GET"]}}],"collection":[{"href":"https:\/\/translinguoglobal.com\/fr\/wp-json\/wp\/v2\/pages"}],"about":[{"href":"https:\/\/translinguoglobal.com\/fr\/wp-json\/wp\/v2\/types\/page"}],"author":[{"embeddable":true,"href":"https:\/\/translinguoglobal.com\/fr\/wp-json\/wp\/v2\/users\/3"}],"replies":[{"embeddable":true,"href":"https:\/\/translinguoglobal.com\/fr\/wp-json\/wp\/v2\/comments?post=102054"}],"version-history":[{"count":0,"href":"https:\/\/translinguoglobal.com\/fr\/wp-json\/wp\/v2\/pages\/102054\/revisions"}],"wp:attachment":[{"href":"https:\/\/translinguoglobal.com\/fr\/wp-json\/wp\/v2\/media?parent=102054"}],"curies":[{"name":"wp","href":"https:\/\/api.w.org\/{rel}","templated":true}]}}