{"id":102051,"date":"2026-03-09T11:07:35","date_gmt":"2026-03-09T10:07:35","guid":{"rendered":"https:\/\/translinguoglobal.com\/service-de-traduction-a-seville\/"},"modified":"2026-03-09T11:07:35","modified_gmt":"2026-03-09T10:07:35","slug":"service-de-traduction-a-seville","status":"publish","type":"page","link":"https:\/\/translinguoglobal.com\/fr\/service-de-traduction-a-seville\/","title":{"rendered":"Service de traduction \u00e0 S\u00e9ville"},"content":{"rendered":"<p>Service de traduction \u00e0 <a href=\"https:\/\/es.wikipedia.org\/wiki\/Sevilla\" target=\"_blank\" rel=\"noopener\">S\u00e9ville<\/a>. Aujourd&rsquo;hui, toutes les entreprises ont besoin de disposer d&rsquo;un service de traduction. Que ce soit pour acheter ses mati\u00e8res premi\u00e8res o mat\u00e9riaux \u00e0 des entreprises d&rsquo;en d&rsquo;autre pays ou car elles d\u00e9cident de s&rsquo;internationaliser. Dans les deux cas, si vous ne disposer d&rsquo;un bon service de traduction, des probl\u00e8mes li\u00e9s \u00e0 la barri\u00e8re linguistique peuvent surgir.  <\/p>\n<p>Dans le premier cas, des probl\u00e8mes comme des malentendus avec les commandes, les retards de paiements et livraisons, etc. Dans le seconde cas, les probl\u00e8mes peuvent avoir des cons\u00e9quences plus graves pour l&rsquo;entreprise et engendrer des pertes \u00e9conomiques. Pour cela, nos <strong>services de traduction \u00e0 S\u00e9ville<\/strong> aidera \u00e0 ce que votre entreprise ne souffre pas de ces cons\u00e9quences.<\/p>\n<h3 style=\"text-align: center;\"><strong>Pourquoi compter sur un service de traduction \u00e0 S\u00e9ville? <\/strong><\/h3>\n<p>Les traducteurs sont des professionnels form\u00e9s tant en langues qu&rsquo;en traduction. C&rsquo;est-\u00e0-dire qu&rsquo;ils connaissent \u00e0 la perfection tant la langue depuis laquelle ils traduisent que la langue vers laquelle ils traduisent. Non seulement, en plus de maitriser parfaitement ses langues de travail, ils connaissent profond\u00e9ment les cultures auxquelles appartiennent ces langues. Pour <a href=\"https:\/\/translinguoglobal.com\/fr\/\">notre agence de traduction<\/a>, cela est fondamental, \u00e9tant donn\u00e9 que c&rsquo;est ce qui fait qu&rsquo;une traduction se d\u00e9marque des autres.   <\/p>\n<p>Tous nos traducteurs sont \u00e9galement natifs de la langue vers laquelle ils traduisent, ce qui augmente encore plus la qualit\u00e9 des traductions. Tout cela fait que nos services de traduction \u00e0 S\u00e9ville aient une grande qualit\u00e9 et que les clients soient satisfaits des r\u00e9sultats. <\/p>\n<h3 style=\"text-align: center;\"><strong>Pourquoi \u00e0 S\u00e9ville?<\/strong><\/h3>\n<p>S\u00e9ville est une des provinces qui compose l&rsquo;Andalousie. En plus d&rsquo;\u00eatre la capitale de la r\u00e9gion andalouse, c&rsquo;est sa ville la plus peupl\u00e9e. Par ailleurs, apr\u00e8s Madrid, Barcelone et Valence, c&rsquo;est la ville la plus peupl\u00e9e d&rsquo;Espagne, ce qui \u00e0 fait qu&rsquo;elle se convertisse en une des grandes puissances espagnoles. A travers elle circule le fleuve Guadalquivir et elle se caract\u00e9rise pour \u00eatre une des seules villes espagnoles d&rsquo;int\u00e9rieur qui \u00e0 un port. Cette caract\u00e9ristique, en plus du patrimoine culturel qu&rsquo;elle offre, donne \u00e0 la ville un grand int\u00e9r\u00eat touristique et entrepreneurial, tant au niveau national qu&rsquo;international.     <\/p>\n<h3 style=\"text-align: center;\"><strong>Que proposons nous dans nos services<\/strong><\/h3>\n<p>Notre service de traduction \u00e0 S\u00e9ville se caract\u00e9rise par sa grande vari\u00e9t\u00e9. Nous comptons sur une \u00e9quipe de traducteurs hautement qualifi\u00e9s qui proposent des traductions de toutes les combinaisons linguistiques et de domaines de traduction existent. Cela nous permet de fournir des services totalement adapt\u00e9s aux besoins de nos clients.   <\/p>\n<p>Por lo tanto, encontrar\u00e1s un abanico de traducciones que va desde los textos m\u00e1s generales hasta los m\u00e1s especializados. En este \u00faltimo grupo podemos encontrar textos jur\u00eddicos, cient\u00edficos, audiovisuales, agroalimentarios, etc. Adem\u00e1s, tambi\u00e9n ofrecemos servicios de traducci\u00f3n de p\u00e1ginas web, traducciones juradas y localizaci\u00f3n. Asimismo, en nuestra agencia de traducci\u00f3n nos ajustamos a los plazos de entrega establecidos y ofrecemos resultados de excelente calidad.   <\/p>\n<p>Gr\u00e2ce \u00e0 nos services, aucune entreprise aura des probl\u00e8mes avec la barri\u00e8re linguistique. <strong>N&rsquo;attendez plus et comptez sur nos service de traduction \u00e0 S\u00e9ville!<\/strong><\/p>\n","protected":false},"excerpt":{"rendered":"<p>Service de traduction \u00e0 S\u00e9ville. Aujourd&rsquo;hui, toutes les entreprises ont besoin de disposer d&rsquo;un service de traduction. Que ce soit pour acheter ses mati\u00e8res premi\u00e8res o mat\u00e9riaux \u00e0 des entreprises d&rsquo;en d&rsquo;autre pays ou car elles d\u00e9cident de s&rsquo;internationaliser. Dans les deux cas, si vous ne disposer d&rsquo;un bon service de traduction, des probl\u00e8mes li\u00e9s [&hellip;]<\/p>\n","protected":false},"author":3,"featured_media":37902,"parent":0,"menu_order":0,"comment_status":"closed","ping_status":"closed","template":"","meta":{"_crdt_document":"","inline_featured_image":false,"site-sidebar-layout":"default","site-content-layout":"default","ast-site-content-layout":"default","site-content-style":"default","site-sidebar-style":"default","ast-global-header-display":"","ast-banner-title-visibility":"","ast-main-header-display":"","ast-hfb-above-header-display":"","ast-hfb-below-header-display":"","ast-hfb-mobile-header-display":"","site-post-title":"","ast-breadcrumbs-content":"","ast-featured-img":"","footer-sml-layout":"","ast-disable-related-posts":"","theme-transparent-header-meta":"default","adv-header-id-meta":"","stick-header-meta":"","header-above-stick-meta":"","header-main-stick-meta":"","header-below-stick-meta":"","astra-migrate-meta-layouts":"default","ast-page-background-enabled":"default","ast-page-background-meta":{"desktop":{"background-color":"var(--ast-global-color-4)","background-image":"","background-repeat":"repeat","background-position":"center center","background-size":"auto","background-attachment":"scroll","background-type":"","background-media":"","overlay-type":"","overlay-color":"","overlay-opacity":"","overlay-gradient":""},"tablet":{"background-color":"","background-image":"","background-repeat":"repeat","background-position":"center center","background-size":"auto","background-attachment":"scroll","background-type":"","background-media":"","overlay-type":"","overlay-color":"","overlay-opacity":"","overlay-gradient":""},"mobile":{"background-color":"","background-image":"","background-repeat":"repeat","background-position":"center center","background-size":"auto","background-attachment":"scroll","background-type":"","background-media":"","overlay-type":"","overlay-color":"","overlay-opacity":"","overlay-gradient":""}},"ast-content-background-meta":{"desktop":{"background-color":"var(--ast-global-color-5)","background-image":"","background-repeat":"repeat","background-position":"center center","background-size":"auto","background-attachment":"scroll","background-type":"","background-media":"","overlay-type":"","overlay-color":"","overlay-opacity":"","overlay-gradient":""},"tablet":{"background-color":"var(--ast-global-color-5)","background-image":"","background-repeat":"repeat","background-position":"center center","background-size":"auto","background-attachment":"scroll","background-type":"","background-media":"","overlay-type":"","overlay-color":"","overlay-opacity":"","overlay-gradient":""},"mobile":{"background-color":"var(--ast-global-color-5)","background-image":"","background-repeat":"repeat","background-position":"center center","background-size":"auto","background-attachment":"scroll","background-type":"","background-media":"","overlay-type":"","overlay-color":"","overlay-opacity":"","overlay-gradient":""}},"footnotes":""},"class_list":["post-102051","page","type-page","status-publish","has-post-thumbnail","hentry"],"_links":{"self":[{"href":"https:\/\/translinguoglobal.com\/fr\/wp-json\/wp\/v2\/pages\/102051","targetHints":{"allow":["GET"]}}],"collection":[{"href":"https:\/\/translinguoglobal.com\/fr\/wp-json\/wp\/v2\/pages"}],"about":[{"href":"https:\/\/translinguoglobal.com\/fr\/wp-json\/wp\/v2\/types\/page"}],"author":[{"embeddable":true,"href":"https:\/\/translinguoglobal.com\/fr\/wp-json\/wp\/v2\/users\/3"}],"replies":[{"embeddable":true,"href":"https:\/\/translinguoglobal.com\/fr\/wp-json\/wp\/v2\/comments?post=102051"}],"version-history":[{"count":0,"href":"https:\/\/translinguoglobal.com\/fr\/wp-json\/wp\/v2\/pages\/102051\/revisions"}],"wp:featuredmedia":[{"embeddable":true,"href":"https:\/\/translinguoglobal.com\/fr\/wp-json\/wp\/v2\/media\/37902"}],"wp:attachment":[{"href":"https:\/\/translinguoglobal.com\/fr\/wp-json\/wp\/v2\/media?parent=102051"}],"curies":[{"name":"wp","href":"https:\/\/api.w.org\/{rel}","templated":true}]}}