{"id":102024,"date":"2026-03-05T16:56:56","date_gmt":"2026-03-05T15:56:56","guid":{"rendered":"https:\/\/translinguoglobal.com\/entreprise-de-traduction-a-malasana\/"},"modified":"2026-03-05T16:56:56","modified_gmt":"2026-03-05T15:56:56","slug":"entreprise-de-traduction-a-malasana","status":"publish","type":"page","link":"https:\/\/translinguoglobal.com\/fr\/entreprise-de-traduction-a-malasana\/","title":{"rendered":"Entreprise de traduction \u00e0 Malasa\u00f1a"},"content":{"rendered":"<h2 style=\"text-align: center;\"><strong>Pourquoi une entreprise de traduction \u00e0 Malasa\u00f1a<\/strong><\/h2>\n<p>Entreprise de traduction \u00e0 Malasa\u00f1a. Les b\u00e9n\u00e9fices d&rsquo;avoir une \u00e9quipe de <strong>traducteurs natifs<\/strong> sont, pratiquement, innombrables. Entre eux il y le fais d&rsquo;obtenir la production de textes qui sont totalement adapt\u00e9s \u00e0 la culture cible, ce qui fait que le public puisse le comprendre \u00e0 la perfection.Cela est d\u00fb au fait qu&rsquo;en \u00e9tant natifs, nos professionnels connaissent toutes les particularit\u00e9s de la langue, ainsi que de la culture et de la soci\u00e9t\u00e9. De ce fait, ils sont capables de produire un message qui transmette la m\u00eame chose que l&rsquo;original, quant \u00e0 la signification et \u00e0 l&rsquo;effet que le texte original \u00e0 produit chez le public source.    <\/p>\n<p>D&rsquo;un autre c\u00f4t\u00e9, <a href=\"https:\/\/es.wikipedia.org\/wiki\/Universidad_(Madrid)\" target=\"_blank\" rel=\"noopener\">Malasa\u00f1a<\/a> est l&rsquo;un des quartiers les plus importants de Madrid, entour\u00e9 par les rues les plus embl\u00e9matiques de la capitale comme : Gran V\u00eda, la rue Fuencarral, la rue Carranza et la rue San Bernardo. Son importance r\u00e9side dans son histoire, \u00e9tant donn\u00e9 que ce quartier est intimement li\u00e9 \u00e0 la Movida madril\u00e8ne qui surgi dans les ann\u00e9es 80, dont elle fut l&rsquo;\u00e9picentre.<\/p>\n<p>C&rsquo;est la r\u00e9f\u00e9rence madril\u00e8ne de la mode retro et de la culture <em>underground<\/em>, de ce fait, elle h\u00e9berge les personnes les plus boh\u00e8mes et modernes de la ville. A cause de cela, c&rsquo;est un quartier qui a constamment besoin de s&rsquo;adapter au grand nombre de touristes qu&rsquo;il attire presque quotidiennement, de tous les coins du monde. <\/p>\n<h3 style=\"text-align: center;\"><strong>Quels services proposons nous dans notre entreprise de traduction \u00e0 Malasa\u00f1a?<\/strong><\/h3>\n<p><a href=\"https:\/\/translinguoglobal.com\/fr\/\">Chez Translinguo Global<\/a> nous sommes sp\u00e9cialis\u00e9s dans quasiment tout type de traductions: <strong>asserment\u00e9, g\u00e9n\u00e9rale, sp\u00e9cifique, localisation et pages web<\/strong>. Nous garantissons des r\u00e9sultats de qualit\u00e9 et efficacit\u00e9 qui s&rsquo;adaptent \u00e0 n&rsquo;importe quel type de besoins, et \u00e9galement une communication rapide \u00e0 n&rsquo;importe quel moment de la journ\u00e9e.<br \/>\nContactez-nous et nous vous aiderons \u00e0 faire grandir votre entreprise de mani\u00e8re internationale!<\/p>\n<h3 style=\"text-align: center;\"><strong>Notre professionnalisme et flexibilit\u00e9 nous mettent en avant<\/strong><\/h3>\n<p>Le professionnalisme et la flexibilit\u00e9 sont deux aspects qui caract\u00e9risent notre entreprise de traduction \u00e0 Malasa\u00f1a. Nous nous conformons au r\u00e9sultat que vous chercher. Nous respectons s\u00e9rieusement les directives et les d\u00e9lais fix\u00e9s. Vous vous sentirez satisfaits par notre travail. Vous \u00eates curieux et souhaitez en savoir plus sur notre agence de traduction \u00e0 Malasa\u00f1a? N&rsquo;h\u00e9sitez pas \u00e0 nous contactez et \u00e0 demander votre devis sans aucun engagement.     <\/p>\n<p>Si vous vous \u00eates d\u00e9j\u00e0 informer sur les tarifs des autres agences de traduction, nous am\u00e9liorerons l&rsquo;offre.<\/p>\n","protected":false},"excerpt":{"rendered":"<p>Pourquoi une entreprise de traduction \u00e0 Malasa\u00f1a Entreprise de traduction \u00e0 Malasa\u00f1a. Les b\u00e9n\u00e9fices d&rsquo;avoir une \u00e9quipe de traducteurs natifs sont, pratiquement, innombrables. Entre eux il y le fais d&rsquo;obtenir la production de textes qui sont totalement adapt\u00e9s \u00e0 la culture cible, ce qui fait que le public puisse le comprendre \u00e0 la perfection.Cela est [&hellip;]<\/p>\n","protected":false},"author":3,"featured_media":37890,"parent":0,"menu_order":0,"comment_status":"closed","ping_status":"closed","template":"","meta":{"_crdt_document":"","inline_featured_image":false,"site-sidebar-layout":"default","site-content-layout":"default","ast-site-content-layout":"default","site-content-style":"default","site-sidebar-style":"default","ast-global-header-display":"","ast-banner-title-visibility":"","ast-main-header-display":"","ast-hfb-above-header-display":"","ast-hfb-below-header-display":"","ast-hfb-mobile-header-display":"","site-post-title":"","ast-breadcrumbs-content":"","ast-featured-img":"","footer-sml-layout":"","ast-disable-related-posts":"","theme-transparent-header-meta":"default","adv-header-id-meta":"","stick-header-meta":"","header-above-stick-meta":"","header-main-stick-meta":"","header-below-stick-meta":"","astra-migrate-meta-layouts":"default","ast-page-background-enabled":"default","ast-page-background-meta":{"desktop":{"background-color":"var(--ast-global-color-4)","background-image":"","background-repeat":"repeat","background-position":"center center","background-size":"auto","background-attachment":"scroll","background-type":"","background-media":"","overlay-type":"","overlay-color":"","overlay-opacity":"","overlay-gradient":""},"tablet":{"background-color":"","background-image":"","background-repeat":"repeat","background-position":"center center","background-size":"auto","background-attachment":"scroll","background-type":"","background-media":"","overlay-type":"","overlay-color":"","overlay-opacity":"","overlay-gradient":""},"mobile":{"background-color":"","background-image":"","background-repeat":"repeat","background-position":"center center","background-size":"auto","background-attachment":"scroll","background-type":"","background-media":"","overlay-type":"","overlay-color":"","overlay-opacity":"","overlay-gradient":""}},"ast-content-background-meta":{"desktop":{"background-color":"var(--ast-global-color-5)","background-image":"","background-repeat":"repeat","background-position":"center center","background-size":"auto","background-attachment":"scroll","background-type":"","background-media":"","overlay-type":"","overlay-color":"","overlay-opacity":"","overlay-gradient":""},"tablet":{"background-color":"var(--ast-global-color-5)","background-image":"","background-repeat":"repeat","background-position":"center center","background-size":"auto","background-attachment":"scroll","background-type":"","background-media":"","overlay-type":"","overlay-color":"","overlay-opacity":"","overlay-gradient":""},"mobile":{"background-color":"var(--ast-global-color-5)","background-image":"","background-repeat":"repeat","background-position":"center center","background-size":"auto","background-attachment":"scroll","background-type":"","background-media":"","overlay-type":"","overlay-color":"","overlay-opacity":"","overlay-gradient":""}},"footnotes":""},"class_list":["post-102024","page","type-page","status-publish","has-post-thumbnail","hentry"],"_links":{"self":[{"href":"https:\/\/translinguoglobal.com\/fr\/wp-json\/wp\/v2\/pages\/102024","targetHints":{"allow":["GET"]}}],"collection":[{"href":"https:\/\/translinguoglobal.com\/fr\/wp-json\/wp\/v2\/pages"}],"about":[{"href":"https:\/\/translinguoglobal.com\/fr\/wp-json\/wp\/v2\/types\/page"}],"author":[{"embeddable":true,"href":"https:\/\/translinguoglobal.com\/fr\/wp-json\/wp\/v2\/users\/3"}],"replies":[{"embeddable":true,"href":"https:\/\/translinguoglobal.com\/fr\/wp-json\/wp\/v2\/comments?post=102024"}],"version-history":[{"count":0,"href":"https:\/\/translinguoglobal.com\/fr\/wp-json\/wp\/v2\/pages\/102024\/revisions"}],"wp:featuredmedia":[{"embeddable":true,"href":"https:\/\/translinguoglobal.com\/fr\/wp-json\/wp\/v2\/media\/37890"}],"wp:attachment":[{"href":"https:\/\/translinguoglobal.com\/fr\/wp-json\/wp\/v2\/media?parent=102024"}],"curies":[{"name":"wp","href":"https:\/\/api.w.org\/{rel}","templated":true}]}}