{"id":102008,"date":"2026-03-05T11:19:17","date_gmt":"2026-03-05T10:19:17","guid":{"rendered":"https:\/\/translinguoglobal.com\/entreprise-de-traduction-a-baracaldo\/"},"modified":"2026-03-11T14:34:41","modified_gmt":"2026-03-11T13:34:41","slug":"entreprise-de-traduction-a-baracaldo","status":"publish","type":"page","link":"https:\/\/translinguoglobal.com\/fr\/entreprise-de-traduction-a-baracaldo\/","title":{"rendered":"Entreprise de traduction \u00e0 Baracaldo"},"content":{"rendered":"<h3 style=\"text-align: center;\"><strong>Pourquoi compter sur une entreprise de traduction \u00e0 Baracaldo<\/strong><\/h3>\n<p>Entreprise de traduction de Baracaldo. Adapter votre commerce \u00e0 d&rsquo;autres langues et cultures pour cr\u00e9er des liens entrepreneuriats \u00e9troits est la mani\u00e8re la plus optimale de se d\u00e9marquer actuellement. Baracaldo peut-\u00eatre un point cl\u00e9 pour votre entreprise, parce que c&rsquo;est une ville touristique, baign\u00e9e dans la culture basque, qui <strong>attire des touristes de tous les coins du monde.<\/strong> En plus, gr\u00e2ce \u00e0 la d\u00e9sindustrialisation de <a href=\"https:\/\/es.wikipedia.org\/wiki\/Baracaldo\" target=\"_blank\" rel=\"noopener\">Baracaldo<\/a>, son secteur de services est \u00e0 son apog\u00e9e et sa croissance d\u00e9mographique, gr\u00e2ce \u00e0 sa proximit\u00e9 avec <strong>Bilbao,<\/strong> n&rsquo;a jamais \u00e9t\u00e9 meilleure. <\/p>\n<p>Opter pour une strat\u00e9gie de marketing l\u00e0-bas, de la main d&rsquo;une entreprise de traduction \u00e0 Baracaldo, peut marquer un avant et un apr\u00e8s. <\/p>\n<h3 style=\"text-align: center;\"><strong>En quoi consistent nos services<\/strong><\/h3>\n<p>Chez <a href=\"https:\/\/translinguoglobal.com\/fr\/\">Translinguo Global<\/a> nous vous proposons une attention personnalis\u00e9e, donc nous nous adaptons \u00e0 chaque projet pour obtenir le meilleur r\u00e9sultat possible. De plus, tous nos services comptent sur des professionnels et natifs dans chaque domaine, pour que le projet d&rsquo;internationalisation de votre entreprise fleurisse.<\/p>\n<p>Rappellez-vous que Translinguo Global vous propose une vaste gamme de services de traduction, comme la <strong>traduction de textes g\u00e9n\u00e9raux et sp\u00e9cialis\u00e9s, le positionnement SEO ou la traduction asserment\u00e9e<\/strong>. De m\u00eame, nous avons un service de traduction et localisation de pages web qui aidera votre commerce \u00e0 atteindre de nouveaux horizons.<\/p>\n<p>Tout ce qui a \u00e9t\u00e9 dit en amont, additionn\u00e9 \u00e0 notre relation qualit\u00e9-prix imbattable et le respect stricte des d\u00e9lais que nous proposons, avec l&rsquo;objectif de satisfaire nos clients.<\/p>\n<h3 style=\"text-align: center;\"><strong>Pourquoi \u00e0 Baracaldo<\/strong><\/h3>\n<p>Suite \u00e0 la desindustrialisation de Baracaldo, la ville se centre surtout dans le <strong>secteur touristique et de services<\/strong>. Son principal avantage est qu&rsquo;elle se situe proche de <strong>Bilbao<\/strong>, centre \u00e9conomique de la r\u00e9gion et une des <strong>villes qui s&rsquo;est le plus d\u00e9velopp\u00e9e<\/strong>, tant d\u00e9mographiquement qu&rsquo;\u00e9conomiquement, d&rsquo;Espagne.<\/p>\n<p>En d\u00e9finitive, Baracaldo propose des opportunit\u00e9s uniques \u00e0 ces entreprises qui sont pr\u00e9par\u00e9s pour un march\u00e9 multinational.  Cependant, de nombreux facteurs sont \u00e0 prendre en compte avant de s&rsquo;y engager. Pour cela, compter sur les services et les conseils d&rsquo;une entreprise \u00e0 Baracaldo peut-\u00eatre la cl\u00e9.<\/p>\n<p>N&rsquo;h\u00e9sitez plus! Laissez-nous vous aider \u00e0 entrer dans le processus d&rsquo;internationationalisation de votre entreprise!<\/p>\n","protected":false},"excerpt":{"rendered":"<p>Pourquoi compter sur une entreprise de traduction \u00e0 Baracaldo Entreprise de traduction de Baracaldo. Adapter votre commerce \u00e0 d&rsquo;autres langues et cultures pour cr\u00e9er des liens entrepreneuriats \u00e9troits est la mani\u00e8re la plus optimale de se d\u00e9marquer actuellement. Baracaldo peut-\u00eatre un point cl\u00e9 pour votre entreprise, parce que c&rsquo;est une ville touristique, baign\u00e9e dans la [&hellip;]<\/p>\n","protected":false},"author":3,"featured_media":37866,"parent":0,"menu_order":0,"comment_status":"closed","ping_status":"closed","template":"","meta":{"_crdt_document":"","inline_featured_image":false,"site-sidebar-layout":"default","site-content-layout":"default","ast-site-content-layout":"default","site-content-style":"default","site-sidebar-style":"default","ast-global-header-display":"","ast-banner-title-visibility":"","ast-main-header-display":"","ast-hfb-above-header-display":"","ast-hfb-below-header-display":"","ast-hfb-mobile-header-display":"","site-post-title":"","ast-breadcrumbs-content":"","ast-featured-img":"","footer-sml-layout":"","ast-disable-related-posts":"","theme-transparent-header-meta":"default","adv-header-id-meta":"","stick-header-meta":"","header-above-stick-meta":"","header-main-stick-meta":"","header-below-stick-meta":"","astra-migrate-meta-layouts":"default","ast-page-background-enabled":"default","ast-page-background-meta":{"desktop":{"background-color":"var(--ast-global-color-4)","background-image":"","background-repeat":"repeat","background-position":"center center","background-size":"auto","background-attachment":"scroll","background-type":"","background-media":"","overlay-type":"","overlay-color":"","overlay-opacity":"","overlay-gradient":""},"tablet":{"background-color":"","background-image":"","background-repeat":"repeat","background-position":"center center","background-size":"auto","background-attachment":"scroll","background-type":"","background-media":"","overlay-type":"","overlay-color":"","overlay-opacity":"","overlay-gradient":""},"mobile":{"background-color":"","background-image":"","background-repeat":"repeat","background-position":"center center","background-size":"auto","background-attachment":"scroll","background-type":"","background-media":"","overlay-type":"","overlay-color":"","overlay-opacity":"","overlay-gradient":""}},"ast-content-background-meta":{"desktop":{"background-color":"var(--ast-global-color-5)","background-image":"","background-repeat":"repeat","background-position":"center center","background-size":"auto","background-attachment":"scroll","background-type":"","background-media":"","overlay-type":"","overlay-color":"","overlay-opacity":"","overlay-gradient":""},"tablet":{"background-color":"var(--ast-global-color-5)","background-image":"","background-repeat":"repeat","background-position":"center center","background-size":"auto","background-attachment":"scroll","background-type":"","background-media":"","overlay-type":"","overlay-color":"","overlay-opacity":"","overlay-gradient":""},"mobile":{"background-color":"var(--ast-global-color-5)","background-image":"","background-repeat":"repeat","background-position":"center center","background-size":"auto","background-attachment":"scroll","background-type":"","background-media":"","overlay-type":"","overlay-color":"","overlay-opacity":"","overlay-gradient":""}},"footnotes":""},"class_list":["post-102008","page","type-page","status-publish","has-post-thumbnail","hentry"],"_links":{"self":[{"href":"https:\/\/translinguoglobal.com\/fr\/wp-json\/wp\/v2\/pages\/102008","targetHints":{"allow":["GET"]}}],"collection":[{"href":"https:\/\/translinguoglobal.com\/fr\/wp-json\/wp\/v2\/pages"}],"about":[{"href":"https:\/\/translinguoglobal.com\/fr\/wp-json\/wp\/v2\/types\/page"}],"author":[{"embeddable":true,"href":"https:\/\/translinguoglobal.com\/fr\/wp-json\/wp\/v2\/users\/3"}],"replies":[{"embeddable":true,"href":"https:\/\/translinguoglobal.com\/fr\/wp-json\/wp\/v2\/comments?post=102008"}],"version-history":[{"count":1,"href":"https:\/\/translinguoglobal.com\/fr\/wp-json\/wp\/v2\/pages\/102008\/revisions"}],"predecessor-version":[{"id":102178,"href":"https:\/\/translinguoglobal.com\/fr\/wp-json\/wp\/v2\/pages\/102008\/revisions\/102178"}],"wp:featuredmedia":[{"embeddable":true,"href":"https:\/\/translinguoglobal.com\/fr\/wp-json\/wp\/v2\/media\/37866"}],"wp:attachment":[{"href":"https:\/\/translinguoglobal.com\/fr\/wp-json\/wp\/v2\/media?parent=102008"}],"curies":[{"name":"wp","href":"https:\/\/api.w.org\/{rel}","templated":true}]}}