{"id":102007,"date":"2026-03-03T16:51:06","date_gmt":"2026-03-03T15:51:06","guid":{"rendered":"https:\/\/translinguoglobal.com\/agence-de-traduction-a-logrono\/"},"modified":"2026-03-03T16:51:06","modified_gmt":"2026-03-03T15:51:06","slug":"agence-de-traduction-a-logrono","status":"publish","type":"page","link":"https:\/\/translinguoglobal.com\/fr\/agence-de-traduction-a-logrono\/","title":{"rendered":"Agence de traduction \u00e0 Logro\u00f1o"},"content":{"rendered":"<h2 style=\"text-align: center;\"><strong>Que manque-t-il \u00e0 Logro\u00f1o?<\/strong><\/h2>\n<p>Agence de traduction \u00e0 Logro\u00f1o. <a href=\"https:\/\/es.wikipedia.org\/wiki\/Logro%C3%B1o\" target=\"_blank\" rel=\"noopener\"><strong>Logro\u00f1o<\/strong> <\/a>est une ville et commune situ\u00e9e dans le nord d&rsquo;Espagna, capitale de la r\u00e9gion de La Rioja.<\/p>\n<p>Cette ville est peupl\u00e9e par plus de 150.979 habitants et est le principal centre industriel de la r\u00e9gion. Logro\u00f1o a \u00e9tendu son influence \u00e0 travers les polygones industriels (La Portalada, Cantabria, Cascajos, El Sequero, San L\u00e1zaro et El Cortijo) \u00e0 plusieurs communes voisines. Ensuite, se fut la 1\u00e8re ville commerciale d&rsquo;Espagna (1997), la 1\u00e8re capitale gastronomique Espagnole (2012) et la ville europ\u00e9enne du sport (2014), ce sont des raisons pour aller plus loin: ouvrir une agence de traduction \u00e0 Logro\u00f1o.  <\/p>\n<p>Actuellement, l&rsquo;offre h\u00f4telli\u00e8re et culturelle est tr\u00e8s favorable. Gr\u00e2ce aux nombreuses immigrations, qui a eu sont boum majeur dans les ann\u00e9es 60, le secteur tertiaire de Logro\u00f1o s&rsquo;est d\u00e9velopper de mani\u00e8re sensationnel. <\/p>\n<h2 style=\"text-align: center;\"><strong>Comment notre agence de traduction \u00e0 Logro\u00f1o peut-elle vous \u00eatre b\u00e9n\u00e9fique?<\/strong><\/h2>\n<p>Nous vivons dans une \u00e8re technologique qui se r\u00e9nove jour \u00e0 jour, minute par minute. Cela signifie que pour \u00eatre actualis\u00e9 nous devons nous ouvrir \u00e0 de nouveaux outils que nous offre l&rsquo;actualit\u00e9. Peu importe si vous \u00eates un petit commerce local ou une grande entreprise, vous avez besoin d&rsquo;aller plus loin et augmenter votre public, et c&rsquo;est un de nos objectifs principaux chez <a href=\"https:\/\/translinguoglobal.com\/fr\/\"><strong>Translinguo Global<\/strong>.<\/a> Donc, nous r\u00e9alisons tout type de services: entre autres, des traductions de page web, traductions asserment\u00e9es, <em>copywriting<\/em> ou cr\u00e9ation de contenus et traductions techniques.  <\/p>\n<h2 style=\"text-align: center;\"><strong>Perfectionnez le tourisme \u00e0 Logro\u00f1o avec Translinguo Global<\/strong><\/h2>\n<p>Vous avez besoin de traduire la page web du Mus\u00e9e de la Rioja \u00e0 l&rsquo;anglais? ou peut-\u00eatre cherchez-vous une traduction du guide touristique du parc de l&rsquo;Ebre \u00e0 l&rsquo;italien? Vous avez un magasin de v\u00eatement et vous voulez traduire son catalogue au fran\u00e7ais? N&rsquo;h\u00e9sitez plus et mettez-vous en contacte avec nous sans engagement. Nous sommes une agence constitu\u00e9e d&rsquo;authentiques professionnels avec une grande exp\u00e9rience dans le secteur, dispos\u00e9e \u00e0 vous donner la meilleure qualit\u00e9, rapidit\u00e9 et traitement. Vos objectifs sont aussi les notres.      <\/p>\n<p>Bien que notre sp\u00e9cialit\u00e9 soit la traduction de textes, nous comptons sur une \u00e9quipe d&rsquo;interpr\u00e8tes qui maitrisent toutes les langues les plus r\u00e9pandus (y compris la langue des signes) \u00e0 votre enti\u00e8re disposition. Le meilleur? Notre \u00e9quipe est situ\u00e9e dans plusieurs villes d&rsquo;Espagne, en comptant Logro\u00f1o, et m\u00eame \u00e0 l&rsquo;\u00e9tranger. Cela nous permet travailler pour vous peu importe la zone g\u00e9ographique dont il s&rsquo;agit. Nos interpr\u00e8tes peuvent vous accompagner \u00e0 un voyage \u00e0 n&rsquo;importe quelle partie du monde, m\u00eame couvrir des \u00e9v\u00e8nements, congr\u00e8s multilingues, r\u00e9unions, cours de formation, r\u00e9unions bilat\u00e9rales et n&rsquo;importe quel autre type de service, tant simultan\u00e9 que cons\u00e9cutif.     <\/p>\n<p><span style=\"font-weight: 400;\">Chez<\/span> <a href=\"https:\/\/translinguoglobal.com\/fr\/\"><span style=\"font-weight: 400;\">Translinguo<\/span><\/a>, <span style=\"font-weight: 400;\"> nous vous proposons un large \u00e9ventail de<\/span> <b>services de traduction <\/b> <span style=\"font-weight: 400;\">selon vos besoin. C\u2019est une ressource indispensable pour une communication efficace dans le monde actuel. Notre agence dispose d\u2019une \u00e9quipe de traducteurs hautement qualifi\u00e9s qui poss\u00e8dent les comp\u00e9tences de recherche et d\u2019analyse n\u00e9cessaires \u00e0 une bonne traduction. Ainsi, si vous cherchez une   <\/span><b>entreprise de traduction,<\/b> <span style=\"font-weight: 400;\">vous \u00eates au bon endroit, au bon moment. <\/span><\/p>\n<p><span style=\"font-weight: 400;\">Notre travail est de veiller \u00e0 votre satisfaction, car nous, Translinguo, voulons le meilleur pour vous ! N\u2019h\u00e9sitez pas \u00e0 nous contacter, vous serez re\u00e7u comme il se doit, nous vous accompagnerons tout au long du processus du traduction que vous choisirez ! <\/span><\/p>\n<p><span style=\"font-weight: 400;\">Nous garantissons le professionnalisme de nos traducteurs et relecteurs. Traducteurs natifs et sp\u00e9cialis\u00e9s.  Nous disposons des traducteurs aux quatre coins du monde, ce qui nous permet de proposer un service de traduction sp\u00e9cialis\u00e9e \u00e0 n\u2019importe quelle heure de la journ\u00e9e.<br \/>\nNous pouvons dire alors que nous travaillons 24 heures sur 24. <\/span><\/p>\n<p><span style=\"font-weight: 400;\">Les d\u00e9lais convenus ainsi que la confidentialit\u00e9 sont fondamentaux pour nous. Par cons\u00e9quence, nous respectons les r\u00e8gles RGPD en toutes circonstances, et nous faisons tout ce qui est en notre pouvoir pour r\u00e9aliser ce que nous promettons. <\/span><\/p>\n","protected":false},"excerpt":{"rendered":"<p>Que manque-t-il \u00e0 Logro\u00f1o? Agence de traduction \u00e0 Logro\u00f1o. Logro\u00f1o est une ville et commune situ\u00e9e dans le nord d&rsquo;Espagna, capitale de la r\u00e9gion de La Rioja. Cette ville est peupl\u00e9e par plus de 150.979 habitants et est le principal centre industriel de la r\u00e9gion. Logro\u00f1o a \u00e9tendu son influence \u00e0 travers les polygones industriels [&hellip;]<\/p>\n","protected":false},"author":3,"featured_media":37974,"parent":0,"menu_order":0,"comment_status":"closed","ping_status":"closed","template":"","meta":{"_crdt_document":"","inline_featured_image":false,"site-sidebar-layout":"default","site-content-layout":"default","ast-site-content-layout":"default","site-content-style":"default","site-sidebar-style":"default","ast-global-header-display":"","ast-banner-title-visibility":"","ast-main-header-display":"","ast-hfb-above-header-display":"","ast-hfb-below-header-display":"","ast-hfb-mobile-header-display":"","site-post-title":"","ast-breadcrumbs-content":"","ast-featured-img":"","footer-sml-layout":"","ast-disable-related-posts":"","theme-transparent-header-meta":"default","adv-header-id-meta":"","stick-header-meta":"","header-above-stick-meta":"","header-main-stick-meta":"","header-below-stick-meta":"","astra-migrate-meta-layouts":"default","ast-page-background-enabled":"default","ast-page-background-meta":{"desktop":{"background-color":"var(--ast-global-color-4)","background-image":"","background-repeat":"repeat","background-position":"center center","background-size":"auto","background-attachment":"scroll","background-type":"","background-media":"","overlay-type":"","overlay-color":"","overlay-opacity":"","overlay-gradient":""},"tablet":{"background-color":"","background-image":"","background-repeat":"repeat","background-position":"center center","background-size":"auto","background-attachment":"scroll","background-type":"","background-media":"","overlay-type":"","overlay-color":"","overlay-opacity":"","overlay-gradient":""},"mobile":{"background-color":"","background-image":"","background-repeat":"repeat","background-position":"center center","background-size":"auto","background-attachment":"scroll","background-type":"","background-media":"","overlay-type":"","overlay-color":"","overlay-opacity":"","overlay-gradient":""}},"ast-content-background-meta":{"desktop":{"background-color":"var(--ast-global-color-5)","background-image":"","background-repeat":"repeat","background-position":"center center","background-size":"auto","background-attachment":"scroll","background-type":"","background-media":"","overlay-type":"","overlay-color":"","overlay-opacity":"","overlay-gradient":""},"tablet":{"background-color":"var(--ast-global-color-5)","background-image":"","background-repeat":"repeat","background-position":"center center","background-size":"auto","background-attachment":"scroll","background-type":"","background-media":"","overlay-type":"","overlay-color":"","overlay-opacity":"","overlay-gradient":""},"mobile":{"background-color":"var(--ast-global-color-5)","background-image":"","background-repeat":"repeat","background-position":"center center","background-size":"auto","background-attachment":"scroll","background-type":"","background-media":"","overlay-type":"","overlay-color":"","overlay-opacity":"","overlay-gradient":""}},"footnotes":""},"class_list":["post-102007","page","type-page","status-publish","has-post-thumbnail","hentry"],"_links":{"self":[{"href":"https:\/\/translinguoglobal.com\/fr\/wp-json\/wp\/v2\/pages\/102007","targetHints":{"allow":["GET"]}}],"collection":[{"href":"https:\/\/translinguoglobal.com\/fr\/wp-json\/wp\/v2\/pages"}],"about":[{"href":"https:\/\/translinguoglobal.com\/fr\/wp-json\/wp\/v2\/types\/page"}],"author":[{"embeddable":true,"href":"https:\/\/translinguoglobal.com\/fr\/wp-json\/wp\/v2\/users\/3"}],"replies":[{"embeddable":true,"href":"https:\/\/translinguoglobal.com\/fr\/wp-json\/wp\/v2\/comments?post=102007"}],"version-history":[{"count":0,"href":"https:\/\/translinguoglobal.com\/fr\/wp-json\/wp\/v2\/pages\/102007\/revisions"}],"wp:featuredmedia":[{"embeddable":true,"href":"https:\/\/translinguoglobal.com\/fr\/wp-json\/wp\/v2\/media\/37974"}],"wp:attachment":[{"href":"https:\/\/translinguoglobal.com\/fr\/wp-json\/wp\/v2\/media?parent=102007"}],"curies":[{"name":"wp","href":"https:\/\/api.w.org\/{rel}","templated":true}]}}