{"id":102006,"date":"2026-03-03T16:21:30","date_gmt":"2026-03-03T15:21:30","guid":{"rendered":"https:\/\/translinguoglobal.com\/service-de-traduction-a-pampelune\/"},"modified":"2026-03-11T14:39:17","modified_gmt":"2026-03-11T13:39:17","slug":"service-de-traduction-a-pampelune","status":"publish","type":"page","link":"https:\/\/translinguoglobal.com\/fr\/service-de-traduction-a-pampelune\/","title":{"rendered":"Service de traduction \u00e0 Pampelune"},"content":{"rendered":"<p><a href=\"https:\/\/translinguoglobal.com\/fr\/\">Service de traduction<\/a> \u00e0 Pampelune. Lorsque vous avez une entreprise, g\u00e9rer plusieurs langues est tr\u00e8s habituel dans ce monde toujours plus globaliser dans lequel nous vivons. En plus, le contacte avec des personnes de diff\u00e9rents pays ou m\u00eame continents n&rsquo;est pas seulement fr\u00e9quent, mais n\u00e9cessaire pour un bon fonctionnement d&rsquo;une entreprise internationale. <\/p>\n<p>Ce qui est le plus normal est de ne pas maitriser toutes les langues auxquelles nous sommes expos\u00e9s et cela, des fois, pose des probl\u00e8mes qui peuvent facilement \u00eatre \u00e9vit\u00e9s. Pour l&rsquo;\u00e9viter, vous avez seulement besoin d&rsquo;engager nos <strong>service de traduction \u00e0 <a href=\"https:\/\/es.wikipedia.org\/wiki\/Pamplona\" target=\"_blank\" rel=\"noopener\">Pampelune<\/a><\/strong>. Nous vous assurons que les erreurs \u00e0 cause des langues disparaissent et vous pourrez vous concentrer \u00e0 faire briller votre commerce.<\/p>\n<h3 style=\"text-align: center;\"><strong>Pourquoi compter sur un service de traduction \u00e0 Pampelune<\/strong><\/h3>\n<p>Disposer du travail et la supervision d&rsquo;un traducteur professionnel vous aidera a fournir des services de qualit\u00e9.  N\u00e9anmoins, ce n&rsquo;est pas tout. Pour proposer un travail optimal, notre service de traduction \u00e0 Pampelune va plus loin : elle choisi de travailler avec des traducteurs natifs. Avec eux, vos traductions auront une meilleure fluidit\u00e9 et coh\u00e9rence, elles seront plus fid\u00e8les au texte original. Cela est possible parce qu&rsquo;ils traduisent depuis leur langue maternelle, ce qui fais qu&rsquo;ils disposent de plus de ressources linguistiques. <\/p>\n<h3 style=\"text-align: center;\"><strong>Pourquoi \u00e0 Pampelune?<\/strong><\/h3>\n<p>Pampelune est une ville de traditions et f\u00eates, comme la fameuse San Ferm\u00edn. Cela attire chaque ann\u00e9e des milliers de touristes qui contribuent \u00e0 l&rsquo;activit\u00e9 \u00e9conomique de la zone.  De plus, ses visiteurs se sentent attir\u00e9s par des activit\u00e9s comme les festivals de sport ou de musique qui se c\u00e9l\u00e8brent chaque ann\u00e9e. Pampelune est une ville avec une grande offre de divertissement, dans laquelle vous pouvez faire presque tout. Non seulement \u00e7a, mais elle est aussi connue comme la capitale europ\u00e9enne de l&rsquo;\u00e9conomie sociale.<\/p>\n<p>Toute activit\u00e9 sociale est en contacte avec les langues, bien que beaucoup de personnes qui requi\u00e8re ces services sont \u00e9trangers. Cela, avec le volume de touristes qui la visite chaque ann\u00e9e, fais que l&rsquo;aide d&rsquo;un professionnel en langue soit plus que n\u00e9cessaire.  Pour pouvoir aider plus de gens et toucher plus de touristes, nous vous proposons notre <strong>service de traduction \u00e0 Pampelune<\/strong>. Avec nous vous pourrez d\u00e9velopper votre activit\u00e9 sans aucun probl\u00e8me et \u00e0 un prix sans \u00e9gal.<\/p>\n<h3 style=\"text-align: center;\"><strong>Que proposons-nous dans nos services<\/strong><\/h3>\n<p>Avec les ann\u00e9es qui passent nous avons pu traduire tout type de textes sp\u00e9cialis\u00e9s. Gr\u00e2ce \u00e0 notre trajectoire, nous savons qu&rsquo;un bon traitement avec notre contratant est indispensable pour satisfaire ses n\u00e9cessit\u00e9s. La preuve de cela sont les services suivants et les disciplines que nous proposons : <\/p>\n<ul>\n<li><strong>Professionnels de qualit\u00e9 sp\u00e9cialis\u00e9s<\/strong> dans diff\u00e9rents champs.<\/li>\n<li>Respect de la <strong>ponctualit\u00e9<\/strong> dans les d\u00e9lais de remises \u00e9tablits.<\/li>\n<li>Importance du <strong>service \u00e0 la client\u00e8le<\/strong> et vos demandes.<\/li>\n<li>Vari\u00e9t\u00e9 de <strong>formes de traduction <\/strong>:\n<ul>\n<li><span style=\"text-decoration: underline;\">G\u00e9n\u00e9rale<\/span> (textes publicitaires, journalistiques, promotionnels, etc.).<\/li>\n<li><span style=\"text-decoration: underline;\">De <\/span><span style=\"text-decoration: underline;\">pages web.<\/span><\/li>\n<li><span style=\"text-decoration: underline;\">Localisation.<\/span><\/li>\n<li><span style=\"text-decoration: underline;\">Asserment\u00e9e.<\/span><\/li>\n<li><span style=\"text-decoration: underline;\">Sp\u00e9ciale<\/span>, en particulier alimentaire et pharmaceutique.<\/li>\n<\/ul>\n<\/li>\n<\/ul>\n<p><strong>Faites d\u00e9marquer votre commerce avec l&rsquo;aide et la garantie d&rsquo;un service de traduction \u00e0 votre hauteur! Ne regrettez pas.<\/strong><\/p>\n","protected":false},"excerpt":{"rendered":"<p>Service de traduction \u00e0 Pampelune. Lorsque vous avez une entreprise, g\u00e9rer plusieurs langues est tr\u00e8s habituel dans ce monde toujours plus globaliser dans lequel nous vivons. En plus, le contacte avec des personnes de diff\u00e9rents pays ou m\u00eame continents n&rsquo;est pas seulement fr\u00e9quent, mais n\u00e9cessaire pour un bon fonctionnement d&rsquo;une entreprise internationale. Ce qui est [&hellip;]<\/p>\n","protected":false},"author":3,"featured_media":37872,"parent":0,"menu_order":0,"comment_status":"closed","ping_status":"closed","template":"","meta":{"_crdt_document":"","inline_featured_image":false,"site-sidebar-layout":"default","site-content-layout":"default","ast-site-content-layout":"default","site-content-style":"default","site-sidebar-style":"default","ast-global-header-display":"","ast-banner-title-visibility":"","ast-main-header-display":"","ast-hfb-above-header-display":"","ast-hfb-below-header-display":"","ast-hfb-mobile-header-display":"","site-post-title":"","ast-breadcrumbs-content":"","ast-featured-img":"","footer-sml-layout":"","ast-disable-related-posts":"","theme-transparent-header-meta":"default","adv-header-id-meta":"","stick-header-meta":"","header-above-stick-meta":"","header-main-stick-meta":"","header-below-stick-meta":"","astra-migrate-meta-layouts":"default","ast-page-background-enabled":"default","ast-page-background-meta":{"desktop":{"background-color":"var(--ast-global-color-4)","background-image":"","background-repeat":"repeat","background-position":"center center","background-size":"auto","background-attachment":"scroll","background-type":"","background-media":"","overlay-type":"","overlay-color":"","overlay-opacity":"","overlay-gradient":""},"tablet":{"background-color":"","background-image":"","background-repeat":"repeat","background-position":"center center","background-size":"auto","background-attachment":"scroll","background-type":"","background-media":"","overlay-type":"","overlay-color":"","overlay-opacity":"","overlay-gradient":""},"mobile":{"background-color":"","background-image":"","background-repeat":"repeat","background-position":"center center","background-size":"auto","background-attachment":"scroll","background-type":"","background-media":"","overlay-type":"","overlay-color":"","overlay-opacity":"","overlay-gradient":""}},"ast-content-background-meta":{"desktop":{"background-color":"var(--ast-global-color-5)","background-image":"","background-repeat":"repeat","background-position":"center center","background-size":"auto","background-attachment":"scroll","background-type":"","background-media":"","overlay-type":"","overlay-color":"","overlay-opacity":"","overlay-gradient":""},"tablet":{"background-color":"var(--ast-global-color-5)","background-image":"","background-repeat":"repeat","background-position":"center center","background-size":"auto","background-attachment":"scroll","background-type":"","background-media":"","overlay-type":"","overlay-color":"","overlay-opacity":"","overlay-gradient":""},"mobile":{"background-color":"var(--ast-global-color-5)","background-image":"","background-repeat":"repeat","background-position":"center center","background-size":"auto","background-attachment":"scroll","background-type":"","background-media":"","overlay-type":"","overlay-color":"","overlay-opacity":"","overlay-gradient":""}},"footnotes":""},"class_list":["post-102006","page","type-page","status-publish","has-post-thumbnail","hentry"],"_links":{"self":[{"href":"https:\/\/translinguoglobal.com\/fr\/wp-json\/wp\/v2\/pages\/102006","targetHints":{"allow":["GET"]}}],"collection":[{"href":"https:\/\/translinguoglobal.com\/fr\/wp-json\/wp\/v2\/pages"}],"about":[{"href":"https:\/\/translinguoglobal.com\/fr\/wp-json\/wp\/v2\/types\/page"}],"author":[{"embeddable":true,"href":"https:\/\/translinguoglobal.com\/fr\/wp-json\/wp\/v2\/users\/3"}],"replies":[{"embeddable":true,"href":"https:\/\/translinguoglobal.com\/fr\/wp-json\/wp\/v2\/comments?post=102006"}],"version-history":[{"count":1,"href":"https:\/\/translinguoglobal.com\/fr\/wp-json\/wp\/v2\/pages\/102006\/revisions"}],"predecessor-version":[{"id":102179,"href":"https:\/\/translinguoglobal.com\/fr\/wp-json\/wp\/v2\/pages\/102006\/revisions\/102179"}],"wp:featuredmedia":[{"embeddable":true,"href":"https:\/\/translinguoglobal.com\/fr\/wp-json\/wp\/v2\/media\/37872"}],"wp:attachment":[{"href":"https:\/\/translinguoglobal.com\/fr\/wp-json\/wp\/v2\/media?parent=102006"}],"curies":[{"name":"wp","href":"https:\/\/api.w.org\/{rel}","templated":true}]}}