{"id":102005,"date":"2026-03-03T15:58:50","date_gmt":"2026-03-03T14:58:50","guid":{"rendered":"https:\/\/translinguoglobal.com\/entreprise-de-traduction-a-malaga\/"},"modified":"2026-03-03T15:58:50","modified_gmt":"2026-03-03T14:58:50","slug":"entreprise-de-traduction-a-malaga","status":"publish","type":"page","link":"https:\/\/translinguoglobal.com\/fr\/entreprise-de-traduction-a-malaga\/","title":{"rendered":"Entreprise de traduction \u00e0 Malaga"},"content":{"rendered":"<h3 style=\"text-align: center;\"><strong>Pourquoi compter sur une entreprise de traduction \u00e0 Malaga?<\/strong><\/h3>\n<p>Entreprise de traduction \u00e0 <a href=\"https:\/\/es.wikipedia.org\/wiki\/M%C3%A1laga\" target=\"_blank\" rel=\"noopener\">Malaga<\/a>. L&rsquo;influence marine, la localisation de la commune sur deux vall\u00e9e fluviales (Guadalhorce et Guadalmedina), son orographie et son syst\u00e8me climatique ont \u00e9t\u00e9 des facteurs d\u00e9terminants dans le d\u00e9veloppement et la croissance de la ville. Entre eux, celui qui se d\u00e9marque le plus et attire est le climat, lequel \u00e0 tendance \u00e0 \u00eatre stable gr\u00e2ce au r\u00f4le r\u00e9gulatoire qu&rsquo;occupe la mer, en plus des collines qui l&rsquo;entoure et la prot\u00e8ge du froid.<\/p>\n<p>Puisque c&rsquo;est une ville en croissance et d\u00e9veloppement, de m\u00eame que le secteur de la traduction, depuis <a href=\"https:\/\/translinguoglobal.com\/fr\/\">Translinguo Global<\/a> nous avons pris la d\u00e9cision d&rsquo;\u00e9tendre notre entreprise \u00e0 cette ville.<\/p>\n<p>Aujourd&rsquo;hui, se faire connaitre, non seulement nationalement, mais aussi internationalement, est devenu un des objectifs les plus codifier parmi les entreprises. Pour y parvenir, le premier pas essentiel est que, o\u00f9 que vous alliez, les gens connaissent vos <strong>services et caract\u00e9ristiques<\/strong>, pour autant, ceux-ci doivent \u00eatre adapt\u00e9s \u00e0 n&rsquo;importe quel langue. Une entreprise de traduction \u00e0 M\u00e1laga est la meilleure option pour mener \u00e0 bien cette mission de fa\u00e7on optimale.  <\/p>\n<h3 style=\"text-align: center;\"><strong>Nos services<\/strong><\/h3>\n<p>Dans notre entreprise de traduction \u00e0 Malaga nous travaillons avec tout type de traductions :<\/p>\n<ul>\n<li><a href=\"https:\/\/translinguoglobal.com\/fr\/service-de-traduction-assermentee\/\">Traduction asserment\u00e9e.<\/a><\/li>\n<li><a href=\"https:\/\/translinguoglobal.com\/fr\/traduction-de-documents\/\">Traduction g\u00e9n\u00e9rale<\/a>.<\/li>\n<li>Traduction sp\u00e9cifique.<\/li>\n<li>Traduction et localisation de pages web, \u00e0 travers lesquelles nous pouvons r\u00e9ussir \u00e0 ce que les services webs de votre entreprise se situent parmi les premi\u00e8res places du moteur de recherche.<\/li>\n<\/ul>\n<p>En plus, nous garantissons des r\u00e9sultats<strong> efficace et de qualit\u00e9<\/strong> dans une p\u00e9riode de temps raisonnable: la ponctualit\u00e9 est une de nos bases. D&rsquo;autre part, la communication avec l&rsquo;entreprise est possible 24h\/24, les sept jours de la semaine, celle-ci \u00e9tant totalement personnalis\u00e9e. <\/p>\n<h3 style=\"text-align: center;\"><strong>Pourquoi \u00e0 Malaga? <\/strong><\/h3>\n<p>Comme nous le mentionnions dans le paragraphe pr\u00e9c\u00e9dent, obtenir une traduction que le publique recepteur pourra comprendre \u00e0 la perfection devient notre d\u00e9fis principal. Pour autant, nous considerons que de pouvoir compter sur des <strong>professionnels natifs<\/strong>, capables de comprendre les n\u00e9c\u00e9ssit\u00e9s culturels que contient le texte, est d&rsquo;haute importance. De cette fa\u00e7on, nous formons une \u00e9quipe de traducteurs malagu\u00e8niens, qui connaissent la langue, la culture et la soci\u00e9t\u00e9 \u00e0 la perfection, de m\u00eame que tout le processus de traduction.  <\/p>\n<p>Si vous voulez faire grandir votre entreprise et vous aimeriez compter sur nos services, n&rsquo;h\u00e9sitez pas \u00e0 <a href=\"https:\/\/translinguoglobal.com\/fr\/budget\/\">nous contacter<\/a> sans engagement. <\/p>\n","protected":false},"excerpt":{"rendered":"<p>Pourquoi compter sur une entreprise de traduction \u00e0 Malaga? Entreprise de traduction \u00e0 Malaga. L&rsquo;influence marine, la localisation de la commune sur deux vall\u00e9e fluviales (Guadalhorce et Guadalmedina), son orographie et son syst\u00e8me climatique ont \u00e9t\u00e9 des facteurs d\u00e9terminants dans le d\u00e9veloppement et la croissance de la ville. Entre eux, celui qui se d\u00e9marque le [&hellip;]<\/p>\n","protected":false},"author":3,"featured_media":37884,"parent":0,"menu_order":0,"comment_status":"closed","ping_status":"closed","template":"","meta":{"_crdt_document":"","inline_featured_image":false,"site-sidebar-layout":"default","site-content-layout":"default","ast-site-content-layout":"default","site-content-style":"default","site-sidebar-style":"default","ast-global-header-display":"","ast-banner-title-visibility":"","ast-main-header-display":"","ast-hfb-above-header-display":"","ast-hfb-below-header-display":"","ast-hfb-mobile-header-display":"","site-post-title":"","ast-breadcrumbs-content":"","ast-featured-img":"","footer-sml-layout":"","ast-disable-related-posts":"","theme-transparent-header-meta":"default","adv-header-id-meta":"","stick-header-meta":"","header-above-stick-meta":"","header-main-stick-meta":"","header-below-stick-meta":"","astra-migrate-meta-layouts":"default","ast-page-background-enabled":"default","ast-page-background-meta":{"desktop":{"background-color":"var(--ast-global-color-4)","background-image":"","background-repeat":"repeat","background-position":"center center","background-size":"auto","background-attachment":"scroll","background-type":"","background-media":"","overlay-type":"","overlay-color":"","overlay-opacity":"","overlay-gradient":""},"tablet":{"background-color":"","background-image":"","background-repeat":"repeat","background-position":"center center","background-size":"auto","background-attachment":"scroll","background-type":"","background-media":"","overlay-type":"","overlay-color":"","overlay-opacity":"","overlay-gradient":""},"mobile":{"background-color":"","background-image":"","background-repeat":"repeat","background-position":"center center","background-size":"auto","background-attachment":"scroll","background-type":"","background-media":"","overlay-type":"","overlay-color":"","overlay-opacity":"","overlay-gradient":""}},"ast-content-background-meta":{"desktop":{"background-color":"var(--ast-global-color-5)","background-image":"","background-repeat":"repeat","background-position":"center center","background-size":"auto","background-attachment":"scroll","background-type":"","background-media":"","overlay-type":"","overlay-color":"","overlay-opacity":"","overlay-gradient":""},"tablet":{"background-color":"var(--ast-global-color-5)","background-image":"","background-repeat":"repeat","background-position":"center center","background-size":"auto","background-attachment":"scroll","background-type":"","background-media":"","overlay-type":"","overlay-color":"","overlay-opacity":"","overlay-gradient":""},"mobile":{"background-color":"var(--ast-global-color-5)","background-image":"","background-repeat":"repeat","background-position":"center center","background-size":"auto","background-attachment":"scroll","background-type":"","background-media":"","overlay-type":"","overlay-color":"","overlay-opacity":"","overlay-gradient":""}},"footnotes":""},"class_list":["post-102005","page","type-page","status-publish","has-post-thumbnail","hentry"],"_links":{"self":[{"href":"https:\/\/translinguoglobal.com\/fr\/wp-json\/wp\/v2\/pages\/102005","targetHints":{"allow":["GET"]}}],"collection":[{"href":"https:\/\/translinguoglobal.com\/fr\/wp-json\/wp\/v2\/pages"}],"about":[{"href":"https:\/\/translinguoglobal.com\/fr\/wp-json\/wp\/v2\/types\/page"}],"author":[{"embeddable":true,"href":"https:\/\/translinguoglobal.com\/fr\/wp-json\/wp\/v2\/users\/3"}],"replies":[{"embeddable":true,"href":"https:\/\/translinguoglobal.com\/fr\/wp-json\/wp\/v2\/comments?post=102005"}],"version-history":[{"count":0,"href":"https:\/\/translinguoglobal.com\/fr\/wp-json\/wp\/v2\/pages\/102005\/revisions"}],"wp:featuredmedia":[{"embeddable":true,"href":"https:\/\/translinguoglobal.com\/fr\/wp-json\/wp\/v2\/media\/37884"}],"wp:attachment":[{"href":"https:\/\/translinguoglobal.com\/fr\/wp-json\/wp\/v2\/media?parent=102005"}],"curies":[{"name":"wp","href":"https:\/\/api.w.org\/{rel}","templated":true}]}}