{"id":102004,"date":"2026-03-03T14:11:56","date_gmt":"2026-03-03T13:11:56","guid":{"rendered":"https:\/\/translinguoglobal.com\/agence-de-traduction-a-getafe\/"},"modified":"2026-03-11T14:19:22","modified_gmt":"2026-03-11T13:19:22","slug":"agence-de-traduction-a-getafe","status":"publish","type":"page","link":"https:\/\/translinguoglobal.com\/fr\/agence-de-traduction-a-getafe\/","title":{"rendered":"Agence de traduction \u00e0 Getafe"},"content":{"rendered":"<h2 style=\"text-align: center;\">Agence de traduction \u00e0 Getafe la plus compl\u00e8te<\/h2>\n<p>Agence de traduction \u00e0 Getafe. Peu importe votre id\u00e9e ou l&rsquo;objectif que vous visez. Si vous laissez que <a href=\"https:\/\/translinguoglobal.com\/fr\/\" target=\"_blank\" rel=\"noopener\">Translinguo Global<\/a> se convertisse en votre agence de traduction \u00e0 <a href=\"https:\/\/es.wikipedia.org\/wiki\/Getafe\" target=\"_blank\" rel=\"noopener\">Getafe<\/a>, nous pourrons lui donner forme.  <\/p>\n<p>Nous mettons \u00e0 votre disposition la meilleure \u00e9quipe de traducteurs pour qu&rsquo;ils fassent de votre r\u00eave celui de d&rsquo;autres personnes qui, \u00e0 priori, pourraient ne pas comprendre votre langue.<\/p>\n<p>Pour cela, nos professionnels sont capables de traduire dans une grande vari\u00e9t\u00e9 de combinaisons linguistiques et tout type de textes : juridique, touristique, litt\u00e9raire, scientifique, m\u00e9dicale\u2026 Vous n&rsquo;aurez pas non plus besoin de vous rendre sur place ou autre part pour que votre traduction soit r\u00e9vis\u00e9e ou corrig\u00e9e. Nous proposons \u00e9galement ce type de services chez Translinguo Global. <\/p>\n<h2 style=\"text-align: center;\"><strong>Le r\u00e9sultat? Une traduction exquise, d&rsquo;une qualit\u00e9 irr\u00e9prochable et \u00e0 un prix que vous ne verrez dans aucune autre agence. <\/strong><\/h2>\n<p>Notre engagement avec vous est le plus important pour nous.<br \/>\nSi nous devions vous donner un argument de poids sur pourquoi choisir Translinguo Global comme agence de traduction \u00e0 Getafe, nous dirions que nous somme une entreprise qui, avant tout, travaille avec responsabilit\u00e9, engagement et qui rend rapidement les commandes : nous nous mettons \u00e0 votre place dans ces situations dans lesquelles on nous presse \u00e0 pr\u00e9senter un document.<\/p>\n<p>Par ailleurs, nous sommes en constant contact avec nos clients : nous ne voulons laisser aucune question en suspens. M\u00eame si c&rsquo;est vrai, vos documents sont entre de bonnes mains, et notre politique interne emp\u00eache la divulgation de vos contenus \u00e0 un tiers. Donc, la confidentialit\u00e9 du travail est indispensable dans notre fa\u00e7on de voir les choses.  <\/p>\n<h2 style=\"text-align: center;\"><strong>Que recevez-vous en \u00e9change?<\/strong><\/h2>\n<p>Dans notre entreprise nous ne nous consacrons pas uniquement \u00e0 la traduction de textes \u00e9crits. Nos services sont beaucoup plus amples. Vous organisez un \u00e9venement ou une conf\u00e9rence \u00e0 laquelle assisterons des personnes d&rsquo;autres nationalit\u00e9s et vous cherchez des interpr\u00e8tes en plusieurs langues? Vous avez besoin de traduire votre page web mais vous pensez qu&rsquo;un traducteur ne peut que s&rsquo;occuper de la langue \u00e9crite?   <\/p>\n<p>Vous avez des textes \u00e0 pr\u00e9senter de fa\u00e7on formelle et pr\u00e9cises qui pr\u00e9sentent un niveau de correction linguistique \u00e9lev\u00e9? La bureaucratie vous demande des documents officiels traduits et doivent comporter un sceau d&rsquo;un traducteur asserment\u00e9 ? Si vous vous trouvez dans uns de ces cas ou n&rsquo;importe quel autre en relation avec la traduction dont vous pourriez imaginer, donc Translinguo Global est votre agence de traduction \u00e0 Getafe.  <\/p>\n","protected":false},"excerpt":{"rendered":"<p>Agence de traduction \u00e0 Getafe la plus compl\u00e8te Agence de traduction \u00e0 Getafe. Peu importe votre id\u00e9e ou l&rsquo;objectif que vous visez. Si vous laissez que Translinguo Global se convertisse en votre agence de traduction \u00e0 Getafe, nous pourrons lui donner forme. Nous mettons \u00e0 votre disposition la meilleure \u00e9quipe de traducteurs pour qu&rsquo;ils fassent [&hellip;]<\/p>\n","protected":false},"author":3,"featured_media":38016,"parent":0,"menu_order":0,"comment_status":"closed","ping_status":"closed","template":"","meta":{"_crdt_document":"","inline_featured_image":false,"site-sidebar-layout":"default","site-content-layout":"default","ast-site-content-layout":"default","site-content-style":"default","site-sidebar-style":"default","ast-global-header-display":"","ast-banner-title-visibility":"","ast-main-header-display":"","ast-hfb-above-header-display":"","ast-hfb-below-header-display":"","ast-hfb-mobile-header-display":"","site-post-title":"","ast-breadcrumbs-content":"","ast-featured-img":"","footer-sml-layout":"","ast-disable-related-posts":"","theme-transparent-header-meta":"default","adv-header-id-meta":"","stick-header-meta":"","header-above-stick-meta":"","header-main-stick-meta":"","header-below-stick-meta":"","astra-migrate-meta-layouts":"default","ast-page-background-enabled":"default","ast-page-background-meta":{"desktop":{"background-color":"var(--ast-global-color-4)","background-image":"","background-repeat":"repeat","background-position":"center center","background-size":"auto","background-attachment":"scroll","background-type":"","background-media":"","overlay-type":"","overlay-color":"","overlay-opacity":"","overlay-gradient":""},"tablet":{"background-color":"","background-image":"","background-repeat":"repeat","background-position":"center center","background-size":"auto","background-attachment":"scroll","background-type":"","background-media":"","overlay-type":"","overlay-color":"","overlay-opacity":"","overlay-gradient":""},"mobile":{"background-color":"","background-image":"","background-repeat":"repeat","background-position":"center center","background-size":"auto","background-attachment":"scroll","background-type":"","background-media":"","overlay-type":"","overlay-color":"","overlay-opacity":"","overlay-gradient":""}},"ast-content-background-meta":{"desktop":{"background-color":"var(--ast-global-color-5)","background-image":"","background-repeat":"repeat","background-position":"center center","background-size":"auto","background-attachment":"scroll","background-type":"","background-media":"","overlay-type":"","overlay-color":"","overlay-opacity":"","overlay-gradient":""},"tablet":{"background-color":"var(--ast-global-color-5)","background-image":"","background-repeat":"repeat","background-position":"center center","background-size":"auto","background-attachment":"scroll","background-type":"","background-media":"","overlay-type":"","overlay-color":"","overlay-opacity":"","overlay-gradient":""},"mobile":{"background-color":"var(--ast-global-color-5)","background-image":"","background-repeat":"repeat","background-position":"center center","background-size":"auto","background-attachment":"scroll","background-type":"","background-media":"","overlay-type":"","overlay-color":"","overlay-opacity":"","overlay-gradient":""}},"footnotes":""},"class_list":["post-102004","page","type-page","status-publish","has-post-thumbnail","hentry"],"_links":{"self":[{"href":"https:\/\/translinguoglobal.com\/fr\/wp-json\/wp\/v2\/pages\/102004","targetHints":{"allow":["GET"]}}],"collection":[{"href":"https:\/\/translinguoglobal.com\/fr\/wp-json\/wp\/v2\/pages"}],"about":[{"href":"https:\/\/translinguoglobal.com\/fr\/wp-json\/wp\/v2\/types\/page"}],"author":[{"embeddable":true,"href":"https:\/\/translinguoglobal.com\/fr\/wp-json\/wp\/v2\/users\/3"}],"replies":[{"embeddable":true,"href":"https:\/\/translinguoglobal.com\/fr\/wp-json\/wp\/v2\/comments?post=102004"}],"version-history":[{"count":1,"href":"https:\/\/translinguoglobal.com\/fr\/wp-json\/wp\/v2\/pages\/102004\/revisions"}],"predecessor-version":[{"id":102175,"href":"https:\/\/translinguoglobal.com\/fr\/wp-json\/wp\/v2\/pages\/102004\/revisions\/102175"}],"wp:featuredmedia":[{"embeddable":true,"href":"https:\/\/translinguoglobal.com\/fr\/wp-json\/wp\/v2\/media\/38016"}],"wp:attachment":[{"href":"https:\/\/translinguoglobal.com\/fr\/wp-json\/wp\/v2\/media?parent=102004"}],"curies":[{"name":"wp","href":"https:\/\/api.w.org\/{rel}","templated":true}]}}