{"id":101999,"date":"2026-02-27T14:37:59","date_gmt":"2026-02-27T13:37:59","guid":{"rendered":"https:\/\/translinguoglobal.com\/service-de-traduction-a-almeria\/"},"modified":"2026-02-27T14:37:59","modified_gmt":"2026-02-27T13:37:59","slug":"service-de-traduction-a-almeria","status":"publish","type":"page","link":"https:\/\/translinguoglobal.com\/fr\/service-de-traduction-a-almeria\/","title":{"rendered":"Service de traduction \u00e0 Almer\u00eda"},"content":{"rendered":"<p><a href=\"https:\/\/translinguoglobal.com\/fr\/\">Service de traduction<\/a> \u00e0 Almer\u00eda. Aujourd&rsquo;hui, il est presque impossible de vivre sans beaucoup de disciplines comme la m\u00e9decine ou la physique. Une autre discipline d&rsquo;importance capitale et pr\u00e9sente dans chacun des aspects de notre vie est la traaduction Pendant que les premi\u00e8res jouissent de respect et de popularit\u00e9, la r\u00e9alit\u00e9 de la traduction est tr\u00e8s diff\u00e9rente.<\/p>\n<p>Souvent, le travail du traducteur n&rsquo;est pas valoris\u00e9 et nous sommes encore moins conscient du degr\u00e9 de sp\u00e9cialisation qu&rsquo;il comporte. Lorsque nous parlons de sp\u00e9cialistes, nous pensons en des physiciens, chimistes, m\u00e9decins, etc. Jamais en un traducteur. Donc, arrive un doute: qui traduit tout ce que publient ces sp\u00e9cialistes?  Effectivement, il s&rsquo;agit d&rsquo;un traducteur. Et concr\u00e8tement, d&rsquo;un sp\u00e9cialis\u00e9. Ce n&rsquo;est pas seulement un expert en la mati\u00e8re, sinon qu&rsquo;il conna\u00eet l&rsquo;\u00e9quivalence des conceptes.<\/p>\n<p>Par cons\u00e9quent, notre agence propose un <strong>service de traduction \u00e0 <a href=\"https:\/\/es.wikipedia.org\/wiki\/Almer%C3%ADa\" target=\"_blank\" rel=\"noopener\">Almer\u00eda<\/a><\/strong> qui prend en compte tous les d\u00e9tails mentionn\u00e9s.<\/p>\n<h3 style=\"text-align: center;\"><strong>Pourquoi compter sur un service de traduction \u00e0 Almer\u00eda<\/strong><\/h3>\n<p>Tel que mentionn\u00e9 pr\u00e9c\u00e9demment, nous sommes fier de compter sur les meilleurs traducteurs sp\u00e9cialis\u00e9s. La capacit\u00e9 \u00e0 r\u00e9aliser un travail de haut niveau en un temps record est une de nos caract\u00e9ristiques principales.<\/p>\n<p>Notre objectif principal est qu&rsquo;\u00e0 l&rsquo;aide de ce service nous puissions satisfaire vos objectifs.  De plus, notre compromis avec votre demande sera complet. <\/p>\n<h3 style=\"text-align: center;\"><strong>Pourquoi \u00e0 Almer\u00eda?<\/strong><\/h3>\n<p>Il s&rsquo;agit d&rsquo;une r\u00e9gion id\u00e9ale pour \u00e9tablir une agence de traduction. Elle se situe sur la Costa del Sol, une des destinations touristiques pr\u00e9f\u00e9r\u00e9es et limitrophe avec la Costa Blanca. Almer\u00eda est une commune d&rsquo;importance croissante dans le secteur \u00e9conomique, culturel et sportif. Elle compte sur un port international qui repr\u00e9sente un n\u0153ud de communications. De plus, ces derni\u00e8re ann\u00e9es, il y a eu une r\u00e9novation de son a\u00e9roport qui, aujourd&rsquo;huji, est international.<\/p>\n<p>D&rsquo;autre part, une autre caract\u00e9ristique principale qui est entrain d&rsquo;\u00eatre finalis\u00e9e sont les travaux du parc cientifico-technologique. Bien qu&rsquo;ils n&rsquo;aient pas encore fini, beaucoup d&rsquo;entreprises internationales ont d\u00e9j\u00e0 d\u00e9localis\u00e9s leurs usines et succursales.  Pour finir, dans peu de temps, Almer\u00eda comptera sur un r\u00e9seau de trains d&rsquo;haute v\u00e9locit\u00e9 (AVE).<\/p>\n<p>En conclusion, nous faisons face \u00e0 une r\u00e9gion en progr\u00e8s et innovation continue. Notre <strong>service de traduction \u00e0 Almer\u00eda<\/strong> compte sur de nombreux clients de diverses origines. <\/p>\n<h3 style=\"text-align: center;\"><strong>Que proposons nous dans nos services<\/strong><\/h3>\n<p>Notre <strong>service de traduction \u00e0 Almer\u00eda<\/strong> vous propose une grande vari\u00e9t\u00e9 de services traductologiques. Certaines d&rsquo;entre elles sont: <\/p>\n<ul>\n<li>Traduction sp\u00e9cialis\u00e9e.<\/li>\n<li>Traduction g\u00e9n\u00e9rale.<\/li>\n<li>Localisation.<\/li>\n<li>Traduction de site web.<\/li>\n<li>Traduction asserment\u00e9e.<\/li>\n<\/ul>\n<p>Nous sommes en constant processus d&rsquo;innovation pour offrir de nouveaux services et augmenter encore plus la qualit\u00e9 de notre travail. <\/p>\n<p>Nous vous encourageons \u00e0 entrer en contacte avec nous et \u00e0 nous demander pour tous nos services. Nous vous assurons que vous ne trouverez pas une entreprises mieux qualifi\u00e9e que nous. <strong>Nous sommes les meilleurs!<\/strong><\/p>\n","protected":false},"excerpt":{"rendered":"<p>Service de traduction \u00e0 Almer\u00eda. Aujourd&rsquo;hui, il est presque impossible de vivre sans beaucoup de disciplines comme la m\u00e9decine ou la physique. Une autre discipline d&rsquo;importance capitale et pr\u00e9sente dans chacun des aspects de notre vie est la traaduction Pendant que les premi\u00e8res jouissent de respect et de popularit\u00e9, la r\u00e9alit\u00e9 de la traduction est [&hellip;]<\/p>\n","protected":false},"author":3,"featured_media":37836,"parent":0,"menu_order":0,"comment_status":"closed","ping_status":"closed","template":"","meta":{"_crdt_document":"","inline_featured_image":false,"site-sidebar-layout":"default","site-content-layout":"default","ast-site-content-layout":"default","site-content-style":"default","site-sidebar-style":"default","ast-global-header-display":"","ast-banner-title-visibility":"","ast-main-header-display":"","ast-hfb-above-header-display":"","ast-hfb-below-header-display":"","ast-hfb-mobile-header-display":"","site-post-title":"","ast-breadcrumbs-content":"","ast-featured-img":"","footer-sml-layout":"","ast-disable-related-posts":"","theme-transparent-header-meta":"default","adv-header-id-meta":"","stick-header-meta":"","header-above-stick-meta":"","header-main-stick-meta":"","header-below-stick-meta":"","astra-migrate-meta-layouts":"default","ast-page-background-enabled":"default","ast-page-background-meta":{"desktop":{"background-color":"var(--ast-global-color-4)","background-image":"","background-repeat":"repeat","background-position":"center center","background-size":"auto","background-attachment":"scroll","background-type":"","background-media":"","overlay-type":"","overlay-color":"","overlay-opacity":"","overlay-gradient":""},"tablet":{"background-color":"","background-image":"","background-repeat":"repeat","background-position":"center center","background-size":"auto","background-attachment":"scroll","background-type":"","background-media":"","overlay-type":"","overlay-color":"","overlay-opacity":"","overlay-gradient":""},"mobile":{"background-color":"","background-image":"","background-repeat":"repeat","background-position":"center center","background-size":"auto","background-attachment":"scroll","background-type":"","background-media":"","overlay-type":"","overlay-color":"","overlay-opacity":"","overlay-gradient":""}},"ast-content-background-meta":{"desktop":{"background-color":"var(--ast-global-color-5)","background-image":"","background-repeat":"repeat","background-position":"center center","background-size":"auto","background-attachment":"scroll","background-type":"","background-media":"","overlay-type":"","overlay-color":"","overlay-opacity":"","overlay-gradient":""},"tablet":{"background-color":"var(--ast-global-color-5)","background-image":"","background-repeat":"repeat","background-position":"center center","background-size":"auto","background-attachment":"scroll","background-type":"","background-media":"","overlay-type":"","overlay-color":"","overlay-opacity":"","overlay-gradient":""},"mobile":{"background-color":"var(--ast-global-color-5)","background-image":"","background-repeat":"repeat","background-position":"center center","background-size":"auto","background-attachment":"scroll","background-type":"","background-media":"","overlay-type":"","overlay-color":"","overlay-opacity":"","overlay-gradient":""}},"footnotes":""},"class_list":["post-101999","page","type-page","status-publish","has-post-thumbnail","hentry"],"_links":{"self":[{"href":"https:\/\/translinguoglobal.com\/fr\/wp-json\/wp\/v2\/pages\/101999","targetHints":{"allow":["GET"]}}],"collection":[{"href":"https:\/\/translinguoglobal.com\/fr\/wp-json\/wp\/v2\/pages"}],"about":[{"href":"https:\/\/translinguoglobal.com\/fr\/wp-json\/wp\/v2\/types\/page"}],"author":[{"embeddable":true,"href":"https:\/\/translinguoglobal.com\/fr\/wp-json\/wp\/v2\/users\/3"}],"replies":[{"embeddable":true,"href":"https:\/\/translinguoglobal.com\/fr\/wp-json\/wp\/v2\/comments?post=101999"}],"version-history":[{"count":0,"href":"https:\/\/translinguoglobal.com\/fr\/wp-json\/wp\/v2\/pages\/101999\/revisions"}],"wp:featuredmedia":[{"embeddable":true,"href":"https:\/\/translinguoglobal.com\/fr\/wp-json\/wp\/v2\/media\/37836"}],"wp:attachment":[{"href":"https:\/\/translinguoglobal.com\/fr\/wp-json\/wp\/v2\/media?parent=101999"}],"curies":[{"name":"wp","href":"https:\/\/api.w.org\/{rel}","templated":true}]}}