{"id":101997,"date":"2026-02-27T13:15:48","date_gmt":"2026-02-27T12:15:48","guid":{"rendered":"https:\/\/translinguoglobal.com\/service-de-traduction-a-logrono\/"},"modified":"2026-02-27T13:15:48","modified_gmt":"2026-02-27T12:15:48","slug":"service-de-traduction-a-logrono","status":"publish","type":"page","link":"https:\/\/translinguoglobal.com\/fr\/service-de-traduction-a-logrono\/","title":{"rendered":"Service de traduction \u00e0 Logro\u00f1o"},"content":{"rendered":"<p>Service de traduction \u00e0 <a href=\"https:\/\/es.wikipedia.org\/wiki\/Logro%C3%B1o\" target=\"_blank\" rel=\"noopener\">Logro\u00f1o<\/a>. Nous vivons dans un monde interconnect\u00e9 et globalis\u00e9. Il est in\u00e9vitable qu&rsquo;une fois vous deviez faire face \u00e0 une situation multilingue. Au moment de faire de affaires dans d&rsquo;autre langues, le mieux est que vous vous mettiez entre les mains de professionnels.<\/p>\n<p>Le traducteur sera votre meilleur alli\u00e9 pour parvenir \u00e0 de nouveaux march\u00e9s, tant nationaux qu&rsquo;\u00e9trangers. Notre service de traduction \u00e0 Logro\u00f1o vous propose la meilleure qualit\u00e9 et rapidit\u00e9 du secteur. Gr\u00e2ce \u00e0 nous, vous pourrez surmonter tous les d\u00e9fis linguistiques pr\u00e9sents et futurs: nous pouvons tout faire.<\/p>\n<h2 style=\"text-align: center;\"><strong>Pourquoi compter sur un service de traduction \u00e0 Logro\u00f1o<\/strong><\/h2>\n<p>Dans notre service de traduction \u00e0 Logro\u00f1o nous ne prenons pas notre travail \u00e0 la lig\u00e8re. Nous exigeons les plus hauts standards de qualit\u00e9 dans toutes nos traductions.  Pour cela, nous travaillons avec des traducteurs professionnels qui compte une formation sp\u00e9cifique dans le secteur dans lequel ils travaillent. De plus, nous nous assurons que les traducteurs soient toujours natifs de la langue vers laquelle ils traduisent. Un natif connait sa langue de mani\u00e8re intime et travail de mani\u00e8re tr\u00e8s efficace. Par ailleurs, son origine \u00e9trang\u00e8re lui permet de compter sur d&rsquo;importantes ressources culturelles. <\/p>\n<h3 style=\"text-align: center;\"><strong>Pourquoi \u00e0 Logro\u00f1o?<\/strong><\/h3>\n<p>Sur les bords du fleuvre \u00c8bre se l\u00e8ve une des villes plus historiques de notre pays. Elle a d\u00e9but\u00e9e comme une petite colonie romaine et \u00e0 grandit jusqu&rsquo;\u00e0 \u00eatre une des capitales de la province. A Logro\u00f1o se rencontrent les cultures navarraises et espagnoles. De ce m\u00e9lange de sentiments nait l&rsquo;industrie phare de la r\u00e9gion: le vin. La Rioja a un des meilleurs terrains du monde pour cultiver la vigne. Cela se doit en particulier au climat relativement frais de la zone. Dans cette r\u00e9gion sont plant\u00e9 et sont r\u00e9colt\u00e9s plusieurs ceps de vigne qui donne origine \u00e0 toutes les vari\u00e9t\u00e9s de vin riojano.<\/p>\n<p>En tant que capitale de la r\u00e9gion, Logro\u00f1o est \u00e9galement le centre financier de toute cette industrie viticole. Ce produit national attire des milliers d&rsquo;\u00e9trangers \u00e0 la recherche d&rsquo;exp\u00e9rience \u0153nologique d\u00e9finitive. Peu importe si votre entreprise travail avec des touristes, des entreprise viticoles ou d&rsquo;autres industries. Nos services de traduction \u00e0 Logro\u00f1o vous aiderons \u00e0 prosp\u00e9rer dans une ville toujours plus internationale.<\/p>\n<h3 style=\"text-align: center;\"><strong>Que proposons nous dans nos services<\/strong><\/h3>\n<p>Le meilleur client est celui qui est facil et satisfait. Dans notre service de traduction \u00e0 Logro\u00f1o nous cherchons toujours \u00e0 apporter de la valeur \u00e0 nos relations commerciales. Pour atteindre cet objectif, nous priorisons le service client. Vous pouvez exiger et attendre de nous : <\/p>\n<ul>\n<li>Ponctualit\u00e9.<\/li>\n<li>Traductions r\u00e9alis\u00e9es par des natifs<\/li>\n<li>Transparence et suivi.<\/li>\n<li>Multiples services:\n<ul>\n<li><a href=\"https:\/\/translinguoglobal.com\/fr\/traduction-de-documents\/\">Traduction g\u00e9n\u00e9rale.<\/a><\/li>\n<li><a href=\"https:\/\/translinguoglobal.com\/traduccion-de-paginas-web\/\">Traduction web.<\/a><\/li>\n<li><a href=\"https:\/\/translinguoglobal.com\/fr\/service-de-localisation-de-pages-internet\/\">Localisation.<\/a><\/li>\n<li><a href=\"https:\/\/translinguoglobal.com\/fr\/services-de-traduction-specialisee\/\">Traduction sp\u00e9cialis\u00e9e.<\/a><\/li>\n<li><a href=\"https:\/\/translinguoglobal.com\/fr\/service-de-traduction-assermentee\/\">Traduction asserment\u00e9e.<\/a><\/li>\n<\/ul>\n<\/li>\n<\/ul>\n<p><strong>Faites appel aujourd&rsquo;hui \u00e0 un bon service de traduction et pr\u00e9parez votre entreprise pour les d\u00e9fis du futur!<\/strong> Comptez sur nous, vous ne regretterez pas<\/p>\n<p>Nous garantissons le professionnalisme de nos traducteurs et relecteurs. Traducteurs natifs et sp\u00e9cialis\u00e9s.  Nous disposons d&rsquo;une \u00e9quipe de traducteurs r\u00e9partis partout dans le monde, ce qui nous permet d&rsquo;offrir des services de traduction sp\u00e9cialis\u00e9e \u00e0 toute heure. Nous pouvons donc dire que nous travaillons 24 heures sur 24. <\/p>\n<p>Les d\u00e9lais convenus ainsi que la confidentialit\u00e9 sont fondamentaux pour nous. Par cons\u00e9quence, nous respectons les r\u00e8gles RGPD en toutes circonstances, et nous faisons tout ce qui est en notre pouvoir pour r\u00e9aliser ce que nous promettons. <\/p>\n","protected":false},"excerpt":{"rendered":"<p>Service de traduction \u00e0 Logro\u00f1o. Nous vivons dans un monde interconnect\u00e9 et globalis\u00e9. Il est in\u00e9vitable qu&rsquo;une fois vous deviez faire face \u00e0 une situation multilingue. Au moment de faire de affaires dans d&rsquo;autre langues, le mieux est que vous vous mettiez entre les mains de professionnels. Le traducteur sera votre meilleur alli\u00e9 pour parvenir [&hellip;]<\/p>\n","protected":false},"author":3,"featured_media":0,"parent":0,"menu_order":0,"comment_status":"closed","ping_status":"closed","template":"","meta":{"_crdt_document":"","inline_featured_image":false,"site-sidebar-layout":"default","site-content-layout":"default","ast-site-content-layout":"default","site-content-style":"default","site-sidebar-style":"default","ast-global-header-display":"","ast-banner-title-visibility":"","ast-main-header-display":"","ast-hfb-above-header-display":"","ast-hfb-below-header-display":"","ast-hfb-mobile-header-display":"","site-post-title":"","ast-breadcrumbs-content":"","ast-featured-img":"","footer-sml-layout":"","ast-disable-related-posts":"","theme-transparent-header-meta":"default","adv-header-id-meta":"","stick-header-meta":"","header-above-stick-meta":"","header-main-stick-meta":"","header-below-stick-meta":"","astra-migrate-meta-layouts":"default","ast-page-background-enabled":"default","ast-page-background-meta":{"desktop":{"background-color":"var(--ast-global-color-4)","background-image":"","background-repeat":"repeat","background-position":"center center","background-size":"auto","background-attachment":"scroll","background-type":"","background-media":"","overlay-type":"","overlay-color":"","overlay-opacity":"","overlay-gradient":""},"tablet":{"background-color":"","background-image":"","background-repeat":"repeat","background-position":"center center","background-size":"auto","background-attachment":"scroll","background-type":"","background-media":"","overlay-type":"","overlay-color":"","overlay-opacity":"","overlay-gradient":""},"mobile":{"background-color":"","background-image":"","background-repeat":"repeat","background-position":"center center","background-size":"auto","background-attachment":"scroll","background-type":"","background-media":"","overlay-type":"","overlay-color":"","overlay-opacity":"","overlay-gradient":""}},"ast-content-background-meta":{"desktop":{"background-color":"var(--ast-global-color-5)","background-image":"","background-repeat":"repeat","background-position":"center center","background-size":"auto","background-attachment":"scroll","background-type":"","background-media":"","overlay-type":"","overlay-color":"","overlay-opacity":"","overlay-gradient":""},"tablet":{"background-color":"var(--ast-global-color-5)","background-image":"","background-repeat":"repeat","background-position":"center center","background-size":"auto","background-attachment":"scroll","background-type":"","background-media":"","overlay-type":"","overlay-color":"","overlay-opacity":"","overlay-gradient":""},"mobile":{"background-color":"var(--ast-global-color-5)","background-image":"","background-repeat":"repeat","background-position":"center center","background-size":"auto","background-attachment":"scroll","background-type":"","background-media":"","overlay-type":"","overlay-color":"","overlay-opacity":"","overlay-gradient":""}},"footnotes":""},"class_list":["post-101997","page","type-page","status-publish","hentry"],"_links":{"self":[{"href":"https:\/\/translinguoglobal.com\/fr\/wp-json\/wp\/v2\/pages\/101997","targetHints":{"allow":["GET"]}}],"collection":[{"href":"https:\/\/translinguoglobal.com\/fr\/wp-json\/wp\/v2\/pages"}],"about":[{"href":"https:\/\/translinguoglobal.com\/fr\/wp-json\/wp\/v2\/types\/page"}],"author":[{"embeddable":true,"href":"https:\/\/translinguoglobal.com\/fr\/wp-json\/wp\/v2\/users\/3"}],"replies":[{"embeddable":true,"href":"https:\/\/translinguoglobal.com\/fr\/wp-json\/wp\/v2\/comments?post=101997"}],"version-history":[{"count":0,"href":"https:\/\/translinguoglobal.com\/fr\/wp-json\/wp\/v2\/pages\/101997\/revisions"}],"wp:attachment":[{"href":"https:\/\/translinguoglobal.com\/fr\/wp-json\/wp\/v2\/media?parent=101997"}],"curies":[{"name":"wp","href":"https:\/\/api.w.org\/{rel}","templated":true}]}}