{"id":101996,"date":"2026-02-27T12:15:47","date_gmt":"2026-02-27T11:15:47","guid":{"rendered":"https:\/\/translinguoglobal.com\/agence-de-traduction-a-murcie\/"},"modified":"2026-03-11T14:15:56","modified_gmt":"2026-03-11T13:15:56","slug":"agence-de-traduction-a-murcie","status":"publish","type":"page","link":"https:\/\/translinguoglobal.com\/fr\/agence-de-traduction-a-murcie\/","title":{"rendered":"Agence de Traduction \u00e0 Murcie"},"content":{"rendered":"<h4 style=\"text-align: center;\"><strong>Qualit\u00e9 optimale et prix comp\u00e9titif<\/strong><\/h4>\n<p>Agence de traduction \u00e0 Murcie. La Mar Menor et la M\u00e9diterrann\u00e9e attirent des millions de personnes tous les ans. Que ce soit pour sa c\u00f4te, son offre artistique ou ses alabados paparajotes, la r\u00e9gion de Murcie attire.  <\/p>\n<p>Le tourisme international a augment\u00e9 de 37% l&rsquo;ann\u00e9e derni\u00e8re, c&rsquo;est pour cela que nous sommes ce dont votre commerce a besoin. L&rsquo;h\u00f4tellerie est un des secteurs les plus d\u00e9velopp\u00e9 dans la r\u00e9gion. <\/p>\n<p>Tout cela cr\u00e9er la n\u00e9cessit\u00e9 d&rsquo;adapter certaines choses de votre commerce aux langues \u00e9trang\u00e8res. De plus, nous vous proposons plusieurs services li\u00e9s entre eux dont vous pouvez profiter. Pour cela, Translinguo vous pr\u00e9sente votre agence de traduction \u00e0 <a href=\"https:\/\/es.wikipedia.org\/wiki\/Murcia\" target=\"_blank\" rel=\"noopener\">Murcie<\/a>.  <\/p>\n<h4 style=\"text-align: center;\">Pourquoi faire appel aux services d&rsquo;une agence de traduction \u00e0 Murcie?<\/h4>\n<p><a href=\"https:\/\/translinguoglobal.com\/fr\/\" target=\"_blank\" rel=\"noopener\">Translinguo Global<\/a> acqui\u00e8re un compromis direct avec ses clients, auxquels nous proposons :<\/p>\n<p>Un service de qualit\u00e9, ponctuel et soigner. Nous sommes perfectionnistes dans ce que nous faisons parce que nous voulons vous faire parvenir le meilleur.<br \/>\nNotre stricte politique de confidentialit\u00e9 fait que n&rsquo;importe quel de vos demande reste prot\u00e9g\u00e9e.  Vous pouvez rester serein.<br \/>\nNos prix sont id\u00e9als pour vous, parce que vous ne payerez pas une fortune pour un service impeccable.<br \/>\nNos traducteurs et autres professionnels travaillent sur vos projets de mani\u00e8re rapide et efficace<\/p>\n<h4 style=\"text-align: center;\"><strong>Pourquoi est-ce plus rentable de compter sur un service de traduction professionnel?<\/strong><\/h4>\n<p>Avec une agence de traduction \u00e0 Murcie, vous n&rsquo;avez plus \u00e0 vous pr\u00e9occuper des langues.<\/p>\n<p>En plus des services de traduction dans un large \u00e9ventail de langues, nous vous proposons des <a href=\"https:\/\/translinguoglobal.com\/fr\/service-de-localisation-de-pages-internet\/\" target=\"_blank\" rel=\"noopener\">services de localisation<\/a>, marketing et <a href=\"https:\/\/translinguoglobal.com\/fr\/service-de-marketing-multilingue\/\" target=\"_blank\" rel=\"noopener\">SEO multilingue. <\/a> Avec cela, votre page web se trouvera avec facilit\u00e9 sur les moteurs de recherche, et dans n&rsquo;importe quelle langue que vous choisissez! Nous comptons sur une \u00e9quipe de dipl\u00f4m\u00e9s et professionnels qui s&rsquo;adaptent au client, pour lui faire parvenir exactement ce qu&rsquo;il nous a demand\u00e9.<\/p>\n<p>Nous vous proposons une offre unique sur le march\u00e9 du travail : toutes les sp\u00e9cialisations et langues sont disponibles \u00e0 la demande. Notre collaboration est bas\u00e9e sur le partenariat : vous ne payez que pour ce dont vous avez besoin. Et nos tarifs sont imbattables sur un march\u00e9 aussi concurrentiel.  <\/p>\n","protected":false},"excerpt":{"rendered":"<p>Qualit\u00e9 optimale et prix comp\u00e9titif Agence de traduction \u00e0 Murcie. La Mar Menor et la M\u00e9diterrann\u00e9e attirent des millions de personnes tous les ans. Que ce soit pour sa c\u00f4te, son offre artistique ou ses alabados paparajotes, la r\u00e9gion de Murcie attire. Le tourisme international a augment\u00e9 de 37% l&rsquo;ann\u00e9e derni\u00e8re, c&rsquo;est pour cela que [&hellip;]<\/p>\n","protected":false},"author":3,"featured_media":38022,"parent":0,"menu_order":0,"comment_status":"closed","ping_status":"closed","template":"","meta":{"_crdt_document":"","inline_featured_image":false,"site-sidebar-layout":"default","site-content-layout":"default","ast-site-content-layout":"default","site-content-style":"default","site-sidebar-style":"default","ast-global-header-display":"","ast-banner-title-visibility":"","ast-main-header-display":"","ast-hfb-above-header-display":"","ast-hfb-below-header-display":"","ast-hfb-mobile-header-display":"","site-post-title":"","ast-breadcrumbs-content":"","ast-featured-img":"","footer-sml-layout":"","ast-disable-related-posts":"","theme-transparent-header-meta":"default","adv-header-id-meta":"","stick-header-meta":"","header-above-stick-meta":"","header-main-stick-meta":"","header-below-stick-meta":"","astra-migrate-meta-layouts":"default","ast-page-background-enabled":"default","ast-page-background-meta":{"desktop":{"background-color":"var(--ast-global-color-4)","background-image":"","background-repeat":"repeat","background-position":"center center","background-size":"auto","background-attachment":"scroll","background-type":"","background-media":"","overlay-type":"","overlay-color":"","overlay-opacity":"","overlay-gradient":""},"tablet":{"background-color":"","background-image":"","background-repeat":"repeat","background-position":"center center","background-size":"auto","background-attachment":"scroll","background-type":"","background-media":"","overlay-type":"","overlay-color":"","overlay-opacity":"","overlay-gradient":""},"mobile":{"background-color":"","background-image":"","background-repeat":"repeat","background-position":"center center","background-size":"auto","background-attachment":"scroll","background-type":"","background-media":"","overlay-type":"","overlay-color":"","overlay-opacity":"","overlay-gradient":""}},"ast-content-background-meta":{"desktop":{"background-color":"var(--ast-global-color-5)","background-image":"","background-repeat":"repeat","background-position":"center center","background-size":"auto","background-attachment":"scroll","background-type":"","background-media":"","overlay-type":"","overlay-color":"","overlay-opacity":"","overlay-gradient":""},"tablet":{"background-color":"var(--ast-global-color-5)","background-image":"","background-repeat":"repeat","background-position":"center center","background-size":"auto","background-attachment":"scroll","background-type":"","background-media":"","overlay-type":"","overlay-color":"","overlay-opacity":"","overlay-gradient":""},"mobile":{"background-color":"var(--ast-global-color-5)","background-image":"","background-repeat":"repeat","background-position":"center center","background-size":"auto","background-attachment":"scroll","background-type":"","background-media":"","overlay-type":"","overlay-color":"","overlay-opacity":"","overlay-gradient":""}},"footnotes":""},"class_list":["post-101996","page","type-page","status-publish","has-post-thumbnail","hentry"],"_links":{"self":[{"href":"https:\/\/translinguoglobal.com\/fr\/wp-json\/wp\/v2\/pages\/101996","targetHints":{"allow":["GET"]}}],"collection":[{"href":"https:\/\/translinguoglobal.com\/fr\/wp-json\/wp\/v2\/pages"}],"about":[{"href":"https:\/\/translinguoglobal.com\/fr\/wp-json\/wp\/v2\/types\/page"}],"author":[{"embeddable":true,"href":"https:\/\/translinguoglobal.com\/fr\/wp-json\/wp\/v2\/users\/3"}],"replies":[{"embeddable":true,"href":"https:\/\/translinguoglobal.com\/fr\/wp-json\/wp\/v2\/comments?post=101996"}],"version-history":[{"count":1,"href":"https:\/\/translinguoglobal.com\/fr\/wp-json\/wp\/v2\/pages\/101996\/revisions"}],"predecessor-version":[{"id":102174,"href":"https:\/\/translinguoglobal.com\/fr\/wp-json\/wp\/v2\/pages\/101996\/revisions\/102174"}],"wp:featuredmedia":[{"embeddable":true,"href":"https:\/\/translinguoglobal.com\/fr\/wp-json\/wp\/v2\/media\/38022"}],"wp:attachment":[{"href":"https:\/\/translinguoglobal.com\/fr\/wp-json\/wp\/v2\/media?parent=101996"}],"curies":[{"name":"wp","href":"https:\/\/api.w.org\/{rel}","templated":true}]}}