{"id":101995,"date":"2026-02-27T11:46:36","date_gmt":"2026-02-27T10:46:36","guid":{"rendered":"https:\/\/translinguoglobal.com\/agence-de-traduction-a-majorque\/"},"modified":"2026-03-11T14:10:31","modified_gmt":"2026-03-11T13:10:31","slug":"agence-de-traduction-a-majorque","status":"publish","type":"page","link":"https:\/\/translinguoglobal.com\/fr\/agence-de-traduction-a-majorque\/","title":{"rendered":"Agence de traduction \u00e0 Majorque"},"content":{"rendered":"<h2 style=\"text-align: center;\"><strong>Les meilleurs professionnels \u00e0 votre prot\u00e9e<\/strong><\/h2>\n<p>Agence de traduction \u00e0 Majorque. L&rsquo;\u00eele la plus grande des Bal\u00e9ares, visit\u00e9e par des centaines de milliers de touristes tous les ans. <\/p>\n<p><a title=\"Majorque\" href=\"https:\/\/es.wikipedia.org\/wiki\/Mallorca\" target=\"_blank\" rel=\"noopener\">Majorque<\/a> a gagn\u00e9 du prestige international ces derni\u00e8res d\u00e9cennies. A l&rsquo;\u00e9poque, l&rsquo;\u00eele \u00e9tait connue pour la tranquillit\u00e9 de ses plages, c&rsquo;est une destination touristique de cat\u00e9gorie. Les petits commerces de l&rsquo;\u00eele ont vu que ce n&rsquo;est plus seulement les clients nationaux qui visitent leurs commerces. A pr\u00e9sent, des gens venant de tous les pays parcours les rues majorquines chaque jours.<\/p>\n<p>C&rsquo;est l\u00e0 que <a href=\"https:\/\/translinguoglobal.com\/fr\/\">Translinguo Global<\/a>, votre <strong>agence de traduction \u00e0 Majorque<\/strong> peut vous aider. Si vous avez besoin d&rsquo;adapter votre commerce aux n\u00e9cessit\u00e9s d&rsquo;un march\u00e9 globalis\u00e9, nous sommes votre \u00e9quipe. Nous traduirons et adapterons n&rsquo;importe quel contenu linguistique de votre commerce. Notre \u00e9quipe se constitue de professionnels avec une grande vari\u00e9t\u00e9 de langues, pour vous proposer ce dont vous choisissez.<\/p>\n<h2 style=\"text-align: center;\"><strong>Pourquoi faire appel aux services d&rsquo;une agence de traduction \u00e0 Majorque?<\/strong><\/h2>\n<p>Le secteur de la traduction est un grand inconnu pour beaucoup d&rsquo;entrepreneurs d&rsquo;autres secteurs. Le commun des personnes, ne connait pas les b\u00e9n\u00e9fices que l&rsquo;usage d&rsquo;un traducteur peut leurs apporter. Adapter les contenus de votre commerce \u00e0 un <strong>public globalis\u00e9<\/strong> ouvre les portes \u00e0 beaucoup de march\u00e9s. Et cela est ind\u00e9niable. Pour cela, nous voulons vous proposer un service de traduction qui vous garantisse:    <\/p>\n<ul>\n<li>La ponctualit\u00e9 lors de la remise des projets finalis\u00e9s.<\/li>\n<li>La qualit\u00e9 maximale dans le service, \u00e0 un prix tr\u00e8s comp\u00e9titif.<\/li>\n<li>La plus stricte confidentialit\u00e9 dans le traitement du contenu de vos projets.<\/li>\n<li>La collaboration avec les meilleurs professionnels du secteur.<\/li>\n<\/ul>\n<h2 style=\"text-align: center;\"><strong>Pourquoi est-ce plus rentable de compter sur un service de traduction professionnel?<\/strong><\/h2>\n<p>Chez Translinguo Global nous vous proposons d&rsquo;autres services, en plus de la traduction. Nous comptons \u00e9galement sur des professionnels sp\u00e9cialis\u00e9s en <a title=\"Traduction de pages web et blogs\" href=\"https:\/\/translinguoglobal.com\/traduccion-de-paginas-web-y-blogs\/\" target=\"_blank\" rel=\"noopener\">design web<\/a>, design graphique, localisation et SEO multilingue. Imaginez que vous deviez faire appel \u00e0 quelqu&rsquo;un pour chaque projet en relation avec les sp\u00e9cificit\u00e9s mentionn\u00e9es pr\u00e9c\u00e9demment.  <\/p>\n<p>Ce serait un investissement dont beaucoup d&rsquo;entreprises ne peuvent pas faire face. Cependant, chez Translinguo vous payez seulement pour ce que vous utilisez \u00e0 chaque moment. Si vous avez besoin que votre <strong>page web<\/strong> apparaisse sur un moteur de recherche allemand, nous le faisons.  <\/p>\n<p>Si vous avez besoin que quelqu&rsquo;un mette en page les contenus qui vont apparaitre sur votre page web, nous le faisons. Vous avez seulement besoin de nous appeler pour que nous puissions vous conseiller dans ce dont vous avez besoin. La principale fonction de notre agence de traduction \u00e0 Majorque est de vous aider.  <\/p>\n","protected":false},"excerpt":{"rendered":"<p>Les meilleurs professionnels \u00e0 votre prot\u00e9e Agence de traduction \u00e0 Majorque. L&rsquo;\u00eele la plus grande des Bal\u00e9ares, visit\u00e9e par des centaines de milliers de touristes tous les ans. Majorque a gagn\u00e9 du prestige international ces derni\u00e8res d\u00e9cennies. A l&rsquo;\u00e9poque, l&rsquo;\u00eele \u00e9tait connue pour la tranquillit\u00e9 de ses plages, c&rsquo;est une destination touristique de cat\u00e9gorie. Les [&hellip;]<\/p>\n","protected":false},"author":3,"featured_media":38028,"parent":0,"menu_order":0,"comment_status":"closed","ping_status":"closed","template":"","meta":{"_crdt_document":"","inline_featured_image":false,"site-sidebar-layout":"default","site-content-layout":"default","ast-site-content-layout":"default","site-content-style":"default","site-sidebar-style":"default","ast-global-header-display":"","ast-banner-title-visibility":"","ast-main-header-display":"","ast-hfb-above-header-display":"","ast-hfb-below-header-display":"","ast-hfb-mobile-header-display":"","site-post-title":"","ast-breadcrumbs-content":"","ast-featured-img":"","footer-sml-layout":"","ast-disable-related-posts":"","theme-transparent-header-meta":"default","adv-header-id-meta":"","stick-header-meta":"","header-above-stick-meta":"","header-main-stick-meta":"","header-below-stick-meta":"","astra-migrate-meta-layouts":"default","ast-page-background-enabled":"default","ast-page-background-meta":{"desktop":{"background-color":"var(--ast-global-color-4)","background-image":"","background-repeat":"repeat","background-position":"center center","background-size":"auto","background-attachment":"scroll","background-type":"","background-media":"","overlay-type":"","overlay-color":"","overlay-opacity":"","overlay-gradient":""},"tablet":{"background-color":"","background-image":"","background-repeat":"repeat","background-position":"center center","background-size":"auto","background-attachment":"scroll","background-type":"","background-media":"","overlay-type":"","overlay-color":"","overlay-opacity":"","overlay-gradient":""},"mobile":{"background-color":"","background-image":"","background-repeat":"repeat","background-position":"center center","background-size":"auto","background-attachment":"scroll","background-type":"","background-media":"","overlay-type":"","overlay-color":"","overlay-opacity":"","overlay-gradient":""}},"ast-content-background-meta":{"desktop":{"background-color":"var(--ast-global-color-5)","background-image":"","background-repeat":"repeat","background-position":"center center","background-size":"auto","background-attachment":"scroll","background-type":"","background-media":"","overlay-type":"","overlay-color":"","overlay-opacity":"","overlay-gradient":""},"tablet":{"background-color":"var(--ast-global-color-5)","background-image":"","background-repeat":"repeat","background-position":"center center","background-size":"auto","background-attachment":"scroll","background-type":"","background-media":"","overlay-type":"","overlay-color":"","overlay-opacity":"","overlay-gradient":""},"mobile":{"background-color":"var(--ast-global-color-5)","background-image":"","background-repeat":"repeat","background-position":"center center","background-size":"auto","background-attachment":"scroll","background-type":"","background-media":"","overlay-type":"","overlay-color":"","overlay-opacity":"","overlay-gradient":""}},"footnotes":""},"class_list":["post-101995","page","type-page","status-publish","has-post-thumbnail","hentry"],"_links":{"self":[{"href":"https:\/\/translinguoglobal.com\/fr\/wp-json\/wp\/v2\/pages\/101995","targetHints":{"allow":["GET"]}}],"collection":[{"href":"https:\/\/translinguoglobal.com\/fr\/wp-json\/wp\/v2\/pages"}],"about":[{"href":"https:\/\/translinguoglobal.com\/fr\/wp-json\/wp\/v2\/types\/page"}],"author":[{"embeddable":true,"href":"https:\/\/translinguoglobal.com\/fr\/wp-json\/wp\/v2\/users\/3"}],"replies":[{"embeddable":true,"href":"https:\/\/translinguoglobal.com\/fr\/wp-json\/wp\/v2\/comments?post=101995"}],"version-history":[{"count":1,"href":"https:\/\/translinguoglobal.com\/fr\/wp-json\/wp\/v2\/pages\/101995\/revisions"}],"predecessor-version":[{"id":102173,"href":"https:\/\/translinguoglobal.com\/fr\/wp-json\/wp\/v2\/pages\/101995\/revisions\/102173"}],"wp:featuredmedia":[{"embeddable":true,"href":"https:\/\/translinguoglobal.com\/fr\/wp-json\/wp\/v2\/media\/38028"}],"wp:attachment":[{"href":"https:\/\/translinguoglobal.com\/fr\/wp-json\/wp\/v2\/media?parent=101995"}],"curies":[{"name":"wp","href":"https:\/\/api.w.org\/{rel}","templated":true}]}}