{"id":101993,"date":"2026-02-27T11:02:01","date_gmt":"2026-02-27T10:02:01","guid":{"rendered":"https:\/\/translinguoglobal.com\/agence-de-traduction-a-valladolid\/"},"modified":"2026-03-11T14:05:27","modified_gmt":"2026-03-11T13:05:27","slug":"agence-de-traduction-a-valladolid","status":"publish","type":"page","link":"https:\/\/translinguoglobal.com\/fr\/agence-de-traduction-a-valladolid\/","title":{"rendered":"Agence de traduction \u00e0 Valladolid"},"content":{"rendered":"<h2 style=\"text-align: center;\"><strong>La meilleure qualit\u00e9 aux prix imbattables<\/strong><\/h2>\n<p>Agence de traduction \u00e0 Valladolid. Valladolid est un des points n\u00e9vralgique de l&rsquo;industrie automobile et de l&rsquo;agroalimentaire. Elle est le berceau de grandes entreprises qui forment partie de notre quotidien. Et cela est en pleine croissance. Le besoin d&rsquo;ouvrir de nouveau chemin entrepreneurial s&rsquo;accompagne du besoin d&rsquo;\u00e9largir l&rsquo;\u00e9ventail de comp\u00e9tences \u00e0 proposer. Nous vivons dans un monde globalis\u00e9, dans lequel l&rsquo;ouverture de nouveaux march\u00e9s \u00e0 l&rsquo;internationale est fondamentale. Mais pour cela, il est n\u00e9cessaire de sp\u00e9cialiser le produits propos\u00e9 et notre entreprise.<br \/>\nIl faut transmettre, de mani\u00e8re pr\u00e9cise, ce dont nous voulons proposer. De la m\u00eame mani\u00e8re que pour n\u00e9gocier il est important de pouvoir compter sur l&rsquo;aide de professionnels des langues. Notre<strong> agence de traduction \u00e0 <a title=\"Valladolid\" href=\"https:\/\/es.wikipedia.org\/wiki\/Valladolid\" target=\"_blank\" rel=\"noopener\">Valladolid<\/a><\/strong> vous propose des services de traduction et interpr\u00e9tation pour <strong>votre commerce<\/strong>.  Il est important de compter sur des professionnels qui nous aident \u00e0 nous communiquer dans des processus de n\u00e9gociation. Ou en traduisant et en adaptant la publicit\u00e9 et les caract\u00e9ristiques d&rsquo;un produit \u00e0 une autre culture.<\/p>\n<h3 style=\"text-align: left;\"><strong>Pourquoi faire appel aux services d&rsquo;une agence de traduction \u00e0 Valladolid?<\/strong><\/h3>\n<p>Translinguo Global vous propose le meilleur service multilingue en se basant sur :<\/p>\n<ul>\n<li>La ponctualit\u00e9 et la rapidit\u00e9 au moment de la remise d&rsquo;un projet.<\/li>\n<li>Le professionnalisme dans le traitement de tous nos sp\u00e9cialistes.<\/li>\n<li>La plus stricte confidentialit\u00e9 au moment de traiter un projet.<\/li>\n<li>La qualit\u00e9 des services propos\u00e9s \u00e0 un prix in\u00e9galable.<\/li>\n<\/ul>\n<h3 style=\"text-align: left;\"><strong>Pourquoi est-ce plus rentable de compter sur une agence de traduction \u00e0 Valladolid?<\/strong><\/h3>\n<p>Les services propos\u00e9s par notre<strong> agence de traduction \u00e0 Valladolid<\/strong> sont vari\u00e9s. Depuis la traduction jusqu&rsquo;au design web, en passant par d&rsquo;autres sp\u00e9cialit\u00e9s. Vous pouvez, par exemple, am\u00e9liorer la visibilit\u00e9 de votre commerce sur les moteur de recherche avec notre service de SEO multilingue.  <\/p>\n<p>Tout cela dans les langues que vous choisissez parmi toute la gamme que nous avons disponible actuellement. Un autre avantage de compter sur une <strong>agence de traduction \u00e0 Valladolid<\/strong> est le <strong>type de <a title=\"Remises\" href=\"https:\/\/es.wikipedia.org\/wiki\/Valladolid\" target=\"_blank\" rel=\"noopener\">contrat<\/a><\/strong>. Etant une agence, vous auriez seulement \u00e0 payer le travail que nous r\u00e9aliserons pour vous.  <\/p>\n<p>C&rsquo;est une relation b\u00e9n\u00e9fique pour vous et votre commerce, parce que vous choissisez le service dont vous avez besoin et c&rsquo;est tout. De plus, notre \u00e9quipe est uniquement constitu\u00e9e par des dipl\u00f4m\u00e9s et des experts dans le secteur. Ce qui vous assure que le niveau de travail r\u00e9alis\u00e9 sera le plus \u00e9lev\u00e9.  <\/p>\n<p>L&rsquo;Espagne se caract\u00e9rise pour h\u00e9berger une grande part d&rsquo;art historique parmi toutes ses villes et communes. Un exemple de cela sont les villes tant connues comme Santiago de Compostelle ou Burgos. Par ailleurs, il y a d&rsquo;autres communes pas tant connues dans lesquelles nous pouvons \u00e9galement trouver de l&rsquo;architetcture et de l&rsquo;art remarquable.  <\/p>\n<p>Entre eux, ressort Valladolid, une ville espagnole localis\u00e9e dans le Nord-Ouest de la P\u00e9ninsule Ib\u00e9rique. Ainsi, elle fait partie de la r\u00e9gion de Castilla y Le\u00f3n. Dans un premier temps, certains des b\u00e2timents importants que nous trouvons sont le Mus\u00e9e National de Sculture ou le Mus\u00e9e Oriental. Dans un second temps, se trouvent \u00e9galement les maisons-mus\u00e9e de Jos\u00e9 Zorrilla, Col\u00f3n et de Cervantes.   <\/p>\n<p>Celles-ci sont quelques unes des nombreuses raisons pour lesquelles nous avons aussi d\u00e9cider de muter notre agence \u00e0 cette ville espagnole.<\/p>\n<h2 style=\"text-align: center;\"><strong>Translinguo Global : l&rsquo;agence de traduction \u00e0 Valladolid<\/strong><\/h2>\n<p>Translinguo Global est l&rsquo;agence de traduction et de marketing digital leader dans le secteur. Au fur et \u00e0 mesure des ann\u00e9es, nous nous sommes d\u00e9velopp\u00e9 tout en nous adaptant aux temps. Ainsi, nous avons cr\u00e9er une m\u00e9thodologie propre. Avec celle-ci, nous nous assurons de rem\u00e9dier \u00e0 n&rsquo;importe quelle erreur ou impr\u00e9vu qui puisse arriver avec n&rsquo;importe quel projet. Par cons\u00e9quent, nous am\u00e9liorons nos services et nous les rendons contemporains.    <\/p>\n<p>Nous nous caract\u00e9risons par notre s\u00e9rieux et confidentialit\u00e9 pour nos clients. De m\u00eame, pour notre ponctualit\u00e9 au moment des commandes. Nous garantissons que celles-ci soient de qualit\u00e9 et nous nous for\u00e7ons \u00e0 ce que \u00e7a se remarque.  <\/p>\n<h3 style=\"text-align: left;\"><strong>Comment est-ce qu&rsquo;une bonne traduction peut vous aidez \u00e0 obtenir des clients?<\/strong><\/h3>\n<p>Les r\u00e9sultats que nous obtenons de notre<strong> agence de traduction \u00e0 Valladolid<\/strong> sont parmi les meilleurs de la r\u00e9gion. Par cons\u00e9quent, beaucoup de clients continuent de faire appel \u00e0 nos services au fils du temps.  <\/p>\n<p>De plus, ils ont augment\u00e9s gr\u00e2ce aux r\u00e9sultats de qualit\u00e9 que nous garantissons toujours. Gr\u00e2ce \u00e0 cela, nous arrivons \u00e0 nous \u00e9largir et augmenter, en d\u00e9veloppant notre marque et en nous am\u00e9liorant chaque jour. Tout cela ne serait pas possible si nous n&rsquo;avions pas une \u00e9quipe sp\u00e9cialis\u00e9e sur laquelle compter dans chaqu&rsquo;une de nos agences. Notre agence r\u00e9cemment fond\u00e9e \u00e0 Valladolid pourrait servir d&rsquo;exemple.   <\/p>\n<h3 style=\"text-align: left;\"><strong>Pourquoi est-ce important de compter sur des traducteurs professionnels?<\/strong><\/h3>\n<p>Comme mentionn\u00e9 dans le paragraphe pr\u00e9c\u00e9dent, l&rsquo;\u00e9quipe avec laquelle nous menons \u00e0 bien les travaux est totalement essentielle. Ainsi, la plupart des traducteurs de notre entreprise sont professionnels et sont sp\u00e9cialis\u00e9s dans diff\u00e9rents domaines. <\/p>\n<p>D\u00fb \u00e0 cela, nous pouvons mener \u00e0 bien la traduction de diff\u00e9rents types de mat\u00e9riels. Un autre \u00e9l\u00e9ment \u00e0 prendre en compte est qu&rsquo;ils sont natifs et de presque toutes les parties du monde. Nous consid\u00e9rons que cela est tr\u00e8s important pour obtenir des r\u00e9sultats optimaux, non seulement quant aux contenus mais aussi \u00e0 la culture. Ainsi, les traductions s&rsquo;adaptent \u00e0 la soci\u00e9t\u00e9 cible qui lira les textes, donc les professionnels la connaissent \u00ab sur le bout des doigts\u00bb.   <\/p>\n<h2 style=\"text-align: center;\"><strong>Quels types de mat\u00e9riels sont-ils possible de traduire?<\/strong><\/h2>\n<p>Comme mentionn\u00e9 pr\u00e9c\u00e9demment, chez <a href=\"https:\/\/translinguoglobal.com\/fr\/\">Translinguo Global<\/a> nous comptons sur une \u00e9quipe de professionnels sp\u00e9cialis\u00e9s dans diff\u00e9rents domaines. D\u00fb \u00e0 cela, nous pouvons r\u00e9aliser des travaux divers dans : le champs d&rsquo;\u00e9tude, le format ou la modalit\u00e9. <\/p>\n<p>Ci-dessous, sont mentionn\u00e9s les diff\u00e9rents travaux que nous menons \u00e0 bien. Entre eux ressortent le marketing digital, la localisation et la <a href=\"https:\/\/fr.wikipedia.org\/wiki\/Traduction\" target=\"_blank\" rel=\"noopener\">traduction<\/a> de pages web. C&rsquo;est pourquoi, \u00e0 pr\u00e9sent, ce type de traductions se trouvent \u00e0 son apog\u00e9e. Par ailleurs, nous r\u00e9alisation des positionnements SEO, avec lequel votre page web peut se situ\u00e9e parmi les premi\u00e8res du moteur de recherche local. Par cons\u00e9quent, nous parviendrons \u00e0 ce que votre entreprise grandisse vers un march\u00e9 plus international. De plus, nous r\u00e9alisons des traductions asserment\u00e9es, sp\u00e9cialis\u00e9es et g\u00e9n\u00e9rales de textes sur diff\u00e9rentes domaines de connaissance.     <\/p>\n<p><a href=\"https:\/\/translinguoglobal.com\/fr\/contact\/\">Contactez-nous<\/a> si vous avez un doute ou si vous souhaitez demandez un devis. Nous pouvons vous aider \u00e0 faire grandir votre entreprise! <\/p>\n","protected":false},"excerpt":{"rendered":"<p>La meilleure qualit\u00e9 aux prix imbattables Agence de traduction \u00e0 Valladolid. Valladolid est un des points n\u00e9vralgique de l&rsquo;industrie automobile et de l&rsquo;agroalimentaire. Elle est le berceau de grandes entreprises qui forment partie de notre quotidien. Et cela est en pleine croissance. Le besoin d&rsquo;ouvrir de nouveau chemin entrepreneurial s&rsquo;accompagne du besoin d&rsquo;\u00e9largir l&rsquo;\u00e9ventail de [&hellip;]<\/p>\n","protected":false},"author":3,"featured_media":38034,"parent":0,"menu_order":0,"comment_status":"closed","ping_status":"closed","template":"","meta":{"_crdt_document":"","inline_featured_image":false,"site-sidebar-layout":"default","site-content-layout":"default","ast-site-content-layout":"default","site-content-style":"default","site-sidebar-style":"default","ast-global-header-display":"","ast-banner-title-visibility":"","ast-main-header-display":"","ast-hfb-above-header-display":"","ast-hfb-below-header-display":"","ast-hfb-mobile-header-display":"","site-post-title":"","ast-breadcrumbs-content":"","ast-featured-img":"","footer-sml-layout":"","ast-disable-related-posts":"","theme-transparent-header-meta":"default","adv-header-id-meta":"","stick-header-meta":"","header-above-stick-meta":"","header-main-stick-meta":"","header-below-stick-meta":"","astra-migrate-meta-layouts":"default","ast-page-background-enabled":"default","ast-page-background-meta":{"desktop":{"background-color":"var(--ast-global-color-4)","background-image":"","background-repeat":"repeat","background-position":"center center","background-size":"auto","background-attachment":"scroll","background-type":"","background-media":"","overlay-type":"","overlay-color":"","overlay-opacity":"","overlay-gradient":""},"tablet":{"background-color":"","background-image":"","background-repeat":"repeat","background-position":"center center","background-size":"auto","background-attachment":"scroll","background-type":"","background-media":"","overlay-type":"","overlay-color":"","overlay-opacity":"","overlay-gradient":""},"mobile":{"background-color":"","background-image":"","background-repeat":"repeat","background-position":"center center","background-size":"auto","background-attachment":"scroll","background-type":"","background-media":"","overlay-type":"","overlay-color":"","overlay-opacity":"","overlay-gradient":""}},"ast-content-background-meta":{"desktop":{"background-color":"var(--ast-global-color-5)","background-image":"","background-repeat":"repeat","background-position":"center center","background-size":"auto","background-attachment":"scroll","background-type":"","background-media":"","overlay-type":"","overlay-color":"","overlay-opacity":"","overlay-gradient":""},"tablet":{"background-color":"var(--ast-global-color-5)","background-image":"","background-repeat":"repeat","background-position":"center center","background-size":"auto","background-attachment":"scroll","background-type":"","background-media":"","overlay-type":"","overlay-color":"","overlay-opacity":"","overlay-gradient":""},"mobile":{"background-color":"var(--ast-global-color-5)","background-image":"","background-repeat":"repeat","background-position":"center center","background-size":"auto","background-attachment":"scroll","background-type":"","background-media":"","overlay-type":"","overlay-color":"","overlay-opacity":"","overlay-gradient":""}},"footnotes":""},"class_list":["post-101993","page","type-page","status-publish","has-post-thumbnail","hentry"],"_links":{"self":[{"href":"https:\/\/translinguoglobal.com\/fr\/wp-json\/wp\/v2\/pages\/101993","targetHints":{"allow":["GET"]}}],"collection":[{"href":"https:\/\/translinguoglobal.com\/fr\/wp-json\/wp\/v2\/pages"}],"about":[{"href":"https:\/\/translinguoglobal.com\/fr\/wp-json\/wp\/v2\/types\/page"}],"author":[{"embeddable":true,"href":"https:\/\/translinguoglobal.com\/fr\/wp-json\/wp\/v2\/users\/3"}],"replies":[{"embeddable":true,"href":"https:\/\/translinguoglobal.com\/fr\/wp-json\/wp\/v2\/comments?post=101993"}],"version-history":[{"count":1,"href":"https:\/\/translinguoglobal.com\/fr\/wp-json\/wp\/v2\/pages\/101993\/revisions"}],"predecessor-version":[{"id":102172,"href":"https:\/\/translinguoglobal.com\/fr\/wp-json\/wp\/v2\/pages\/101993\/revisions\/102172"}],"wp:featuredmedia":[{"embeddable":true,"href":"https:\/\/translinguoglobal.com\/fr\/wp-json\/wp\/v2\/media\/38034"}],"wp:attachment":[{"href":"https:\/\/translinguoglobal.com\/fr\/wp-json\/wp\/v2\/media?parent=101993"}],"curies":[{"name":"wp","href":"https:\/\/api.w.org\/{rel}","templated":true}]}}