{"id":101992,"date":"2026-02-27T09:24:12","date_gmt":"2026-02-27T08:24:12","guid":{"rendered":"https:\/\/translinguoglobal.com\/agence-de-traduction-a-vigo\/"},"modified":"2026-03-11T13:39:57","modified_gmt":"2026-03-11T12:39:57","slug":"agence-de-traduction-a-vigo","status":"publish","type":"page","link":"https:\/\/translinguoglobal.com\/fr\/agence-de-traduction-a-vigo\/","title":{"rendered":"Agence de traduction \u00e0 Vigo"},"content":{"rendered":"<h2 style=\"text-align: center;\">Agence de traduction \u00e0 Vigo<\/h2>\n<h2 style=\"text-align: center;\"><strong>Notre meilleur service au meilleur prix<\/strong><\/h2>\n<p>Vigo est un des joyaux du Nord de notre pays. Connu pour \u00eatre la ville la plus grande de Galice, des milliers de personnes la visitent tous les ans. Pouvoir profiter de ses R\u00edas Baixas, les rues du Vigo historique ou de la gastronomie galicienne avec un poulpe \u00e1 feira. Les innombrables options disponibles pour les touristes qui visitent Vigo, qu&rsquo;ils soient <strong>internationaux ou nationaux<\/strong>. Le tourisme culturel et gastronomique est \u00e0 son apog\u00e9e, et nombreux sont ceux qui viennent de dehors d&rsquo;Espagne pour en profiter.    <\/p>\n<p>Et c&rsquo;est l\u00e0 quand les services que proposent notre <strong>agence de traduction \u00e0 Vigo<\/strong> sont fondamentaux pour vous. Dans le secteur touristique les commerces qui ont besoin d&rsquo;adapter leur services \u00e0 un public international sont nombreux. Pour cela, nous vous donnons les outils n\u00e9cessaires pour que votre commerce prosp\u00e8re. De plus, nous comptons sur une \u00e9quipe de professionnels qui travaillent sur vos projets pour vous offrir le meilleur service \u00e0 un<strong> prix in\u00e9galable.<\/strong>   <\/p>\n<h3 style=\"text-align: left;\">Pourquoi faire appel aux services d&rsquo;une agence de traduction \u00e0 Vigo?<\/h3>\n<p>Compter sur le groupe d&rsquo;experts de notre agence de traduction \u00e0 Vigo vous garantit :<\/p>\n<ul>\n<li>Confidentialit\u00e9 maximale au moment de g\u00e9rer votre projet.<\/li>\n<li>Qualit\u00e9 dans le service propos\u00e9.<\/li>\n<li>Ponctualit\u00e9 au moment de la remise des projets \u00e0 la date convenue.<\/li>\n<li>Prix comp\u00e9titifs \u00e0 votre avantage.<\/li>\n<\/ul>\n<h3 style=\"text-align: left;\"><strong>Pourquoi est-ce plus rentable de compter sur un service de traduction professionnel?<\/strong><\/h3>\n<p>Faire appel \u00e0 une agence de traduction \u00e0 Vigo est la meilleure option disponible pour beaucoup de commerces de la zone.<\/p>\n<p>Nous comptons, non seulement de services de traduction et interpr\u00e9tation, mais aussi de<strong> d\u00e9veloppement web et maquetation<\/strong>, entre autres. Int\u00e9grer dans votre entreprise des professionnels ind\u00e9finis dans chaque secteurs insinuerais un tr\u00e8s grand investissement. Toutefois, dans notre agence vous pouvez seulement leurs faire appel quand vous en avez besoin, en payant uniquement la commande demand\u00e9e.  <\/p>\n<p>Pensez aux b\u00e9n\u00e9fices que cela vous apporterais. Si vous avez un petit commerce ou si vous avez simplement besoin de commandes ponctuelles, nous sommes la meilleure option. Nous comptons sur une \u00e9quipe tr\u00e8s vaste de dipl\u00f4m\u00e9s et experts dans diverses sp\u00e9cialit\u00e9s ; <strong>SEO, localisation, design graphique ou marketing multilingue<\/strong>. Et en plus, nous disposons de traducteurs dans une grande vari\u00e9t\u00e9 de langues, donc vous avez seulement \u00e0 pr\u00e9ciser laquelle.   <\/p>\n<p><span style=\"font-weight: 400;\">Chez<\/span> <a href=\"https:\/\/translinguoglobal.com\/fr\/\"><span style=\"font-weight: 400;\">Translinguo<\/span><\/a>, <span style=\"font-weight: 400;\"> nous vous proposons un large \u00e9ventail de<\/span> <b>services de traduction <\/b> <span style=\"font-weight: 400;\">selon vos besoins. C\u2019est une ressource indispensable pour une communication efficace dans le monde actuel. Notre agence dispose d\u2019une \u00e9quipe de traducteurs hautement qualifi\u00e9s qui poss\u00e8dent les comp\u00e9tences de recherche et d\u2019analyse n\u00e9cessaires \u00e0 une bonne traduction. Ainsi, si vous cherchez une   <\/span><b>entreprise de <a href=\"https:\/\/fr.wikipedia.org\/wiki\/Traduction\" target=\"_blank\" rel=\"noopener\">traduction<\/a><\/b><span style=\"font-weight: 400;\">, vous \u00eates au bon endroit, au bon moment. <\/span><\/p>\n<p><span style=\"font-weight: 400;\">Notre travail est de veiller \u00e0 votre satisfaction, car nous, Translinguo, voulons le meilleur pour vous ! N\u2019h\u00e9sitez pas \u00e0 nous contacter, vous serez re\u00e7u comme il se doit, nous vous accompagnerons tout au long du processus du traduction que vous choisirez ! <\/span><\/p>\n<p><span style=\"font-weight: 400;\">Nous garantissons le professionnalisme de nos traducteurs et relecteurs. Traducteurs natifs et sp\u00e9cialis\u00e9s.  Nous disposons de traducteurs aux quatre coins du monde, ce qui nous permet de proposer un service de traduction sp\u00e9cialis\u00e9 \u00e0 n\u2019importe quelle heure de la journ\u00e9e. Nous pouvons dire alors que nous travaillons 24 heures sur 24. <\/span><\/p>\n<p><span style=\"font-weight: 400;\">Les d\u00e9lais convenus ainsi que la confidentialit\u00e9 sont fondamentaux pour nous. Par cons\u00e9quent, nous respectons les r\u00e8gles RGPD en toutes circonstances, et nous faisons tout ce qui est en notre pouvoir pour r\u00e9aliser ce que nous promettons. <\/span><\/p>\n","protected":false},"excerpt":{"rendered":"<p>Agence de traduction \u00e0 Vigo Notre meilleur service au meilleur prix Vigo est un des joyaux du Nord de notre pays. Connu pour \u00eatre la ville la plus grande de Galice, des milliers de personnes la visitent tous les ans. Pouvoir profiter de ses R\u00edas Baixas, les rues du Vigo historique ou de la gastronomie [&hellip;]<\/p>\n","protected":false},"author":3,"featured_media":38040,"parent":0,"menu_order":0,"comment_status":"closed","ping_status":"closed","template":"","meta":{"_crdt_document":"","inline_featured_image":false,"site-sidebar-layout":"default","site-content-layout":"default","ast-site-content-layout":"default","site-content-style":"default","site-sidebar-style":"default","ast-global-header-display":"","ast-banner-title-visibility":"","ast-main-header-display":"","ast-hfb-above-header-display":"","ast-hfb-below-header-display":"","ast-hfb-mobile-header-display":"","site-post-title":"","ast-breadcrumbs-content":"","ast-featured-img":"","footer-sml-layout":"","ast-disable-related-posts":"","theme-transparent-header-meta":"default","adv-header-id-meta":"","stick-header-meta":"","header-above-stick-meta":"","header-main-stick-meta":"","header-below-stick-meta":"","astra-migrate-meta-layouts":"default","ast-page-background-enabled":"default","ast-page-background-meta":{"desktop":{"background-color":"var(--ast-global-color-4)","background-image":"","background-repeat":"repeat","background-position":"center center","background-size":"auto","background-attachment":"scroll","background-type":"","background-media":"","overlay-type":"","overlay-color":"","overlay-opacity":"","overlay-gradient":""},"tablet":{"background-color":"","background-image":"","background-repeat":"repeat","background-position":"center center","background-size":"auto","background-attachment":"scroll","background-type":"","background-media":"","overlay-type":"","overlay-color":"","overlay-opacity":"","overlay-gradient":""},"mobile":{"background-color":"","background-image":"","background-repeat":"repeat","background-position":"center center","background-size":"auto","background-attachment":"scroll","background-type":"","background-media":"","overlay-type":"","overlay-color":"","overlay-opacity":"","overlay-gradient":""}},"ast-content-background-meta":{"desktop":{"background-color":"var(--ast-global-color-5)","background-image":"","background-repeat":"repeat","background-position":"center center","background-size":"auto","background-attachment":"scroll","background-type":"","background-media":"","overlay-type":"","overlay-color":"","overlay-opacity":"","overlay-gradient":""},"tablet":{"background-color":"var(--ast-global-color-5)","background-image":"","background-repeat":"repeat","background-position":"center center","background-size":"auto","background-attachment":"scroll","background-type":"","background-media":"","overlay-type":"","overlay-color":"","overlay-opacity":"","overlay-gradient":""},"mobile":{"background-color":"var(--ast-global-color-5)","background-image":"","background-repeat":"repeat","background-position":"center center","background-size":"auto","background-attachment":"scroll","background-type":"","background-media":"","overlay-type":"","overlay-color":"","overlay-opacity":"","overlay-gradient":""}},"footnotes":""},"class_list":["post-101992","page","type-page","status-publish","has-post-thumbnail","hentry"],"_links":{"self":[{"href":"https:\/\/translinguoglobal.com\/fr\/wp-json\/wp\/v2\/pages\/101992","targetHints":{"allow":["GET"]}}],"collection":[{"href":"https:\/\/translinguoglobal.com\/fr\/wp-json\/wp\/v2\/pages"}],"about":[{"href":"https:\/\/translinguoglobal.com\/fr\/wp-json\/wp\/v2\/types\/page"}],"author":[{"embeddable":true,"href":"https:\/\/translinguoglobal.com\/fr\/wp-json\/wp\/v2\/users\/3"}],"replies":[{"embeddable":true,"href":"https:\/\/translinguoglobal.com\/fr\/wp-json\/wp\/v2\/comments?post=101992"}],"version-history":[{"count":1,"href":"https:\/\/translinguoglobal.com\/fr\/wp-json\/wp\/v2\/pages\/101992\/revisions"}],"predecessor-version":[{"id":102171,"href":"https:\/\/translinguoglobal.com\/fr\/wp-json\/wp\/v2\/pages\/101992\/revisions\/102171"}],"wp:featuredmedia":[{"embeddable":true,"href":"https:\/\/translinguoglobal.com\/fr\/wp-json\/wp\/v2\/media\/38040"}],"wp:attachment":[{"href":"https:\/\/translinguoglobal.com\/fr\/wp-json\/wp\/v2\/media?parent=101992"}],"curies":[{"name":"wp","href":"https:\/\/api.w.org\/{rel}","templated":true}]}}