{"id":101969,"date":"2026-02-24T16:00:13","date_gmt":"2026-02-24T15:00:13","guid":{"rendered":"https:\/\/translinguoglobal.com\/agencia-de-traduccion-en-gijon\/"},"modified":"2026-03-11T13:33:21","modified_gmt":"2026-03-11T12:33:21","slug":"agencia-de-traduccion-en-gijon","status":"publish","type":"page","link":"https:\/\/translinguoglobal.com\/fr\/agencia-de-traduccion-en-gijon\/","title":{"rendered":"Agence de traduction \u00e0 Gij\u00f3n"},"content":{"rendered":"<h3 style=\"text-align: center;\"><strong>Agence de traduction \u00e0 Gij\u00f3n<\/strong><\/h3>\n<p>Agence de traduction \u00e0 Gij\u00f3n est une ville asturienne qui compte 273.000 habitants.<\/p>\n<p>Malgr\u00e9 le fait que ce ne soit pas la capitale de cette r\u00e9gion, c&rsquo;est la ville la plus grande et elle se trouve \u00e0 environ 35 kilom\u00e8tres de celle-ci. Gij\u00f3n se d\u00e9fini par la mer Cantabrique, ce qui l&rsquo;a influenc\u00e9 dans son d\u00e9veloppement industriel, son odeur, son climat et le caract\u00e8re de sa population. <\/p>\n<p>La ville se divise entre les quartiers tranquilles de p\u00eacheurs et les zones anim\u00e9es dans lesquelles les gens vont dehors pour profiter de son climat temp\u00e9r\u00e9. Les dijonnais vivent dehors : tant en profitant de son offre gastronomique et culturelle qu&rsquo;en faisant du sport. <\/p>\n<p>De fait, des milliers de jeunes surfeurs arrivent chaque ann\u00e9es sur les plages de la ville d&rsquo;asturienne pour profiter de ses vagues. Cette affluence d&rsquo;\u00e9trangers fait qu&rsquo;il est n\u00e9cessaire de faire appel \u00e0 <a href=\"https:\/\/translinguoglobal.com\/fr\/\" target=\"_blank\" rel=\"noopener\">Translinguo Global,<\/a> votre agence de traduction \u00e0 <a href=\"https:\/\/es.wikipedia.org\/wiki\/Gij%C3%B3n\" target=\"_blank\" rel=\"noopener\">Gij\u00f3n.<\/a> <\/p>\n<h3 style=\"text-align: center;\"><strong>Que faisons-nous chez Translinguo Global<\/strong><\/h3>\n<p>Chez Translinguo Global nous avons, sous le m\u00eame toit, tout ce que vous pouvez chercher.<\/p>\n<p>Nous proposons des traductions de tr\u00e8s haute qualit\u00e9 et de diff\u00e9rente nature en une multitude de combinaisons linguistiques. Nous sommes sp\u00e9cialis\u00e9s dans les champs pharmaceutiques, alimentaires, juridique\u2026 <\/p>\n<p>Cependant, notre excellente \u00e9quipe de professionnels vous fournira une traduction optimale de n&rsquo;importe quelle nature dont vous auriez besoin. Ainsi, nous comptons sur des conseils par rapport \u00e0 la correction, r\u00e9vision et interpr\u00e9tation qui ferons que vous soyez compris \u00e0 n&rsquo;importe quel endroit. <\/p>\n<h3 style=\"text-align: center;\"><strong>Sur quoi misons-nous<\/strong><\/h3>\n<p>Translinguo Global veut se convertir en votre agence de traduction \u00e0 Gij\u00f3n. Pour cela, nous garantissons que les services de traduction et marketing que nous proposons soient les plus complets et professionnels du march\u00e9 en ligne. <\/p>\n<p>Notre leitmotiv est la qualit\u00e9 et la ponctualit\u00e9, avec une communication constante et efficace avec nos clients. Ceux-ci, \u00e0 son tour, incluent des entreprises, ind\u00e9pendants et particuliers qui partagent notre mani\u00e8re de comprendre le monde et la traduction . Pour cela, nous fournissons le meilleur service au meilleur prix.  <\/p>\n","protected":false},"excerpt":{"rendered":"<p>Agence de traduction \u00e0 Gij\u00f3n Agence de traduction \u00e0 Gij\u00f3n est une ville asturienne qui compte 273.000 habitants. Malgr\u00e9 le fait que ce ne soit pas la capitale de cette r\u00e9gion, c&rsquo;est la ville la plus grande et elle se trouve \u00e0 environ 35 kilom\u00e8tres de celle-ci. Gij\u00f3n se d\u00e9fini par la mer Cantabrique, ce [&hellip;]<\/p>\n","protected":false},"author":3,"featured_media":38010,"parent":0,"menu_order":0,"comment_status":"closed","ping_status":"closed","template":"","meta":{"_crdt_document":"","inline_featured_image":false,"site-sidebar-layout":"default","site-content-layout":"default","ast-site-content-layout":"default","site-content-style":"default","site-sidebar-style":"default","ast-global-header-display":"","ast-banner-title-visibility":"","ast-main-header-display":"","ast-hfb-above-header-display":"","ast-hfb-below-header-display":"","ast-hfb-mobile-header-display":"","site-post-title":"","ast-breadcrumbs-content":"","ast-featured-img":"","footer-sml-layout":"","ast-disable-related-posts":"","theme-transparent-header-meta":"default","adv-header-id-meta":"","stick-header-meta":"","header-above-stick-meta":"","header-main-stick-meta":"","header-below-stick-meta":"","astra-migrate-meta-layouts":"default","ast-page-background-enabled":"default","ast-page-background-meta":{"desktop":{"background-color":"var(--ast-global-color-4)","background-image":"","background-repeat":"repeat","background-position":"center center","background-size":"auto","background-attachment":"scroll","background-type":"","background-media":"","overlay-type":"","overlay-color":"","overlay-opacity":"","overlay-gradient":""},"tablet":{"background-color":"","background-image":"","background-repeat":"repeat","background-position":"center center","background-size":"auto","background-attachment":"scroll","background-type":"","background-media":"","overlay-type":"","overlay-color":"","overlay-opacity":"","overlay-gradient":""},"mobile":{"background-color":"","background-image":"","background-repeat":"repeat","background-position":"center center","background-size":"auto","background-attachment":"scroll","background-type":"","background-media":"","overlay-type":"","overlay-color":"","overlay-opacity":"","overlay-gradient":""}},"ast-content-background-meta":{"desktop":{"background-color":"var(--ast-global-color-5)","background-image":"","background-repeat":"repeat","background-position":"center center","background-size":"auto","background-attachment":"scroll","background-type":"","background-media":"","overlay-type":"","overlay-color":"","overlay-opacity":"","overlay-gradient":""},"tablet":{"background-color":"var(--ast-global-color-5)","background-image":"","background-repeat":"repeat","background-position":"center center","background-size":"auto","background-attachment":"scroll","background-type":"","background-media":"","overlay-type":"","overlay-color":"","overlay-opacity":"","overlay-gradient":""},"mobile":{"background-color":"var(--ast-global-color-5)","background-image":"","background-repeat":"repeat","background-position":"center center","background-size":"auto","background-attachment":"scroll","background-type":"","background-media":"","overlay-type":"","overlay-color":"","overlay-opacity":"","overlay-gradient":""}},"footnotes":""},"class_list":["post-101969","page","type-page","status-publish","has-post-thumbnail","hentry"],"_links":{"self":[{"href":"https:\/\/translinguoglobal.com\/fr\/wp-json\/wp\/v2\/pages\/101969","targetHints":{"allow":["GET"]}}],"collection":[{"href":"https:\/\/translinguoglobal.com\/fr\/wp-json\/wp\/v2\/pages"}],"about":[{"href":"https:\/\/translinguoglobal.com\/fr\/wp-json\/wp\/v2\/types\/page"}],"author":[{"embeddable":true,"href":"https:\/\/translinguoglobal.com\/fr\/wp-json\/wp\/v2\/users\/3"}],"replies":[{"embeddable":true,"href":"https:\/\/translinguoglobal.com\/fr\/wp-json\/wp\/v2\/comments?post=101969"}],"version-history":[{"count":1,"href":"https:\/\/translinguoglobal.com\/fr\/wp-json\/wp\/v2\/pages\/101969\/revisions"}],"predecessor-version":[{"id":102170,"href":"https:\/\/translinguoglobal.com\/fr\/wp-json\/wp\/v2\/pages\/101969\/revisions\/102170"}],"wp:featuredmedia":[{"embeddable":true,"href":"https:\/\/translinguoglobal.com\/fr\/wp-json\/wp\/v2\/media\/38010"}],"wp:attachment":[{"href":"https:\/\/translinguoglobal.com\/fr\/wp-json\/wp\/v2\/media?parent=101969"}],"curies":[{"name":"wp","href":"https:\/\/api.w.org\/{rel}","templated":true}]}}