{"id":101968,"date":"2026-02-24T15:10:38","date_gmt":"2026-02-24T14:10:38","guid":{"rendered":"https:\/\/translinguoglobal.com\/plateforme-en-ligne-de-traduction-professionnelle-immediate\/"},"modified":"2026-03-11T13:28:00","modified_gmt":"2026-03-11T12:28:00","slug":"plateforme-en-ligne-de-traduction-professionnelle-immediate","status":"publish","type":"page","link":"https:\/\/translinguoglobal.com\/fr\/plateforme-en-ligne-de-traduction-professionnelle-immediate\/","title":{"rendered":"Plateforme en ligne de traduction professionnelle imm\u00e9diate"},"content":{"rendered":"<h2 style=\"text-align: center;\">Plateforme en ligne de traduction professionnelle imm\u00e9diate<\/h2>\n<p>Dans le domaine de la traduction il existe \u00e9galement ce type de situations. Bien que, de nombreuses fois nous faisons appel \u00e0 des traducteurs automatiques en ligne car nous n&rsquo;avons pas suffisamment de temps pour contacter un traducteur. Comme cela peut entrainer des traductions erron\u00e9s, le monde de la traduction a opt\u00e9 pour cr\u00e9er une plateforme qui le solucione. Pour cela, nous avons cr\u00e9er une plateforme en ligne de traduction professionnelle imm\u00e9diate et pour des traducteurs humains. Dans cet article nous parlons d&rsquo;une en particulier: Translinguo Global; en quoi consiste-t-elle et qu&rsquo;est-ce qu&rsquo;elle propose.<\/p>\n<h3 style=\"text-align: center;\"><strong>Translinguo Global: en quoi consiste-t-elle?<\/strong><\/h3>\n<p>Translinguo Global est la premi\u00e8re agence de traduction en ligne qui vous r\u00e9pond en quelques minutes. Elle a \u00e9t\u00e9 cr\u00e9e afin d&rsquo;\u00e9tablir un contact direct entre les clients et les traducteurs ind\u00e9pedants. Ainsi, elle propose un service de traduction 100% en ligne et pour traducteurs humains; en plus de traducteurs professionnels pour cela.<\/p>\n<p>La compagnie de Translinguo Global a \u00e9t\u00e9 fond\u00e9e en 2014 pour \u00eatre un interm\u00e9diaire entre les traducteurs ind\u00e9pendants et les clients. De plus, elle est connue comme une plateforme innovatrice de traduction digital.<\/p>\n<p>Nous pourrions dire que ce service en ligne est \u00e0 mi-chemin entre la traduction automatique et les agences de traductions.  Puisque, les traducteurs automatiques sont moins fiables et les agences plus co\u00fbteuses.<\/p>\n<h3 style=\"text-align: center;\"><strong>Que propose Translinguo?<\/strong><\/h3>\n<p>Translinguo Global comptes sur des traducteurs sp\u00e9cialis\u00e9s et qualifi\u00e9s, qui r\u00e9alisent la traduction le plus fid\u00e8le possible au texte original. Le fait que ce soit facile d&rsquo;utilisation, incite \u00e0 ce que les gens s&rsquo;y interressent. De fait, c&rsquo;est la m\u00e9thode la plus facile pour traduire en ligne, mettant de c\u00f4t\u00e9 les traducteurs automatiques.<\/p>\n<p>Cette plateforme en ligne de traduction professionnelle peut fournir des services de traduction par commande et express, en plus d&rsquo;options additionnelles. Une option additionnelle peut \u00eatre ajout\u00e9e si le projet est urgent. Comme elle propose un service d&rsquo;ench\u00e8res, les clients peuvent choisir et trouver le traducteur qui s&rsquo;ajuste le plus \u00e0 leur demande. Par ailleurs, elle propose un service express, avec lequel les clients pourrons recevoir leurs traductions urgentes dans les d\u00e9lais. Il faut mentionner, en plus que l&rsquo;agence vous fournira la meilleure solution en fonction de votre d\u00e9lais et de la qualit\u00e9 demand\u00e9e.<\/p>\n<p>Nous pouvons dire que c&rsquo;est une m\u00e9thode rapide et fiable, donc elle compte sur des traducteurs sp\u00e9cialis\u00e9s. En plus, ils sont disponibles 24 heures\/24. Gr\u00e2ce \u00e0 cela, nous pouvons traduire des documents en peu de clics.<\/p>\n<p>En \u00e9tant une agence si innovatrice, Translinguo Global garantit un service de traduction rapide et de qualit\u00e9. Cela est possible gr\u00e2ce \u00e0 ses traducteurs professionnels. Et c&rsquo;est que, pour s&rsquo;assurer qu&rsquo;ils comptent sur des traducteurs qualifi\u00e9s.<\/p>\n<p>En d\u00e9finitive, Translinguo Global est une plateforme en ligne qui a pour but de faciliter la gestion de projets de traduction. Gr\u00e2ce \u00e0 cela, les clients y les traducteurs ind\u00e9pendents peuvent entrer en contact de mani\u00e8re rapide et facile.<\/p>\n<p><span style=\"font-weight: 400;\">Notre agence dispose d\u2019une \u00e9quipe de traducteurs hautement qualifi\u00e9s qui poss\u00e8dent les comp\u00e9tences de recherche et d\u2019analyse n\u00e9cessaires \u00e0 une bonne traduction. Ainsi, si vous cherchez une  <\/span><b>entreprise de <a href=\"https:\/\/fr.wikipedia.org\/wiki\/Traduction\" target=\"_blank\" rel=\"noopener\">traduction<\/a><\/b><span style=\"font-weight: 400;\">, vous \u00eates au bon endroit, au bon moment. <\/span><\/p>\n<p><span style=\"font-weight: 400;\">Notre travail est de veiller \u00e0 votre satisfaction, car nous, <a href=\"https:\/\/translinguoglobal.com\/en\/\">Translinguo<\/a>, voulons le meilleur pour vous ! N\u2019h\u00e9sitez pas \u00e0 nous contacter, vous serez re\u00e7u comme il se doit, nous vous accompagnerons tout au long du processus du traduction que vous choisirez. <\/span><\/p>\n<p><span style=\"font-weight: 400;\">Nous garantissons le professionnalisme de nos traducteurs et relecteurs. Traducteurs natifs et sp\u00e9cialis\u00e9s.  Nous disposons des traducteurs aux quatre coins du monde, ce qui nous permet de proposer un service de traduction sp\u00e9cialis\u00e9e \u00e0 n\u2019importe quelle heure de la journ\u00e9e. Nous pouvons dire alors que nous travaillons 24 heures sur 24. <\/span><\/p>\n<p><span style=\"font-weight: 400;\">Les d\u00e9lais convenus ainsi que la confidentialit\u00e9 sont fondamentaux pour nous. Par cons\u00e9quence, nous respectons les r\u00e8gles RGPD en toutes circonstances, et nous faisons tout ce qui est en notre pouvoir pour r\u00e9aliser ce que nous promettons. <\/span><\/p>\n<p>Consultez nos profils sur <a title=\"Translinguo Global\" href=\"https:\/\/www.facebook.com\/translinguoglobal\" target=\"_blank\" rel=\"noopener\">Facebook<\/a>, <a title=\"Translinguo Global\" href=\"https:\/\/www.instagram.com\/translinguoglobal\/\" target=\"_blank\" rel=\"noopener\">Instagram<\/a> y <a title=\"Trasnslinguo Global\" href=\"https:\/\/es.linkedin.com\/company\/agencia-de-traduccion-translinguo-global\" target=\"_blank\" rel=\"noopener\">Linkedin<\/a><\/p>\n","protected":false},"excerpt":{"rendered":"<p>Plateforme en ligne de traduction professionnelle imm\u00e9diate Dans le domaine de la traduction il existe \u00e9galement ce type de situations. Bien que, de nombreuses fois nous faisons appel \u00e0 des traducteurs automatiques en ligne car nous n&rsquo;avons pas suffisamment de temps pour contacter un traducteur. Comme cela peut entrainer des traductions erron\u00e9s, le monde de [&hellip;]<\/p>\n","protected":false},"author":3,"featured_media":0,"parent":0,"menu_order":0,"comment_status":"closed","ping_status":"closed","template":"","meta":{"_crdt_document":"","inline_featured_image":false,"site-sidebar-layout":"default","site-content-layout":"default","ast-site-content-layout":"default","site-content-style":"default","site-sidebar-style":"default","ast-global-header-display":"","ast-banner-title-visibility":"","ast-main-header-display":"","ast-hfb-above-header-display":"","ast-hfb-below-header-display":"","ast-hfb-mobile-header-display":"","site-post-title":"","ast-breadcrumbs-content":"","ast-featured-img":"","footer-sml-layout":"","ast-disable-related-posts":"","theme-transparent-header-meta":"default","adv-header-id-meta":"","stick-header-meta":"","header-above-stick-meta":"","header-main-stick-meta":"","header-below-stick-meta":"","astra-migrate-meta-layouts":"default","ast-page-background-enabled":"default","ast-page-background-meta":{"desktop":{"background-color":"var(--ast-global-color-4)","background-image":"","background-repeat":"repeat","background-position":"center center","background-size":"auto","background-attachment":"scroll","background-type":"","background-media":"","overlay-type":"","overlay-color":"","overlay-opacity":"","overlay-gradient":""},"tablet":{"background-color":"","background-image":"","background-repeat":"repeat","background-position":"center center","background-size":"auto","background-attachment":"scroll","background-type":"","background-media":"","overlay-type":"","overlay-color":"","overlay-opacity":"","overlay-gradient":""},"mobile":{"background-color":"","background-image":"","background-repeat":"repeat","background-position":"center center","background-size":"auto","background-attachment":"scroll","background-type":"","background-media":"","overlay-type":"","overlay-color":"","overlay-opacity":"","overlay-gradient":""}},"ast-content-background-meta":{"desktop":{"background-color":"var(--ast-global-color-5)","background-image":"","background-repeat":"repeat","background-position":"center center","background-size":"auto","background-attachment":"scroll","background-type":"","background-media":"","overlay-type":"","overlay-color":"","overlay-opacity":"","overlay-gradient":""},"tablet":{"background-color":"var(--ast-global-color-5)","background-image":"","background-repeat":"repeat","background-position":"center center","background-size":"auto","background-attachment":"scroll","background-type":"","background-media":"","overlay-type":"","overlay-color":"","overlay-opacity":"","overlay-gradient":""},"mobile":{"background-color":"var(--ast-global-color-5)","background-image":"","background-repeat":"repeat","background-position":"center center","background-size":"auto","background-attachment":"scroll","background-type":"","background-media":"","overlay-type":"","overlay-color":"","overlay-opacity":"","overlay-gradient":""}},"footnotes":""},"class_list":["post-101968","page","type-page","status-publish","hentry"],"_links":{"self":[{"href":"https:\/\/translinguoglobal.com\/fr\/wp-json\/wp\/v2\/pages\/101968","targetHints":{"allow":["GET"]}}],"collection":[{"href":"https:\/\/translinguoglobal.com\/fr\/wp-json\/wp\/v2\/pages"}],"about":[{"href":"https:\/\/translinguoglobal.com\/fr\/wp-json\/wp\/v2\/types\/page"}],"author":[{"embeddable":true,"href":"https:\/\/translinguoglobal.com\/fr\/wp-json\/wp\/v2\/users\/3"}],"replies":[{"embeddable":true,"href":"https:\/\/translinguoglobal.com\/fr\/wp-json\/wp\/v2\/comments?post=101968"}],"version-history":[{"count":1,"href":"https:\/\/translinguoglobal.com\/fr\/wp-json\/wp\/v2\/pages\/101968\/revisions"}],"predecessor-version":[{"id":102169,"href":"https:\/\/translinguoglobal.com\/fr\/wp-json\/wp\/v2\/pages\/101968\/revisions\/102169"}],"wp:attachment":[{"href":"https:\/\/translinguoglobal.com\/fr\/wp-json\/wp\/v2\/media?parent=101968"}],"curies":[{"name":"wp","href":"https:\/\/api.w.org\/{rel}","templated":true}]}}