{"id":101964,"date":"2026-02-24T11:56:47","date_gmt":"2026-02-24T10:56:47","guid":{"rendered":"https:\/\/translinguoglobal.com\/traducteur-assermente\/"},"modified":"2026-03-11T11:26:29","modified_gmt":"2026-03-11T10:26:29","slug":"traducteur-assermente","status":"publish","type":"page","link":"https:\/\/translinguoglobal.com\/fr\/traducteur-assermente\/","title":{"rendered":"Traducteur asserment\u00e9"},"content":{"rendered":"<h3 style=\"text-align: center;\"><strong>Que dois-je faire pour devenir traducteur asserment\u00e9?<\/strong><\/h3>\n<p>Le traducteur asserment\u00e9 devra \u00eatre majeur et avoir la nationalit\u00e9 espagnole ou de n&rsquo;importe quel pays de l&rsquo;EEE ou de Suisse. Et, bien s\u00fbr, il devra poss\u00e9der un dipl\u00f4me de licence. En voyant certains des pr\u00e9-requis les plus importants vient le moment de surmonter une \u00e9preuve. Premi\u00e8rement vous serez confront\u00e9 \u00e0 un examen QCM o\u00f9 seront test\u00e9s les questions terminologiques et grammaticales de l&rsquo;espagnol. Cette premi\u00e8re phase est \u00e9liminatoire. Puis, vous devrez r\u00e9aliser une traduction directe et une autre invers\u00e9e d&rsquo;un texto sans utiliser de dictionnaire. Ensuite vous aurez une \u00e9preuve de traduction juridique ou \u00e9conomique avec dictionnaire. Pour finir, vous devrez faire une interpr\u00e9tation cons\u00e9cutive.<\/p>\n<p>Une fois l&rsquo;examen r\u00e9ussi, vous devrez pr\u00e9senter les documents pertinents comme une photocopie de votre document d&rsquo;identification national (DNI) et de votre dipl\u00f4me de licence. <strong>Un timbre est assign\u00e9 au traducteur asserment\u00e9<\/strong>, avec des chiffres personnels, avec lequel il accordera la l\u00e9galit\u00e9 \u00e0 ses traductions asserment\u00e9es.<\/p>\n<h3 style=\"text-align: center;\"><strong>Traducteur asserment\u00e9 dans d&rsquo;autres pays<\/strong><\/h3>\n<p>Dans le cas du Royaume-Uni le traducteur asserment\u00e9 n&rsquo;est pas autant d\u00e9finis. Il n&rsquo;existe pas la reconnaissance que le Minist\u00e8re des Affaires Ext\u00e9rieurs accorde aux traducteurs asserment\u00e9s espagnols. Dans ce pays, ils sont simplement membres de l&rsquo;<em>Institute of Linguists<\/em> ou de l&rsquo;<em>Institute of Translating and Interpreting<\/em>. Pour qu&rsquo;une traduction asserment\u00e9e soient effective le traducteur devra se pr\u00e9senter devant un notaire pour objecter que la traduction est fid\u00e8le et exacte.<\/p>\n<p>Dans le cas de l&rsquo;Australie les traducteurs sont reconnus par le NAATI (<em>The National Accreditation Authority for Translator and Interpreters<\/em>). L&rsquo;organisme qui reconnais les traducteurs asserment\u00e9s en France est le Tribunal de Premi\u00e8re Instance.<\/p>\n<h3 style=\"text-align: center;\"><strong>Comment le COVID-19 a-t-il affect\u00e9 les traducteurs asserment\u00e9s?<\/strong><\/h3>\n<p>M\u00eame si le t\u00e9l\u00e9travail est commun dans la profession d&rsquo;un traducteur, la pand\u00e9mie a in\u00e9vitablement eu des r\u00e9percutions. Ce n&rsquo;est pas la m\u00eame chose de travailler dans un environnement d\u00e9tendu et calme qu&rsquo;entour\u00e9 de bruits et d&rsquo;enfants \u00e0 la maison. Cela est d\u00fb au fait que la pand\u00e9mie a tout arr\u00eat\u00e9e et a fait que nous stagnions d&rsquo;une certaine fa\u00e7on.<\/p>\n<p>Les traducteurs asserment\u00e9s d\u00e9livrons ou envoyons les traductions en papier et m\u00eame, parfois, nous devons faire acte de pr\u00e9sence. Puisque le confinement a oblig\u00e9 les personnes \u00e0 ne pas sortir, les options de remises se sont r\u00e9duites. Le secteur de la traduction asserment\u00e9e s&rsquo;est vu affect\u00e9 mais nous avons pu trouver quelques solutions pour les remises:<\/p>\n<ul>\n<li>Par courriel. Cette solution n&rsquo;est pas recommand\u00e9e \u00e9tant donn\u00e9e que le coronavirus peut se contaminer \u00e0 travers le papier.<\/li>\n<li>Traduction asserment\u00e9e scann\u00e9e. C&rsquo;est une mani\u00e8re de ne pas propager le virus, le d\u00e9savantage c&rsquo;est que certains organismes demandent la version papier;<\/li>\n<li>Traduction asserment\u00e9e scann\u00e9e avec signature digitale.<\/li>\n<\/ul>\n<p>Avec les temps qui courent, le <strong>traducteur asserment\u00e9<\/strong> doit s&rsquo;adapter le mieux possible aux diff\u00e9rentes situations. La traduction asserment\u00e9e ne pourra jamais disparaitre puisqu&rsquo;elle implique d&rsquo;effectuer des actes l\u00e9gaux de la part d&rsquo;une personne.<\/p>\n<p><span style=\"font-weight: 400;\">Le service de traduction asserment\u00e9e de<\/span><a href=\"https:\/\/translinguoglobal.com\/fr\/\"> <span style=\"font-weight: 400;\">Translinguo Global<\/span><\/a><span style=\"font-weight: 400;\"> compte sur les meilleurs traducteurs asserment\u00e9s. Nos traducteurs comptent sur d&rsquo;amples connaissances dans le domaine juridique et \u00e9conomique pour fournir<\/span> <a href=\"https:\/\/fr.wikipedia.org\/wiki\/Traduction\" target=\"_blank\" rel=\"noopener\"><span style=\"font-weight: 400;\">des traductions<\/span><\/a><span style=\"font-weight: 400;\"> de qualit\u00e9.<\/span><\/p>\n<p><span style=\"font-weight: 400;\">Notre travail est de veiller \u00e0 votre satisfaction, n&rsquo;h\u00e9sites pas \u00e0 nous contacter et vous recevrez le traitement que vous m\u00e9ritez, nous vous conseillerons et vous accompagnerons sur tout le processus du service de traduction que vous choisissez! <\/span><\/p>\n<p><span style=\"font-weight: 400;\">Qu&rsquo;attendez-vous pour demander un devis? Nous sommes \u00e0 votre disposition pour vous fournir la traduction asserment\u00e9e dont vous ayez besoin d\u00e9pendant de la d\u00e9marche que vous voulez mener \u00e0 bien.<\/span><\/p>\n<p><span style=\"font-weight: 400;\">S&rsquo;il est n\u00e9c\u00e9ssaire une \u00e9criture pour une entreprise, il est possible qu&rsquo;une traduction asserment\u00e9e ne soit pas n\u00e9cessaire. Mais si vous devez pr\u00e9senter comme preuve pour t\u00e9moigner \u00e0 un proc\u00e8s, il est probable que si. D&rsquo;un autre c\u00f4t\u00e9, pour l&rsquo;acad\u00e9mique il peut \u00eatre exig\u00e9 une traduction asserment\u00e9e de dipl\u00f4mes universitaires, scolaires ou de lyc\u00e9e, dossiers, notes&#8230; <\/span><\/p>\n<p><span style=\"font-weight: 400;\">N&rsquo;attendez plus! Osez nous contacter! Nos services ne vous laisserons pas indiff\u00e9rents<\/span><\/p>\n<p>Consultez nos profils sur <a title=\"Translinguo Global\" href=\"https:\/\/www.facebook.com\/translinguoglobal\" target=\"_blank\" rel=\"noopener\">Facebook<\/a>, <a title=\"Translinguo Global\" href=\"https:\/\/www.instagram.com\/translinguoglobal\/\" target=\"_blank\" rel=\"noopener\">Instagram<\/a> y <a title=\"Trasnslinguo Global\" href=\"https:\/\/es.linkedin.com\/company\/agencia-de-traduccion-translinguo-global\" target=\"_blank\" rel=\"noopener\">Linkedin<\/a><\/p>\n","protected":false},"excerpt":{"rendered":"<p>Que dois-je faire pour devenir traducteur asserment\u00e9? Le traducteur asserment\u00e9 devra \u00eatre majeur et avoir la nationalit\u00e9 espagnole ou de n&rsquo;importe quel pays de l&rsquo;EEE ou de Suisse. Et, bien s\u00fbr, il devra poss\u00e9der un dipl\u00f4me de licence. En voyant certains des pr\u00e9-requis les plus importants vient le moment de surmonter une \u00e9preuve. Premi\u00e8rement vous [&hellip;]<\/p>\n","protected":false},"author":3,"featured_media":0,"parent":0,"menu_order":0,"comment_status":"closed","ping_status":"closed","template":"","meta":{"_crdt_document":"","inline_featured_image":false,"site-sidebar-layout":"default","site-content-layout":"default","ast-site-content-layout":"default","site-content-style":"default","site-sidebar-style":"default","ast-global-header-display":"","ast-banner-title-visibility":"","ast-main-header-display":"","ast-hfb-above-header-display":"","ast-hfb-below-header-display":"","ast-hfb-mobile-header-display":"","site-post-title":"","ast-breadcrumbs-content":"","ast-featured-img":"","footer-sml-layout":"","ast-disable-related-posts":"","theme-transparent-header-meta":"default","adv-header-id-meta":"","stick-header-meta":"","header-above-stick-meta":"","header-main-stick-meta":"","header-below-stick-meta":"","astra-migrate-meta-layouts":"default","ast-page-background-enabled":"default","ast-page-background-meta":{"desktop":{"background-color":"var(--ast-global-color-4)","background-image":"","background-repeat":"repeat","background-position":"center center","background-size":"auto","background-attachment":"scroll","background-type":"","background-media":"","overlay-type":"","overlay-color":"","overlay-opacity":"","overlay-gradient":""},"tablet":{"background-color":"","background-image":"","background-repeat":"repeat","background-position":"center center","background-size":"auto","background-attachment":"scroll","background-type":"","background-media":"","overlay-type":"","overlay-color":"","overlay-opacity":"","overlay-gradient":""},"mobile":{"background-color":"","background-image":"","background-repeat":"repeat","background-position":"center center","background-size":"auto","background-attachment":"scroll","background-type":"","background-media":"","overlay-type":"","overlay-color":"","overlay-opacity":"","overlay-gradient":""}},"ast-content-background-meta":{"desktop":{"background-color":"var(--ast-global-color-5)","background-image":"","background-repeat":"repeat","background-position":"center center","background-size":"auto","background-attachment":"scroll","background-type":"","background-media":"","overlay-type":"","overlay-color":"","overlay-opacity":"","overlay-gradient":""},"tablet":{"background-color":"var(--ast-global-color-5)","background-image":"","background-repeat":"repeat","background-position":"center center","background-size":"auto","background-attachment":"scroll","background-type":"","background-media":"","overlay-type":"","overlay-color":"","overlay-opacity":"","overlay-gradient":""},"mobile":{"background-color":"var(--ast-global-color-5)","background-image":"","background-repeat":"repeat","background-position":"center center","background-size":"auto","background-attachment":"scroll","background-type":"","background-media":"","overlay-type":"","overlay-color":"","overlay-opacity":"","overlay-gradient":""}},"footnotes":""},"class_list":["post-101964","page","type-page","status-publish","hentry"],"_links":{"self":[{"href":"https:\/\/translinguoglobal.com\/fr\/wp-json\/wp\/v2\/pages\/101964","targetHints":{"allow":["GET"]}}],"collection":[{"href":"https:\/\/translinguoglobal.com\/fr\/wp-json\/wp\/v2\/pages"}],"about":[{"href":"https:\/\/translinguoglobal.com\/fr\/wp-json\/wp\/v2\/types\/page"}],"author":[{"embeddable":true,"href":"https:\/\/translinguoglobal.com\/fr\/wp-json\/wp\/v2\/users\/3"}],"replies":[{"embeddable":true,"href":"https:\/\/translinguoglobal.com\/fr\/wp-json\/wp\/v2\/comments?post=101964"}],"version-history":[{"count":1,"href":"https:\/\/translinguoglobal.com\/fr\/wp-json\/wp\/v2\/pages\/101964\/revisions"}],"predecessor-version":[{"id":102167,"href":"https:\/\/translinguoglobal.com\/fr\/wp-json\/wp\/v2\/pages\/101964\/revisions\/102167"}],"wp:attachment":[{"href":"https:\/\/translinguoglobal.com\/fr\/wp-json\/wp\/v2\/media?parent=101964"}],"curies":[{"name":"wp","href":"https:\/\/api.w.org\/{rel}","templated":true}]}}