{"id":101963,"date":"2026-02-24T10:49:13","date_gmt":"2026-02-24T09:49:13","guid":{"rendered":"https:\/\/translinguoglobal.com\/entreprise-de-traduction-vers-lallemand\/"},"modified":"2026-03-11T11:19:29","modified_gmt":"2026-03-11T10:19:29","slug":"entreprise-de-traduction-vers-lallemand","status":"publish","type":"page","link":"https:\/\/translinguoglobal.com\/fr\/entreprise-de-traduction-vers-lallemand\/","title":{"rendered":"Entreprise de traduction vers l&rsquo;allemand"},"content":{"rendered":"<h2 style=\"text-align: center;\">Entreprise de traduction vers l&rsquo;allemand<\/h2>\n<h3 style=\"text-align: center;\"><strong>La traduction de l&rsquo;allemand et sp\u00e9cialisations<\/strong><\/h3>\n<p>Une entreprise de <strong>traduction vers allemand<\/strong> est d&rsquo;une importance sp\u00e9cifique puisque c&rsquo;est une des traductions les plus demand\u00e9es. L&rsquo;allemagne est une puissance mondiale et l&rsquo;allemand est la dixi\u00e8me langue la plus parl\u00e9e du monde, avec un total de 185 millions de germanophones. <\/p>\n<p>C&rsquo;est pourquoi, chez TRANSLINGUO GLOBAL nous sommes conscients de l&rsquo;importance de proposer un service professionnel, de qualit\u00e9 et fid\u00e8le au texte d&rsquo;origine, o\u00f9 l&rsquo;attention est port\u00e9 sur les d\u00e9tails et o\u00f9 aucun contenu n&rsquo;est perdu lors du processus de traduction.<\/p>\n<p>En tant que soci\u00e9t\u00e9 de traduction d&rsquo;allemand, nous sommes attentifs aux details que rendent l&rsquo;interpr\u00e9tation en allemand difficile, et nous veillons \u00e0 ce qu&rsquo;un traducteur professionnel et sp\u00e9cialis\u00e9 en allemand de notre \u00e9quipe assure une communication fluide et claire.<\/p>\n<p>40 % du PIB allemand provient des exportations. Pour cette raison, il n&rsquo;est pas surprenant que la sp\u00e9cialit\u00e9e la plus demand\u00e9e en <strong>traduction en allemand<\/strong> soit \u00e9conomique, juridique et asserment\u00e9e. Cette derni\u00e8re sp\u00e9cialit\u00e9e est \u00e9galement tr\u00e8s importante parce que l&rsquo;allemagne est un pays tr\u00e8s bureaucratique. Donc ainsi, nous soulignons l&rsquo;importance de compter sur des traducteurs sp\u00e9cialis\u00e9s parmi le personnel d&rsquo;une entreprise de <strong>traduction en allemand<\/strong>.   <\/p>\n<h2 style=\"text-align: center;\"><strong>Le devis pour une traduction en allemand<\/strong><\/h2>\n<p>La fa\u00e7on la plus commune de calculer un devis d&rsquo;une traduction est de compter le nombre de mots et de le multiplier par le prix. Cependant, l&rsquo;allemand synth\u00e9tise beaucoup les mots en un seul. Ce qui provoque une diff\u00e9rence du nombre de mots de presque 30%.  <\/p>\n<p>Une des solutions que nous adoptons dans notre entreprise de <strong>traduction en allemand<\/strong> est de compter le nombre de caract\u00e8res par ligne. De cette mani\u00e8re, nous trouvons la solution la plus \u00e9quitable au moment de calculer le devis d&rsquo;une <strong>traduction en allemand. <\/strong> <\/p>\n<p>De plus, au moment de calculer le devis, plusieurs facteurs doivent \u00eatre pris en compte. Ce sont entre autres la<strong> sp\u00e9cialit\u00e9, l&rsquo;urgence, le volume, l&rsquo;\u00e9tat du document original<\/strong>. <\/p>\n<h3 style=\"text-align: center;\"><strong>Les probl\u00e8mes li\u00e9s \u00e0 la traduction en allemand.<\/strong><\/h3>\n<p>Au moment de traduire vers l&rsquo;allemand, un des obstacles auquel nous faisons face dans une entreprise de <strong>traduction en allemand<\/strong> sont les diff\u00e9rents dialectes qui existent. L&rsquo;\u00e9vidente diff\u00e9rence quant aux termes est aussi un probl\u00e8me, avec des mots de jusqu&rsquo;\u00e0 67 lettres, et des mots qui synth\u00e9tisent plus d&rsquo;un mot en un seul qui g\u00eanent la <strong>traduction en allemand<\/strong>. <\/p>\n<p>De plus, nous sommes face \u00e0 une client\u00e8le exigeante qui demande \u00e0 ce que les agences de traduction de la langue maternelle respectent les normes ISO-17100, qui elles-m\u00eames exportent en grande quantit\u00e9.<\/p>\n<p><span style=\"font-weight: 400;\">Chez<\/span> <a href=\"https:\/\/translinguoglobal.com\/fr\/\"><span style=\"font-weight: 400;\">Translinguo<\/span><\/a>, <span style=\"font-weight: 400;\"> nous vous proposons un large \u00e9ventail de<\/span> <b>services de traduction <\/b> <span style=\"font-weight: 400;\">selon vos besoins. C\u2019est une ressource indispensable pour une communication efficace dans le monde actuel. Notre agence dispose d\u2019une \u00e9quipe de traducteurs hautement qualifi\u00e9s qui poss\u00e8dent les comp\u00e9tences de recherche et d\u2019analyse n\u00e9cessaires \u00e0 une bonne traduction. Ainsi, si vous cherchez une   <\/span><b>entreprise de <a href=\"https:\/\/fr.wikipedia.org\/wiki\/Traduction\" target=\"_blank\" rel=\"noopener\">traduction<\/a><\/b><span style=\"font-weight: 400;\">, vous \u00eates au bon endroit, au bon moment. <\/span><\/p>\n<p><span style=\"font-weight: 400;\">Notre travail est de veiller \u00e0 votre satisfaction, car nous, Translinguo, voulons le meilleur pour vous ! N\u2019h\u00e9sitez pas \u00e0 nous contacter, vous serez re\u00e7u comme il se doit, nous vous accompagnerons tout au long du processus du traduction que vous choisirez ! <\/span><\/p>\n<p><span style=\"font-weight: 400;\">Nous garantissons le professionnalisme de nos traducteurs et relecteurs. Traducteurs natifs et sp\u00e9cialis\u00e9s.  Nous disposons de traducteurs aux quatre coins du monde, ce qui nous permet de proposer un service de traduction sp\u00e9cialis\u00e9 \u00e0 n\u2019importe quelle heure de la journ\u00e9e. Nous pouvons dire alors que nous travaillons 24 heures sur 24. <\/span><\/p>\n<p><span style=\"font-weight: 400;\">Les d\u00e9lais convenus ainsi que la confidentialit\u00e9 sont fondamentaux pour nous. Par cons\u00e9quence, nous respectons les r\u00e8gles RGPD en toutes circonstances, et nous faisons tout ce qui est en notre pouvoir pour r\u00e9aliser ce que nous promettons. <\/span><\/p>\n<p>Consultez nos profils sur <a title=\"Translinguo Global\" href=\"https:\/\/www.facebook.com\/translinguoglobal\" target=\"_blank\" rel=\"noopener\">Facebook<\/a>, <a title=\"Translinguo Global\" href=\"https:\/\/www.instagram.com\/translinguoglobal\/\" target=\"_blank\" rel=\"noopener\">Instagram<\/a> y <a title=\"Trasnslinguo Global\" href=\"https:\/\/es.linkedin.com\/company\/agencia-de-traduccion-translinguo-global\" target=\"_blank\" rel=\"noopener\">Linkedin<\/a><\/p>\n","protected":false},"excerpt":{"rendered":"<p>Entreprise de traduction vers l&rsquo;allemand La traduction de l&rsquo;allemand et sp\u00e9cialisations Une entreprise de traduction vers allemand est d&rsquo;une importance sp\u00e9cifique puisque c&rsquo;est une des traductions les plus demand\u00e9es. L&rsquo;allemagne est une puissance mondiale et l&rsquo;allemand est la dixi\u00e8me langue la plus parl\u00e9e du monde, avec un total de 185 millions de germanophones. C&rsquo;est pourquoi, [&hellip;]<\/p>\n","protected":false},"author":3,"featured_media":38118,"parent":0,"menu_order":0,"comment_status":"closed","ping_status":"closed","template":"","meta":{"_crdt_document":"","inline_featured_image":false,"site-sidebar-layout":"default","site-content-layout":"default","ast-site-content-layout":"default","site-content-style":"default","site-sidebar-style":"default","ast-global-header-display":"","ast-banner-title-visibility":"","ast-main-header-display":"","ast-hfb-above-header-display":"","ast-hfb-below-header-display":"","ast-hfb-mobile-header-display":"","site-post-title":"","ast-breadcrumbs-content":"","ast-featured-img":"","footer-sml-layout":"","ast-disable-related-posts":"","theme-transparent-header-meta":"default","adv-header-id-meta":"","stick-header-meta":"","header-above-stick-meta":"","header-main-stick-meta":"","header-below-stick-meta":"","astra-migrate-meta-layouts":"default","ast-page-background-enabled":"default","ast-page-background-meta":{"desktop":{"background-color":"var(--ast-global-color-4)","background-image":"","background-repeat":"repeat","background-position":"center center","background-size":"auto","background-attachment":"scroll","background-type":"","background-media":"","overlay-type":"","overlay-color":"","overlay-opacity":"","overlay-gradient":""},"tablet":{"background-color":"","background-image":"","background-repeat":"repeat","background-position":"center center","background-size":"auto","background-attachment":"scroll","background-type":"","background-media":"","overlay-type":"","overlay-color":"","overlay-opacity":"","overlay-gradient":""},"mobile":{"background-color":"","background-image":"","background-repeat":"repeat","background-position":"center center","background-size":"auto","background-attachment":"scroll","background-type":"","background-media":"","overlay-type":"","overlay-color":"","overlay-opacity":"","overlay-gradient":""}},"ast-content-background-meta":{"desktop":{"background-color":"var(--ast-global-color-5)","background-image":"","background-repeat":"repeat","background-position":"center center","background-size":"auto","background-attachment":"scroll","background-type":"","background-media":"","overlay-type":"","overlay-color":"","overlay-opacity":"","overlay-gradient":""},"tablet":{"background-color":"var(--ast-global-color-5)","background-image":"","background-repeat":"repeat","background-position":"center center","background-size":"auto","background-attachment":"scroll","background-type":"","background-media":"","overlay-type":"","overlay-color":"","overlay-opacity":"","overlay-gradient":""},"mobile":{"background-color":"var(--ast-global-color-5)","background-image":"","background-repeat":"repeat","background-position":"center center","background-size":"auto","background-attachment":"scroll","background-type":"","background-media":"","overlay-type":"","overlay-color":"","overlay-opacity":"","overlay-gradient":""}},"footnotes":""},"class_list":["post-101963","page","type-page","status-publish","has-post-thumbnail","hentry"],"_links":{"self":[{"href":"https:\/\/translinguoglobal.com\/fr\/wp-json\/wp\/v2\/pages\/101963","targetHints":{"allow":["GET"]}}],"collection":[{"href":"https:\/\/translinguoglobal.com\/fr\/wp-json\/wp\/v2\/pages"}],"about":[{"href":"https:\/\/translinguoglobal.com\/fr\/wp-json\/wp\/v2\/types\/page"}],"author":[{"embeddable":true,"href":"https:\/\/translinguoglobal.com\/fr\/wp-json\/wp\/v2\/users\/3"}],"replies":[{"embeddable":true,"href":"https:\/\/translinguoglobal.com\/fr\/wp-json\/wp\/v2\/comments?post=101963"}],"version-history":[{"count":1,"href":"https:\/\/translinguoglobal.com\/fr\/wp-json\/wp\/v2\/pages\/101963\/revisions"}],"predecessor-version":[{"id":102166,"href":"https:\/\/translinguoglobal.com\/fr\/wp-json\/wp\/v2\/pages\/101963\/revisions\/102166"}],"wp:featuredmedia":[{"embeddable":true,"href":"https:\/\/translinguoglobal.com\/fr\/wp-json\/wp\/v2\/media\/38118"}],"wp:attachment":[{"href":"https:\/\/translinguoglobal.com\/fr\/wp-json\/wp\/v2\/media?parent=101963"}],"curies":[{"name":"wp","href":"https:\/\/api.w.org\/{rel}","templated":true}]}}