{"id":101962,"date":"2026-02-24T10:17:40","date_gmt":"2026-02-24T09:17:40","guid":{"rendered":"https:\/\/translinguoglobal.com\/traduction-du-finlandais\/"},"modified":"2026-03-11T11:07:32","modified_gmt":"2026-03-11T10:07:32","slug":"traduction-du-finlandais","status":"publish","type":"page","link":"https:\/\/translinguoglobal.com\/fr\/traduction-du-finlandais\/","title":{"rendered":"Traduction du finlandais"},"content":{"rendered":"<h2 style=\"text-align: center;\">Traduction du finlandais<\/h2>\n<p>D&rsquo;autre part, le finlandais est consid\u00e9r\u00e9 comme une langue structurellement plut\u00f4t simple, avec peu de structures orationnelles. Cela est d\u00fb \u00e0 l&rsquo;usage commun de l&rsquo;aglutination et la d\u00e9rivation dans sa morphologie. Par exemple, le verbe \u00abpuhua\u00bb (parler) est form\u00e9 par la racine \u00abpuhe-\u00bb (une racine qui normalement est utilis\u00e9e seulement comme moyen d&rsquo;inflexion), avec des suffixes qui indiquent le temps, le mode, en plus d&rsquo;autres cat\u00e9gories comme la r\u00e9flexive. Une autre caract\u00e9ristique est l&rsquo;usage \u00e9tendue de particules modales comme \u00abei\u00bb (non), \u00abniin\u00bb (donc), \u00abno\u00bb (bien) et les adverbes fait en ajoutant des suffixes de cas aux adjetives.<\/p>\n<h3 style=\"text-align: center;\"><strong>Le potentiel de la Finlande<\/strong><\/h3>\n<p>Hormis la beaut\u00e9 de cette langue, nous devons connaitre certains points forts de ce pays et tout ce qu&rsquo;il a \u00e0 nous offrir.<\/p>\n<p>Il a une \u00e9conomie orient\u00e9e sur l&rsquo;exportation et centr\u00e9e sur l&rsquo;industrie manufacturi\u00e8re, le bois, le m\u00e9tal, les t\u00e9l\u00e9communications et l&rsquo;\u00e9lectronique. Les secteurs les plus importants sont les dispositifs \u00e9lectroniques et mobiles (21,6 %), la machinerie et les v\u00e9hicules et l&rsquo;ingenierie, les produits m\u00e9talliques, la sylviculture et les produits chimiques. De plus, la Finlande est le majeur producteur d&rsquo;or, platine et palladium parmi les Etats membres de l&rsquo;UE. Bien que la population soit faible, la Finlande est une \u00e9conomie de libre march\u00e9 avec un PIB sup\u00e9rieur \u00e0 celui de l&rsquo;Autriche, des Pays-Bas, de l&rsquo;Allemagne et de la Belgique.<\/p>\n<h3 style=\"text-align: center;\"><strong>Traduir le finlandais<\/strong><\/h3>\n<p>Si nous d\u00e9cidons finalement d&rsquo;\u00e9largir notre commerce ou de commencer \u00e0 \u00e9tablir des relations avec des entreprises finlandaises, nous aurons besoin du travail d&rsquo;un <strong>traducteur professionnel de finlandais<\/strong>. Une des missions que pourrait mener \u00e0 bien une agence de traduction ou sp\u00e9cilis\u00e9e en service linguistique est le positionnement SEO. Au moment de<strong> traduire depuis le finlandais<\/strong> dans le contexte de la WWW, il y a certaines choses dont nous devons savoir pour am\u00e9liorer la visibilit\u00e9 de notre page web, donc le processus est diff\u00e9rent de celui de l&rsquo;espagnol ou de l&rsquo;anglais<\/p>\n<p>Le finlandais a une approche diff\u00e9rente au moment de communiquer des id\u00e9es et une traduction directe \u00e0 l&rsquo;espagnol ou \u00e0 une autre langue peut sonner maladroite. Il utilise beaucoup de suffixes et de mots longs qui peuvent \u00eatre difficiles \u00e0 g\u00e9rer pour Google, c&rsquo;est pourquoi nous ne devrions pas utiliser de traducteur automatique. M\u00eame si l&rsquo;application reconna\u00eet avec succ\u00e8s les mots, le message original peut se perdre si le programme de traduction ne comprend pas la phrase enti\u00e8re.<\/p>\n<p>Pour cette raison, au moment de <strong>traduire depuis le finlandais<\/strong> nous devons compter sur des traductions professionnelles qui soient pr\u00e9cisent et nous aident a communiquer notre message avec clart\u00e9 et d&rsquo;\u00e9viter les malentendus. La traduction au finlandais est un canal de communication n\u00e9cessaire dans de fructueux \u00e9changes commerciaux, culturels et acad\u00e9miques avec la Finlande.<\/p>\n<p><span style=\"font-weight: 400;\">Chez<\/span> <a href=\"https:\/\/translinguoglobal.com\/fr\/\"><span style=\"font-weight: 400;\">Translinguo<\/span><\/a>, <span style=\"font-weight: 400;\"> nous vous proposons un large \u00e9ventail de<\/span> <b>services de traduction <\/b> <span style=\"font-weight: 400;\">selon vos besoin. C\u2019est une ressource indispensable pour une communication efficace dans le monde actuel. Notre agence dispose d\u2019une \u00e9quipe de traducteurs hautement qualifi\u00e9s qui poss\u00e8dent les comp\u00e9tences de recherche et d\u2019analyse n\u00e9cessaires \u00e0 une bonne traduction. Ainsi, si vous cherchez une   <\/span><b>entreprise de <a href=\"https:\/\/fr.wikipedia.org\/wiki\/Traduction\" target=\"_blank\" rel=\"noopener\">traduction<\/a><\/b><span style=\"font-weight: 400;\">, vous \u00eates au bon endroit, au bon moment. <\/span><\/p>\n<p><span style=\"font-weight: 400;\">Notre travail est de veiller \u00e0 votre satisfaction, car nous, Translinguo, voulons le meilleur pour vous ! N\u2019h\u00e9sitez pas \u00e0 nous contacter, vous serez re\u00e7u comme il se doit, nous vous accompagnerons tout au long du processus de traduction que vous choisirez ! <\/span><\/p>\n<p><span style=\"font-weight: 400;\">Nous garantissons le professionnalisme de nos traducteurs et relecteurs. Traducteurs natifs et sp\u00e9cialis\u00e9s.  Nous disposons de traducteurs aux quatre coins du monde, ce qui nous permet de proposer un service de traduction sp\u00e9cialis\u00e9 \u00e0 n\u2019importe quelle heure de la journ\u00e9e. Nous pouvons dire alors que nous travaillons 24 heures sur 24. <\/span><\/p>\n<p><span style=\"font-weight: 400;\">Les d\u00e9lais convenus ainsi que la confidentialit\u00e9 sont fondamentaux pour nous. Par cons\u00e9quence, nous respectons les r\u00e8gles RGPD en toutes circonstances, et nous faisons tout ce qui est en notre pouvoir pour r\u00e9aliser ce que nous promettons. <\/span><\/p>\n<p>Consultez nos profils sur <a title=\"Translinguo Global\" href=\"https:\/\/www.facebook.com\/translinguoglobal\" target=\"_blank\" rel=\"noopener\">Facebook<\/a>, <a title=\"Translinguo Global\" href=\"https:\/\/www.instagram.com\/translinguoglobal\/\" target=\"_blank\" rel=\"noopener\">Instagram<\/a> y <a title=\"Trasnslinguo Global\" href=\"https:\/\/es.linkedin.com\/company\/agencia-de-traduccion-translinguo-global\" target=\"_blank\" rel=\"noopener\">Linkedin<\/a><\/p>\n","protected":false},"excerpt":{"rendered":"<p>Traduction du finlandais D&rsquo;autre part, le finlandais est consid\u00e9r\u00e9 comme une langue structurellement plut\u00f4t simple, avec peu de structures orationnelles. Cela est d\u00fb \u00e0 l&rsquo;usage commun de l&rsquo;aglutination et la d\u00e9rivation dans sa morphologie. Par exemple, le verbe \u00abpuhua\u00bb (parler) est form\u00e9 par la racine \u00abpuhe-\u00bb (une racine qui normalement est utilis\u00e9e seulement comme moyen [&hellip;]<\/p>\n","protected":false},"author":3,"featured_media":0,"parent":0,"menu_order":0,"comment_status":"closed","ping_status":"closed","template":"","meta":{"_crdt_document":"","inline_featured_image":false,"site-sidebar-layout":"default","site-content-layout":"default","ast-site-content-layout":"default","site-content-style":"default","site-sidebar-style":"default","ast-global-header-display":"","ast-banner-title-visibility":"","ast-main-header-display":"","ast-hfb-above-header-display":"","ast-hfb-below-header-display":"","ast-hfb-mobile-header-display":"","site-post-title":"","ast-breadcrumbs-content":"","ast-featured-img":"","footer-sml-layout":"","ast-disable-related-posts":"","theme-transparent-header-meta":"default","adv-header-id-meta":"","stick-header-meta":"","header-above-stick-meta":"","header-main-stick-meta":"","header-below-stick-meta":"","astra-migrate-meta-layouts":"default","ast-page-background-enabled":"default","ast-page-background-meta":{"desktop":{"background-color":"var(--ast-global-color-4)","background-image":"","background-repeat":"repeat","background-position":"center center","background-size":"auto","background-attachment":"scroll","background-type":"","background-media":"","overlay-type":"","overlay-color":"","overlay-opacity":"","overlay-gradient":""},"tablet":{"background-color":"","background-image":"","background-repeat":"repeat","background-position":"center center","background-size":"auto","background-attachment":"scroll","background-type":"","background-media":"","overlay-type":"","overlay-color":"","overlay-opacity":"","overlay-gradient":""},"mobile":{"background-color":"","background-image":"","background-repeat":"repeat","background-position":"center center","background-size":"auto","background-attachment":"scroll","background-type":"","background-media":"","overlay-type":"","overlay-color":"","overlay-opacity":"","overlay-gradient":""}},"ast-content-background-meta":{"desktop":{"background-color":"var(--ast-global-color-5)","background-image":"","background-repeat":"repeat","background-position":"center center","background-size":"auto","background-attachment":"scroll","background-type":"","background-media":"","overlay-type":"","overlay-color":"","overlay-opacity":"","overlay-gradient":""},"tablet":{"background-color":"var(--ast-global-color-5)","background-image":"","background-repeat":"repeat","background-position":"center center","background-size":"auto","background-attachment":"scroll","background-type":"","background-media":"","overlay-type":"","overlay-color":"","overlay-opacity":"","overlay-gradient":""},"mobile":{"background-color":"var(--ast-global-color-5)","background-image":"","background-repeat":"repeat","background-position":"center center","background-size":"auto","background-attachment":"scroll","background-type":"","background-media":"","overlay-type":"","overlay-color":"","overlay-opacity":"","overlay-gradient":""}},"footnotes":""},"class_list":["post-101962","page","type-page","status-publish","hentry"],"_links":{"self":[{"href":"https:\/\/translinguoglobal.com\/fr\/wp-json\/wp\/v2\/pages\/101962","targetHints":{"allow":["GET"]}}],"collection":[{"href":"https:\/\/translinguoglobal.com\/fr\/wp-json\/wp\/v2\/pages"}],"about":[{"href":"https:\/\/translinguoglobal.com\/fr\/wp-json\/wp\/v2\/types\/page"}],"author":[{"embeddable":true,"href":"https:\/\/translinguoglobal.com\/fr\/wp-json\/wp\/v2\/users\/3"}],"replies":[{"embeddable":true,"href":"https:\/\/translinguoglobal.com\/fr\/wp-json\/wp\/v2\/comments?post=101962"}],"version-history":[{"count":1,"href":"https:\/\/translinguoglobal.com\/fr\/wp-json\/wp\/v2\/pages\/101962\/revisions"}],"predecessor-version":[{"id":102165,"href":"https:\/\/translinguoglobal.com\/fr\/wp-json\/wp\/v2\/pages\/101962\/revisions\/102165"}],"wp:attachment":[{"href":"https:\/\/translinguoglobal.com\/fr\/wp-json\/wp\/v2\/media?parent=101962"}],"curies":[{"name":"wp","href":"https:\/\/api.w.org\/{rel}","templated":true}]}}