{"id":101314,"date":"2026-01-20T10:01:07","date_gmt":"2026-01-20T09:01:07","guid":{"rendered":"https:\/\/translinguoglobal.com\/traduction-assermentee-certificat-dantecedents-penaux\/"},"modified":"2026-01-20T11:02:11","modified_gmt":"2026-01-20T10:02:11","slug":"traduction-assermentee-certificat-dantecedents-penaux","status":"publish","type":"page","link":"https:\/\/translinguoglobal.com\/fr\/traduction-assermentee-certificat-dantecedents-penaux\/","title":{"rendered":"Traduction asserment\u00e9e d&rsquo;attestation de casier judiciaire"},"content":{"rendered":"<p>Vous devez pr\u00e9senter votre attestation de casier judiciaire devant un organisme officiel, une ambassade ou pour des d\u00e9marchent \u00e0 l&rsquo;\u00e9tranger? Chez <strong>Translinguo Global<\/strong> nous r\u00e9alisons la <strong>Traduction asserment\u00e9e d&rsquo;attestation de casier judiciaire<\/strong> avec validit\u00e9 l\u00e9gale garantit.<\/p>\n<p>Obtenez un document fid\u00e8le \u00e0 l&rsquo;original, sign\u00e9 et tamponn\u00e9 par un traducteur asserment\u00e9 autoris\u00e9 par le Minist\u00e8re des Affaires Ext\u00e9rieurs, Unions Europ\u00e9enne et Coop\u00e9ration (MAEC). <\/p>\n<p><a href=\"https:\/\/translinguoglobal.com\/fr\/budget\/\"><strong>Solicitez ici votre devis gratuit <\/strong><\/a><\/p>\n<h2><strong>Pourquoi avez vous besoin d&rsquo;une Traduction asserment\u00e9e d&rsquo;attestation de casier judiciaire?<\/strong><\/h2>\n<p>L&rsquo;attestation de casier judiciaire est un document essentiel pour accr\u00e9diter l&rsquo;absence (ou la pr\u00e9sence) des registres criminels dans un pays d\u00e9termin\u00e9. Toute fois, pour que ce document soit valide \u00e0 l&rsquo;\u00e9tranger ou devant l&rsquo;administration espagnole (s&rsquo;il vient d&rsquo;un autre pays), il doit \u00eatre traduit par un <strong>traducteur officiel<\/strong>.<\/p>\n<p>Ce service est indispensable pour des d\u00e9marches comme:<\/p>\n<ul>\n<li>Demande de <strong>visas<\/strong> (d&rsquo;\u00e9tude, de travail ou de s\u00e9jour).<\/li>\n<li>Proc\u00e9dures de <strong>nationalit\u00e9 espagnole<\/strong>.<\/li>\n<li>D\u00e9marches <strong>d&rsquo;installation<\/strong> ou de regroupement familial<\/li>\n<li>Proc\u00e9dures d&rsquo;adoption internationnale.<\/li>\n<li>Concours ou contrats de travail \u00e0 l&rsquo;\u00e9tranger.<\/li>\n<\/ul>\n<h2><strong>Avantages de choisir Translinguo Global<\/strong><\/h2>\n<p>Chez Translinguo Global nous ne traduisons pas seulement des mots; nous donnons une validit\u00e9 l\u00e9gale \u00e0 vos documents pour que vos d\u00e9marches ne soient pas arr\u00eat\u00e9es.<\/p>\n<ul>\n<li><a href=\"https:\/\/translinguoglobal.com\/fr\/service-de-traduction-assermentee\/\"><strong>Traducteurs Asserment\u00e9s Officiels:<\/strong><\/a> Tous nos profesionnels sont authoris\u00e9s par le <a href=\"https:\/\/www.exteriores.gob.es\/es\/ServiciosAlCiudadano\/Paginas\/Traductores-Interpretes-Jurados.aspx\" target=\"_blank\" rel=\"noopener\"><strong>MAEC<\/strong><\/a>, s&rsquo;assurant que votre traduction soit accept\u00e9e par n&rsquo;importe quel consulat, minist\u00e8re ou tribunal.<\/li>\n<li><strong>Rapidit\u00e9 et Ponctualit\u00e9:<\/strong> Nous savons que fr\u00e9quemment les attestations de casier judiciaire ont une courte validit\u00e9 (g\u00e9n\u00e9ralement 3 ou 6 mois). Pour cette raison, nous priorisons votre remise pour qu&rsquo;elle n&rsquo;expire pas.<\/li>\n<li><strong>Confidentialit\u00e9 Totale:<\/strong> Nous traitons vos donn\u00e9es sensibles avec les plus stricts protocoles de s\u00e9curit\u00e9 et confidentialit\u00e9.<\/li>\n<li><strong>Gestion Digitale et Physique:<\/strong> Recevez votre traduction asserment\u00e9e au format PDF avec signature digitale ou par service de coursier en papier timbr\u00e9 directement \u00e0 votre domicile.<\/li>\n<\/ul>\n<h2><strong>Comment fonctionne notre service?<\/strong><\/h2>\n<p>Obtenir la traduction officielle de vos attestattions est un processus simple et 100% online:<\/p>\n<ol>\n<li><strong>Envoyez-nous le document:<\/strong> Scanner votre attestation (assurez-vous d&rsquo;inclure l&rsquo;<strong>Apostille de la Haye <\/strong>si elle en a une) et envoyez-la-nous \u00e0 travers de notre formulaire ou par mail.<\/li>\n<li><strong>Devis imm\u00e9diat:<\/strong> Nous t&rsquo;enverrons un tarif ferm\u00e9 et une date de remise ajustable \u00e0 vos n\u00e9c\u00e9sit\u00e9s.<\/li>\n<li><strong>Traduction et R\u00e9vision:<\/strong> Un traducteur asserment\u00e9 r\u00e9alise la traduction, la tamponne et la signe suivant le r\u00e9glement en vigeur.<\/li>\n<li><strong>Remise:<\/strong> Nous vous envoyons le document par le moyen que vous prefereriez. Pr\u00eat \u00e0 \u00eatre pr\u00e9sent\u00e9!<\/li>\n<\/ol>\n<h3><strong>Questions fr\u00e9quentes sur la Traduction asserment\u00e9e d&rsquo;attestation de casier judiciaire<\/strong><\/h3>\n<p><strong>L&rsquo;Apostille de La Haye est-elle n\u00e9c\u00e9ssaire?<\/strong><\/p>\n<p>Oui, la plupart du temps, le document original doit \u00eatre apostill\u00e9 avant la r\u00e9alisation de la traduction asserment\u00e9e pour qu&rsquo;elle soit pleinement valide dans le pays de destination.<\/p>\n<p><strong>En quelles langues travaillez-vous?<\/strong><\/p>\n<p>Nous comptons d&rsquo;une vaste \u00e9quipe de traducteurs asserment\u00e9s en <a href=\"https:\/\/translinguoglobal.com\/fr\/traducteur-assermente-anglais\/\">anglais<\/a>, fran\u00e7ais, allemand, italien, portugais, russe, arabe, chinois et plus encore.<\/p>\n<p><strong>Combien co\u00fbte une traduction asserment\u00e9e ?<\/strong><\/p>\n<p>Le prix est habituellement au document ou au mot. Chez Translinguo Global nous offrons des tarifs comp\u00e9titifs et transparants d\u00e8s la premi\u00e8re consultation.<\/p>\n<h2><strong>Ne risquez pas vos d\u00e9marches!<\/strong><\/h2>\n<p>Une traduction incorrecte ou non officielle peut supposer le refus de votre demande et une perte de temps et d&rsquo;argent. Faites confiance aux experts de <strong>Translinguo Global.<\/strong><\/p>\n","protected":false},"excerpt":{"rendered":"<p>Vous devez pr\u00e9senter votre attestation de casier judiciaire devant un organisme officiel, une ambassade ou pour des d\u00e9marchent \u00e0 l&rsquo;\u00e9tranger? Chez Translinguo Global nous r\u00e9alisons la Traduction asserment\u00e9e d&rsquo;attestation de casier judiciaire avec validit\u00e9 l\u00e9gale garantit. Obtenez un document fid\u00e8le \u00e0 l&rsquo;original, sign\u00e9 et tamponn\u00e9 par un traducteur asserment\u00e9 autoris\u00e9 par le Minist\u00e8re des Affaires [&hellip;]<\/p>\n","protected":false},"author":3,"featured_media":101315,"parent":0,"menu_order":0,"comment_status":"closed","ping_status":"closed","template":"","meta":{"_crdt_document":"","inline_featured_image":false,"site-sidebar-layout":"default","site-content-layout":"","ast-site-content-layout":"default","site-content-style":"default","site-sidebar-style":"default","ast-global-header-display":"","ast-banner-title-visibility":"","ast-main-header-display":"","ast-hfb-above-header-display":"","ast-hfb-below-header-display":"","ast-hfb-mobile-header-display":"","site-post-title":"","ast-breadcrumbs-content":"","ast-featured-img":"","footer-sml-layout":"","ast-disable-related-posts":"","theme-transparent-header-meta":"default","adv-header-id-meta":"","stick-header-meta":"","header-above-stick-meta":"","header-main-stick-meta":"","header-below-stick-meta":"","astra-migrate-meta-layouts":"default","ast-page-background-enabled":"default","ast-page-background-meta":{"desktop":{"background-color":"var(--ast-global-color-4)","background-image":"","background-repeat":"repeat","background-position":"center center","background-size":"auto","background-attachment":"scroll","background-type":"","background-media":"","overlay-type":"","overlay-color":"","overlay-opacity":"","overlay-gradient":""},"tablet":{"background-color":"","background-image":"","background-repeat":"repeat","background-position":"center center","background-size":"auto","background-attachment":"scroll","background-type":"","background-media":"","overlay-type":"","overlay-color":"","overlay-opacity":"","overlay-gradient":""},"mobile":{"background-color":"","background-image":"","background-repeat":"repeat","background-position":"center center","background-size":"auto","background-attachment":"scroll","background-type":"","background-media":"","overlay-type":"","overlay-color":"","overlay-opacity":"","overlay-gradient":""}},"ast-content-background-meta":{"desktop":{"background-color":"var(--ast-global-color-5)","background-image":"","background-repeat":"repeat","background-position":"center center","background-size":"auto","background-attachment":"scroll","background-type":"","background-media":"","overlay-type":"","overlay-color":"","overlay-opacity":"","overlay-gradient":""},"tablet":{"background-color":"var(--ast-global-color-5)","background-image":"","background-repeat":"repeat","background-position":"center center","background-size":"auto","background-attachment":"scroll","background-type":"","background-media":"","overlay-type":"","overlay-color":"","overlay-opacity":"","overlay-gradient":""},"mobile":{"background-color":"var(--ast-global-color-5)","background-image":"","background-repeat":"repeat","background-position":"center center","background-size":"auto","background-attachment":"scroll","background-type":"","background-media":"","overlay-type":"","overlay-color":"","overlay-opacity":"","overlay-gradient":""}},"footnotes":""},"class_list":["post-101314","page","type-page","status-publish","has-post-thumbnail","hentry"],"_links":{"self":[{"href":"https:\/\/translinguoglobal.com\/fr\/wp-json\/wp\/v2\/pages\/101314","targetHints":{"allow":["GET"]}}],"collection":[{"href":"https:\/\/translinguoglobal.com\/fr\/wp-json\/wp\/v2\/pages"}],"about":[{"href":"https:\/\/translinguoglobal.com\/fr\/wp-json\/wp\/v2\/types\/page"}],"author":[{"embeddable":true,"href":"https:\/\/translinguoglobal.com\/fr\/wp-json\/wp\/v2\/users\/3"}],"replies":[{"embeddable":true,"href":"https:\/\/translinguoglobal.com\/fr\/wp-json\/wp\/v2\/comments?post=101314"}],"version-history":[{"count":1,"href":"https:\/\/translinguoglobal.com\/fr\/wp-json\/wp\/v2\/pages\/101314\/revisions"}],"predecessor-version":[{"id":101320,"href":"https:\/\/translinguoglobal.com\/fr\/wp-json\/wp\/v2\/pages\/101314\/revisions\/101320"}],"wp:featuredmedia":[{"embeddable":true,"href":"https:\/\/translinguoglobal.com\/fr\/wp-json\/wp\/v2\/media\/101315"}],"wp:attachment":[{"href":"https:\/\/translinguoglobal.com\/fr\/wp-json\/wp\/v2\/media?parent=101314"}],"curies":[{"name":"wp","href":"https:\/\/api.w.org\/{rel}","templated":true}]}}