{"id":100710,"date":"2025-12-12T13:09:21","date_gmt":"2025-12-12T12:09:21","guid":{"rendered":"https:\/\/translinguoglobal.com\/interpretes-a-madrid\/"},"modified":"2025-12-12T13:09:21","modified_gmt":"2025-12-12T12:09:21","slug":"interpretes-a-madrid","status":"publish","type":"page","link":"https:\/\/translinguoglobal.com\/fr\/interpretes-a-madrid\/","title":{"rendered":"interpr\u00e8tes \u00e0 Madrid"},"content":{"rendered":"<h2>interpr\u00e8tes \u00e0 Madrid : Services professionnel avec Translinguo Global<\/h2>\n<p>Lorsqu&rsquo;il s&rsquo;agit d&rsquo;<strong>interpr\u00e8tes \u00e0 Madrid,<\/strong> la qualit\u00e9 et la pr\u00e9cision ne sont pas optionnelles : elles sont essentielles Dans une ville cosmopolite comme Madrid, o\u00f9 se croisent les chemins culturels, \u00e9conomiques et diplomatiques, pouvoir compter sur un service d&rsquo;interpr\u00e9tation fiable peut faire la diff\u00e9rence entre une communication r\u00e9ussie et un malentendu co\u00fbteux.<\/p>\n<p><strong>Translinguo Global<\/strong> se positionne comme une agence leader dans le domaine des services linguistiques dans la capitale espagnole. Gr\u00e2ce \u00e0 une \u00e9quipe d&rsquo;interpr\u00e8tes hautement qualifi\u00e9s et certifi\u00e9s, nous proposons des solutions professionnelles aux entreprises, institutions et particuliers qui exigent l&rsquo;excellence en mati\u00e8re d&rsquo;interpr\u00e9tation. <\/p>\n<h2>Pourquoi choisir Translinguo Global ?<\/h2>\n<p>Translinguo Global est une <strong>entreprise certifi\u00e9e<\/strong>, ce qui garantit des processus de qualit\u00e9, la confidentialit\u00e9 et le respect des normes internationales. Notre exp\u00e9rience couvre des secteurs aussi divers que le juridique, le m\u00e9dical, le technologique, le touristique et le gouvernemental, ce qui nous permet de nous adapter aux besoins sp\u00e9cifiques de chaque client.<br \/>\nDe plus, notre implantation \u00e0 Madrid nous permet d&rsquo;apporter une<strong> r\u00e9ponse rapide et locale<\/strong>, id\u00e9ale pour les \u00e9v\u00e9nements en pr\u00e9sentiel, les proc\u00e8s, les salons internationaux ou les r\u00e9unions d&rsquo;affaires.<\/p>\n<h2>Types de services d&rsquo;interpr\u00e9tation \u00e0 Madrid<\/h2>\n<p>Chez Translinguo Global, nous proposons une large gamme de <strong><a href=\"https:\/\/translinguoglobal.com\/fr\/service-dinterpretation\/\">services d&rsquo;interpr\u00e9tation<\/a><\/strong>, con\u00e7us pour r\u00e9pondre \u00e0 tous les besoins en mati\u00e8re de communication multilingue :<\/p>\n<p><strong>1. <a href=\"https:\/\/es.wikipedia.org\/wiki\/Interpretaci%C3%B3n_simult%C3%A1nea\" target=\"_blank\" rel=\"noopener\">Interpr\u00e9tation Simultan\u00e9e<\/a><\/strong><br \/>\nParfait pour les congr\u00e8s, conf\u00e9rences ou s\u00e9minaires. Nos interpr\u00e8tes travaillent dans des cabines insonoris\u00e9es et traduisent en temps r\u00e9el pour le public, ce qui permet un d\u00e9roulement fluide de l&rsquo;\u00e9v\u00e9nement.<br \/>\n<strong>2. interpr\u00e9tation en cons\u00e9cutive<\/strong><br \/>\nid\u00e9al pour les r\u00e9unions de n\u00e9gociation, conf\u00e9rences de presse et comparutions judiciaires. L&rsquo;interpr\u00e8te prends des notes pendant que l&rsquo;orateur parle, et ensuite il transmet le message dans la langue de d&rsquo;arriv\u00e9e.<br \/>\n<strong>3. Interpr\u00e9tation de liaison ou bilat\u00e9rale<\/strong><br \/>\nUtilis\u00e9e lors des entretiens, n\u00e9gociations ou visites commerciales, o\u00f9 l&rsquo;interpr\u00e8te se situe en tant que pont entre deux parties, facilitant une communication fluide entre chacune d&rsquo;entre-elles.<br \/>\n<strong>4. Interpr\u00e9tation asserment\u00e9e<\/strong><br \/>\nn\u00e9cessaire pour les proc\u00e9d\u00e9s l\u00e9gaux, notariaux et d\u00e9marches officielles. nos interpr\u00e8tes asserment\u00e9s \u00e9taient autoris\u00e9s par le minist\u00e8re des Affaires \u00c9trang\u00e8res et Coop\u00e9ration d&rsquo;Espagne..<br \/>\n<strong>5. Interpr\u00e9tation \u00e0 distance (appel en visio ou t\u00e9l\u00e9phonique)<\/strong><br \/>\nPour les clients qui ne peuvent pas se d\u00e9placer, nous proposons des interpr\u00e9tation professionnel \u00e0 distance, tout en maintenant la m\u00eame qualit\u00e9 et confidentialit\u00e9 qu&rsquo;en modalit\u00e9 pr\u00e9sentiel.<\/p>\n<h2>Combinaisons de langues les plus demand\u00e9es<\/h2>\n<p>\u00c1 Madrid, la demande de langues est aussi diversifi\u00e9 que la ville elle-m\u00eame Voici quelques-unes des <strong>combinaisons linguistiques les plus populaires<\/strong> que nous proposons :<\/p>\n<ul>\n<li><strong>espagnol &#8211; anglais<\/strong><\/li>\n<li><strong>espagnol &#8211; fran\u00e7ais<\/strong><\/li>\n<li><strong>espagnol &#8211; allemand<\/strong><\/li>\n<li><strong>espagnol &#8211; italien<\/strong><\/li>\n<li><strong>espagnol &#8211; portugais<\/strong><\/li>\n<li><strong>espagnol &#8211; arabe<\/strong><\/li>\n<li><strong>espagnol &#8211; chinois (mandarin)<\/strong><\/li>\n<li><strong>espagnol &#8211; russe<\/strong><\/li>\n<li><strong>espagnol &#8211; roumain<\/strong><\/li>\n<\/ul>\n<p>De plus, nous travaillons avec plus de <strong>50 combinaisons linguistiques<\/strong>, ce qui nous permets de couvrir des \u00e9v\u00e8nements internationaux et clients partout dans le monde.<\/p>\n<h2>Types de documents pour ceux qui ont besoin d&rsquo;une interpr\u00e9tation<\/h2>\n<p>Beaucoup de nos clients viennent nous voir avec des besoins sp\u00e9cifiques qui vont au-del\u00e0 d&rsquo;une simple traduction. Voici quelques exemples de <strong>documents et de contextes fr\u00e9quents<\/strong> dans lesquels un interpr\u00e8te professionnel est sollicit\u00e9 \u00e0 Madrid :<\/p>\n<ul>\n<li><strong>Actes notariaux et documents l\u00e9gaux<\/strong><\/li>\n<li><strong>Proc\u00e8s et audiences judiciaires<\/strong><\/li>\n<li><strong>Entretiens relatifs \u00e0 l&rsquo;asile et \u00e0 l&rsquo;immigration<\/strong><\/li>\n<li><strong>R\u00e9unions d&rsquo;entreprise<\/strong><\/li>\n<li><strong>conf\u00e9rences internationales<\/strong><\/li>\n<li><strong>pr\u00e9sentations de produits<\/strong><\/li>\n<li><strong>visites guid\u00e9es ou techniques<\/strong><\/li>\n<li><strong>traitements m\u00e9dicaux et consultations cliniques<\/strong><\/li>\n<\/ul>\n<p>Notre \u00e9quipe s&rsquo;assure de pr\u00e9parer chaque interpr\u00e9tation par anticipation, en recherchant la terminologie sp\u00e9cifique et le contexte, afin de garantir une communication claire et sans erreurs.<\/p>\n<h2>Avez-vous besoin d&rsquo;un interpr\u00e8te \u00e0 Madrid ? Contactez-nous<\/h2>\n<p>Chez Translinguo Global, nous ne fournissons pas seulement des interpr\u00e8tes, nous proposons \u00e9galement des <strong>solutions linguistiques sur mesure<\/strong>. Notre engagement en mati\u00e8re de qualit\u00e9, de confidentialit\u00e9 et de professionnalisme a fait de nous une r\u00e9f\u00e9rence pour les multinationales, les institutions publiques et les particuliers. <\/p>\n<p>\ud83d\udccd <strong>Ayant un si\u00e8ge \u00e0 Madrid,<\/strong> nous pouvons nous d\u00e9plac\u00e9 rapidement \u00e0 n&rsquo;importe quel point de la ville ou travailler \u00e0 distance, selon vos besoins.<\/p>\n<p>\ud83d\udd10 <strong>certification et confidentialit\u00e9<\/strong> garanties<\/p>\n<p>\ud83d\udcde <strong>Contactez-nous aujourd&rsquo;hui m\u00eame<\/strong> afin de solliciter un devis personnalis\u00e9 non n\u00e9gociable. Decouvrez pourquoi nous somme le prestataire de confiance dans des services d&rsquo;interpr\u00e9tation \u00e0 Madrid. <\/p>\n<p><strong><a href=\"https:\/\/translinguoglobal.com\/fr\/\">Translinguo Global<\/a> <\/strong>&#8211; <strong>en brisant les barri\u00e8res linguistiques \u00e0 Madrid et au-del\u00e0.<\/strong><\/p>\n","protected":false},"excerpt":{"rendered":"<p>interpr\u00e8tes \u00e0 Madrid : Services professionnel avec Translinguo Global Lorsqu&rsquo;il s&rsquo;agit d&rsquo;interpr\u00e8tes \u00e0 Madrid, la qualit\u00e9 et la pr\u00e9cision ne sont pas optionnelles : elles sont essentielles Dans une ville cosmopolite comme Madrid, o\u00f9 se croisent les chemins culturels, \u00e9conomiques et diplomatiques, pouvoir compter sur un service d&rsquo;interpr\u00e9tation fiable peut faire la diff\u00e9rence entre une [&hellip;]<\/p>\n","protected":false},"author":3,"featured_media":93409,"parent":0,"menu_order":0,"comment_status":"closed","ping_status":"closed","template":"","meta":{"_crdt_document":"","inline_featured_image":false,"site-sidebar-layout":"default","site-content-layout":"","ast-site-content-layout":"default","site-content-style":"default","site-sidebar-style":"default","ast-global-header-display":"","ast-banner-title-visibility":"","ast-main-header-display":"","ast-hfb-above-header-display":"","ast-hfb-below-header-display":"","ast-hfb-mobile-header-display":"","site-post-title":"","ast-breadcrumbs-content":"","ast-featured-img":"","footer-sml-layout":"","ast-disable-related-posts":"","theme-transparent-header-meta":"default","adv-header-id-meta":"","stick-header-meta":"","header-above-stick-meta":"","header-main-stick-meta":"","header-below-stick-meta":"","astra-migrate-meta-layouts":"default","ast-page-background-enabled":"default","ast-page-background-meta":{"desktop":{"background-color":"var(--ast-global-color-4)","background-image":"","background-repeat":"repeat","background-position":"center center","background-size":"auto","background-attachment":"scroll","background-type":"","background-media":"","overlay-type":"","overlay-color":"","overlay-opacity":"","overlay-gradient":""},"tablet":{"background-color":"","background-image":"","background-repeat":"repeat","background-position":"center center","background-size":"auto","background-attachment":"scroll","background-type":"","background-media":"","overlay-type":"","overlay-color":"","overlay-opacity":"","overlay-gradient":""},"mobile":{"background-color":"","background-image":"","background-repeat":"repeat","background-position":"center center","background-size":"auto","background-attachment":"scroll","background-type":"","background-media":"","overlay-type":"","overlay-color":"","overlay-opacity":"","overlay-gradient":""}},"ast-content-background-meta":{"desktop":{"background-color":"var(--ast-global-color-5)","background-image":"","background-repeat":"repeat","background-position":"center center","background-size":"auto","background-attachment":"scroll","background-type":"","background-media":"","overlay-type":"","overlay-color":"","overlay-opacity":"","overlay-gradient":""},"tablet":{"background-color":"var(--ast-global-color-5)","background-image":"","background-repeat":"repeat","background-position":"center center","background-size":"auto","background-attachment":"scroll","background-type":"","background-media":"","overlay-type":"","overlay-color":"","overlay-opacity":"","overlay-gradient":""},"mobile":{"background-color":"var(--ast-global-color-5)","background-image":"","background-repeat":"repeat","background-position":"center center","background-size":"auto","background-attachment":"scroll","background-type":"","background-media":"","overlay-type":"","overlay-color":"","overlay-opacity":"","overlay-gradient":""}},"footnotes":""},"class_list":["post-100710","page","type-page","status-publish","has-post-thumbnail","hentry"],"_links":{"self":[{"href":"https:\/\/translinguoglobal.com\/fr\/wp-json\/wp\/v2\/pages\/100710","targetHints":{"allow":["GET"]}}],"collection":[{"href":"https:\/\/translinguoglobal.com\/fr\/wp-json\/wp\/v2\/pages"}],"about":[{"href":"https:\/\/translinguoglobal.com\/fr\/wp-json\/wp\/v2\/types\/page"}],"author":[{"embeddable":true,"href":"https:\/\/translinguoglobal.com\/fr\/wp-json\/wp\/v2\/users\/3"}],"replies":[{"embeddable":true,"href":"https:\/\/translinguoglobal.com\/fr\/wp-json\/wp\/v2\/comments?post=100710"}],"version-history":[{"count":0,"href":"https:\/\/translinguoglobal.com\/fr\/wp-json\/wp\/v2\/pages\/100710\/revisions"}],"wp:featuredmedia":[{"embeddable":true,"href":"https:\/\/translinguoglobal.com\/fr\/wp-json\/wp\/v2\/media\/93409"}],"wp:attachment":[{"href":"https:\/\/translinguoglobal.com\/fr\/wp-json\/wp\/v2\/media?parent=100710"}],"curies":[{"name":"wp","href":"https:\/\/api.w.org\/{rel}","templated":true}]}}