{"id":100708,"date":"2025-12-12T11:31:26","date_gmt":"2025-12-12T10:31:26","guid":{"rendered":"https:\/\/translinguoglobal.com\/interpretes-a-malaga\/"},"modified":"2025-12-12T11:31:26","modified_gmt":"2025-12-12T10:31:26","slug":"interpretes-a-malaga","status":"publish","type":"page","link":"https:\/\/translinguoglobal.com\/fr\/interpretes-a-malaga\/","title":{"rendered":"Interpr\u00e8tes \u00e0 Malaga"},"content":{"rendered":"<h2>Interpr\u00e8tes \u00e0 Malaga : Services professionnels avec Translinguo Global<\/h2>\n<p>&nbsp;<\/p>\n<p>Lorsqu&rsquo;il s&rsquo;agit d&rsquo;<strong>interpr\u00e8tes \u00e0 Malaga<\/strong>, la qualit\u00e9 et la pr\u00e9cision ne sont pas optionnelles : elles sont essentielles. Dans une ville cosmopolite comme Malaga, o\u00f9 se croisent les chemins culturels, \u00e9conomiques et diplomatiques, nous nous appuyons sur un service d&rsquo;interpr\u00e9tation fiable peut faire la diff\u00e9rence entre une communication r\u00e9ussie ou un malentendu couteux.<\/p>\n<p><strong>Translinguo Global<\/strong> se positionne comme une agence leader dans le domaine des services linguistiques dans la capitale espagnole. Gr\u00e2ce \u00e0 une \u00e9quipe d&rsquo;interpr\u00e8tes hautement qualifi\u00e9s et certifi\u00e9s, nous proposons des solutions professionnelles aux entreprises, institutions et particuliers qui exigent l&rsquo;excellence en mati\u00e8re d&rsquo;interpr\u00e9tation. <\/p>\n<h2>Pourquoi choisir Translinguo Global ?<\/h2>\n<p>Translinguo Global est une <strong>entreprise certifi\u00e9e<\/strong>, ce qui garantit des processus de qualit\u00e9, la confidentialit\u00e9 et le respect des normes internationales. Notre exp\u00e9rience couvre des secteurs aussi divers que le juridique, le m\u00e9dical, le technologique, le touristique et le gouvernemental, ce qui nous permet de nous adapter aux besoins sp\u00e9cifiques de chaque client. <\/p>\n<p>De plus, notre implantation \u00e0 Barcelone nous permet d&rsquo;apporter une <strong>r\u00e9ponse rapide et locale<\/strong>, id\u00e9ale pour les \u00e9v\u00e9nements en pr\u00e9sentiel, les proc\u00e8s, les salons internationaux ou les r\u00e9unions d&rsquo;affaires.<\/p>\n<h2>Types de services d&rsquo;interpr\u00e9tation \u00e0 Malaga<\/h2>\n<p>Chez Translinguo Global, nous proposons une large gamme de <strong><a href=\"https:\/\/translinguoglobal.com\/fr\/service-dinterpretation\/\">services d&rsquo;interpr\u00e9tation<\/a><\/strong>, con\u00e7us pour r\u00e9pondre \u00e0 tous les besoins en mati\u00e8re de communication multilingue :<\/p>\n<p><strong><a href=\"https:\/\/es.wikipedia.org\/wiki\/Interpretaci%C3%B3n_simult%C3%A1nea\" target=\"_blank\" rel=\"noopener\">1. Interpr\u00e9tation en Simultan\u00e9e<\/a><\/strong><br \/>\nParfait pour des congr\u00e8s, des conf\u00e9rences ou des s\u00e9minaires. Nos interpr\u00e8tes travaillent dans des cabines insonoris\u00e9es et traduisent en temps r\u00e9el pour le public, ce qui permet un d\u00e9roulement fluide de l&rsquo;\u00e9v\u00e9nement.<br \/>\n<strong>2. Interpr\u00e9tation en cons\u00e9cutive<\/strong><br \/>\nId\u00e9al pour les r\u00e9unions d&rsquo;affaires, les conf\u00e9rences de presse et les comparutions judiciaires. L&rsquo;interpr\u00e8te prend des notes pendant que l&rsquo;orateur parle, puis transmet le message dans la langue cible.<br \/>\n<strong>Interpr\u00e9tation de liaison ou bilat\u00e9rale<\/strong><br \/>\nUtilis\u00e9 lors d&rsquo;entretiens, de n\u00e9gociations ou de visites commerciales, o\u00f9 l&rsquo;interpr\u00e8te sert de pont entre deux parties, facilitant ainsi une communication fluide entre elles.<br \/>\n<strong>4. Interpr\u00e9tation asserment\u00e9e<\/strong><br \/>\nN\u00e9cessaire dans les proc\u00e9dures judiciaires, les actes notari\u00e9s ou les d\u00e9marches administratives. Nos interpr\u00e8tes asserment\u00e9s sont agr\u00e9\u00e9s par le minist\u00e8re espagnol des Affaires \u00e9trang\u00e8res et de la Coop\u00e9ration.<br \/>\n<strong>interpr\u00e9tation \u00e0 distance (appel vid\u00e9o ou t\u00e9l\u00e9phonique)<\/strong><br \/>\nPour les clients qui ne peuvent pas se d\u00e9placer, nous proposons un service d&rsquo;interpr\u00e9tation professionnelle \u00e0 distance, avec la m\u00eame qualit\u00e9 et la m\u00eame confidentialit\u00e9 qu&rsquo;en pr\u00e9sentiel.<\/p>\n<h2>combinaisons de langue les plus demand\u00e9es<\/h2>\n<p>A malaga, la demande de langues est aussi diversifi\u00e9 que la ville elle-m\u00eame Voici quelques unes des combinaisons linguistiques les plus populaires que nous offrons :<\/p>\n<ul>\n<li><strong>espagnol &#8211; anglais<\/strong><\/li>\n<li><strong>espagnol &#8211; fran\u00e7ais<\/strong><\/li>\n<li><strong>espagnol &#8211; allemand<\/strong><\/li>\n<li><strong>espagnol &#8211; italien<\/strong><\/li>\n<li><strong>espagnol &#8211; portugais<\/strong><\/li>\n<li><strong>espagnol &#8211; arabe<\/strong><\/li>\n<li><strong>espagnol &#8211; chinois (mandarin)<\/strong><\/li>\n<li><strong>espagnol &#8211; russe<\/strong><\/li>\n<li><strong>espagnol &#8211; roumain<\/strong><\/li>\n<\/ul>\n<p>De plus, nous travaillons avec plus de 50 combinaisons linguistes, ce qui nous permet de couvrir des \u00e9v\u00e8nements internationaux et des clients du monde entier.<\/p>\n<p>Types de documents pour ceux o\u00f9 l&rsquo;on a besoin d&rsquo;une interpr\u00e9tation<\/p>\n<p>Beaucoup de nos clients viennent nous voir avec des besoins sp\u00e9cifiques qui vont au-del\u00e0 d&rsquo;une simple traduction. Voici quelques exemples de documents et de contextes fr\u00e9quents dans lesquels un interpr\u00e8te professionnel est sollicit\u00e9 \u00e0 Malaga :<\/p>\n<ul>\n<li><strong>Actes notariaux et documents l\u00e9gaux<\/strong><\/li>\n<li><strong>Proc\u00e8s et audiences judiciaires<\/strong><\/li>\n<li><strong>Entretiens relatifs \u00e0 l&rsquo;asile et \u00e0 l&rsquo;immigration<\/strong><\/li>\n<li><strong>R\u00e9unions corporatives<\/strong><\/li>\n<li><strong>Conf\u00e9rences internationales<\/strong><\/li>\n<li><strong>Pr\u00e9sentation de produits<\/strong><\/li>\n<li><strong>Visite guid\u00e9es ou techniques<\/strong><\/li>\n<li><strong>Traitements m\u00e9dicaux et consultations cliniques<\/strong><\/li>\n<\/ul>\n<p>Notre \u00e9quipe veille \u00e0 pr\u00e9parer chaque interpr\u00e9tation \u00e0 l&rsquo;avance, en recherchant la terminologie sp\u00e9cifique et le contexte, afin de garantir une communication claire et sans erreur.<\/p>\n<h2>Avez-vous besoin d&rsquo;un interpr\u00e8te \u00e0 Malaga ? Contactez-nous<\/h2>\n<p>&nbsp;<\/p>\n<p>Chez Translinguo Global, nous ne fournissons pas seulement des interpr\u00e8tes, nous proposons \u00e9galement des <strong>solutions linguistiques sur mesure.<\/strong> Notre engagement envers la qualit\u00e9, la confidentialit\u00e9 et le professionnalisme a fait de nous une r\u00e9f\u00e9rence pour les multinationales, les institutions publiques et les particuliers. <\/p>\n<p>\ud83d\udccd <strong>Bas\u00e9s \u00e0 Barcelone<\/strong>, nous pouvons nous d\u00e9placer rapidement partout dans la ville ou travailler \u00e0 distance, selon vos besoins.<\/p>\n<p>\ud83d\udd10 Certification et confidentialit\u00e9 garantie<\/p>\n<p>\ud83d\udcde <strong>Contactez-nous d\u00e8s aujourd&rsquo;hui<\/strong> pour demander un devis personnalis\u00e9 sans engagement. D\u00e9couvrez pourquoi nous sommes le prestataire de services d&rsquo;interpr\u00e9tation de confiance \u00e0 Madrid. <\/p>\n<p><strong><a href=\"https:\/\/translinguoglobal.com\/fr\/\">Translinguo Global<\/a> \u2013 Briser les barri\u00e8res linguistiques \u00e0 Madrid et au-del\u00e0.<\/strong><\/p>\n","protected":false},"excerpt":{"rendered":"<p>Interpr\u00e8tes \u00e0 Malaga : Services professionnels avec Translinguo Global &nbsp; Lorsqu&rsquo;il s&rsquo;agit d&rsquo;interpr\u00e8tes \u00e0 Malaga, la qualit\u00e9 et la pr\u00e9cision ne sont pas optionnelles : elles sont essentielles. Dans une ville cosmopolite comme Malaga, o\u00f9 se croisent les chemins culturels, \u00e9conomiques et diplomatiques, nous nous appuyons sur un service d&rsquo;interpr\u00e9tation fiable peut faire la diff\u00e9rence [&hellip;]<\/p>\n","protected":false},"author":3,"featured_media":93391,"parent":0,"menu_order":0,"comment_status":"closed","ping_status":"closed","template":"","meta":{"_crdt_document":"","inline_featured_image":false,"site-sidebar-layout":"default","site-content-layout":"","ast-site-content-layout":"default","site-content-style":"default","site-sidebar-style":"default","ast-global-header-display":"","ast-banner-title-visibility":"","ast-main-header-display":"","ast-hfb-above-header-display":"","ast-hfb-below-header-display":"","ast-hfb-mobile-header-display":"","site-post-title":"","ast-breadcrumbs-content":"","ast-featured-img":"","footer-sml-layout":"","ast-disable-related-posts":"","theme-transparent-header-meta":"default","adv-header-id-meta":"","stick-header-meta":"","header-above-stick-meta":"","header-main-stick-meta":"","header-below-stick-meta":"","astra-migrate-meta-layouts":"default","ast-page-background-enabled":"default","ast-page-background-meta":{"desktop":{"background-color":"var(--ast-global-color-4)","background-image":"","background-repeat":"repeat","background-position":"center center","background-size":"auto","background-attachment":"scroll","background-type":"","background-media":"","overlay-type":"","overlay-color":"","overlay-opacity":"","overlay-gradient":""},"tablet":{"background-color":"","background-image":"","background-repeat":"repeat","background-position":"center center","background-size":"auto","background-attachment":"scroll","background-type":"","background-media":"","overlay-type":"","overlay-color":"","overlay-opacity":"","overlay-gradient":""},"mobile":{"background-color":"","background-image":"","background-repeat":"repeat","background-position":"center center","background-size":"auto","background-attachment":"scroll","background-type":"","background-media":"","overlay-type":"","overlay-color":"","overlay-opacity":"","overlay-gradient":""}},"ast-content-background-meta":{"desktop":{"background-color":"var(--ast-global-color-5)","background-image":"","background-repeat":"repeat","background-position":"center center","background-size":"auto","background-attachment":"scroll","background-type":"","background-media":"","overlay-type":"","overlay-color":"","overlay-opacity":"","overlay-gradient":""},"tablet":{"background-color":"var(--ast-global-color-5)","background-image":"","background-repeat":"repeat","background-position":"center center","background-size":"auto","background-attachment":"scroll","background-type":"","background-media":"","overlay-type":"","overlay-color":"","overlay-opacity":"","overlay-gradient":""},"mobile":{"background-color":"var(--ast-global-color-5)","background-image":"","background-repeat":"repeat","background-position":"center center","background-size":"auto","background-attachment":"scroll","background-type":"","background-media":"","overlay-type":"","overlay-color":"","overlay-opacity":"","overlay-gradient":""}},"footnotes":""},"class_list":["post-100708","page","type-page","status-publish","has-post-thumbnail","hentry"],"_links":{"self":[{"href":"https:\/\/translinguoglobal.com\/fr\/wp-json\/wp\/v2\/pages\/100708","targetHints":{"allow":["GET"]}}],"collection":[{"href":"https:\/\/translinguoglobal.com\/fr\/wp-json\/wp\/v2\/pages"}],"about":[{"href":"https:\/\/translinguoglobal.com\/fr\/wp-json\/wp\/v2\/types\/page"}],"author":[{"embeddable":true,"href":"https:\/\/translinguoglobal.com\/fr\/wp-json\/wp\/v2\/users\/3"}],"replies":[{"embeddable":true,"href":"https:\/\/translinguoglobal.com\/fr\/wp-json\/wp\/v2\/comments?post=100708"}],"version-history":[{"count":0,"href":"https:\/\/translinguoglobal.com\/fr\/wp-json\/wp\/v2\/pages\/100708\/revisions"}],"wp:featuredmedia":[{"embeddable":true,"href":"https:\/\/translinguoglobal.com\/fr\/wp-json\/wp\/v2\/media\/93391"}],"wp:attachment":[{"href":"https:\/\/translinguoglobal.com\/fr\/wp-json\/wp\/v2\/media?parent=100708"}],"curies":[{"name":"wp","href":"https:\/\/api.w.org\/{rel}","templated":true}]}}