{"id":100594,"date":"2025-12-09T11:25:08","date_gmt":"2025-12-09T10:25:08","guid":{"rendered":"https:\/\/translinguoglobal.com\/traduction-assermentee-de-votre-cni-nie-ou-passeport\/"},"modified":"2025-12-10T10:08:15","modified_gmt":"2025-12-10T09:08:15","slug":"traduction-assermentee-de-votre-cni-nie-ou-passeport","status":"publish","type":"page","link":"https:\/\/translinguoglobal.com\/fr\/traduction-assermentee-de-votre-cni-nie-ou-passeport\/","title":{"rendered":"Traduction asserment\u00e9e de votre CNI, NIE ou passeport"},"content":{"rendered":"<p>Avez-vous besoin d&rsquo;une <strong><a href=\"https:\/\/es.wikipedia.org\/wiki\/Traducci%C3%B3n_jurada\" target=\"_blank\" rel=\"noopener\">traduction asserment\u00e9e <\/a>de votre CNI, NIE ou passeport <\/strong>? Chez<strong> Translinguo Global<\/strong>, nous vous offrons un service rapide, pr\u00e9cis et compl\u00e9tement valide devant une quelconque institution publique ou priv\u00e9e. Nous sommes une agence de traduction <strong>certifi\u00e9e ISO<\/strong>, et nous travaillons avec des <strong>traducteurs asserment\u00e9s officiels<\/strong> reconnus par le minist\u00e8re de l&rsquo;Europe et des Affaires \u00c9trang\u00e8res (MEAE) et autres autorit\u00e9s comp\u00e9tentes dans plus de <strong>150 langues<\/strong>.<\/p>\n<h2><a href=\"https:\/\/translinguoglobal.com\/que-es-una-traduccion-jurada\/\"><strong>Qu&rsquo;est-ce qu&rsquo;une traduction asserment\u00e9e ?<\/strong><\/a><\/h2>\n<p>Une <strong><a href=\"https:\/\/translinguoglobal.com\/fr\/service-de-traduction-assermentee\/\">traduction asserment\u00e9e<\/a><\/strong> est une traduction officielle qui a une valeur l\u00e9gale devant les organismes publiques et priv\u00e9s Elle sera sign\u00e9 et le sceau d&rsquo;un <strong>traducteur juridique accr\u00e9dit\u00e9<\/strong> sera appos\u00e9, ce qui garantie la fid\u00e9lit\u00e9 et la v\u00e9racit\u00e9 du document traduit conform\u00e9ment \u00e0 l&rsquo;original. Dans le cas de documents d&rsquo;identit\u00e9 comme la <strong><a href=\"https:\/\/es.wikipedia.org\/wiki\/Documento_nacional_de_identidad_(Espa%C3%B1a)\" target=\"_blank\" rel=\"noopener\">CNI (Carte Nationale d&rsquo;Identit\u00e9)<\/a>, <a href=\"https:\/\/es.wikipedia.org\/wiki\/N%C3%BAmero_de_identidad_de_extranjero\" target=\"_blank\" rel=\"noopener\">NIE (Num\u00e9ros d&rsquo;Identification d&rsquo;\u00c9tranger<\/a>)<\/strong> ou <strong><a href=\"https:\/\/es.wikipedia.org\/wiki\/Pasaporte\" target=\"_blank\" rel=\"noopener\">passeport<\/a><\/strong>, la traduction asserment\u00e9e est indispensable pour les d\u00e9marches administratives, l\u00e9gales ou acad\u00e9miques aussi bien en Espagne qu&rsquo;\u00e0 l&rsquo;\u00e9tranger.<\/p>\n<h2><strong>Quand avez-vous besoin d&rsquo;une traduction asserment\u00e9e de votre CNI, NIE ou passeport ?<\/strong><\/h2>\n<p>Il existe de multiples situations o\u00f9 il faut pr\u00e9senter une <strong>traduction asserment\u00e9e de document d&rsquo;identit\u00e9,<\/strong> tel que :<\/p>\n<ul>\n<li>Demande de visa ou de permis de r\u00e9sidence.<\/li>\n<li>Mariage civil ou citoyens \u00e9trangers.<\/li>\n<li>Demandes de nationalit\u00e9.<\/li>\n<li>Homologation de titre acad\u00e9miques.<\/li>\n<li>Ouverture d&rsquo;un compte bancaire \u00e0 l&rsquo;\u00e9tranger.<\/li>\n<li>Processus judiciaire ou administratifs.<\/li>\n<li>Con<\/li>\n<li>Inscription dans des universit\u00e9s internationales.<\/li>\n<\/ul>\n<p>Dans tous les cas ci-dessus, les autorit\u00e9s comp\u00e9tentes exigent que les documents soient <strong>traduis officiellement<\/strong> et n&rsquo;acceptent pas de traduction simple ni r\u00e9alis\u00e9es par des particuliers.<\/p>\n<h2><strong>Pourquoi faire confiance \u00e0 Translinguo Global ?<\/strong><\/h2>\n<p>Chez <strong>Translinguo Global<\/strong>, cela fait des ann\u00e9es que nous sommes les r\u00e9f\u00e9rents dans le secteur de la <strong>traduction asserment\u00e9e et technique<\/strong>, travaillant avec des <strong>clients particuliers, entreprises et organismes publiques.<\/strong> Notre exp\u00e9rience, certifications et le compromis avec la qualit\u00e9 nous positionnent comme l&rsquo;une des meilleurs agence du march\u00e9.<\/p>\n<h3><strong>\u2705 Plus de 150 langues disponibles<\/strong><\/h3>\n<p>de l&rsquo;anglais, du fran\u00e7ais, de l&rsquo;allemand et de l&rsquo;italien, jusqu&rsquo;\u00e0 l&rsquo;arabe, le russe, le chinois ou le japonais. Nous nous appuyons sur des<strong> traducteurs asserment\u00e9s sp\u00e9cialis\u00e9s<\/strong> dans plus de 150 langues afin que vous puissiez r\u00e9alis\u00e9 vos d\u00e9marches sans barri\u00e8re linguistiques.<\/p>\n<h3><strong>\u2705 Traducteurs asserment\u00e9s officiels<\/strong><\/h3>\n<p>Nous collaborons exclusivement avec <strong>des traducteurs asserment\u00e9s reconnus par des organismes officiels.<\/strong> Chaque traduction inclut la <strong>signature, le sceau et la certification du traducteur asserment\u00e9<\/strong>, ce qui la rends valide devant une quelconque entit\u00e9 publique ou priv\u00e9e.<\/p>\n<h3><strong>\u2705 Certification ISO<\/strong><\/h3>\n<p>Nous sommes r\u00e9git par les <strong>normes de qualit\u00e9 ISO 9001 et ISO 17100<\/strong>, sp\u00e9cifiques au secteur de la traduction. Ce qui garantie que nos processus satisfont au plus haut standards de gestion et de contr\u00f4le de qualit\u00e9.<\/p>\n<h3><strong>\u2705 Restitutions rapides et envoi s\u00fbre<\/strong><\/h3>\n<p>Nous savons que le temps est essentiel. c&rsquo;est pour cela que nous proposons des <strong>restitutions urgentes<\/strong> et la possibilit\u00e9 d&rsquo;envoyer aussi bien <strong>en format num\u00e9rique avec une signature \u00e9lectronique <\/strong>qu&rsquo;en <strong>version papier avec des envois certifi\u00e9s <\/strong>partout dans le monde.<\/p>\n<h3><strong>\u2705 Attention personnalis\u00e9e<\/strong><\/h3>\n<p>Notre \u00e9quipe d&rsquo;attention au client est disponible afin de r\u00e9soutre n&rsquo;importe quel doute avant, pendant et apr\u00e8s le processus. Nous vous conseillerons \u00e0 tout moment afin que votre d\u00e9marche soit rapide et sans contretemps.<\/p>\n<h2><strong>Qu&rsquo;est-ce qui est inclut dans une traduction asserment\u00e9 d&rsquo;une CNI, NIE ou passeport ?<\/strong><\/h2>\n<p>Une traduction asserment\u00e9e de documents d&rsquo;identit\u00e9 r\u00e9alis\u00e9e par Translinguo Global inclut :<\/p>\n<ul>\n<li>Une traduction compl\u00e8te et fid\u00e8le du contenu complet du document original.<\/li>\n<li>Sceau et signature du traducteur asserment\u00e9.<\/li>\n<li>Certification qui accr\u00e9dite la v\u00e9racit\u00e9 de la traduction.<\/li>\n<li>Format physique (papier) ou num\u00e9rique (PDF avec signature num\u00e9rique).<\/li>\n<li>Validation de son usage l\u00e9gal face \u00e0 n&rsquo;importe quel organisme officiel.<\/li>\n<\/ul>\n<p>De plus, si vous devez traduire plusieurs documents ensemble (par exemple, NIE + passeport + certificat de naissance), nous vous offrons des <strong>r\u00e9ductions sp\u00e9ciales par volume.<\/strong><\/p>\n<h2><strong>Comment demander votre traduction asserment\u00e9e ?<\/strong><\/h2>\n<p>Demander votre traduction asserment\u00e9e avec nous est rapide et facile:<\/p>\n<ol>\n<li><strong><a href=\"https:\/\/translinguoglobal.com\/fr\/budget\/\">Faites-nous parvenir votre document scann\u00e9 ou une photo claire<\/a><\/strong> de la CNI, NIE ou passeport par le biais de notre formulaire en ligne ou par mail.<\/li>\n<li>Nous vous enverrons un <strong>devis non n\u00e9gociable<\/strong> en moins d&rsquo;une heure.<\/li>\n<li>Une fois accept\u00e9e, nous proc\u00e9derons \u00e0 la traduction dans le d\u00e9lai accord\u00e9 (normal ou urgent).<\/li>\n<li>Vous recevrez la traduction asserment\u00e9e par mail et\/ou par messagerie physique, selon vos besoins.<\/li>\n<\/ol>\n<h2><strong>D\u00e9lais de restitution<\/strong><\/h2>\n<p>Nous comprenons que toutes les d\u00e9marches sont urgentes. C&rsquo;est pour cela que, chez Translinguo Global nous offrons:<\/p>\n<ul>\n<li><strong>Un service standard <\/strong>: restitution en 24 ou 48 heures.<\/li>\n<li><strong>Service urgent :<\/strong> restitution le jour m\u00eame ou en peu d&rsquo;heures (consulter les disponibilit\u00e9s).<\/li>\n<\/ul>\n<p>Nous adaptons toujours nos d\u00e9lais aux besoins du client, sans compromettre la qualit\u00e9 du service<\/p>\n<h2><strong>prix comp\u00e9titifs<\/strong><\/h2>\n<p>Nous offrons des tarifs ajust\u00e9es au march\u00e9, tout en maintenant un \u00e9quilibre parfait entre <strong>prix, qualit\u00e9 et rapidit\u00e9.<\/strong> Nos prix varient selon la langue, la longueur du document et le d\u00e9lai accord\u00e9. Demandez maintenant votre devis personallis\u00e9 non n\u00e9gociable.<\/p>\n<h2><strong>Dans quelle langue pouvons-nous vous aider ?<\/strong><\/h2>\n<p>Certaines des langues les plus communes pour la traduction asserment\u00e9e de CNI, NIE et passeports:<\/p>\n<ul>\n<li><a href=\"https:\/\/translinguoglobal.com\/fr\/traducteur-assermente-anglais\/\">Anglais<\/a><\/li>\n<li><a href=\"https:\/\/translinguoglobal.com\/fr\/traducteur-assermente-francais\/\">Fran\u00e7ais<\/a><\/li>\n<li><a href=\"https:\/\/translinguoglobal.com\/fr\/traducteur-assermente-en-allemand\/\">Allemand<\/a><\/li>\n<li><a href=\"https:\/\/translinguoglobal.com\/fr\/traducteur-assermente-italien\/\">Italien<\/a><\/li>\n<li><a href=\"https:\/\/translinguoglobal.com\/fr\/traducteur-assermente-portugais\/\">Portugais<\/a><\/li>\n<li><a href=\"https:\/\/translinguoglobal.com\/fr\/traducteur-assermente-en-chinois\/\">Chinois<\/a><\/li>\n<li><a href=\"https:\/\/translinguoglobal.com\/fr\/traducteur-assermente-arabe\/\">Arabe<\/a><\/li>\n<li><a href=\"https:\/\/translinguoglobal.com\/fr\/traducteur-assermente-en-russe\/\">Russe<\/a><\/li>\n<li><a href=\"https:\/\/translinguoglobal.com\/fr\/traducteur-assermente-en-roumain\/\">Roumain<\/a><\/li>\n<li><a href=\"https:\/\/translinguoglobal.com\/fr\/traducteur-assermente-ukrainien\/\">Ukrainien<\/a><\/li>\n<li><a href=\"https:\/\/translinguoglobal.com\/fr\/traducteur-assermente-polonais\/\">Polonais<\/a><\/li>\n<li><a href=\"https:\/\/translinguoglobal.com\/fr\/traductuer-assermente-neerlandais\/\">Hollandais<\/a><\/li>\n<li><a href=\"https:\/\/translinguoglobal.com\/fr\/traducteur-assermente-japonais\/\">Japonais<\/a><\/li>\n<\/ul>\n<p>Et bien plus. Que ce s<\/p>\n<h2><strong>Faites confiance \u00e0 nos experts en traduction asserment\u00e9e.<\/strong><\/h2>\n<p>Ne mettez pas en danger vos d\u00e9marches avec des traductions informels ou non officiels. Faites confiance \u00e0 <strong>Translinguo Global<\/strong>, l&rsquo;agence en pole de la <strong>traduction documents d&rsquo;identit\u00e9.<\/strong> Notre exp\u00e9rience, professionnelle et royal global des traducteurs asserment\u00e9e de documents d&rsquo;identit\u00e9.<\/p>\n<h3><strong>\u00bfAvez-vous des questions? Contactez-nous aujourd&rsquo;hui m\u00eame.<\/strong><\/h3>\n<p><strong>Translinguo Global &#8211; brise les barri\u00e8res de la langues en connectant le monde<\/strong><\/p>\n<p><strong> <\/strong><\/p>\n<p>&nbsp;<\/p>\n","protected":false},"excerpt":{"rendered":"<p>Avez-vous besoin d&rsquo;une traduction asserment\u00e9e de votre CNI, NIE ou passeport ? Chez Translinguo Global, nous vous offrons un service rapide, pr\u00e9cis et compl\u00e9tement valide devant une quelconque institution publique ou priv\u00e9e. Nous sommes une agence de traduction certifi\u00e9e ISO, et nous travaillons avec des traducteurs asserment\u00e9s officiels reconnus par le minist\u00e8re de l&rsquo;Europe et [&hellip;]<\/p>\n","protected":false},"author":3,"featured_media":100595,"parent":0,"menu_order":0,"comment_status":"closed","ping_status":"closed","template":"","meta":{"_crdt_document":"","inline_featured_image":false,"site-sidebar-layout":"default","site-content-layout":"","ast-site-content-layout":"default","site-content-style":"default","site-sidebar-style":"default","ast-global-header-display":"","ast-banner-title-visibility":"","ast-main-header-display":"","ast-hfb-above-header-display":"","ast-hfb-below-header-display":"","ast-hfb-mobile-header-display":"","site-post-title":"","ast-breadcrumbs-content":"","ast-featured-img":"","footer-sml-layout":"","ast-disable-related-posts":"","theme-transparent-header-meta":"default","adv-header-id-meta":"","stick-header-meta":"","header-above-stick-meta":"","header-main-stick-meta":"","header-below-stick-meta":"","astra-migrate-meta-layouts":"default","ast-page-background-enabled":"default","ast-page-background-meta":{"desktop":{"background-color":"var(--ast-global-color-4)","background-image":"","background-repeat":"repeat","background-position":"center center","background-size":"auto","background-attachment":"scroll","background-type":"","background-media":"","overlay-type":"","overlay-color":"","overlay-opacity":"","overlay-gradient":""},"tablet":{"background-color":"","background-image":"","background-repeat":"repeat","background-position":"center center","background-size":"auto","background-attachment":"scroll","background-type":"","background-media":"","overlay-type":"","overlay-color":"","overlay-opacity":"","overlay-gradient":""},"mobile":{"background-color":"","background-image":"","background-repeat":"repeat","background-position":"center center","background-size":"auto","background-attachment":"scroll","background-type":"","background-media":"","overlay-type":"","overlay-color":"","overlay-opacity":"","overlay-gradient":""}},"ast-content-background-meta":{"desktop":{"background-color":"var(--ast-global-color-5)","background-image":"","background-repeat":"repeat","background-position":"center center","background-size":"auto","background-attachment":"scroll","background-type":"","background-media":"","overlay-type":"","overlay-color":"","overlay-opacity":"","overlay-gradient":""},"tablet":{"background-color":"var(--ast-global-color-5)","background-image":"","background-repeat":"repeat","background-position":"center center","background-size":"auto","background-attachment":"scroll","background-type":"","background-media":"","overlay-type":"","overlay-color":"","overlay-opacity":"","overlay-gradient":""},"mobile":{"background-color":"var(--ast-global-color-5)","background-image":"","background-repeat":"repeat","background-position":"center center","background-size":"auto","background-attachment":"scroll","background-type":"","background-media":"","overlay-type":"","overlay-color":"","overlay-opacity":"","overlay-gradient":""}},"footnotes":""},"class_list":["post-100594","page","type-page","status-publish","has-post-thumbnail","hentry"],"_links":{"self":[{"href":"https:\/\/translinguoglobal.com\/fr\/wp-json\/wp\/v2\/pages\/100594","targetHints":{"allow":["GET"]}}],"collection":[{"href":"https:\/\/translinguoglobal.com\/fr\/wp-json\/wp\/v2\/pages"}],"about":[{"href":"https:\/\/translinguoglobal.com\/fr\/wp-json\/wp\/v2\/types\/page"}],"author":[{"embeddable":true,"href":"https:\/\/translinguoglobal.com\/fr\/wp-json\/wp\/v2\/users\/3"}],"replies":[{"embeddable":true,"href":"https:\/\/translinguoglobal.com\/fr\/wp-json\/wp\/v2\/comments?post=100594"}],"version-history":[{"count":1,"href":"https:\/\/translinguoglobal.com\/fr\/wp-json\/wp\/v2\/pages\/100594\/revisions"}],"predecessor-version":[{"id":100597,"href":"https:\/\/translinguoglobal.com\/fr\/wp-json\/wp\/v2\/pages\/100594\/revisions\/100597"}],"wp:featuredmedia":[{"embeddable":true,"href":"https:\/\/translinguoglobal.com\/fr\/wp-json\/wp\/v2\/media\/100595"}],"wp:attachment":[{"href":"https:\/\/translinguoglobal.com\/fr\/wp-json\/wp\/v2\/media?parent=100594"}],"curies":[{"name":"wp","href":"https:\/\/api.w.org\/{rel}","templated":true}]}}