{"id":100571,"date":"2025-12-09T11:09:20","date_gmt":"2025-12-09T10:09:20","guid":{"rendered":"https:\/\/translinguoglobal.com\/traduction-assermentee-decritures\/"},"modified":"2025-12-10T10:12:37","modified_gmt":"2025-12-10T09:12:37","slug":"traduction-assermentee-decritures","status":"publish","type":"page","link":"https:\/\/translinguoglobal.com\/fr\/traduction-assermentee-decritures\/","title":{"rendered":"Traduction asserment\u00e9e d&rsquo;\u00c9critures"},"content":{"rendered":"<p>Chez Translinguo Global, nous sommes expert en <strong>traduction asserment\u00e9e d&rsquo;\u00e9criture<\/strong>, ayant une validit\u00e9 l\u00e9gal devant les organismes officieux, notaires, registres et tribunaux. Nous nous appuyons sur une \u00e9quipe de <a href=\"https:\/\/www.exteriores.gob.es\/es\/ServiciosAlCiudadano\/Paginas\/Traductores-Interpretes-Jurados.aspx\" target=\"_blank\" rel=\"noopener\">traducteurs asserment\u00e9s accr\u00e9dit\u00e9s par le minist\u00e8re des Affaires \u00c9trang\u00e8res<\/a> et autres institutions internationales, ce qui nous garantie que vos documents se traduisent avec une fid\u00e9lit\u00e9 totale et pr\u00e9cision.<\/p>\n<p>Si vous avez besoin que vos \u00e9critures soient accept\u00e9es sans objections dans n&rsquo;importe quel pays, notre exp\u00e9rience et nos professionnels s\u00e9rieux sont votre meilleur garantie.<\/p>\n<h2><strong>Qu&rsquo;est-ce qu&rsquo;une traduction asserment\u00e9e d&rsquo;\u00c9critures ?<\/strong><\/h2>\n<p>Les <strong>\u00e9critures publiques<\/strong> sont des documents qui accr\u00e9ditent des actes juridiques : achat d&rsquo;immeubles, pouvoirs notariaux, contrats matrimoniaux, constitution de soci\u00e9t\u00e9s, testaments, entre autres.<\/p>\n<p>Lorsque ces documents doivent avoir des effets \u00e0 l&rsquo;\u00e9tranger, l&rsquo;autorit\u00e9 comp\u00e9tente \u00e0 pour habitude d&rsquo;exiger que des accompagnateurs d&rsquo;une traduction asserment\u00e9 viennent, c&rsquo;est \u00e0 dire, une traduction certifi\u00e9e, sign\u00e9e et scell\u00e9 par un traducteur asserment\u00e9 autoris\u00e9.<\/p>\n<p>La traduction asserment\u00e9e rev\u00eat un caract\u00e8re officiel et de croyance publique: le traducteur asserment\u00e9 assume la responsabilit\u00e9 l\u00e9gal qu&rsquo;un document traduit soit fid\u00e8le \u00e0 l&rsquo;original Pour autant, toutes les agences de traduction ne peuvent pas offrir ce service. Il est fondamental de s&rsquo;appuyer sur des professionnels accr\u00e9dit\u00e9s qui garantissent la validit\u00e9 de la documentation devant les institutions publiques et priv\u00e9es.<\/p>\n<p>Chez Translinguo Global, cela fait plus d&rsquo;une d\u00e9cennie que nous offrons ce service avec succ\u00e9s, nous adaptant aux requis sp\u00e9cifiques de chaque pays de destination.<\/p>\n<h2><strong>Traductions asserment\u00e9es dans plus de 150 langues<\/strong><\/h2>\n<p>Une de nos principales valeurs diff\u00e9rentielles est notre <strong>couverture linguistique global \u00e9tendu.<\/strong> Chez Translinguo Global, nous nous appuyons sur des traducteurs asserment\u00e9s de plus de 150 langues, incluant des combinaisons moins fr\u00e9quentes comme :<\/p>\n<ul>\n<li><a href=\"https:\/\/translinguoglobal.com\/fr\/traducteur-assermente-arabe\/\">Arabe<\/a> &#8211; <a href=\"https:\/\/translinguoglobal.com\/fr\/traducteur-assermente-espagnol\/\">Espagnol<\/a><\/li>\n<li><a href=\"https:\/\/translinguoglobal.com\/fr\/traducteur-assermente-en-russe\/\">Russe<\/a> &#8211; <a href=\"https:\/\/translinguoglobal.com\/fr\/traducteur-assermente-espagnol\/\">Espagnol<\/a><\/li>\n<li><a href=\"https:\/\/translinguoglobal.com\/fr\/traducteur-assermente-en-chinois\/\">Mandarin chinoi<\/a> &#8211; <a href=\"https:\/\/translinguoglobal.com\/fr\/traducteur-assermente-espagnol\/\">Espa\u00f1ol<\/a><\/li>\n<li><a href=\"https:\/\/translinguoglobal.com\/fr\/traducteur-assermente-japonais\/\">Mandarin<\/a> \u2013 <a href=\"https:\/\/translinguoglobal.com\/fr\/traducteur-assermente-espagnol\/\">Espagnol<\/a><\/li>\n<li><a href=\"https:\/\/translinguoglobal.com\/fr\/traducteur-assermente-polonais\/\">Polonais<\/a> &#8211; <a href=\"https:\/\/translinguoglobal.com\/fr\/traducteur-assermente-espagnol\/\">Espagnol<\/a><\/li>\n<li>Roumain &#8211; <a href=\"https:\/\/translinguoglobal.com\/fr\/traducteur-assermente-espagnol\/\">Espagnol<\/a><\/li>\n<li>H\u00e9breux &#8211; <a href=\"https:\/\/translinguoglobal.com\/fr\/traducteur-assermente-espagnol\/\">Espagnol <\/a><\/li>\n<li>Norv\u00e9gien &#8211; <a href=\"https:\/\/translinguoglobal.com\/fr\/traducteur-assermente-espagnol\/\">Espagnol<\/a><\/li>\n<li>Turque &#8211; <a href=\"https:\/\/translinguoglobal.com\/fr\/traducteur-assermente-espagnol\/\">Espagnol<\/a><\/li>\n<\/ul>\n<p>et, bien s\u00fbr, nous travaillons avec les principales langues europ\u00e9ennes: angleterre, fran\u00e7ais, allemand, italien et portugais<\/p>\n<p>Si vous avez besoin de pr\u00e9senter vos \u00e9critures dans diverses juridictions, nous pouvons coordonner des traductions asserment\u00e9 dans divers langues en m\u00eame temps, ce qui r\u00e9duit des temps et garantie la coh\u00e9rence terminologique de tous les documents.<\/p>\n<h2><strong>processus certifi\u00e9s et qualit\u00e9 garantie<\/strong><\/h2>\n<p>Nous sommes une agence de traduction <strong>certifi\u00e9e selon les normes ISO 9001 et ISO 17100<\/strong>, qui r\u00e9gulent sp\u00e9cialement les processus de traduction professionnel. Ces certifications sont un mod\u00e8le de notre engagement de qualit\u00e9, la tra\u00e7abilit\u00e9 de chaque projet et la satisfaction du client.<\/p>\n<p>Chaque traduction asserment\u00e9e d&rsquo;\u00e9criture suit un processus rigoureux et standardis\u00e9e :<\/p>\n<ol>\n<li><strong>Analyse du document original:<\/strong> nous v\u00e9rifions les r\u00e9quisitions l\u00e9gales, format et extensions.<\/li>\n<li><strong>S\u00e9lection du traducteur asserment\u00e9 idoine:<\/strong> nous s\u00e9lectionnons le professionnel accr\u00e9dit\u00e9 les plus ad\u00e9quat pour la langue et la sp\u00e9cialit\u00e9 asserment\u00e9 du document.<\/li>\n<li><strong>Traduction et certification:<\/strong> le traducteur r\u00e9alise la version officiel, sign\u00e9 et appose un sceau \u00e0 la norme en vigueur.<\/li>\n<li><strong>Contr\u00f4le de qualit\u00e9:<\/strong> v\u00e9rification interne pour assurer une pr\u00e9cision et une pr\u00e9sentation impeccable.<\/li>\n<li>Restitution: nous envoyons la traduction du format physique (avec le sceau et la signature original) ou en format \u00e9lectronique avec une signature num\u00e9rique qualifi\u00e9e, selon la norme applicable.<\/li>\n<\/ol>\n<h2><strong>Pourquoi choisir Translinguo Global ?<\/strong><\/h2>\n<p><strong>Translinguo Global <\/strong>n&rsquo;est pas seulement un fournisseur de traductions juridiques. Nous sommes un partenaire strat\u00e9gique avec une exp\u00e9rience international \u00e9tendu et une approche proche du client.<\/p>\n<p>Parmi nos principales valeurs ajout\u00e9s se trouvent :<\/p>\n<ul>\n<li><strong>Exp\u00e9rience d\u00e9montrable<\/strong> : plus de 10 ann\u00e9es de traductions d&rsquo;\u00e9critures notariales, documents mercantiles et autres textes asserment\u00e9s<\/li>\n<li><strong>Couverture multilingue:<\/strong> plus de 150 langues disponibles, ce qui inclue des combinaisons peu fr\u00e9quentes.<\/li>\n<li><strong>Certifications de qualit\u00e9 :<\/strong> nous travaillons sous les normes ISO 9001 et ISO 17100, qui garantissent un processus control\u00e9s et r\u00e9sultats professionnels.<\/li>\n<li><strong>Attention personnalis\u00e9e : <\/strong>nous offrons un accessoire pour que votre documentation compl\u00e8te tous les requis de l\u00e9galisations (Apostille de la Haye, l\u00e9galisations consulaires, etc.).<\/li>\n<li><strong>Rapidit\u00e9 et ponctualit\u00e9 :<\/strong> service d&rsquo;urgence disponible sur demande.<\/li>\n<li><strong>Confidentialit\u00e9 absolut <\/strong>: nous g\u00e9rons les informations sensibles avec la plus grande rigueur et discr\u00e9tions.<\/li>\n<\/ul>\n<h2><strong>Quelles types d&rsquo;\u00e9critures traduisons-nous ?<\/strong><\/h2>\n<p>nous nous chargeons de la traduction asserment\u00e9 de tous type d&rsquo;\u00e9critures publiques et documents notariaux, parmi eux :<\/p>\n<ul>\n<li>\u00e9criture d&rsquo;achat<\/li>\n<li>\u00e9critures de constitution de soci\u00e9t\u00e9s<\/li>\n<li>Testaments et actes notariaux<\/li>\n<li>Pouvoir g\u00e9n\u00e9raux et sp\u00e9cials<\/li>\n<li>contrats de mariages<\/li>\n<li>D\u00e9clarations asserment\u00e9s<\/li>\n<li>Donations et h\u00e9ritages<\/li>\n<li>Actes de manifestations<\/li>\n<li>Protocoles notariaux<\/li>\n<\/ul>\n<p>Si votre document n&rsquo;apparait pas dans la liste, contactez-nous Nous sommes pr\u00e9par\u00e9s afin de couvrir n&rsquo;importe quel n\u00e9cessit\u00e9 sp\u00e9cifique avec des solutions sur mesures.<\/p>\n<h2><strong>comment engager votre traduction asserment\u00e9 d&rsquo;\u00e9criture<\/strong><\/h2>\n<p>Nous avons simplifi\u00e9 le processus d&rsquo;engagement afin que vous puissiez tout g\u00e9rer confortablement :<\/p>\n<ol>\n<li><strong>Envoyez le document :<\/strong> envoyez-nous une copie scann\u00e9e de l&rsquo;\u00e9criture par notre formulaire web ou mail.<\/li>\n<li><strong>Devis imm\u00e9diat : <\/strong>nous vous enverrons un devis d\u00e9taill\u00e9 et sans compromis.<\/li>\n<li>Confirmation et paiement : une fois approuv\u00e9, nous commen\u00e7ons la traduction avec une priorit\u00e9 maximum.<\/li>\n<li><strong>Restitution <\/strong>: vous recevrez votre traduction asserment\u00e9 dans le format que vous pr\u00e9f\u00e9rez (imprim\u00e9 ou num\u00e9rique) et dans le d\u00e9lai accord\u00e9.<\/li>\n<\/ol>\n<p>Si vous avez besoin de conseill\u00e9 sur la l\u00e9galisation international, notre \u00e9quipe peut s&rsquo;orienter \u00e0 chaque \u00e9tape.<\/p>\n<h2><strong>Ayez confiance dans un associ\u00e9 global de confiance<\/strong><\/h2>\n<p>La traduction asserment\u00e9 d&rsquo;une \u00e9criture n&rsquo;est pas un long fleuve tranquille : sa validit\u00e9 l\u00e9gal d\u00e9pend de l&rsquo;exactitude de chaque terme. Pour cela, des milliers de clients (entreprises multinationales, cabinet d&rsquo;avocats et particuliers) consid\u00e8rent <strong>Translinguo Global<\/strong> en tant que son fournisseur de r\u00e9f\u00e9rence.<\/p>\n<p><strong>Solicita hoy tu presupuesto gratuito<\/strong> y descubre por qu\u00e9 somos l\u00edderes en traducci\u00f3n jurada con cobertura global, calidad certificada y atenci\u00f3n personalizada.<\/p>\n<p><strong>Translinguo Global &#8211; nous traduisons votre s\u00e9curit\u00e9 juridique dans la langue que vous avez besoins<\/strong><\/p>\n","protected":false},"excerpt":{"rendered":"<p>Chez Translinguo Global, nous sommes expert en traduction asserment\u00e9e d&rsquo;\u00e9criture, ayant une validit\u00e9 l\u00e9gal devant les organismes officieux, notaires, registres et tribunaux. Nous nous appuyons sur une \u00e9quipe de traducteurs asserment\u00e9s accr\u00e9dit\u00e9s par le minist\u00e8re des Affaires \u00c9trang\u00e8res et autres institutions internationales, ce qui nous garantie que vos documents se traduisent avec une fid\u00e9lit\u00e9 totale [&hellip;]<\/p>\n","protected":false},"author":3,"featured_media":100572,"parent":0,"menu_order":0,"comment_status":"closed","ping_status":"closed","template":"","meta":{"_crdt_document":"","inline_featured_image":false,"site-sidebar-layout":"default","site-content-layout":"","ast-site-content-layout":"default","site-content-style":"default","site-sidebar-style":"default","ast-global-header-display":"","ast-banner-title-visibility":"","ast-main-header-display":"","ast-hfb-above-header-display":"","ast-hfb-below-header-display":"","ast-hfb-mobile-header-display":"","site-post-title":"","ast-breadcrumbs-content":"","ast-featured-img":"","footer-sml-layout":"","ast-disable-related-posts":"","theme-transparent-header-meta":"default","adv-header-id-meta":"","stick-header-meta":"","header-above-stick-meta":"","header-main-stick-meta":"","header-below-stick-meta":"","astra-migrate-meta-layouts":"default","ast-page-background-enabled":"default","ast-page-background-meta":{"desktop":{"background-color":"var(--ast-global-color-4)","background-image":"","background-repeat":"repeat","background-position":"center center","background-size":"auto","background-attachment":"scroll","background-type":"","background-media":"","overlay-type":"","overlay-color":"","overlay-opacity":"","overlay-gradient":""},"tablet":{"background-color":"","background-image":"","background-repeat":"repeat","background-position":"center center","background-size":"auto","background-attachment":"scroll","background-type":"","background-media":"","overlay-type":"","overlay-color":"","overlay-opacity":"","overlay-gradient":""},"mobile":{"background-color":"","background-image":"","background-repeat":"repeat","background-position":"center center","background-size":"auto","background-attachment":"scroll","background-type":"","background-media":"","overlay-type":"","overlay-color":"","overlay-opacity":"","overlay-gradient":""}},"ast-content-background-meta":{"desktop":{"background-color":"var(--ast-global-color-5)","background-image":"","background-repeat":"repeat","background-position":"center center","background-size":"auto","background-attachment":"scroll","background-type":"","background-media":"","overlay-type":"","overlay-color":"","overlay-opacity":"","overlay-gradient":""},"tablet":{"background-color":"var(--ast-global-color-5)","background-image":"","background-repeat":"repeat","background-position":"center center","background-size":"auto","background-attachment":"scroll","background-type":"","background-media":"","overlay-type":"","overlay-color":"","overlay-opacity":"","overlay-gradient":""},"mobile":{"background-color":"var(--ast-global-color-5)","background-image":"","background-repeat":"repeat","background-position":"center center","background-size":"auto","background-attachment":"scroll","background-type":"","background-media":"","overlay-type":"","overlay-color":"","overlay-opacity":"","overlay-gradient":""}},"footnotes":""},"class_list":["post-100571","page","type-page","status-publish","has-post-thumbnail","hentry"],"_links":{"self":[{"href":"https:\/\/translinguoglobal.com\/fr\/wp-json\/wp\/v2\/pages\/100571","targetHints":{"allow":["GET"]}}],"collection":[{"href":"https:\/\/translinguoglobal.com\/fr\/wp-json\/wp\/v2\/pages"}],"about":[{"href":"https:\/\/translinguoglobal.com\/fr\/wp-json\/wp\/v2\/types\/page"}],"author":[{"embeddable":true,"href":"https:\/\/translinguoglobal.com\/fr\/wp-json\/wp\/v2\/users\/3"}],"replies":[{"embeddable":true,"href":"https:\/\/translinguoglobal.com\/fr\/wp-json\/wp\/v2\/comments?post=100571"}],"version-history":[{"count":1,"href":"https:\/\/translinguoglobal.com\/fr\/wp-json\/wp\/v2\/pages\/100571\/revisions"}],"predecessor-version":[{"id":100639,"href":"https:\/\/translinguoglobal.com\/fr\/wp-json\/wp\/v2\/pages\/100571\/revisions\/100639"}],"wp:featuredmedia":[{"embeddable":true,"href":"https:\/\/translinguoglobal.com\/fr\/wp-json\/wp\/v2\/media\/100572"}],"wp:attachment":[{"href":"https:\/\/translinguoglobal.com\/fr\/wp-json\/wp\/v2\/media?parent=100571"}],"curies":[{"name":"wp","href":"https:\/\/api.w.org\/{rel}","templated":true}]}}