{"id":43589,"date":"2022-05-05T15:25:43","date_gmt":"2022-05-05T15:25:43","guid":{"rendered":"https:\/\/translinguoglobal.com\/resume-translation\/"},"modified":"2024-07-15T16:28:32","modified_gmt":"2024-07-15T14:28:32","slug":"cv-translation","status":"publish","type":"page","link":"https:\/\/translinguoglobal.com\/en\/cv-translation\/","title":{"rendered":"CV Translation"},"content":{"rendered":"<p>CV translation is extremely important nowadays!<\/p>\n<p>If you are thinking about working abroad, <strong> a CV translation is essential<\/strong> &#8211; mainly because this is the only method to ensure you transmit information about yourself in the right way. And this can be key for your application to pass the first filter.<\/p>\n<p>We are experts in professional CV writing and translation and we adapt it to the CV formats in each country. <strong>A good CV translation can be crucial.<\/strong><\/p>\n<h4>According to Forbes magazine:<\/h4>\n<blockquote><p><span style=\"color: #000000;\"><em>Forget everything you think you know and try to avoid a literal translation of your professional experience, you don&#8217;t want a &#8220;Spanglish&#8221; result that denotes how clueless you are about the language..<\/em><\/span><\/p><\/blockquote>\n<h2>We can help you with your CV translation<\/h2>\n<p><span style=\"font-size: 16px;\">At <\/span><a style=\"font-size: 16px; background-color: #ffffff;\" href=\"https:\/\/new.translinguoglobal.com\/en\/\">Translinguo Global\u00ae<\/a><span style=\"font-size: 16px;\"> we can advise and offer you the possibility of translating your CV, cover letter, motivation letter or other documents that can help you land the job you want. Count on our experts to make a good impression on your next job search abroad. Do not hesitate to send us your resume and documents so that we can advise you according to your professional goals.<\/span><\/p>\n<p><a href=\"https:\/\/translinguoglobal.com\/en\/quote\/\"><button style=\"background: #de183d;\">Send us your CV<\/button><\/a><\/p>\n","protected":false},"excerpt":{"rendered":"<p>\u00bfQuieres dar un gran paso en tu carrera profesional? En Translinguo Global\u00ae ofrecemos el servicio de traducci\u00f3n del curr\u00edculum para que puedas trabajar en el extranjero y abrirte un sin fin de posibilidades laborales. No esperes m\u00e1s y l\u00e1nzate a nuevas oportunidades, nosotros te acompa\u00f1aremos. <\/p>\n","protected":false},"author":3,"featured_media":39622,"parent":0,"menu_order":0,"comment_status":"closed","ping_status":"closed","template":"","meta":{"_crdt_document":"","inline_featured_image":false,"site-sidebar-layout":"default","site-content-layout":"default","ast-site-content-layout":"default","site-content-style":"default","site-sidebar-style":"default","ast-global-header-display":"","ast-banner-title-visibility":"","ast-main-header-display":"","ast-hfb-above-header-display":"","ast-hfb-below-header-display":"","ast-hfb-mobile-header-display":"","site-post-title":"","ast-breadcrumbs-content":"","ast-featured-img":"","footer-sml-layout":"","ast-disable-related-posts":"","theme-transparent-header-meta":"default","adv-header-id-meta":"","stick-header-meta":"","header-above-stick-meta":"","header-main-stick-meta":"","header-below-stick-meta":"","astra-migrate-meta-layouts":"set","ast-page-background-enabled":"default","ast-page-background-meta":{"desktop":{"background-color":"var(--ast-global-color-4)","background-image":"","background-repeat":"repeat","background-position":"center center","background-size":"auto","background-attachment":"scroll","background-type":"","background-media":"","overlay-type":"","overlay-color":"","overlay-opacity":"","overlay-gradient":""},"tablet":{"background-color":"","background-image":"","background-repeat":"repeat","background-position":"center center","background-size":"auto","background-attachment":"scroll","background-type":"","background-media":"","overlay-type":"","overlay-color":"","overlay-opacity":"","overlay-gradient":""},"mobile":{"background-color":"","background-image":"","background-repeat":"repeat","background-position":"center center","background-size":"auto","background-attachment":"scroll","background-type":"","background-media":"","overlay-type":"","overlay-color":"","overlay-opacity":"","overlay-gradient":""}},"ast-content-background-meta":{"desktop":{"background-color":"var(--ast-global-color-5)","background-image":"","background-repeat":"repeat","background-position":"center center","background-size":"auto","background-attachment":"scroll","background-type":"","background-media":"","overlay-type":"","overlay-color":"","overlay-opacity":"","overlay-gradient":""},"tablet":{"background-color":"var(--ast-global-color-5)","background-image":"","background-repeat":"repeat","background-position":"center center","background-size":"auto","background-attachment":"scroll","background-type":"","background-media":"","overlay-type":"","overlay-color":"","overlay-opacity":"","overlay-gradient":""},"mobile":{"background-color":"var(--ast-global-color-5)","background-image":"","background-repeat":"repeat","background-position":"center center","background-size":"auto","background-attachment":"scroll","background-type":"","background-media":"","overlay-type":"","overlay-color":"","overlay-opacity":"","overlay-gradient":""}},"footnotes":""},"class_list":["post-43589","page","type-page","status-publish","has-post-thumbnail","hentry"],"_links":{"self":[{"href":"https:\/\/translinguoglobal.com\/en\/wp-json\/wp\/v2\/pages\/43589","targetHints":{"allow":["GET"]}}],"collection":[{"href":"https:\/\/translinguoglobal.com\/en\/wp-json\/wp\/v2\/pages"}],"about":[{"href":"https:\/\/translinguoglobal.com\/en\/wp-json\/wp\/v2\/types\/page"}],"author":[{"embeddable":true,"href":"https:\/\/translinguoglobal.com\/en\/wp-json\/wp\/v2\/users\/3"}],"replies":[{"embeddable":true,"href":"https:\/\/translinguoglobal.com\/en\/wp-json\/wp\/v2\/comments?post=43589"}],"version-history":[{"count":1,"href":"https:\/\/translinguoglobal.com\/en\/wp-json\/wp\/v2\/pages\/43589\/revisions"}],"predecessor-version":[{"id":67156,"href":"https:\/\/translinguoglobal.com\/en\/wp-json\/wp\/v2\/pages\/43589\/revisions\/67156"}],"wp:featuredmedia":[{"embeddable":true,"href":"https:\/\/translinguoglobal.com\/en\/wp-json\/wp\/v2\/media\/39622"}],"wp:attachment":[{"href":"https:\/\/translinguoglobal.com\/en\/wp-json\/wp\/v2\/media?parent=43589"}],"curies":[{"name":"wp","href":"https:\/\/api.w.org\/{rel}","templated":true}]}}