{"id":50063,"date":"2022-07-21T08:57:44","date_gmt":"2022-07-21T08:57:44","guid":{"rendered":"https:\/\/translinguoglobal.com\/uebersetzung-aus-dem-arabischen\/"},"modified":"2024-05-14T20:04:21","modified_gmt":"2024-05-14T18:04:21","slug":"uebersetzung-aus-dem-arabischen","status":"publish","type":"page","link":"https:\/\/translinguoglobal.com\/de\/uebersetzung-aus-dem-arabischen\/","title":{"rendered":"\u00dcbersetzung aus dem Arabischen"},"content":{"rendered":"<p>Durch \u00dcbersetzung werden diese linguistischen und kulturellen Unterschiede dank der Arbeit von professionellen \u00dcbersetzern nicht wahrgenommen. In diesem Artikel werden wir \u00fcber die <strong>\u00dcbersetzung aus dem Arabischen <\/strong>sprechen: \u00fcber allgemeine Kenntnisse, die Schwierigkeiten beim \u00dcbersetzen und die Dienstleistungen, die wir anbieten.<\/p>\n<h3 style=\"text-align: center;\"><strong>Allgemeine Kenntnisse der arabischen Sprache<\/strong><\/h3>\n<p>Arabisch ist eine Makrosprache, die zum semitischen Zweig der afroasiatischen Sprachfamilie geh\u00f6rt, so wie Hebr\u00e4isch. Was die Anzahl der Sprecher betrifft, bel\u00e4uft sich diese auf 280 Millionen Menschen. Es ist zudem die f\u00fcnf meistgesprochene Sprache der Welt. Tats\u00e4chlich ist Arabisch die offizielle Sprache in zwanzig L\u00e4ndern und die Ko-Amtssprache in weiteren sechs. Alle Sprecher von Arabisch haben ihre eigene einheimische und umgangssprachliche Variante der Sprache. Jedoch tendieren sie dazu das Standard Arabisch zu lernen, da dieses am Arbeitsplatz und in den Medien verwendet wird.<\/p>\n<p>Arabisch ist eine sehr komplexe Sprache, da sie sich vom Spanischen stark unterscheidet. Die Kalligraphie und das Alphabet der Sprache sind \u00e4u\u00dferst spezifisch, au\u00dferdem ist der Unterschied zwischen dem gesprochenen und dem geschriebenen Arabisch sehr gro\u00df. Das Alphabet ist v\u00f6llig unterschiedlich zum lateinischen Alphabet, welches beispielsweise im Spanischen verwendet wird. Die Kalligraphie des Arabischen selbst besteht aus 28 Konsonanten, 3 langen Vokalen und anderen mit einem sehr kurzen Klang. Au\u00dferdem wird Arabisch von rechts nach links geschrieben und die Texte werden von hinten nach vorne gelesen. Kurzgefasst, es ist v\u00f6llig anders als Spanisch zum Beispiel.<\/p>\n<h3 style=\"text-align: center;\"><strong>Schwierigkeiten beim \u00dcbersetzen von Arabisch<\/strong><\/h3>\n<p>Beim \u00dcbersetzen gibt es viele Probleme, die die <strong>\u00dcbersetzung ins Arabische<\/strong> erschweren. Zun\u00e4chst verwendet Arabisch keine Pr\u00e4positionen oder Konjunktionen, um syntaktische Beziehungen auszudr\u00fccken. Dieses Problem bringt nur Schwierigkeiten bei der \u00dcbersetzung vom Spanischen ins Arabische hervor. Spanischsprechende tendieren zum Beispiel immer dazu Pr\u00e4positionen zu verwenden, die direkte und indirekte Erg\u00e4nzungen signalisieren.<\/p>\n<p>Dar\u00fcber hinaus hat das Verb im Arabischen einen \u201eAspekt\u201c und keine \u201eZeit\u201c. Um diese Zeitformen und Modi zu qualifizieren, werden temporale Partikel und modifizierende Verben verwendet. Ein weiteres Merkmal der arabischen Sprache ist, dass die S\u00e4tze koordiniert sind und es so gut wie keine Unterordnung gibt. Ein guter Trick f\u00fcr die \u00dcbersetzung vom Arabischen ins Spanische ist beispielsweise die Verwendung des Gerundiums.<\/p>\n<h3 style=\"text-align: center;\"><strong>Welche Arten von Arabisch-\u00dcbersetzungsdiensten bieten Agenturen an?<\/strong><\/h3>\n<p>Um eine optimale \u00dcbersetzung zu garantieren, z\u00e4hlen \u00dcbersetzungsagenturen auf muttersprachliche \u00dcbersetzer, die auf die Sprache spezialisiert sind. Arabisch ist au\u00dferdem eine Sprache die von gro\u00dfer religi\u00f6ser, kultureller und historischer Bedeutung ist. Aufgrund dessen muss bei der Lokalisierung eines Textes der kulturelle Kontext ber\u00fccksichtigt werden.<\/p>\n<p>\u00dcbersetzungsagenturen bieten eine Vielzahl an Dienstleistungen in der arabischen Sprache an: \u00dcbersetzungen von allgemeinen Texten, juristische \u00dcbersetzungen, technische \u00dcbersetzungen von Handb\u00fcchern etc. Beispiele f\u00fcr Agenturen, die diese Dienstleistungen anbieten sind<em> Amal Traductores, Ibidem Group, Blarlo, Agestrad <\/em>und andere.<\/p>\n<p>Besuchen Sie uns auch auf <a href=\"https:\/\/www.facebook.com\/translinguoglobal\" target=\"_blank\" rel=\"noopener\">Facebook<\/a>,<a href=\"https:\/\/www.instagram.com\/translinguoglobal\/\" target=\"_blank\" rel=\"noopener\"> Instagram<\/a> und <a href=\"https:\/\/es.linkedin.com\/company\/agencia-de-traduccion-translinguo-global\" target=\"_blank\" rel=\"noopener\">Linkedin.<\/a><\/p>\n<p>&nbsp;<\/p>\n","protected":false},"excerpt":{"rendered":"<p>Wenn wir \u00fcber \u00dcbersetzen sprechen, denken viele Menschen nur an die Sprachen, mit denen sie am meisten vertraut sind.<\/p>\n","protected":false},"author":3,"featured_media":68759,"parent":0,"menu_order":0,"comment_status":"closed","ping_status":"closed","template":"","meta":{"_crdt_document":"","inline_featured_image":false,"site-sidebar-layout":"no-sidebar","site-content-layout":"page-builder","ast-site-content-layout":"full-width-container","site-content-style":"default","site-sidebar-style":"default","ast-global-header-display":"","ast-banner-title-visibility":"","ast-main-header-display":"","ast-hfb-above-header-display":"","ast-hfb-below-header-display":"","ast-hfb-mobile-header-display":"","site-post-title":"disabled","ast-breadcrumbs-content":"","ast-featured-img":"disabled","footer-sml-layout":"","ast-disable-related-posts":"","theme-transparent-header-meta":"default","adv-header-id-meta":"","stick-header-meta":"","header-above-stick-meta":"","header-main-stick-meta":"","header-below-stick-meta":"","astra-migrate-meta-layouts":"set","ast-page-background-enabled":"default","ast-page-background-meta":{"desktop":{"background-color":"var(--ast-global-color-4)","background-image":"","background-repeat":"repeat","background-position":"center center","background-size":"auto","background-attachment":"scroll","background-type":"","background-media":"","overlay-type":"","overlay-color":"","overlay-opacity":"","overlay-gradient":""},"tablet":{"background-color":"","background-image":"","background-repeat":"repeat","background-position":"center center","background-size":"auto","background-attachment":"scroll","background-type":"","background-media":"","overlay-type":"","overlay-color":"","overlay-opacity":"","overlay-gradient":""},"mobile":{"background-color":"","background-image":"","background-repeat":"repeat","background-position":"center center","background-size":"auto","background-attachment":"scroll","background-type":"","background-media":"","overlay-type":"","overlay-color":"","overlay-opacity":"","overlay-gradient":""}},"ast-content-background-meta":{"desktop":{"background-color":"var(--ast-global-color-5)","background-image":"","background-repeat":"repeat","background-position":"center center","background-size":"auto","background-attachment":"scroll","background-type":"","background-media":"","overlay-type":"","overlay-color":"","overlay-opacity":"","overlay-gradient":""},"tablet":{"background-color":"var(--ast-global-color-5)","background-image":"","background-repeat":"repeat","background-position":"center center","background-size":"auto","background-attachment":"scroll","background-type":"","background-media":"","overlay-type":"","overlay-color":"","overlay-opacity":"","overlay-gradient":""},"mobile":{"background-color":"var(--ast-global-color-5)","background-image":"","background-repeat":"repeat","background-position":"center center","background-size":"auto","background-attachment":"scroll","background-type":"","background-media":"","overlay-type":"","overlay-color":"","overlay-opacity":"","overlay-gradient":""}},"footnotes":""},"class_list":["post-50063","page","type-page","status-publish","has-post-thumbnail","hentry"],"_links":{"self":[{"href":"https:\/\/translinguoglobal.com\/de\/wp-json\/wp\/v2\/pages\/50063","targetHints":{"allow":["GET"]}}],"collection":[{"href":"https:\/\/translinguoglobal.com\/de\/wp-json\/wp\/v2\/pages"}],"about":[{"href":"https:\/\/translinguoglobal.com\/de\/wp-json\/wp\/v2\/types\/page"}],"author":[{"embeddable":true,"href":"https:\/\/translinguoglobal.com\/de\/wp-json\/wp\/v2\/users\/3"}],"replies":[{"embeddable":true,"href":"https:\/\/translinguoglobal.com\/de\/wp-json\/wp\/v2\/comments?post=50063"}],"version-history":[{"count":1,"href":"https:\/\/translinguoglobal.com\/de\/wp-json\/wp\/v2\/pages\/50063\/revisions"}],"predecessor-version":[{"id":66957,"href":"https:\/\/translinguoglobal.com\/de\/wp-json\/wp\/v2\/pages\/50063\/revisions\/66957"}],"wp:featuredmedia":[{"embeddable":true,"href":"https:\/\/translinguoglobal.com\/de\/wp-json\/wp\/v2\/media\/68759"}],"wp:attachment":[{"href":"https:\/\/translinguoglobal.com\/de\/wp-json\/wp\/v2\/media?parent=50063"}],"curies":[{"name":"wp","href":"https:\/\/api.w.org\/{rel}","templated":true}]}}