{"id":49346,"date":"2022-07-14T07:16:38","date_gmt":"2022-07-14T07:16:38","guid":{"rendered":"https:\/\/translinguoglobal.com\/?page_id=49346"},"modified":"2022-07-14T07:16:38","modified_gmt":"2022-07-14T07:16:38","slug":"cookie-richtlinie","status":"publish","type":"page","link":"https:\/\/translinguoglobal.com\/de\/cookie-richtlinie\/","title":{"rendered":"COOKIE-RICHTLINIE"},"content":{"rendered":"<p><strong>COOKIE-RICHTLINIE<\/strong><\/p>\n<ol>\n<li><strong>Einf\u00fchrung<\/strong><\/li>\n<\/ol>\n<p>Unsere Webseite (im Folgenden: \u201edie Webseite\u201c) verwendet <em>Cookies<\/em> und andere damit verbundene Technologien (der Einfachheit halber werden alle Technologien als \u201e<em>Cookies\u201c<\/em> bezeichnet). <em>Cookies <\/em>werden auch von Dritten gesetzt, die wir unter Vertrag genommen haben. Im folgenden Dokument informieren wir Sie \u00fcber die Verwendung von <em>Cookies<\/em> auf unserer Webseite.<\/p>\n<ol>\n<li><strong>Was sind <em>Cookies<\/em>?<\/strong><\/li>\n<\/ol>\n<p>Ein <em>Cookie <\/em>ist eine kleine einfache Datei, die zusammen mit den Seiten dieser Webseite gesendet und von Ihrem Browser auf der Festplatte Ihres Computers oder eines anderen Ger\u00e4ts gespeichert wird. Die gespeicherten Informationen k\u00f6nnen bei einem sp\u00e4teren Besuch an unsere Server oder an die Server der betreffenden Dritten zur\u00fcckgesandt werden.<\/p>\n<ol>\n<li><strong>Was sind die <em>Scripts<\/em>?<\/strong><\/li>\n<\/ol>\n<p>Ein <em>Script<\/em> ist ein St\u00fcck Programmcode, das dazu dient, dass unsere Webseite korrekt und interaktiv funktioniert. Dieser Code wird auf unserem Server oder auf Ihrem Ger\u00e4t ausgef\u00fchrt.<\/p>\n<ol>\n<li><strong>Was ist ein Z\u00e4hlpixel?<\/strong><\/li>\n<\/ol>\n<p>Ein Z\u00e4hlpixel (oder Pixel-Tag) ist ein kleines, unsichtbares St\u00fcck Text oder Bild auf einer Webseite, das zur \u00dcberwachung des Datenverkehrs auf einer Webseite verwendet wird. Zu diesem Zweck werden verschiedene Daten \u00fcber Sie mittels Z\u00e4hlpixeln gespeichert.<\/p>\n<ol>\n<li><strong>Einwilligung<\/strong><\/li>\n<\/ol>\n<p>Wenn Sie unsere Webseite zum ersten Mal besuchen, wird Ihnen ein Pop-up-Fenster mit einer Erkl\u00e4rung zu den <em>Cookies<\/em> angezeigt. Sobald Sie auf &#8220;Einstellungen speichern&#8221; klicken, erm\u00e4chtigen Sie uns, die von Ihnen im Pop-up-Fenster ausgew\u00e4hlten Kategorien von <em>Cookies<\/em> und <em>Plug-ins<\/em> zu verwenden, wie in dieser <em>Cookie<\/em>-Erkl\u00e4rung beschrieben. Sie k\u00f6nnen die Verwendung von <em>Cookies<\/em> \u00fcber Ihren Browser deaktivieren, aber beachten Sie bitte, dass unsere Webseite dann m\u00f6glicherweise nicht mehr richtig funktioniert.<\/p>\n<p><strong>5.1 Verwaltung der Einwilligungseinstellungen<\/strong><\/p>\n<p>Der Nutzer hat das Recht, sein Einverst\u00e4ndnis zu zeigen, indem er die Zustimmung erteilt, die wir beim Besuch unserer Webseite einholen werden.<\/p>\n<p>Diese Einwilligung kann jederzeit ge\u00e4ndert werden.<\/p>\n<ol>\n<li><strong><em>Cookies<\/em><\/strong><\/li>\n<\/ol>\n<p><strong>6.1 Technische oder funktionale <em>Cookies<\/em> <\/strong><\/p>\n<p>Einige <em>Cookies<\/em> sorgen daf\u00fcr, dass bestimmte Teile der Webseite ordnungsgem\u00e4\u00df funktionieren und, dass Ihre Benutzereinstellungen bekannt bleiben. Indem wir funktionale <em>Cookies<\/em> setzen, erleichtern wir Ihnen den Besuch unserer Webseite. Auf diese Weise m\u00fcssen Sie nicht immer wieder dieselben Informationen eingeben, wenn Sie unsere Webseite besuchen, und die Artikel bleiben z. B. in Ihrem Warenkorb, bis Sie bezahlt haben. Wir k\u00f6nnen diese <em>Cookies<\/em> ohne Ihre Zustimmung setzen.<\/p>\n<p><strong>6.2 Analytische <em>Cookies <\/em><\/strong><\/p>\n<p>Dabei handelt es sich um die Daten, die von uns oder von Dritten verarbeitet werden und es uns erm\u00f6glichen, die Anzahl der Nutzer zu quantifizieren und somit eine Messung und statistische Analyse der Nutzung des angebotenen Dienstes durch die Nutzer durchzuf\u00fchren. Zu diesem Zweck wird Ihr Surfverhalten auf unserer Webseite analysiert, um das Angebot an Produkten und Dienstleistungen f\u00fcr Sie zu verbessern.<\/p>\n<p><strong>6.3 Werbe-<em>Cookies<\/em> <\/strong><\/p>\n<p>Dabei handelt es sich um die Daten, die entweder von uns oder von Dritten verarbeitet werden und die es uns erm\u00f6glichen, die Bereitstellung von Werbefl\u00e4chen auf der Webseite so effizient wie m\u00f6glich zu verwalten, indem wir den Inhalt der Werbung an den Inhalt der angeforderten Dienstleistung oder an die Nutzung unserer Webseite durch Sie anpassen. Zu diesem Zweck k\u00f6nnen wir Ihre Internet-Browsing-Gewohnheiten analysieren und Ihnen Werbung zeigen, die mit Ihrem Browsing-Profil zusammenh\u00e4ngt.<\/p>\n<p><strong>6.4 Schaltfl\u00e4chen f\u00fcr soziale Medien<\/strong><\/p>\n<p>Auf unserer Webseite haben wir Schaltfl\u00e4chen zum Werben f\u00fcr Seiten eingesetzt (z. B. \u201eGef\u00e4llt mir\u201c, \u201eAnheften\u201c) oder zum Teilen (z. B. \u201etweet\u201c) in sozialen Netzwerken wie z. B. auf Twitter. Diese Schaltfl\u00e4chen funktionieren mit ihrem eigenen Code. Dieser Code bettet <em>Cookies<\/em> ein. Diese Schaltfl\u00e4chen der sozialen Medien k\u00f6nnen bestimmte Informationen speichern und verarbeiten, so dass Ihnen m\u00f6glicherweise eine personalisierte Werbung angezeigt wird.<\/p>\n<p>Bitte lesen Sie die Datenschutzrichtlinien dieser sozialen Netzwerke (die sich h\u00e4ufig \u00e4ndern k\u00f6nnen), um herauszufinden, was sie mit Ihren (personenbezogenen) Daten machen, die sie mit diesen<em> Cookies<\/em> verarbeiten. Die Daten, die sie erhalten, werden so weit wie m\u00f6glich anonymisiert und befinden sich in den Vereinigten Staaten.<\/p>\n<p>cookies<\/p>\n<ol>\n<li><strong>Von uns verwendete <em>Cookies<\/em><\/strong><\/li>\n<\/ol>\n<table width=\"566\">\n<tbody>\n<tr>\n<td width=\"75\"><strong>COOKIE<\/strong><\/td>\n<td width=\"105\"><strong>EIGENT\u00dcMER<\/strong><\/td>\n<td width=\"102\"><strong>VERFALL<\/strong><\/td>\n<td width=\"95\"><strong>KATEGORIE<\/strong><\/td>\n<td width=\"188\"><strong>ZWECK<\/strong><\/td>\n<\/tr>\n<tr>\n<td width=\"75\">PHPSESSID<\/td>\n<td width=\"105\">Translinguoglobal.com<\/td>\n<td width=\"102\">Beim Schlie\u00dfen der Sitzung im Browser<\/td>\n<td width=\"95\"><\/td>\n<td width=\"188\">Sitzungs-<em>Cookies<\/em><\/td>\n<\/tr>\n<tr>\n<td width=\"75\">_gat_UA-152042874-1<\/td>\n<td width=\"105\">Google<\/td>\n<td width=\"102\">24 h<\/td>\n<td width=\"95\"><\/td>\n<td width=\"188\">Diese <em>Cookies<\/em> werden von Google Analytics gesetzt, um die Nutzung der Webseite zu verfolgen.<\/td>\n<\/tr>\n<tr>\n<td width=\"75\">_ga<\/td>\n<td width=\"105\">Google<\/td>\n<td width=\"102\">24 h<\/td>\n<td width=\"95\"><\/td>\n<td width=\"188\">Diese <em>Cookies<\/em> werden von Google Analytics gesetzt, um die Nutzung der Webseite zu verfolgen.<\/td>\n<\/tr>\n<tr>\n<td width=\"75\">_gid<\/td>\n<td width=\"105\">Google<\/td>\n<td width=\"102\">24 h<\/td>\n<td width=\"95\"><\/td>\n<td width=\"188\">Diese <em>Cookies<\/em> werden von Google Analytics gesetzt, um die Nutzung der Webseite zu verfolgen.<\/td>\n<\/tr>\n<tr>\n<td width=\"75\">euCookie<\/td>\n<td width=\"105\">Translinguoglobal.com<\/td>\n<td width=\"102\">1 Monat<\/td>\n<td width=\"95\"><\/td>\n<td width=\"188\">Zustimmung zu <em>Cookies.<\/em><\/td>\n<\/tr>\n<tr>\n<td width=\"75\">_icl_current_language<\/td>\n<td width=\"105\">Translinguoglobal.com<\/td>\n<td width=\"102\">24 h<\/td>\n<td width=\"95\"><\/td>\n<td width=\"188\">Sprach-<em>Cookies<\/em><\/td>\n<\/tr>\n<\/tbody>\n<\/table>\n<ol>\n<li><strong>Ihre Rechte in Bezug auf personenbezogene Daten<\/strong><\/li>\n<\/ol>\n<p>Sie haben die folgenden Rechte in Bezug auf Ihre personenbezogenen Daten:<\/p>\n<ul>\n<li>Sie haben das Recht zu erfahren, wozu Ihre personenbezogenen Daten ben\u00f6tigt werden, was mit ihnen geschieht und wie lange sie aufbewahrt werden.<\/li>\n<li>Zugriffsrecht: Sie haben das Recht, auf Ihre pers\u00f6nlichen Daten, die wir \u00fcber Sie kennen, zuzugreifen.<\/li>\n<li>Recht auf Berichtigung: Sie haben jederzeit das Recht auf Vervollst\u00e4ndigung, Berichtigung, L\u00f6schung oder Sperrung Ihrer personenbezogenen Daten.<\/li>\n<li>Wenn Sie uns Ihre Einwilligung zur Verarbeitung Ihrer Daten geben, haben Sie das Recht, diese Einwilligung zu widerrufen und Ihre personenbezogenen Daten l\u00f6schen zu lassen.<\/li>\n<li>Recht auf Daten\u00fcbertragbarkeit: Sie haben das Recht, alle Ihre personenbezogenen Daten von dem f\u00fcr die Verarbeitung Verantwortlichen anzufordern und sie in vollem Umfang an einen anderen f\u00fcr die Verarbeitung Verantwortlichen zu \u00fcbermitteln.<\/li>\n<li>Widerspruchsrecht: Sie k\u00f6nnen der Verarbeitung Ihrer Daten widersprechen. Wir halten uns daran, es sei denn, es liegen berechtigte Gr\u00fcnde f\u00fcr eine Verarbeitung vor.<\/li>\n<\/ul>\n<p>Um diese Rechte auszu\u00fcben, wenden Sie sich bitte an uns. Bitte beachten Sie die Kontaktinformationen am Ende dieser <em>Cookie<\/em>-Erkl\u00e4rung. Wenn Sie eine Beschwerde dar\u00fcber haben, wie wir Ihre Daten behandeln, w\u00fcrden wir uns freuen, von Ihnen zu h\u00f6ren, aber Sie haben auch das Recht, eine Beschwerde bei der Aufsichtsbeh\u00f6rde (der Datenschutzbeh\u00f6rde) einzureichen.<\/p>\n<ol>\n<li><strong>Aktivieren\/Deaktivieren und L\u00f6schen von <em>Cookies<\/em><\/strong><\/li>\n<\/ol>\n<p>Sie k\u00f6nnen Ihren Internet-Browser verwenden, um <em>Cookies<\/em> automatisch oder manuell zu l\u00f6schen. Sie k\u00f6nnen auch festlegen, dass bestimmte <em>Cookies<\/em> nicht platziert werden k\u00f6nnen. Eine weitere M\u00f6glichkeit besteht darin, die Einstellungen Ihres Internetbrowsers so zu \u00e4ndern, dass Sie jedes Mal eine Meldung erhalten, wenn ein <em>Cookie<\/em> gesetzt wird. Weitere Informationen zu diesen Optionen finden Sie in den Anweisungen im Hilfebereich Ihres Browsers.<\/p>\n<p>Bitte beachten Sie, dass unsere Webseite m\u00f6glicherweise nicht richtig funktioniert, wenn alle <em>Cookies<\/em> deaktiviert sind. Wenn Sie <em>Cookies<\/em> aus Ihrem Browser l\u00f6schen, werden sie nach Ihrer Zustimmung erneut gesetzt, wenn Sie unsere Webseiten erneut besuchen.<\/p>\n<ol>\n<li><strong>Kontaktdetails<\/strong><\/li>\n<\/ol>\n<p>Wenn Sie Fragen und\/oder Anmerkungen zu unserer <em>Cookie<\/em>-Richtlinie und dieser Erkl\u00e4rung haben, kontaktieren Sie uns \u00fcber die nachstehenden Kontaktangaben:<\/p>\n<p>Name: <strong>TRANSLINGUO CREATIVE GROUP S.L.<\/strong><br \/>\nAdresse:\u00a0<strong>Calle de Jacometrezo, 15-17, 28013, 5. Stock, T\u00fcr G, Madrid<\/strong><br \/>\nWebseite: www.transliguoglobal.com<br \/>\nE-Mail: <strong>info@translinguoglobal.com<\/strong><br \/>\nTelefon: <strong>656352741<\/strong><\/p>\n<p>&nbsp;<\/p>\n","protected":false},"excerpt":{"rendered":"<p>COOKIE-RICHTLINIE Einf\u00fchrung Unsere Webseite (im Folgenden: \u201edie Webseite\u201c) verwendet Cookies und andere damit verbundene Technologien (der Einfachheit halber werden alle Technologien als \u201eCookies\u201c bezeichnet). Cookies werden auch von Dritten gesetzt, die wir unter Vertrag genommen haben. Im folgenden Dokument informieren wir Sie \u00fcber die Verwendung von Cookies auf unserer Webseite. Was sind Cookies? Ein Cookie [&hellip;]<\/p>\n","protected":false},"author":3,"featured_media":0,"parent":0,"menu_order":0,"comment_status":"closed","ping_status":"closed","template":"","meta":{"_crdt_document":"","inline_featured_image":false,"site-sidebar-layout":"default","site-content-layout":"default","ast-site-content-layout":"default","site-content-style":"default","site-sidebar-style":"default","ast-global-header-display":"","ast-banner-title-visibility":"","ast-main-header-display":"","ast-hfb-above-header-display":"","ast-hfb-below-header-display":"","ast-hfb-mobile-header-display":"","site-post-title":"","ast-breadcrumbs-content":"","ast-featured-img":"","footer-sml-layout":"","ast-disable-related-posts":"","theme-transparent-header-meta":"default","adv-header-id-meta":"","stick-header-meta":"","header-above-stick-meta":"","header-main-stick-meta":"","header-below-stick-meta":"","astra-migrate-meta-layouts":"default","ast-page-background-enabled":"default","ast-page-background-meta":{"desktop":{"background-color":"var(--ast-global-color-4)","background-image":"","background-repeat":"repeat","background-position":"center center","background-size":"auto","background-attachment":"scroll","background-type":"","background-media":"","overlay-type":"","overlay-color":"","overlay-opacity":"","overlay-gradient":""},"tablet":{"background-color":"","background-image":"","background-repeat":"repeat","background-position":"center center","background-size":"auto","background-attachment":"scroll","background-type":"","background-media":"","overlay-type":"","overlay-color":"","overlay-opacity":"","overlay-gradient":""},"mobile":{"background-color":"","background-image":"","background-repeat":"repeat","background-position":"center center","background-size":"auto","background-attachment":"scroll","background-type":"","background-media":"","overlay-type":"","overlay-color":"","overlay-opacity":"","overlay-gradient":""}},"ast-content-background-meta":{"desktop":{"background-color":"var(--ast-global-color-5)","background-image":"","background-repeat":"repeat","background-position":"center center","background-size":"auto","background-attachment":"scroll","background-type":"","background-media":"","overlay-type":"","overlay-color":"","overlay-opacity":"","overlay-gradient":""},"tablet":{"background-color":"var(--ast-global-color-5)","background-image":"","background-repeat":"repeat","background-position":"center center","background-size":"auto","background-attachment":"scroll","background-type":"","background-media":"","overlay-type":"","overlay-color":"","overlay-opacity":"","overlay-gradient":""},"mobile":{"background-color":"var(--ast-global-color-5)","background-image":"","background-repeat":"repeat","background-position":"center center","background-size":"auto","background-attachment":"scroll","background-type":"","background-media":"","overlay-type":"","overlay-color":"","overlay-opacity":"","overlay-gradient":""}},"footnotes":""},"class_list":["post-49346","page","type-page","status-publish","hentry"],"_links":{"self":[{"href":"https:\/\/translinguoglobal.com\/de\/wp-json\/wp\/v2\/pages\/49346","targetHints":{"allow":["GET"]}}],"collection":[{"href":"https:\/\/translinguoglobal.com\/de\/wp-json\/wp\/v2\/pages"}],"about":[{"href":"https:\/\/translinguoglobal.com\/de\/wp-json\/wp\/v2\/types\/page"}],"author":[{"embeddable":true,"href":"https:\/\/translinguoglobal.com\/de\/wp-json\/wp\/v2\/users\/3"}],"replies":[{"embeddable":true,"href":"https:\/\/translinguoglobal.com\/de\/wp-json\/wp\/v2\/comments?post=49346"}],"version-history":[{"count":0,"href":"https:\/\/translinguoglobal.com\/de\/wp-json\/wp\/v2\/pages\/49346\/revisions"}],"wp:attachment":[{"href":"https:\/\/translinguoglobal.com\/de\/wp-json\/wp\/v2\/media?parent=49346"}],"curies":[{"name":"wp","href":"https:\/\/api.w.org\/{rel}","templated":true}]}}