{"id":44722,"date":"2022-06-13T09:55:02","date_gmt":"2022-06-13T09:55:02","guid":{"rendered":"https:\/\/translinguoglobal.com\/professionelle-uebersetzung-fuer-unternehmen\/"},"modified":"2022-06-13T09:55:02","modified_gmt":"2022-06-13T09:55:02","slug":"professionelle-uebersetzung-fuer-unternehmen","status":"publish","type":"page","link":"https:\/\/translinguoglobal.com\/de\/professionelle-uebersetzung-fuer-unternehmen\/","title":{"rendered":"Professionelle \u00dcbersetzung f\u00fcr Unternehmen"},"content":{"rendered":"<h3 style=\"text-align: center;\"><strong>Worin besteht die professionelle \u00dcbersetzung f\u00fcr Unternehmen?<\/strong><\/h3>\n<p>Bei der \u00dcbersetzung f\u00fcr Unternehmen geht es haupts\u00e4chlich um die \u00dcbersetzung gesch\u00e4ftsbezogener Unterlagen. Typische \u00dcbersetzungen in diesem Bereich sind: \u00dcbersetzung von Handelsvertr\u00e4gen, Finanzdokumenten, Versicherungsunterlagen usw. Im Zuge der Globalisierung wollen die Unternehmen ihre Produkte internationalisieren, um ein breiteres Publikum zu erreichen. Dazu ben\u00f6tigen sie die Hilfe professioneller \u00dcbersetzungsexperten, die \u00fcber umfassende sprachliche Kenntnisse des Wirtschaftssektors verf\u00fcgen.<\/p>\n<p>Unternehmens\u00fcbersetzung ist eine andere Bezeichnung f\u00fcr gesch\u00e4ftliche \u00dcbersetzungen. Heutzutage umfasst die Unternehmens\u00fcbersetzung auch die \u00dcbersetzung von Websites und die \u00dcbersetzung von Unternehmensinhalten. Unter Unternehmensinhalten verstehen wir bestimmte Elemente, die Unternehmen auf internationaler Ebene repr\u00e4sentieren. Die Untertitel von E-Mails, Blogs oder Newslettern sind Beispiele f\u00fcr Unternehmens\u00fcbersetzungen.<\/p>\n<h3 style=\"text-align: center;\"><strong>Welche Arten von professionellen \u00dcbersetzungen werden f\u00fcr Unternehmen angefertigt?<\/strong><\/h3>\n<p>Dank der \u00dcbersetzungsdienste k\u00f6nnen Unternehmen Unternehmens\u00fcbersetzungen in vielen verschiedenen Formen erhalten. Websites und Blogs werden von Unternehmen sehr h\u00e4ufig \u00fcbersetzt. Auch Zeitschriften und Brosch\u00fcren k\u00f6nnen sowohl online als auch offline \u00fcbersetzt werden, ebenso wie B\u00fccher und E-Books.<\/p>\n<p>\u00dcbersetzen f\u00fcr Unternehmen bedeutet auch, Fach\u00fcbersetzungen anzufertigen, und zwar nicht nur im Bereich der Wirtschaft. Professionelle \u00dcbersetzer k\u00f6nnen auch \u00dcbersetzungen in den Bereichen Werbung und Marketing sowie technische und juristische \u00dcbersetzungen anfertigen. Sie m\u00fcssen jedoch alle von dem Unternehmen in Auftrag gegeben werden.<\/p>\n<h3 style=\"text-align: center;\"><strong>Aspekte, die bei der \u00dcbersetzung f\u00fcr Unternehmen zu beachten sind<\/strong><\/h3>\n<p>Die Verwendung der einen oder anderen Art von Sprache ist f\u00fcr Unternehmen von entscheidender Bedeutung. Das Image eines Unternehmens im Ausland h\u00e4ngt hiervon ab. Mit anderen Worten: Professionelle \u00dcbersetzer m\u00fcssen eine genaue und qualitativ hochwertige \u00dcbersetzung liefern. Auf diese Weise wird die Botschaft perfekt an die ausl\u00e4ndischen Kunden \u00fcbermittelt.<\/p>\n<p>Die \u00dcbersetzung f\u00fcr Unternehmen erfordert ein hohes Ma\u00df an Verantwortung, da sowohl kulturelle als auch sprachliche Unterschiede ber\u00fccksichtigt werden m\u00fcssen. Auf diese Weise wird die Internationalisierung eines Unternehmens erfolgreich sein. Daher ist es wichtig, die Werte und die Kultur des Zielpublikums im Voraus zu kennen.<\/p>\n<p>Die Hilfe professioneller \u00dcbersetzer sollte in Anspruch genommen werden, da eine schlechte Unternehmens\u00fcbersetzung deinem Image und sogar deinem Unternehmen schaden kann. Wenn du zum Beispiel eine Website mit einem automatischen \u00dcbersetzer \u00fcbersetzt, kann es sein, dass er einen Satz zu w\u00f6rtlich \u00fcbersetzt. Dies kann zu Beleidigungen seitens der anderen Kultur f\u00fchren, da der Text nicht kulturell angepasst ist. Aus diesem Grund brauchen Unternehmens\u00fcbersetzungen den menschlichen Faktor, um pr\u00e4zise und qualitativ hochwertige \u00dcbersetzungen zu sein.<\/p>\n","protected":false},"excerpt":{"rendered":"<p>Worin besteht die professionelle \u00dcbersetzung f\u00fcr Unternehmen? Bei der \u00dcbersetzung f\u00fcr Unternehmen geht es haupts\u00e4chlich um die \u00dcbersetzung gesch\u00e4ftsbezogener Unterlagen. Typische \u00dcbersetzungen in diesem Bereich sind: \u00dcbersetzung von Handelsvertr\u00e4gen, Finanzdokumenten, Versicherungsunterlagen usw. Im Zuge der Globalisierung wollen die Unternehmen ihre Produkte internationalisieren, um ein breiteres Publikum zu erreichen. Dazu ben\u00f6tigen sie die Hilfe professioneller \u00dcbersetzungsexperten, [&hellip;]<\/p>\n","protected":false},"author":3,"featured_media":43572,"parent":0,"menu_order":0,"comment_status":"closed","ping_status":"closed","template":"","meta":{"_crdt_document":"","inline_featured_image":false,"site-sidebar-layout":"default","site-content-layout":"default","ast-site-content-layout":"default","site-content-style":"default","site-sidebar-style":"default","ast-global-header-display":"","ast-banner-title-visibility":"","ast-main-header-display":"","ast-hfb-above-header-display":"","ast-hfb-below-header-display":"","ast-hfb-mobile-header-display":"","site-post-title":"","ast-breadcrumbs-content":"","ast-featured-img":"","footer-sml-layout":"","ast-disable-related-posts":"","theme-transparent-header-meta":"default","adv-header-id-meta":"","stick-header-meta":"","header-above-stick-meta":"","header-main-stick-meta":"","header-below-stick-meta":"","astra-migrate-meta-layouts":"default","ast-page-background-enabled":"default","ast-page-background-meta":{"desktop":{"background-color":"var(--ast-global-color-4)","background-image":"","background-repeat":"repeat","background-position":"center center","background-size":"auto","background-attachment":"scroll","background-type":"","background-media":"","overlay-type":"","overlay-color":"","overlay-opacity":"","overlay-gradient":""},"tablet":{"background-color":"","background-image":"","background-repeat":"repeat","background-position":"center center","background-size":"auto","background-attachment":"scroll","background-type":"","background-media":"","overlay-type":"","overlay-color":"","overlay-opacity":"","overlay-gradient":""},"mobile":{"background-color":"","background-image":"","background-repeat":"repeat","background-position":"center center","background-size":"auto","background-attachment":"scroll","background-type":"","background-media":"","overlay-type":"","overlay-color":"","overlay-opacity":"","overlay-gradient":""}},"ast-content-background-meta":{"desktop":{"background-color":"var(--ast-global-color-5)","background-image":"","background-repeat":"repeat","background-position":"center center","background-size":"auto","background-attachment":"scroll","background-type":"","background-media":"","overlay-type":"","overlay-color":"","overlay-opacity":"","overlay-gradient":""},"tablet":{"background-color":"var(--ast-global-color-5)","background-image":"","background-repeat":"repeat","background-position":"center center","background-size":"auto","background-attachment":"scroll","background-type":"","background-media":"","overlay-type":"","overlay-color":"","overlay-opacity":"","overlay-gradient":""},"mobile":{"background-color":"var(--ast-global-color-5)","background-image":"","background-repeat":"repeat","background-position":"center center","background-size":"auto","background-attachment":"scroll","background-type":"","background-media":"","overlay-type":"","overlay-color":"","overlay-opacity":"","overlay-gradient":""}},"footnotes":""},"class_list":["post-44722","page","type-page","status-publish","has-post-thumbnail","hentry"],"_links":{"self":[{"href":"https:\/\/translinguoglobal.com\/de\/wp-json\/wp\/v2\/pages\/44722","targetHints":{"allow":["GET"]}}],"collection":[{"href":"https:\/\/translinguoglobal.com\/de\/wp-json\/wp\/v2\/pages"}],"about":[{"href":"https:\/\/translinguoglobal.com\/de\/wp-json\/wp\/v2\/types\/page"}],"author":[{"embeddable":true,"href":"https:\/\/translinguoglobal.com\/de\/wp-json\/wp\/v2\/users\/3"}],"replies":[{"embeddable":true,"href":"https:\/\/translinguoglobal.com\/de\/wp-json\/wp\/v2\/comments?post=44722"}],"version-history":[{"count":0,"href":"https:\/\/translinguoglobal.com\/de\/wp-json\/wp\/v2\/pages\/44722\/revisions"}],"wp:featuredmedia":[{"embeddable":true,"href":"https:\/\/translinguoglobal.com\/de\/wp-json\/wp\/v2\/media\/43572"}],"wp:attachment":[{"href":"https:\/\/translinguoglobal.com\/de\/wp-json\/wp\/v2\/media?parent=44722"}],"curies":[{"name":"wp","href":"https:\/\/api.w.org\/{rel}","templated":true}]}}