{"id":44720,"date":"2022-06-13T09:54:27","date_gmt":"2022-06-13T09:54:27","guid":{"rendered":"https:\/\/translinguoglobal.com\/uebersetzungsdienste-fuer-den-elektronischen-handel\/"},"modified":"2022-07-15T10:02:03","modified_gmt":"2022-07-15T10:02:03","slug":"uebersetzungsdienste-fuer-den-elektronischen-handel","status":"publish","type":"page","link":"https:\/\/translinguoglobal.com\/de\/uebersetzungsdienste-fuer-den-elektronischen-handel\/","title":{"rendered":"\u00dcbersetzungsdienste f\u00fcr den elektronischen Handel"},"content":{"rendered":"<h3 style=\"text-align: center;\"><strong>Worin besteht die \u00dcbersetzung f\u00fcr den elektronischen Handel?<\/strong><\/h3>\n<p>Der elektronische Handel wird auch als elektronischer Gesch\u00e4ftsverkehr bezeichnet. Mit anderen Worten: Die Unternehmen verkaufen ihre Produkte online, \u00fcber das Internet. Da wir heute in einer Welt leben in der Technologie eine wesentliche Rolle spielt, ist der Online-Verkauf eine M\u00f6glichkeit zu expandieren. Das hei\u00dft, dass die Produkte durch den Online-Verkauf international mehr Menschen erreichen k\u00f6nnen.<\/p>\n<p>Da die Welt des elektronischen Handels recht komplex ist, er\u00f6rtern wir mehrere Aspekte davon. Erstens kann der elektronische Handel durch verschiedene Anwendungen wie E-Mails, Kataloge, Webdienste usw. realisiert werden. Zweitens besteht auch der elektronische Handel aus verschiedenen Modellen. Genau wie physische Gesch\u00e4fte muss der elektronische Handel je nach Kunde unterschiedliche Bed\u00fcrfnisse befriedigen. Wir finden einige Modelle wie Online-Shops oder Marktpl\u00e4tze (z.B. <a href=\"https:\/\/de.wikipedia.org\/wiki\/Amazon\" target=\"_blank\" rel=\"noopener\">Amazon<\/a>).<\/p>\n<h3 style=\"text-align: center;\"><strong>Welche Art von \u00dcbersetzungen werden f\u00fcr den elektronischen Handel angefertigt?<\/strong><\/h3>\n<p>Da es sich bei allen \u00dcbersetzungen um <a href=\"\/?page_id=43598\">Fachtexte<\/a> handelt ist es unerl\u00e4sslich, dass professionelle \u00dcbersetzer mit umfassenden Kenntnissen des jeweiligen Themas eingesetzt werden. Andernfalls wird die Botschaft bei Verwendung eines automatischen \u00dcbersetzers nicht kulturell an das Zielpublikum angepasst. Deshalb ist immer der menschliche Faktor gefragt, d. h. ein \u00dcbersetzer, der auf \u00dcbersetzungen im Bereich des elektronischen Gesch\u00e4ftsverkehrs spezialisiert ist. Auf diese Weise wird die Internationalisierung des Onlineshops zu einem Erfolg.<\/p>\n<p>\u00dcbersetzungsdienste k\u00f6nnen Ihnen auch dabei helfen herauszufinden, ob sich Ihr Produkt in einem bestimmten Land gut verkaufen w\u00fcrde. Gleichzeitig k\u00f6nnen auch Kommunikationskan\u00e4le eingerichtet werden, die f\u00fcr jedes Land besser geeignet sind. Dies ist dank der umfassenden sprachlichen und kulturellen Kenntnisse der professionellen \u00dcbersetzer m\u00f6glich.<\/p>\n<p>\u00dcbersetzungsdienste f\u00fcr den elektronischen Handel, die von professionellen \u00dcbersetzern angefertigt werden k\u00f6nnen, sind: Newsletters, Werbekampagnen oder Inhalte f\u00fcr soziale Netzwerke. Sie k\u00f6nnen auch Websites, mobile Anwendungen oder Softwareprogramme \u00fcbersetzen. Dar\u00fcber hinaus k\u00f6nnen sie auch Datenschutzrichtlinien und rechtliche Hinweise sowie regelm\u00e4\u00dfige Bestandsaktualisierungen \u00fcbersetzen.<\/p>\n<p>&nbsp;<\/p>\n<h3 style=\"text-align: center;\"><strong>Beispiele f\u00fcr \u00dcbersetzungsdienstleistungen f\u00fcr den elektronischen Handel<\/strong><\/h3>\n<p>Wenn Ihr Produkt mehr Kunden erreicht, steigt Ihr Umsatz und der Handel mit diesem Produkt wird ausgeweitet. Um dies zu erreichen, muss Ihr Shop in mehreren Sprachen verfasst sein, da eine einzige Sprache den Verkauf stark einschr\u00e4nkt. Au\u00dferdem bedeutet die Internationalisierung Ihres Ladens, dass Sie neue Kunden anziehen, so dass die Nachfrage nach Ihrem Produkt steigen wird. Aus diesem Grund werden \u00dcbersetzungen f\u00fcr den elektronischen Handel von professionellen \u00dcbersetzern angefertigt.<\/p>\n<p>Damit Ihr internationaler elektronischer Handel ein Erfolg wird, m\u00fcssen die \u00dcbersetzer das Konzept der Lokalisierung anwenden. Denn durch die richtige Lokalisierung eines Produkts wird der Inhalt des Produkts kulturell an die Zielsprache angepasst.<\/p>\n<p>Besuchen Sie unsere Profile auf <a title=\"Translinguo Global\" href=\"https:\/\/www.facebook.com\/translinguoglobal\" target=\"_blank\" rel=\"noopener\">Facebook<\/a>, <a title=\"Translinguo Global\" href=\"https:\/\/www.instagram.com\/translinguoglobal\/\" target=\"_blank\" rel=\"noopener\">Instagram<\/a> und <a title=\"Trasnslinguo Global\" href=\"https:\/\/es.linkedin.com\/company\/agencia-de-traduccion-translinguo-global\" target=\"_blank\" rel=\"noopener\">Linkedin.<\/a><\/p>\n","protected":false},"excerpt":{"rendered":"<p>Worin besteht die \u00dcbersetzung f\u00fcr den elektronischen Handel? Der elektronische Handel wird auch als elektronischer Gesch\u00e4ftsverkehr bezeichnet. Mit anderen Worten: Die Unternehmen verkaufen ihre Produkte online, \u00fcber das Internet. Da wir heute in einer Welt leben in der Technologie eine wesentliche Rolle spielt, ist der Online-Verkauf eine M\u00f6glichkeit zu expandieren. Das hei\u00dft, dass die Produkte [&hellip;]<\/p>\n","protected":false},"author":3,"featured_media":39308,"parent":0,"menu_order":0,"comment_status":"closed","ping_status":"closed","template":"elementor_header_footer","meta":{"_crdt_document":"","inline_featured_image":false,"site-sidebar-layout":"no-sidebar","site-content-layout":"page-builder","ast-site-content-layout":"full-width-container","site-content-style":"default","site-sidebar-style":"default","ast-global-header-display":"","ast-banner-title-visibility":"","ast-main-header-display":"","ast-hfb-above-header-display":"","ast-hfb-below-header-display":"","ast-hfb-mobile-header-display":"","site-post-title":"disabled","ast-breadcrumbs-content":"","ast-featured-img":"disabled","footer-sml-layout":"","ast-disable-related-posts":"","theme-transparent-header-meta":"default","adv-header-id-meta":"","stick-header-meta":"","header-above-stick-meta":"","header-main-stick-meta":"","header-below-stick-meta":"","astra-migrate-meta-layouts":"default","ast-page-background-enabled":"default","ast-page-background-meta":{"desktop":{"background-color":"var(--ast-global-color-4)","background-image":"","background-repeat":"repeat","background-position":"center center","background-size":"auto","background-attachment":"scroll","background-type":"","background-media":"","overlay-type":"","overlay-color":"","overlay-opacity":"","overlay-gradient":""},"tablet":{"background-color":"","background-image":"","background-repeat":"repeat","background-position":"center center","background-size":"auto","background-attachment":"scroll","background-type":"","background-media":"","overlay-type":"","overlay-color":"","overlay-opacity":"","overlay-gradient":""},"mobile":{"background-color":"","background-image":"","background-repeat":"repeat","background-position":"center center","background-size":"auto","background-attachment":"scroll","background-type":"","background-media":"","overlay-type":"","overlay-color":"","overlay-opacity":"","overlay-gradient":""}},"ast-content-background-meta":{"desktop":{"background-color":"var(--ast-global-color-5)","background-image":"","background-repeat":"repeat","background-position":"center center","background-size":"auto","background-attachment":"scroll","background-type":"","background-media":"","overlay-type":"","overlay-color":"","overlay-opacity":"","overlay-gradient":""},"tablet":{"background-color":"var(--ast-global-color-5)","background-image":"","background-repeat":"repeat","background-position":"center center","background-size":"auto","background-attachment":"scroll","background-type":"","background-media":"","overlay-type":"","overlay-color":"","overlay-opacity":"","overlay-gradient":""},"mobile":{"background-color":"var(--ast-global-color-5)","background-image":"","background-repeat":"repeat","background-position":"center center","background-size":"auto","background-attachment":"scroll","background-type":"","background-media":"","overlay-type":"","overlay-color":"","overlay-opacity":"","overlay-gradient":""}},"footnotes":""},"class_list":["post-44720","page","type-page","status-publish","has-post-thumbnail","hentry"],"_links":{"self":[{"href":"https:\/\/translinguoglobal.com\/de\/wp-json\/wp\/v2\/pages\/44720","targetHints":{"allow":["GET"]}}],"collection":[{"href":"https:\/\/translinguoglobal.com\/de\/wp-json\/wp\/v2\/pages"}],"about":[{"href":"https:\/\/translinguoglobal.com\/de\/wp-json\/wp\/v2\/types\/page"}],"author":[{"embeddable":true,"href":"https:\/\/translinguoglobal.com\/de\/wp-json\/wp\/v2\/users\/3"}],"replies":[{"embeddable":true,"href":"https:\/\/translinguoglobal.com\/de\/wp-json\/wp\/v2\/comments?post=44720"}],"version-history":[{"count":0,"href":"https:\/\/translinguoglobal.com\/de\/wp-json\/wp\/v2\/pages\/44720\/revisions"}],"wp:featuredmedia":[{"embeddable":true,"href":"https:\/\/translinguoglobal.com\/de\/wp-json\/wp\/v2\/media\/39308"}],"wp:attachment":[{"href":"https:\/\/translinguoglobal.com\/de\/wp-json\/wp\/v2\/media?parent=44720"}],"curies":[{"name":"wp","href":"https:\/\/api.w.org\/{rel}","templated":true}]}}