{"id":44718,"date":"2022-06-13T09:53:57","date_gmt":"2022-06-13T09:53:57","guid":{"rendered":"https:\/\/translinguoglobal.com\/uebersetzung-aus-dem-griechischen\/"},"modified":"2022-07-15T09:49:59","modified_gmt":"2022-07-15T09:49:59","slug":"uebersetzung-aus-dem-griechischen","status":"publish","type":"page","link":"https:\/\/translinguoglobal.com\/de\/uebersetzung-aus-dem-griechischen\/","title":{"rendered":"\u00dcbersetzung aus dem Griechischen"},"content":{"rendered":"<ul>\n<li>Vielleicht ist es keine so gute Idee, sich auf die \u00dcberreste der Fabel\u00fcbersetzungen aus der Schulzeit zu verlassen. Wenn Sie jedoch daran interessiert sind etwas \u00fcber diese langlebige Sprache zu erfahren, finden Sie hier einige Fakten:<\/li>\n<li>Diese Sprache ist viertausend Jahre alt und hat f\u00fcnf verschiedene sprachliche Phasen durchlaufen. Diese Phasen sind mykenisches Griechisch, klassisches Griechisch, Koine-Griechisch, mittelalterliches Griechisch und Neugriechisch.<\/li>\n<li>Das Schriftsystem war bei allen polytonisch, d.\u00a0h. es gab u.\u00a0a. Gravis-, Akut- und Zirkumflex-Akzente und das subskribierte Jota. Die monotonische Orthographie wird erst seit den letzten 40 Jahren seiner Geschichte verwendet.<\/li>\n<li>Das Spanische ist voll von Hellenismen, das sind an unsere Sprache angepasste W\u00f6rter aus dem Griechischen, die wir st\u00e4ndig verwenden. Einige von ihnen sind: comedia, arcaico, neologismo, pat\u00e9tico oder tr\u00edpode.<\/li>\n<li>Das Griechische hat nur f\u00fcnf Vokale, die praktisch dieselben sind wie im Spanischen.<\/li>\n<li>Diese Sprache wird als Grundlage f\u00fcr die Schaffung von Neologismen verwendet, z.\u00a0B. ist &#8220;Homophobie&#8221; eine Zusammensetzung aus dem griechischen Wort homos (gleich oder \u00e4hnlich) und phobos (Angst).<\/li>\n<\/ul>\n<p>Wenn Sie sich f\u00fcr diese Sprache interessieren, weil Sie sie lernen und sogar Griechisch-\u00dcbersetzer werden wollen, gibt es viele Gr\u00fcnde die sie zu einer sehr n\u00fctzlichen Arbeitssprache machen.<\/p>\n<h3 style=\"text-align: center;\"><strong>Der griechische \u00dcbersetzungsmarkt<\/strong><\/h3>\n<p>Zum einen ist sie eine der Amtssprachen der Europ\u00e4ischen Union. Dieses Gremium verfasst eine Vielzahl rechtlicher, wirtschaftlicher, wissenschaftlicher und institutioneller Texte, die es in seine Amtssprachen \u00fcbersetzt. Au\u00dferhalb der Europ\u00e4ischen Union gibt es ebenfalls interessante Nischenm\u00e4rkte: Tourismus und Seehandel. Als ein Land das praktisch am Meer liegt, beherbergt es eine gro\u00dfe Anzahl von Handelsgesch\u00e4ften f\u00fcr das \u00f6stliche Mittelmeer und S\u00fcdosteuropa. Au\u00dferdem ist die griechische Flotte die wichtigste Handelsbr\u00fccke zwischen Europa, Afrika und Asien.<\/p>\n<p>Die gro\u00dfe Halbinsel und die mehr als tausend Inseln beherbergen eines der bedeutendsten historischen Erbe der Welt. Die gro\u00dfe griechische Zivilisation hat uns nicht nur Kultur, Wissenschaft und Wissen hinterlassen, sondern auch \u00dcberreste von Kunst und Ruinen in diesem riesigen Land. Das angenehme Klima und das kulturelle Erbe ziehen Millionen von Touristen aus aller Welt an, weshalb in diesem Sektor \u00dcbersetzer aus allen L\u00e4ndern ben\u00f6tigt werden.<\/p>\n<h3 style=\"text-align: center;\"><strong>Preisangebot der \u00dcbersetzung aus dem <a href=\"https:\/\/de.wikipedia.org\/wiki\/Griechische_Sprache\" target=\"_blank\" rel=\"noopener\">Griechischen<\/a><\/strong><\/h3>\n<p>Sprechen wir schlie\u00dflich \u00fcber die Preise. Wenn du Sie sich daf\u00fcr interessieren, was Sie f\u00fcr eine \u00dcbersetzung aus dem <a href=\"https:\/\/de.wikipedia.org\/wiki\/Griechische_Sprache\" target=\"_blank\" rel=\"noopener\">Griechischen<\/a> bezahlen, sollten Sie wissen, dass der Preis zwischen 0,09 und 0,16\u00a0\u20ac pro Wort ohne Mehrwertsteuer liegt. In diesem Bereich ist die beglaubigte \u00dcbersetzung der h\u00f6chste Preis der f\u00fcr griechische \u00dcbersetzungsdienstleistungen zu zahlen ist.<\/p>\n<p>Besuchen Sie unsere Profile auf <a title=\"Translinguo Global\" href=\"https:\/\/www.facebook.com\/translinguoglobal\" target=\"_blank\" rel=\"noopener\">Facebook<\/a>, <a title=\"Translinguo Global\" href=\"https:\/\/www.instagram.com\/translinguoglobal\/\" target=\"_blank\" rel=\"noopener\">Instagram<\/a> und <a title=\"Trasnslinguo Global\" href=\"https:\/\/es.linkedin.com\/company\/agencia-de-traduccion-translinguo-global\" target=\"_blank\" rel=\"noopener\">Linkedin.<\/a><\/p>\n","protected":false},"excerpt":{"rendered":"<p>Obwohl viele von uns in der Schule Altgriechisch studiert haben, w\u00e4ren wir im Moment nicht in der Lage, eine \u00dcbersetzung aus dem Griechischen zu bew\u00e4ltigen.<\/p>\n","protected":false},"author":3,"featured_media":41824,"parent":0,"menu_order":0,"comment_status":"closed","ping_status":"closed","template":"","meta":{"_crdt_document":"","inline_featured_image":false,"site-sidebar-layout":"no-sidebar","site-content-layout":"page-builder","ast-site-content-layout":"full-width-container","site-content-style":"default","site-sidebar-style":"default","ast-global-header-display":"","ast-banner-title-visibility":"","ast-main-header-display":"","ast-hfb-above-header-display":"","ast-hfb-below-header-display":"","ast-hfb-mobile-header-display":"","site-post-title":"disabled","ast-breadcrumbs-content":"","ast-featured-img":"disabled","footer-sml-layout":"","ast-disable-related-posts":"","theme-transparent-header-meta":"default","adv-header-id-meta":"","stick-header-meta":"","header-above-stick-meta":"","header-main-stick-meta":"","header-below-stick-meta":"","astra-migrate-meta-layouts":"default","ast-page-background-enabled":"default","ast-page-background-meta":{"desktop":{"background-color":"var(--ast-global-color-4)","background-image":"","background-repeat":"repeat","background-position":"center center","background-size":"auto","background-attachment":"scroll","background-type":"","background-media":"","overlay-type":"","overlay-color":"","overlay-opacity":"","overlay-gradient":""},"tablet":{"background-color":"","background-image":"","background-repeat":"repeat","background-position":"center center","background-size":"auto","background-attachment":"scroll","background-type":"","background-media":"","overlay-type":"","overlay-color":"","overlay-opacity":"","overlay-gradient":""},"mobile":{"background-color":"","background-image":"","background-repeat":"repeat","background-position":"center center","background-size":"auto","background-attachment":"scroll","background-type":"","background-media":"","overlay-type":"","overlay-color":"","overlay-opacity":"","overlay-gradient":""}},"ast-content-background-meta":{"desktop":{"background-color":"var(--ast-global-color-5)","background-image":"","background-repeat":"repeat","background-position":"center center","background-size":"auto","background-attachment":"scroll","background-type":"","background-media":"","overlay-type":"","overlay-color":"","overlay-opacity":"","overlay-gradient":""},"tablet":{"background-color":"var(--ast-global-color-5)","background-image":"","background-repeat":"repeat","background-position":"center center","background-size":"auto","background-attachment":"scroll","background-type":"","background-media":"","overlay-type":"","overlay-color":"","overlay-opacity":"","overlay-gradient":""},"mobile":{"background-color":"var(--ast-global-color-5)","background-image":"","background-repeat":"repeat","background-position":"center center","background-size":"auto","background-attachment":"scroll","background-type":"","background-media":"","overlay-type":"","overlay-color":"","overlay-opacity":"","overlay-gradient":""}},"footnotes":""},"class_list":["post-44718","page","type-page","status-publish","has-post-thumbnail","hentry"],"_links":{"self":[{"href":"https:\/\/translinguoglobal.com\/de\/wp-json\/wp\/v2\/pages\/44718","targetHints":{"allow":["GET"]}}],"collection":[{"href":"https:\/\/translinguoglobal.com\/de\/wp-json\/wp\/v2\/pages"}],"about":[{"href":"https:\/\/translinguoglobal.com\/de\/wp-json\/wp\/v2\/types\/page"}],"author":[{"embeddable":true,"href":"https:\/\/translinguoglobal.com\/de\/wp-json\/wp\/v2\/users\/3"}],"replies":[{"embeddable":true,"href":"https:\/\/translinguoglobal.com\/de\/wp-json\/wp\/v2\/comments?post=44718"}],"version-history":[{"count":0,"href":"https:\/\/translinguoglobal.com\/de\/wp-json\/wp\/v2\/pages\/44718\/revisions"}],"wp:featuredmedia":[{"embeddable":true,"href":"https:\/\/translinguoglobal.com\/de\/wp-json\/wp\/v2\/media\/41824"}],"wp:attachment":[{"href":"https:\/\/translinguoglobal.com\/de\/wp-json\/wp\/v2\/media?parent=44718"}],"curies":[{"name":"wp","href":"https:\/\/api.w.org\/{rel}","templated":true}]}}