{"id":44715,"date":"2022-06-13T09:52:50","date_gmt":"2022-06-13T09:52:50","guid":{"rendered":"https:\/\/translinguoglobal.com\/uebersetzungsagentur-fuer-katalanisch\/"},"modified":"2022-07-15T08:40:08","modified_gmt":"2022-07-15T08:40:08","slug":"uebersetzungsagentur-fuer-katalanisch","status":"publish","type":"page","link":"https:\/\/translinguoglobal.com\/de\/uebersetzungsagentur-fuer-katalanisch\/","title":{"rendered":"\u00dcbersetzungsagentur f\u00fcr Katalanisch"},"content":{"rendered":"<h3 style=\"text-align: center;\"><strong>Die Bedeutung des Katalanischen und seine \u00dcbersetzung<\/strong><\/h3>\n<p>Die<strong> \u00dcbersetzung aus dem <a href=\"https:\/\/de.wikipedia.org\/wiki\/Katalanische_Sprache\" target=\"_blank\" rel=\"noopener\">Katalanischen<\/a><\/strong> oder ins Katalanische nimmt in der Rangliste einen hohen Platz ein und gewinnt in diesem Berufsfeld allm\u00e4hlich an Bedeutung. Aufgrund der starken wirtschaftlichen und kulturellen Pr\u00e4senz und des Interesses an der Unabh\u00e4ngigkeit ist <a href=\"https:\/\/de.wikipedia.org\/wiki\/Katalanische_Sprache\" target=\"_blank\" rel=\"noopener\">Katalanisch<\/a> sowohl national als auch international eine der begehrtesten Sprachen. Es ist eine Sprache, die von 80 Millionen Menschen gesprochen wird, eine der vier Amtssprachen Spaniens und die Amtssprache von Andorra.<\/p>\n<p>Wir von <a href=\"https:\/\/translinguoglobal.com\/de\/\">TRANSLINGUO GLOBAL<\/a> m\u00f6chten unseren Kunden die Gewissheit geben eine genaue katalanische \u00dcbersetzung zu erhalten, die eine korrekte Kommunikation zwischen Sender und Empf\u00e4nger erm\u00f6glicht.<\/p>\n<p>Wir sind eine \u00dcbersetzungsagentur f\u00fcr <a href=\"https:\/\/de.wikipedia.org\/wiki\/Katalanische_Sprache\" target=\"_blank\" rel=\"noopener\">Katalanisch<\/a> mit einem professionellen, qualifizierten und spezialisierten Team, das seinen Kunden einen hochwertigen Service bietet und sich des Wertes einer guten \u00dcbersetzung und deren Botschaft bewusst ist.<\/p>\n<h3 style=\"text-align: center;\"><strong>Katalonien als wirtschaftlicher und kultureller Impulsgeber<\/strong><\/h3>\n<p>Katalonien ist zweifelsohne einer der wichtigsten wirtschaftlichen und kulturellen Motoren Spaniens. Innovation und die Umsetzung von Kulturpl\u00e4nen haben Katalonien zu einer notwendigen Achse f\u00fcr Spanien gemacht.<\/p>\n<p>Hier wurden auch ber\u00fchmte Pers\u00f6nlichkeiten wie Salvador Dal\u00ed, Pau Casals und Ana Mar\u00eda Matute geboren.<\/p>\n<p>Die \u00dcbersetzung des Katalanischen ist daher ein unverzichtbares Instrument f\u00fcr die Vermittlung dieser Kultur an die \u00fcbrige nicht katalanischsprachige Bev\u00f6lkerung, so dass der Bedarf an einem katalanischen \u00dcbersetzungsb\u00fcro wie dem unseren auf der Hand liegt.<\/p>\n<h3 style=\"text-align: center;\"><strong>Geschichte der \u00dcbersetzung aus dem Katalanischen<\/strong><\/h3>\n<p>Mit den Worten von Ram\u00f3n Llad\u00f3: &#8220;Das Katalanische war fast immer eine Kultur der \u00dcbersetzungen&#8221;.<\/p>\n<p>Bereits im Mittelalter gab es das Ph\u00e4nomen der \u00dcbersetzung zwischen dem Spanischen und dem Katalanischen als eine Form des kulturellen Austauschs.<\/p>\n<p>Eine der kompliziertesten Zeiten f\u00fcr die<strong> \u00dcbersetzung des Katalanischen<\/strong> war die Zeit des <a href=\"https:\/\/de.wikipedia.org\/wiki\/Franquismus\" target=\"_blank\" rel=\"noopener\">Franquismus<\/a>. Nach Francos Sieg mussten viele Katalanen das Land verlassen und die katalanische Sprache wurde verboten. Trotz dieser Schwierigkeiten setzten viele Katalanisch-\u00dcbersetzer ihre m\u00fchsame Arbeit fort, um zu \u00fcbersetzen und zu \u00fcberleben.<\/p>\n<p>Das Ziel eines \u00dcbersetzungsb\u00fcros f\u00fcr Katalanisch wie <a href=\"https:\/\/translinguoglobal.com\/de\/\">TRANSLINGUO GLOBAL<\/a> ist es diese historische Dienstleistung weiterhin anzubieten und die Grenzen zwischen verschiedenen Sprachen und Zungen zu \u00fcberwinden, um eine globale Kommunikation ohne Hindernisse zu erm\u00f6glichen.<\/p>\n<p>Besuchen Sie unsere Profile auf <a title=\"Translinguo Global\" href=\"https:\/\/www.facebook.com\/translinguoglobal\" target=\"_blank\" rel=\"noopener\">Facebook<\/a>, <a title=\"Translinguo Global\" href=\"https:\/\/www.instagram.com\/translinguoglobal\/\" target=\"_blank\" rel=\"noopener\">Instagram<\/a> und <a title=\"Trasnslinguo Global\" href=\"https:\/\/es.linkedin.com\/company\/agencia-de-traduccion-translinguo-global\" target=\"_blank\" rel=\"noopener\">Linkedin.<\/a><\/p>\n","protected":false},"excerpt":{"rendered":"<p>Die Bedeutung des Katalanischen und seine \u00dcbersetzung Die \u00dcbersetzung aus dem Katalanischen oder ins Katalanische nimmt in der Rangliste einen hohen Platz ein und gewinnt in diesem Berufsfeld allm\u00e4hlich an Bedeutung. Aufgrund der starken wirtschaftlichen und kulturellen Pr\u00e4senz und des Interesses an der Unabh\u00e4ngigkeit ist Katalanisch sowohl national als auch international eine der begehrtesten Sprachen. [&hellip;]<\/p>\n","protected":false},"author":3,"featured_media":38113,"parent":0,"menu_order":0,"comment_status":"closed","ping_status":"closed","template":"","meta":{"_crdt_document":"","inline_featured_image":false,"site-sidebar-layout":"no-sidebar","site-content-layout":"page-builder","ast-site-content-layout":"full-width-container","site-content-style":"default","site-sidebar-style":"default","ast-global-header-display":"","ast-banner-title-visibility":"","ast-main-header-display":"","ast-hfb-above-header-display":"","ast-hfb-below-header-display":"","ast-hfb-mobile-header-display":"","site-post-title":"disabled","ast-breadcrumbs-content":"","ast-featured-img":"disabled","footer-sml-layout":"","ast-disable-related-posts":"","theme-transparent-header-meta":"default","adv-header-id-meta":"","stick-header-meta":"","header-above-stick-meta":"","header-main-stick-meta":"","header-below-stick-meta":"","astra-migrate-meta-layouts":"default","ast-page-background-enabled":"default","ast-page-background-meta":{"desktop":{"background-color":"var(--ast-global-color-4)","background-image":"","background-repeat":"repeat","background-position":"center center","background-size":"auto","background-attachment":"scroll","background-type":"","background-media":"","overlay-type":"","overlay-color":"","overlay-opacity":"","overlay-gradient":""},"tablet":{"background-color":"","background-image":"","background-repeat":"repeat","background-position":"center center","background-size":"auto","background-attachment":"scroll","background-type":"","background-media":"","overlay-type":"","overlay-color":"","overlay-opacity":"","overlay-gradient":""},"mobile":{"background-color":"","background-image":"","background-repeat":"repeat","background-position":"center center","background-size":"auto","background-attachment":"scroll","background-type":"","background-media":"","overlay-type":"","overlay-color":"","overlay-opacity":"","overlay-gradient":""}},"ast-content-background-meta":{"desktop":{"background-color":"var(--ast-global-color-5)","background-image":"","background-repeat":"repeat","background-position":"center center","background-size":"auto","background-attachment":"scroll","background-type":"","background-media":"","overlay-type":"","overlay-color":"","overlay-opacity":"","overlay-gradient":""},"tablet":{"background-color":"var(--ast-global-color-5)","background-image":"","background-repeat":"repeat","background-position":"center center","background-size":"auto","background-attachment":"scroll","background-type":"","background-media":"","overlay-type":"","overlay-color":"","overlay-opacity":"","overlay-gradient":""},"mobile":{"background-color":"var(--ast-global-color-5)","background-image":"","background-repeat":"repeat","background-position":"center center","background-size":"auto","background-attachment":"scroll","background-type":"","background-media":"","overlay-type":"","overlay-color":"","overlay-opacity":"","overlay-gradient":""}},"footnotes":""},"class_list":["post-44715","page","type-page","status-publish","has-post-thumbnail","hentry"],"_links":{"self":[{"href":"https:\/\/translinguoglobal.com\/de\/wp-json\/wp\/v2\/pages\/44715","targetHints":{"allow":["GET"]}}],"collection":[{"href":"https:\/\/translinguoglobal.com\/de\/wp-json\/wp\/v2\/pages"}],"about":[{"href":"https:\/\/translinguoglobal.com\/de\/wp-json\/wp\/v2\/types\/page"}],"author":[{"embeddable":true,"href":"https:\/\/translinguoglobal.com\/de\/wp-json\/wp\/v2\/users\/3"}],"replies":[{"embeddable":true,"href":"https:\/\/translinguoglobal.com\/de\/wp-json\/wp\/v2\/comments?post=44715"}],"version-history":[{"count":0,"href":"https:\/\/translinguoglobal.com\/de\/wp-json\/wp\/v2\/pages\/44715\/revisions"}],"wp:featuredmedia":[{"embeddable":true,"href":"https:\/\/translinguoglobal.com\/de\/wp-json\/wp\/v2\/media\/38113"}],"wp:attachment":[{"href":"https:\/\/translinguoglobal.com\/de\/wp-json\/wp\/v2\/media?parent=44715"}],"curies":[{"name":"wp","href":"https:\/\/api.w.org\/{rel}","templated":true}]}}