{"id":44713,"date":"2022-06-13T09:52:04","date_gmt":"2022-06-13T09:52:04","guid":{"rendered":"https:\/\/translinguoglobal.com\/uebersetzung-aus-dem-norwegischen\/"},"modified":"2022-07-15T08:48:04","modified_gmt":"2022-07-15T08:48:04","slug":"uebersetzung-aus-dem-norwegischen","status":"publish","type":"page","link":"https:\/\/translinguoglobal.com\/de\/uebersetzung-aus-dem-norwegischen\/","title":{"rendered":"\u00dcbersetzung aus dem Norwegischen"},"content":{"rendered":"<p>Als nordische Sprache ist die \u00dcbersetzung aus dem\u00a0<a href=\"https:\/\/de.wikipedia.org\/wiki\/Norwegische_Sprache\" target=\"_blank\" rel=\"noopener\">Norwegischen<\/a> in romanische Sprachen wie das Spanische eine interessante Aufgabe. Das liegt an den gro\u00dfen Unterschieden zwischen den Sprachen, auf welche wir weiter unten noch n\u00e4her eingehen werden.<\/p>\n<p style=\"text-align: center;\"><strong>Norwegisch in Spanien und seine \u00dcbersetzung<\/strong><\/p>\n<p>Vor einigen Jahren erlebte Spanien einen betr\u00e4chtlichen Zustrom von Norwegern ins Land. Dies bedeutete einen Anstieg der Nachfrage nach Dienstleistungen durch Norweger. Diese Dienstleistungen werden in der Regel in spanischer Sprache erbracht, so dass eine Aufstockung der \u00dcbersetzungen ins <a href=\"https:\/\/de.wikipedia.org\/wiki\/Norwegische_Sprache\" target=\"_blank\" rel=\"noopener\">Norwegische<\/a> erforderlich war.<\/p>\n<p>Dieser Anstieg der norwegischen Bev\u00f6lkerung \u00fcberraschte das Land jedoch. Dies bedeutete, dass es nicht gen\u00fcgend norwegische \u00dcbersetzer gab, um die damalige Nachfrage zu decken.<\/p>\n<p>Heutzutage kann dieses Problem dank der Globalisierung und der Nutzung von Telematikverbindungen leicht gel\u00f6st werden. Es gibt bereits viele Unternehmen, die Norwegisch-\u00dcbersetzungsdienste aus der Ferne anbieten, darunter auch unseres.<\/p>\n<p><a href=\"https:\/\/translinguoglobal.com\/de\/\">TRANSLINGUO GLOBAL<\/a> ist einer der Akteure auf dem norwegischen \u00dcbersetzungsmarkt, der an der Ausbreitung dieses Ph\u00e4nomens beteiligt ist. Am Anfang gab es nur wenige Fachleute, die diese Aufgabe \u00fcbernehmen konnten, aber heute gibt es erfahrene Mitarbeiter, die eine genaue und effektive Kommunikation erm\u00f6glichen werden.<\/p>\n<p>Unsere Aufgabe ist es, im Bereich der \u00dcbersetzung ins <a href=\"https:\/\/de.wikipedia.org\/wiki\/Norwegische_Sprache\" target=\"_blank\" rel=\"noopener\">Norwegische<\/a> weiter zu gedeihen und den bestm\u00f6glichen Service zu bieten. Norwegisch wird also keine Sprachbarriere mehr sein.<\/p>\n<p style=\"text-align: center;\"><strong>Norwegisch in Spanien<\/strong><\/p>\n<p>Nach den j\u00fcngsten Zahlen leben derzeit insgesamt 12313 Norweger in Spanien. Der Gro\u00dfteil der norwegischen Bev\u00f6lkerung lebt in K\u00fcstengebieten wie Alicante, Malaga oder Las Palmas. Neben ihrem gew\u00f6hnlichen Wohnsitz besuchen die Norweger unser Land wegen des Sonnen- und Strandtourismus, aber auch auf politischer Ebene ist Norwegen wichtig.<\/p>\n<p>Daher bieten wir einen \u00dcbersetzungsdienst f\u00fcr das <a href=\"https:\/\/de.wikipedia.org\/wiki\/Norwegische_Sprache\" target=\"_blank\" rel=\"noopener\">Norwegische<\/a>\u00a0an, der nicht nur f\u00fcr die Kommunikation, sondern auch f\u00fcr die St\u00e4rkung der Beziehungen zwischen den beiden L\u00e4ndern unverzichtbar ist.<\/p>\n<p style=\"text-align: center;\"><strong>Eigenschaften der norwegischen Sprache<\/strong><\/p>\n<p>Die norwegische Sprache verwendet dasselbe lateinische Alphabet, erg\u00e4nzt um drei zus\u00e4tzliche Buchstaben, n\u00e4mlich \u00c6, \u00f8 und \u00c5.<\/p>\n<ul>\n<li>Einige Eigenschaften der Sprache sind folgende:<\/li>\n<li>Das Norwegische hat zwei Schreibweisen &#8211; Bokm\u00e5l und Nynorsk;<\/li>\n<li>Ein Gro\u00dfteil des Vokabulars l\u00e4sst sich auf Altnordisch zur\u00fcckf\u00fchren;<\/li>\n<li>es teilt die Geschlechtszuordnung mit den indoeurop\u00e4ischen Sprachen;<\/li>\n<li>Pronomen werden wie im Deutschen durch F\u00e4lle dekliniert. Die F\u00e4lle sind Nominativ und Akkusativ.<\/li>\n<\/ul>\n<p>Besuch Sie unsere Profile auf <a title=\"Translinguo Global\" href=\"https:\/\/www.facebook.com\/translinguoglobal\" target=\"_blank\" rel=\"noopener\">Facebook<\/a>, <a title=\"Translinguo Global\" href=\"https:\/\/www.instagram.com\/translinguoglobal\/\" target=\"_blank\" rel=\"noopener\">Instagram<\/a> und <a title=\"Trasnslinguo Global\" href=\"https:\/\/es.linkedin.com\/company\/agencia-de-traduccion-translinguo-global\" target=\"_blank\" rel=\"noopener\">Linkedin.<\/a><\/p>\n","protected":false},"excerpt":{"rendered":"<p>Norwegisch ist eine nordische Sprache und die offizielle Sprache Norwegens. Zusammen mit Schwedisch und D\u00e4nisch ist es eine der drei nordischen Sprachen.<\/p>\n","protected":false},"author":3,"featured_media":38089,"parent":0,"menu_order":0,"comment_status":"closed","ping_status":"closed","template":"","meta":{"_crdt_document":"","inline_featured_image":false,"site-sidebar-layout":"no-sidebar","site-content-layout":"page-builder","ast-site-content-layout":"full-width-container","site-content-style":"default","site-sidebar-style":"default","ast-global-header-display":"","ast-banner-title-visibility":"","ast-main-header-display":"","ast-hfb-above-header-display":"","ast-hfb-below-header-display":"","ast-hfb-mobile-header-display":"","site-post-title":"disabled","ast-breadcrumbs-content":"","ast-featured-img":"disabled","footer-sml-layout":"","ast-disable-related-posts":"","theme-transparent-header-meta":"default","adv-header-id-meta":"","stick-header-meta":"","header-above-stick-meta":"","header-main-stick-meta":"","header-below-stick-meta":"","astra-migrate-meta-layouts":"default","ast-page-background-enabled":"default","ast-page-background-meta":{"desktop":{"background-color":"var(--ast-global-color-4)","background-image":"","background-repeat":"repeat","background-position":"center center","background-size":"auto","background-attachment":"scroll","background-type":"","background-media":"","overlay-type":"","overlay-color":"","overlay-opacity":"","overlay-gradient":""},"tablet":{"background-color":"","background-image":"","background-repeat":"repeat","background-position":"center center","background-size":"auto","background-attachment":"scroll","background-type":"","background-media":"","overlay-type":"","overlay-color":"","overlay-opacity":"","overlay-gradient":""},"mobile":{"background-color":"","background-image":"","background-repeat":"repeat","background-position":"center center","background-size":"auto","background-attachment":"scroll","background-type":"","background-media":"","overlay-type":"","overlay-color":"","overlay-opacity":"","overlay-gradient":""}},"ast-content-background-meta":{"desktop":{"background-color":"var(--ast-global-color-5)","background-image":"","background-repeat":"repeat","background-position":"center center","background-size":"auto","background-attachment":"scroll","background-type":"","background-media":"","overlay-type":"","overlay-color":"","overlay-opacity":"","overlay-gradient":""},"tablet":{"background-color":"var(--ast-global-color-5)","background-image":"","background-repeat":"repeat","background-position":"center center","background-size":"auto","background-attachment":"scroll","background-type":"","background-media":"","overlay-type":"","overlay-color":"","overlay-opacity":"","overlay-gradient":""},"mobile":{"background-color":"var(--ast-global-color-5)","background-image":"","background-repeat":"repeat","background-position":"center center","background-size":"auto","background-attachment":"scroll","background-type":"","background-media":"","overlay-type":"","overlay-color":"","overlay-opacity":"","overlay-gradient":""}},"footnotes":""},"class_list":["post-44713","page","type-page","status-publish","has-post-thumbnail","hentry"],"_links":{"self":[{"href":"https:\/\/translinguoglobal.com\/de\/wp-json\/wp\/v2\/pages\/44713","targetHints":{"allow":["GET"]}}],"collection":[{"href":"https:\/\/translinguoglobal.com\/de\/wp-json\/wp\/v2\/pages"}],"about":[{"href":"https:\/\/translinguoglobal.com\/de\/wp-json\/wp\/v2\/types\/page"}],"author":[{"embeddable":true,"href":"https:\/\/translinguoglobal.com\/de\/wp-json\/wp\/v2\/users\/3"}],"replies":[{"embeddable":true,"href":"https:\/\/translinguoglobal.com\/de\/wp-json\/wp\/v2\/comments?post=44713"}],"version-history":[{"count":0,"href":"https:\/\/translinguoglobal.com\/de\/wp-json\/wp\/v2\/pages\/44713\/revisions"}],"wp:featuredmedia":[{"embeddable":true,"href":"https:\/\/translinguoglobal.com\/de\/wp-json\/wp\/v2\/media\/38089"}],"wp:attachment":[{"href":"https:\/\/translinguoglobal.com\/de\/wp-json\/wp\/v2\/media?parent=44713"}],"curies":[{"name":"wp","href":"https:\/\/api.w.org\/{rel}","templated":true}]}}