{"id":44711,"date":"2022-06-13T09:51:01","date_gmt":"2022-06-13T09:51:01","guid":{"rendered":"https:\/\/translinguoglobal.com\/uebersetzungsbuero-fuer-italienisch\/"},"modified":"2022-07-13T13:05:51","modified_gmt":"2022-07-13T13:05:51","slug":"uebersetzungsbuero-fuer-italienisch","status":"publish","type":"page","link":"https:\/\/translinguoglobal.com\/de\/uebersetzungsbuero-fuer-italienisch\/","title":{"rendered":"\u00dcbersetzungsb\u00fcro f\u00fcr Italienisch"},"content":{"rendered":"<p><a href=\"https:\/\/de.wikipedia.org\/wiki\/Italienische_Sprache\" target=\"_blank\" rel=\"noopener\">Italienisch<\/a> geh\u00f6rt zusammen mit <a href=\"https:\/\/de.wikipedia.org\/wiki\/Franz\u00f6sische_Sprache\" target=\"_blank\" rel=\"noopener\">Franz\u00f6sisch<\/a>, <a href=\"https:\/\/de.wikipedia.org\/wiki\/Portugiesische_Sprache\" target=\"_blank\" rel=\"noopener\">Portugiesisch<\/a>, <a href=\"https:\/\/de.wikipedia.org\/wiki\/Spanische_Sprache\" target=\"_blank\" rel=\"noopener\">Spanisch<\/a>, <a href=\"https:\/\/de.wikipedia.org\/wiki\/Katalanische_Sprache\" target=\"_blank\" rel=\"noopener\">Katalanisch<\/a> und vielen anderen Sprachen zur romanischen Sprachfamilie. Es ist erw\u00e4hnenswert, dass ohne sizilianische Dichter wie Dante Alighieri, Francesco Petrarca und Giovanni Boccaccio die Entwicklung des Italienischen viel langsamer verlaufen w\u00e4re. <a href=\"https:\/\/de.wikipedia.org\/wiki\/Italienische_Sprache\" target=\"_blank\" rel=\"noopener\">Italienisch<\/a> wird weltweit von mehr als 62 Millionen Menschen gesprochen. Es sind Faktoren wie diese, die die Nachfrage nach einem italienischen \u00dcbersetzungsb\u00fcro erh\u00f6hen.<\/p>\n<p style=\"text-align: center;\"><strong>\u00dcbersetzung aus dem Italienischen ins Spanische<\/strong><\/p>\n<p>Einer der Vorteile Italiens f\u00fcr \u00dcbersetzungen ins <a href=\"https:\/\/de.wikipedia.org\/wiki\/Italienische_Sprache\" target=\"_blank\" rel=\"noopener\">Italienische<\/a> ist, dass es ein Nachbarland ist. Es ist auch ein einflussreiches Land dank seiner Politik, Wirtschaft, Kultur und geografischen Strategie.<\/p>\n<p>Spanien und Italien unterhalten Handelsbeziehungen, die f\u00fcr beide L\u00e4nder von Vorteil sind. Aufgrund dieser engen Beziehung entsteht der Bedarf an einem \u00dcbersetzungsb\u00fcro f\u00fcr Italienisch.<\/p>\n<p>Obwohl sich <a href=\"https:\/\/de.wikipedia.org\/wiki\/Italienische_Sprache\" target=\"_blank\" rel=\"noopener\">Italienisch<\/a> und Spanisch sehr \u00e4hnlich sind, sollten Sie nicht selbstgef\u00e4llig sein. Damit eine \u00dcbersetzung ins Italienische von hoher Qualit\u00e4t ist, braucht es professionelle \u00dcbersetzer in einem italienischen \u00dcbersetzungsb\u00fcro. Eine \u00dcbersetzung durch einen maschinellen \u00dcbersetzer ist nicht dasselbe wie die durch einen qualifizierten Fachmann.<\/p>\n<p>Daher verf\u00fcgen wir bei italienischen \u00dcbersetzungsunternehmen wie <a href=\"https:\/\/translinguoglobal.com\/de\/\">TRANSLINGUO GLOBAL<\/a> \u00fcber qualifizierte Fachleute f\u00fcr \u00dcbersetzungen aus dem Italienischen in verschiedenen Bereichen. Wenn Sie eine \u00dcbersetzung aus dem Italienischen ben\u00f6tigen, z\u00f6gern Sie nicht uns zu kontaktieren und einen Preisangebot anzufordern.<\/p>\n<p style=\"text-align: center;\"><strong>Eigenschaften der italienischen Sprache<\/strong><\/p>\n<p>Da <a href=\"https:\/\/de.wikipedia.org\/wiki\/Italienische_Sprache\" target=\"_blank\" rel=\"noopener\">Italienisch<\/a> zu den indoeurop\u00e4ischen Sprachen geh\u00f6rt, \u00e4hnelt es dem Franz\u00f6sischen, weil es aus einer Kombination mehrerer Dialekte entstanden ist. Obwohl diese Sprache dem Spanischen und Franz\u00f6sischen sehr \u00e4hnlich ist, gibt es einige Besonderheiten, die das Dolmetschen f\u00fcr ein \u00dcbersetzungsb\u00fcro f\u00fcr Italienisch schwierig machen:<\/p>\n<ul>\n<li style=\"list-style-type: none;\">\n<ul>\n<li>Die einzigen Buchstaben, die im italienischen Alphabet nicht vorkommen, sind K, J, W, X und Y;<\/li>\n<li>Lexikon. Anstatt die Vergangenheitsform durch Hinzuf\u00fcgen von -s oder -es zu bilden, wird je nach Endung des Wortes -i oder -e hinzugef\u00fcgt;<\/li>\n<li>Diese Sprache hat 89 % ihres Wortschatzes mit dem Franz\u00f6sischen gemeinsam, weshalb Italienisch so leicht zu \u00fcbersetzen ist;<\/li>\n<li>Sprache und Dialekt. Es wird davon ausgegangen, dass es etwa 30 Dialekte des Italienischen gibt. Von allen Ableitungen des Italienischen ist das Neapolitanische mit etwa f\u00fcnf Millionen Sprechern am weitesten verbreitet;<\/li>\n<li>Offizielle Sprache. Erst im 20. Jahrhundert wurde Italienisch zu einer Amtssprache;<\/li>\n<\/ul>\n<\/li>\n<\/ul>\n<ul>\n<li>Das l\u00e4ngste Wort im Italienischen ist Sovramagnificentissimamente und bedeutet &#8220;viel mehr als gro\u00dfartig&#8221;.<\/li>\n<\/ul>\n<p>Besuchen Sie unsere Profile auf <a title=\"Translinguo Global\" href=\"https:\/\/www.facebook.com\/translinguoglobal\" target=\"_blank\" rel=\"noopener\">Facebook<\/a>, <a title=\"Translinguo Global\" href=\"https:\/\/www.instagram.com\/translinguoglobal\/\" target=\"_blank\" rel=\"noopener\">Instagram<\/a> und <a title=\"Trasnslinguo Global\" href=\"https:\/\/es.linkedin.com\/company\/agencia-de-traduccion-translinguo-global\" target=\"_blank\" rel=\"noopener\">Linkedin.<\/a><\/p>\n","protected":false},"excerpt":{"rendered":"<p>Ein \u00dcbersetzungsb\u00fcro f\u00fcr Italienisch ist sehr gefragt, da Italien ein sehr einflussreiches Land ist. <\/p>\n","protected":false},"author":3,"featured_media":38083,"parent":0,"menu_order":0,"comment_status":"closed","ping_status":"closed","template":"","meta":{"_crdt_document":"","inline_featured_image":false,"site-sidebar-layout":"default","site-content-layout":"default","ast-site-content-layout":"default","site-content-style":"default","site-sidebar-style":"default","ast-global-header-display":"","ast-banner-title-visibility":"","ast-main-header-display":"","ast-hfb-above-header-display":"","ast-hfb-below-header-display":"","ast-hfb-mobile-header-display":"","site-post-title":"","ast-breadcrumbs-content":"","ast-featured-img":"","footer-sml-layout":"","ast-disable-related-posts":"","theme-transparent-header-meta":"default","adv-header-id-meta":"","stick-header-meta":"","header-above-stick-meta":"","header-main-stick-meta":"","header-below-stick-meta":"","astra-migrate-meta-layouts":"default","ast-page-background-enabled":"default","ast-page-background-meta":{"desktop":{"background-color":"var(--ast-global-color-4)","background-image":"","background-repeat":"repeat","background-position":"center center","background-size":"auto","background-attachment":"scroll","background-type":"","background-media":"","overlay-type":"","overlay-color":"","overlay-opacity":"","overlay-gradient":""},"tablet":{"background-color":"","background-image":"","background-repeat":"repeat","background-position":"center center","background-size":"auto","background-attachment":"scroll","background-type":"","background-media":"","overlay-type":"","overlay-color":"","overlay-opacity":"","overlay-gradient":""},"mobile":{"background-color":"","background-image":"","background-repeat":"repeat","background-position":"center center","background-size":"auto","background-attachment":"scroll","background-type":"","background-media":"","overlay-type":"","overlay-color":"","overlay-opacity":"","overlay-gradient":""}},"ast-content-background-meta":{"desktop":{"background-color":"var(--ast-global-color-5)","background-image":"","background-repeat":"repeat","background-position":"center center","background-size":"auto","background-attachment":"scroll","background-type":"","background-media":"","overlay-type":"","overlay-color":"","overlay-opacity":"","overlay-gradient":""},"tablet":{"background-color":"var(--ast-global-color-5)","background-image":"","background-repeat":"repeat","background-position":"center center","background-size":"auto","background-attachment":"scroll","background-type":"","background-media":"","overlay-type":"","overlay-color":"","overlay-opacity":"","overlay-gradient":""},"mobile":{"background-color":"var(--ast-global-color-5)","background-image":"","background-repeat":"repeat","background-position":"center center","background-size":"auto","background-attachment":"scroll","background-type":"","background-media":"","overlay-type":"","overlay-color":"","overlay-opacity":"","overlay-gradient":""}},"footnotes":""},"class_list":["post-44711","page","type-page","status-publish","has-post-thumbnail","hentry"],"_links":{"self":[{"href":"https:\/\/translinguoglobal.com\/de\/wp-json\/wp\/v2\/pages\/44711","targetHints":{"allow":["GET"]}}],"collection":[{"href":"https:\/\/translinguoglobal.com\/de\/wp-json\/wp\/v2\/pages"}],"about":[{"href":"https:\/\/translinguoglobal.com\/de\/wp-json\/wp\/v2\/types\/page"}],"author":[{"embeddable":true,"href":"https:\/\/translinguoglobal.com\/de\/wp-json\/wp\/v2\/users\/3"}],"replies":[{"embeddable":true,"href":"https:\/\/translinguoglobal.com\/de\/wp-json\/wp\/v2\/comments?post=44711"}],"version-history":[{"count":0,"href":"https:\/\/translinguoglobal.com\/de\/wp-json\/wp\/v2\/pages\/44711\/revisions"}],"wp:featuredmedia":[{"embeddable":true,"href":"https:\/\/translinguoglobal.com\/de\/wp-json\/wp\/v2\/media\/38083"}],"wp:attachment":[{"href":"https:\/\/translinguoglobal.com\/de\/wp-json\/wp\/v2\/media?parent=44711"}],"curies":[{"name":"wp","href":"https:\/\/api.w.org\/{rel}","templated":true}]}}