{"id":44705,"date":"2022-06-13T09:49:22","date_gmt":"2022-06-13T09:49:22","guid":{"rendered":"https:\/\/translinguoglobal.com\/uebersetzung-aus-dem-tuerkischen\/"},"modified":"2022-07-15T09:54:16","modified_gmt":"2022-07-15T09:54:16","slug":"uebersetzung-aus-dem-tuerkischen","status":"publish","type":"page","link":"https:\/\/translinguoglobal.com\/de\/uebersetzung-aus-dem-tuerkischen\/","title":{"rendered":"\u00dcbersetzung aus dem T\u00fcrkischen"},"content":{"rendered":"<h3 style=\"text-align: center;\"><strong>Eigenschaften und Bedeutung des T\u00fcrkischen<\/strong><\/h3>\n<p>Wir haben bereits erw\u00e4hnt, dass das <a href=\"https:\/\/de.wikipedia.org\/wiki\/T\u00fcrkische_Sprache\" target=\"_blank\" rel=\"noopener\">T\u00fcrkische<\/a> ein gemeinsames Alphabet mit dem Spanischen hat, welches jedoch einige Besonderheiten aufweist. Im t\u00fcrkischen Alphabet finden wir zum Beispiel kein Q, W oder X. Dar\u00fcber hinaus werden Buchstaben wie C oder S wie im Franz\u00f6sischen mit einer Cedille versehen.<\/p>\n<p>Eines der Merkmale der t\u00fcrkischen Sprache ist auch die Harmonie der Sprache. Diese wird durch die Kombination der verschiedenen Konsonanten und Vokale erreicht.<\/p>\n<p>Wenn wir unsere Reise auf dem Weg des <a href=\"https:\/\/de.wikipedia.org\/wiki\/T\u00fcrkische_Sprache\" target=\"_blank\" rel=\"noopener\">T\u00fcrkischen<\/a> fortsetzen entdecken wir, dass es uns n\u00e4her ist als wir dachten. Wie bei den Anglizismen haben wir auch hier einige W\u00f6rter aus dem T\u00fcrkischen \u00fcbernommen.<\/p>\n<p>Dies ist der Fall bei W\u00f6rtern wie Kaffee, das vom t\u00fcrkischen <em>kahve<\/em> stammt, oder Kiosk, vom t\u00fcrkischen Wort <em>k\u00f6\u0161k<\/em>.<\/p>\n<p>Die Tatsache, dass <a href=\"https:\/\/de.wikipedia.org\/wiki\/T\u00fcrkische_Sprache\" target=\"_blank\" rel=\"noopener\">T\u00fcrkisch<\/a> die f\u00fcnftmeistgesprochene Sprache der Welt ist, verleiht ihm einen hohen Stellenwert. Neben diesem prestigetr\u00e4chtigen f\u00fcnften Platz ist auch die Bedeutung der T\u00fcrkei in Europa hoch. Der Kontakt zwischen den anderen europ\u00e4ischen Sprachen und der T\u00fcrkei muss m\u00f6glicherweise auf T\u00fcrkisch erfolgen.<\/p>\n<p>Hier kommt die <strong>\u00dcbersetzung ins <a href=\"https:\/\/de.wikipedia.org\/wiki\/T\u00fcrkische_Sprache\" target=\"_blank\" rel=\"noopener\">T\u00fcrkische<\/a><\/strong> ins Spiel. Die Kommunikation in der Muttersprache des Landes zu gew\u00e4hrleisten, kann sich bei Verhandlungen als positiv erweisen.<\/p>\n<h3 style=\"text-align: center;\"><strong>T\u00fcrkischer \u00dcbersetzungsmarkt in Spanien<\/strong><\/h3>\n<p>Die Beziehungen zwischen Spanien und der T\u00fcrkei sind in verschiedenen Bereichen wie Handel und Politik ausgewogen. Im kommerziellen Bereich muss sich Spanien auf die M\u00f6glichkeit verlassen k\u00f6nnen f\u00fcr den t\u00fcrkischen Markt zu \u00fcbersetzen.<\/p>\n<p>Angesichts der engen Beziehungen zwischen den beiden L\u00e4ndern ist eine starke<strong> t\u00fcrkische \u00dcbersetzungsbasis<\/strong> unerl\u00e4sslich. Die wichtigsten Bereiche die von der<strong> \u00dcbersetzung aus dem <a href=\"https:\/\/de.wikipedia.org\/wiki\/T\u00fcrkische_Sprache\" target=\"_blank\" rel=\"noopener\">T\u00fcrkischen<\/a><\/strong> ins Spanische abgedeckt werden sind Import und Export.<\/p>\n<p>Die Beziehungen zwischen den beiden L\u00e4ndern gehen auf das Jahr 1783 zur\u00fcck, aber erst 1954 wurde die erste \u00dcbersetzung aus dem <a href=\"https:\/\/de.wikipedia.org\/wiki\/T\u00fcrkische_Sprache\" target=\"_blank\" rel=\"noopener\">T\u00fcrkischen<\/a> ver\u00f6ffentlicht. Der \u00dcbersetzer war Halide Edip Adivar, der ebenso wie Soliman Salom f\u00fcr seinen Gedichtband bekannt wurde.<\/p>\n<p>Heute dehnt sich der Markt angesichts des Booms t\u00fcrkischer Serien in Spanien auch auf den audiovisuellen Bereich aus. Bekannte Titel wie <em>Mujer und Mi hija<\/em> wurden ins Spanische \u00fcbersetzt und synchronisiert.<\/p>\n<p>Dies ist jedoch nicht das einzige Ph\u00e4nomen, das die Grenzen \u00fcberschritten und Spanien erreicht hat. Dies ist auch der Fall bei den ber\u00fchmten Haarimplantaten, die in der T\u00fcrkei durchgef\u00fchrt wurden und die in der \u00d6ffentlichkeit so viel Aufmerksamkeit erregt haben.<\/p>\n<p>Schlie\u00dflich leben wir in einer Welt, die sich st\u00e4ndig ver\u00e4ndert und in Kontakt ist. Das bedeutet, dass bestimmte Dienste, wie die oben genannten, verschiedene L\u00e4nder erreichen. Um sicherzustellen, dass sie alle gut ankommen, ist es am sinnvollsten sie aus dem <a href=\"https:\/\/de.wikipedia.org\/wiki\/T\u00fcrkische_Sprache\" target=\"_blank\" rel=\"noopener\">T\u00fcrkischen<\/a> zu \u00fcbersetzen.<\/p>\n<p>Auf diese Weise tragen wir zum wirtschaftlichen und kulturellen Austausch bei, der die verschiedenen Kulturen der Welt bereichert.<\/p>\n<p>Besuchen Sie unsere Profile auf <a title=\"Translinguo Global\" href=\"https:\/\/www.facebook.com\/translinguoglobal\" target=\"_blank\" rel=\"noopener\">Facebook<\/a>, <a title=\"Translinguo Global\" href=\"https:\/\/www.instagram.com\/translinguoglobal\/\" target=\"_blank\" rel=\"noopener\">Instagram<\/a> und <a title=\"Trasnslinguo Global\" href=\"https:\/\/es.linkedin.com\/company\/agencia-de-traduccion-translinguo-global\" target=\"_blank\" rel=\"noopener\">Linkedin.<\/a><\/p>\n","protected":false},"excerpt":{"rendered":"<p>Eigenschaften und Bedeutung des T\u00fcrkischen Wir haben bereits erw\u00e4hnt, dass das T\u00fcrkische ein gemeinsames Alphabet mit dem Spanischen hat, welches jedoch einige Besonderheiten aufweist. Im t\u00fcrkischen Alphabet finden wir zum Beispiel kein Q, W oder X. Dar\u00fcber hinaus werden Buchstaben wie C oder S wie im Franz\u00f6sischen mit einer Cedille versehen. Eines der Merkmale der [&hellip;]<\/p>\n","protected":false},"author":3,"featured_media":41883,"parent":0,"menu_order":0,"comment_status":"closed","ping_status":"closed","template":"","meta":{"_crdt_document":"","inline_featured_image":false,"site-sidebar-layout":"no-sidebar","site-content-layout":"page-builder","ast-site-content-layout":"full-width-container","site-content-style":"default","site-sidebar-style":"default","ast-global-header-display":"","ast-banner-title-visibility":"","ast-main-header-display":"","ast-hfb-above-header-display":"","ast-hfb-below-header-display":"","ast-hfb-mobile-header-display":"","site-post-title":"disabled","ast-breadcrumbs-content":"","ast-featured-img":"disabled","footer-sml-layout":"","ast-disable-related-posts":"","theme-transparent-header-meta":"default","adv-header-id-meta":"","stick-header-meta":"","header-above-stick-meta":"","header-main-stick-meta":"","header-below-stick-meta":"","astra-migrate-meta-layouts":"default","ast-page-background-enabled":"default","ast-page-background-meta":{"desktop":{"background-color":"var(--ast-global-color-4)","background-image":"","background-repeat":"repeat","background-position":"center center","background-size":"auto","background-attachment":"scroll","background-type":"","background-media":"","overlay-type":"","overlay-color":"","overlay-opacity":"","overlay-gradient":""},"tablet":{"background-color":"","background-image":"","background-repeat":"repeat","background-position":"center center","background-size":"auto","background-attachment":"scroll","background-type":"","background-media":"","overlay-type":"","overlay-color":"","overlay-opacity":"","overlay-gradient":""},"mobile":{"background-color":"","background-image":"","background-repeat":"repeat","background-position":"center center","background-size":"auto","background-attachment":"scroll","background-type":"","background-media":"","overlay-type":"","overlay-color":"","overlay-opacity":"","overlay-gradient":""}},"ast-content-background-meta":{"desktop":{"background-color":"var(--ast-global-color-5)","background-image":"","background-repeat":"repeat","background-position":"center center","background-size":"auto","background-attachment":"scroll","background-type":"","background-media":"","overlay-type":"","overlay-color":"","overlay-opacity":"","overlay-gradient":""},"tablet":{"background-color":"var(--ast-global-color-5)","background-image":"","background-repeat":"repeat","background-position":"center center","background-size":"auto","background-attachment":"scroll","background-type":"","background-media":"","overlay-type":"","overlay-color":"","overlay-opacity":"","overlay-gradient":""},"mobile":{"background-color":"var(--ast-global-color-5)","background-image":"","background-repeat":"repeat","background-position":"center center","background-size":"auto","background-attachment":"scroll","background-type":"","background-media":"","overlay-type":"","overlay-color":"","overlay-opacity":"","overlay-gradient":""}},"footnotes":""},"class_list":["post-44705","page","type-page","status-publish","has-post-thumbnail","hentry"],"_links":{"self":[{"href":"https:\/\/translinguoglobal.com\/de\/wp-json\/wp\/v2\/pages\/44705","targetHints":{"allow":["GET"]}}],"collection":[{"href":"https:\/\/translinguoglobal.com\/de\/wp-json\/wp\/v2\/pages"}],"about":[{"href":"https:\/\/translinguoglobal.com\/de\/wp-json\/wp\/v2\/types\/page"}],"author":[{"embeddable":true,"href":"https:\/\/translinguoglobal.com\/de\/wp-json\/wp\/v2\/users\/3"}],"replies":[{"embeddable":true,"href":"https:\/\/translinguoglobal.com\/de\/wp-json\/wp\/v2\/comments?post=44705"}],"version-history":[{"count":0,"href":"https:\/\/translinguoglobal.com\/de\/wp-json\/wp\/v2\/pages\/44705\/revisions"}],"wp:featuredmedia":[{"embeddable":true,"href":"https:\/\/translinguoglobal.com\/de\/wp-json\/wp\/v2\/media\/41883"}],"wp:attachment":[{"href":"https:\/\/translinguoglobal.com\/de\/wp-json\/wp\/v2\/media?parent=44705"}],"curies":[{"name":"wp","href":"https:\/\/api.w.org\/{rel}","templated":true}]}}