{"id":44704,"date":"2022-06-13T09:49:03","date_gmt":"2022-06-13T09:49:03","guid":{"rendered":"https:\/\/translinguoglobal.com\/uebersetzungsagentur-fuer-englisch\/"},"modified":"2024-05-14T20:12:27","modified_gmt":"2024-05-14T18:12:27","slug":"uebersetzungsagentur-fuer-englisch","status":"publish","type":"page","link":"https:\/\/translinguoglobal.com\/de\/uebersetzungsagentur-fuer-englisch\/","title":{"rendered":"\u00dcbersetzungsagentur f\u00fcr Englisch"},"content":{"rendered":"<p><a href=\"https:\/\/de.wikipedia.org\/wiki\/Englische_Sprache\" target=\"_blank\" rel=\"noopener\">Englisch<\/a> ist derzeit eine der am h\u00e4ufigsten \u00fcbersetzten Sprachen der Welt und auch eine der am meisten gesprochenen. Laut Statista sprechen 1,5 Milliarden Menschen Englisch, davon sind 375 Millionen Muttersprachler.<\/p>\n<h3 style=\"text-align: center;\"><strong>Globalisierung der englischen Sprache<\/strong><\/h3>\n<p>Die Tatsache, dass <a href=\"https:\/\/de.wikipedia.org\/wiki\/Englische_Sprache\" target=\"_blank\" rel=\"noopener\">Englisch<\/a> eine Universalsprache ist, ist auf zwei historische Fakten zur\u00fcckzuf\u00fchren. Zum einen die Ausdehnung des Britischen Empire im 16. und 19. Jahrhundert. Andererseits die wirtschaftliche und milit\u00e4rische Dominanz der Vereinigten Staaten im 20. Aus diesem Grund sind das Vereinigte K\u00f6nigreich und die Vereinigten Staaten nicht die einzigen L\u00e4nder in denen <a href=\"https:\/\/de.wikipedia.org\/wiki\/Englische_Sprache\" target=\"_blank\" rel=\"noopener\">Englisch<\/a> gesprochen wird. Beispiele f\u00fcr englischsprachige L\u00e4nder sind Kanada und Australien.<\/p>\n<h3 style=\"text-align: center;\"><strong>Gr\u00fcnde, warum Englisch eine weit verbreitete Sprache ist<\/strong><\/h3>\n<p>Es gibt viele Gr\u00fcnde, warum Englisch als internationale Sprache gilt. Eine davon ist wie bereits erw\u00e4hnt, dass Englisch in 57 L\u00e4ndern der Welt die Amtssprache ist. Als weit verbreitete Sprache wird sie h\u00e4ufig f\u00fcr die Kommunikation zwischen Menschen verschiedener Nationalit\u00e4ten verwendet. Gleichzeitig ist sie eine der offiziellen Sprachen, die in gro\u00dfen Institutionen wie der UNO und der EU verwendet werden. Dies bedeutet, dass viele Dokumente sowohl aus dem Englischen als auch ins Englische \u00fcbersetzt werden.<\/p>\n<p>Andererseits stammen die Branchen die die meisten Produkte exportieren in der Regel aus englischsprachigen L\u00e4ndern wie den Vereinigten Staaten. Zu diesen Branchen geh\u00f6ren Film, Fernsehen und Literatur. Die \u00dcbersetzung ihrer Inhalte ist f\u00fcr das Wachstum der Sprache unerl\u00e4sslich, da die meisten importierten und exportierten Produkte <strong>ins <a href=\"https:\/\/de.wikipedia.org\/wiki\/Englische_Sprache\" target=\"_blank\" rel=\"noopener\">Englische<\/a> \u00fcbersetzt\u00a0<\/strong>werden. Auf diese Weise nimmt der Konsum der angels\u00e4chsischen Kultur unter den B\u00fcrgern zu.<\/p>\n<h3 style=\"text-align: center;\"><strong>Schwierigkeiten beim \u00dcbersetzen aus dem Englischen ins Spanische<\/strong><\/h3>\n<p>In Anbetracht der Tatsache, dass <a href=\"https:\/\/de.wikipedia.org\/wiki\/Englische_Sprache\" target=\"_blank\" rel=\"noopener\">Englisch<\/a> eine der am meisten gesprochenen Sprachen ist, kann man sagen, dass sie einfach und leicht zu lernen ist. Wie Elsa C. Frost jedoch feststellte, ist Englisch eine tr\u00fcgerische Sprache. Diese Aussage k\u00f6nnte sich auf den Bereich der \u00dcbersetzung beziehen.<\/p>\n<p>Es stimmt, dass das Englische in Bezug auf Struktur, Aussprache und Bedeutung dem Spanischen relativ \u00e4hnlich ist. Wir sollten jedoch nicht w\u00f6rtlich von einer Sprache in die andere \u00fcbersetzen, da das Wesen der Sprache bei der \u00dcbersetzung verloren geht. Daher gibt es Ausdr\u00fccke, bei denen wir den kulturellen Kontext der jeweiligen Sprache ber\u00fccksichtigen m\u00fcssen.<\/p>\n<p>Dieser Prozess wird in der Welt der \u00dcbersetzung &#8220;Lokalisierung&#8221; genannt. Im Einzelnen besteht die Lokalisierung darin ein Produkt an jenen Markt anzupassen den es erreichen soll, einschlie\u00dflich bestimmter kultureller Werte. \u00dcbersetzung und Lokalisierung sind zwei verschiedene Dinge, obwohl die Lokalisierung eine sehr kulturelle Perspektive in die \u00dcbersetzung einbringt.<\/p>\n<p>Heutzutage ist es ganz normal, dass Englisch auf der ganzen Welt eine so weit verbreitete Sprache ist. Dank Faktoren wie der Globalisierung nimmt die Zahl der Englischsprachigen zu. Dieses Wachstum ist in verschiedenen Bereichen zu beobachten, unter anderem am Arbeitsplatz, in der Wirtschaft, im Tourismus und in der Unterhaltung. Daher spielt die <strong>\u00dcbersetzung aus dem <a href=\"https:\/\/de.wikipedia.org\/wiki\/Englische_Sprache\" target=\"_blank\" rel=\"noopener\">Englischen<\/a><\/strong> eine wichtige Rolle, da sich die angels\u00e4chsische Kultur sonst nicht weltweit verbreitet h\u00e4tte.<\/p>\n<p>&nbsp;<\/p>\n","protected":false},"excerpt":{"rendered":"<p>Es stimmt, dass Englisch eine universelle Sprache ist, aber wie wichtig ist sie? In diesem Artikel werden wir \u00fcber die englische \u00dcbersetzung sprechen:<\/p>\n","protected":false},"author":3,"featured_media":41740,"parent":0,"menu_order":0,"comment_status":"closed","ping_status":"closed","template":"","meta":{"_crdt_document":"","inline_featured_image":false,"site-sidebar-layout":"no-sidebar","site-content-layout":"page-builder","ast-site-content-layout":"full-width-container","site-content-style":"default","site-sidebar-style":"default","ast-global-header-display":"","ast-banner-title-visibility":"","ast-main-header-display":"","ast-hfb-above-header-display":"","ast-hfb-below-header-display":"","ast-hfb-mobile-header-display":"","site-post-title":"disabled","ast-breadcrumbs-content":"","ast-featured-img":"disabled","footer-sml-layout":"","ast-disable-related-posts":"","theme-transparent-header-meta":"default","adv-header-id-meta":"","stick-header-meta":"","header-above-stick-meta":"","header-main-stick-meta":"","header-below-stick-meta":"","astra-migrate-meta-layouts":"set","ast-page-background-enabled":"default","ast-page-background-meta":{"desktop":{"background-color":"var(--ast-global-color-4)","background-image":"","background-repeat":"repeat","background-position":"center center","background-size":"auto","background-attachment":"scroll","background-type":"","background-media":"","overlay-type":"","overlay-color":"","overlay-opacity":"","overlay-gradient":""},"tablet":{"background-color":"","background-image":"","background-repeat":"repeat","background-position":"center center","background-size":"auto","background-attachment":"scroll","background-type":"","background-media":"","overlay-type":"","overlay-color":"","overlay-opacity":"","overlay-gradient":""},"mobile":{"background-color":"","background-image":"","background-repeat":"repeat","background-position":"center center","background-size":"auto","background-attachment":"scroll","background-type":"","background-media":"","overlay-type":"","overlay-color":"","overlay-opacity":"","overlay-gradient":""}},"ast-content-background-meta":{"desktop":{"background-color":"var(--ast-global-color-5)","background-image":"","background-repeat":"repeat","background-position":"center center","background-size":"auto","background-attachment":"scroll","background-type":"","background-media":"","overlay-type":"","overlay-color":"","overlay-opacity":"","overlay-gradient":""},"tablet":{"background-color":"var(--ast-global-color-5)","background-image":"","background-repeat":"repeat","background-position":"center center","background-size":"auto","background-attachment":"scroll","background-type":"","background-media":"","overlay-type":"","overlay-color":"","overlay-opacity":"","overlay-gradient":""},"mobile":{"background-color":"var(--ast-global-color-5)","background-image":"","background-repeat":"repeat","background-position":"center center","background-size":"auto","background-attachment":"scroll","background-type":"","background-media":"","overlay-type":"","overlay-color":"","overlay-opacity":"","overlay-gradient":""}},"footnotes":""},"class_list":["post-44704","page","type-page","status-publish","has-post-thumbnail","hentry"],"_links":{"self":[{"href":"https:\/\/translinguoglobal.com\/de\/wp-json\/wp\/v2\/pages\/44704","targetHints":{"allow":["GET"]}}],"collection":[{"href":"https:\/\/translinguoglobal.com\/de\/wp-json\/wp\/v2\/pages"}],"about":[{"href":"https:\/\/translinguoglobal.com\/de\/wp-json\/wp\/v2\/types\/page"}],"author":[{"embeddable":true,"href":"https:\/\/translinguoglobal.com\/de\/wp-json\/wp\/v2\/users\/3"}],"replies":[{"embeddable":true,"href":"https:\/\/translinguoglobal.com\/de\/wp-json\/wp\/v2\/comments?post=44704"}],"version-history":[{"count":1,"href":"https:\/\/translinguoglobal.com\/de\/wp-json\/wp\/v2\/pages\/44704\/revisions"}],"predecessor-version":[{"id":66963,"href":"https:\/\/translinguoglobal.com\/de\/wp-json\/wp\/v2\/pages\/44704\/revisions\/66963"}],"wp:featuredmedia":[{"embeddable":true,"href":"https:\/\/translinguoglobal.com\/de\/wp-json\/wp\/v2\/media\/41740"}],"wp:attachment":[{"href":"https:\/\/translinguoglobal.com\/de\/wp-json\/wp\/v2\/media?parent=44704"}],"curies":[{"name":"wp","href":"https:\/\/api.w.org\/{rel}","templated":true}]}}