{"id":44665,"date":"2022-06-13T09:30:55","date_gmt":"2022-06-13T09:30:55","guid":{"rendered":"https:\/\/translinguoglobal.com\/uebersetzung-aus-dem-daenischen\/"},"modified":"2022-07-15T09:12:32","modified_gmt":"2022-07-15T09:12:32","slug":"uebersetzung-aus-dem-daenischen","status":"publish","type":"page","link":"https:\/\/translinguoglobal.com\/de\/uebersetzung-aus-dem-daenischen\/","title":{"rendered":"\u00dcbersetzung aus dem D\u00e4nischen"},"content":{"rendered":"<h3 style=\"text-align: center;\"><strong>D\u00e4nisch und seine Bedeutung <\/strong><\/h3>\n<p><a href=\"https:\/\/de.wikipedia.org\/wiki\/D\u00e4nische_Sprache\" target=\"_blank\" rel=\"noopener\">D\u00e4nisch<\/a> ist eine nordische Sprache, die sich von den germanischen Sprachen ableitet. Es ist die offizielle Sprache D\u00e4nemarks und wird von 6 Millionen Menschen gesprochen, geh\u00f6rt also nicht zu den wichtigsten Sprachen der Welt.<\/p>\n<p>Es wird auch in anderen Gebieten wie den F\u00e4r\u00f6er-Inseln gesprochen, wo es eine Ko-Amtssprache ist. Es wird auch in Gr\u00f6nland, Island und einem kleinen Teil Norddeutschlands gesprochen, obwohl es nicht als Amtssprache gilt.<\/p>\n<p>D\u00e4nemark besteht aus zahlreichen Inseln, was zur Entstehung von Dialekten innerhalb des Territoriums gef\u00fchrt hat. Die bekanntesten sind Sj\u00e6llandsk, Jysk, Bornholmsk y Fynsk;der Standarddialekt in D\u00e4nemark hei\u00dft Rigsdansk (dt. &#8220;K\u00f6nigreichsd\u00e4nisch&#8221;).<\/p>\n<p>&nbsp;<\/p>\n<h3 style=\"text-align: center;\"><strong>Kultur und Wirtschaft<\/strong><\/h3>\n<p>D\u00e4nemark ist das siebtreichste Land der Welt, hat eine Marktwirtschaft und wies im Jahr 2020 eine Arbeitslosenquote von nur 5,6\u00a0% auf. In der Europ\u00e4ischen Union ist es das f\u00fchrende Land bei der Erzeugung von Strom aus Windenergie.<\/p>\n<p>Interessanterweise schmiedet das Land zusammen mit mehreren anderen L\u00e4ndern Pl\u00e4ne zur Abschaffung des Bargelds. Etwa 75\u00a0% der Zahlungen werden bereits mit Karte get\u00e4tigt, da viele Einrichtungen kein Bargeld akzeptieren.<\/p>\n<p>Das Land ist die Heimat ber\u00fchmter Pers\u00f6nlichkeiten wie Hans Christian Andersen, dem Autor von &#8220;Die kleine Meerjungfrau und Das h\u00e4ssliche Entlein&#8221;, S\u00f8ren Kierkegaard, einem Philosophen, der als Vater des Existenzialismus gilt, und Karen Blixen, der Autorin von &#8220;Memoiren \u00fcber Afrika&#8221;.<\/p>\n<p>Die \u00dcbersetzung aus dem D\u00e4nischen war wichtig, um diesen ber\u00fchmten Werken die wir alle kennen eine Stimme zu geben.<\/p>\n<h3><\/h3>\n<h3 style=\"text-align: center;\"><strong>\u00dcbersetzung aus dem D\u00e4nischen<\/strong><\/h3>\n<p><a href=\"https:\/\/de.wikipedia.org\/wiki\/D\u00e4nische_Sprache\" target=\"_blank\" rel=\"noopener\">D\u00e4nisch<\/a> ist nicht so weit verbreitet wie Englisch, Chinesisch oder Spanisch.<\/p>\n<p>Bei der Suche nach D\u00e4nisch-\u00dcbersetzern ist es normal, dass wir nicht viele finden, weshalb diese Art von \u00dcbersetzungen einen h\u00f6heren Preis hat. Der Preis pro Wort liegt bei etwa 0,15\u00a0\u20ac, h\u00e4ngt aber &#8211; wie bei allen Sprachen &#8211; vom Fachgebiet ab mit dem sich der \u00dcbersetzer befasst. Handelt es sich um einen &#8220;normalen&#8221; Text bleibt der Preis gleich, aber wenn es sich um wissenschaftliche, technische oder beglaubigte Texte handelt steigt der Preis.<\/p>\n<p>Spanien ist eines der Lieferl\u00e4nder D\u00e4nemarks. Es beliefert das Land mit Produkten wie Obst, Gem\u00fcse und mechanischen Ger\u00e4ten. In diesem Zusammenhang l\u00e4sst sich feststellen, dass zu den h\u00e4ufigsten \u00dcbersetzungen Themen wie Fahrzeugtechnik, Lebensmittel, Vorschriften, Vereinbarungen oder Vertr\u00e4ge geh\u00f6ren.<\/p>\n<p>Es sollte nicht vergessen werden, dass die Landwirtschaft in D\u00e4nemark ebenso wie in Spanien eine sehr wichtige Rolle spielt. Aus diesem Grund finden wir auch \u00dcbersetzungen von Vereinbarungen zwischen Landwirten und Unternehmen in beiden L\u00e4ndern, sowie Dolmetschen bei Treffen zwischen Unternehmen, die landwirtschaftliche Produkte ben\u00f6tigen, die Ihr Land nicht anbieten kann.<\/p>\n<p>Besuchen Sie unsere Profile auf <a title=\"Translinguo Global\" href=\"https:\/\/www.facebook.com\/translinguoglobal\" target=\"_blank\" rel=\"noopener\">Facebook<\/a>, <a title=\"Translinguo Global\" href=\"https:\/\/www.instagram.com\/translinguoglobal\/\" target=\"_blank\" rel=\"noopener\">Instagram<\/a> und <a title=\"Trasnslinguo Global\" href=\"https:\/\/es.linkedin.com\/company\/agencia-de-traduccion-translinguo-global\" target=\"_blank\" rel=\"noopener\">Linkedin.<\/a><\/p>\n","protected":false},"excerpt":{"rendered":"<p>Die \u00dcbersetzung aus dem D\u00e4nischen ist keine leichte Aufgabe. Die Schwierigkeit besteht darin, dass es nicht so verbreitet ist wie das Englische.<\/p>\n","protected":false},"author":3,"featured_media":38137,"parent":0,"menu_order":0,"comment_status":"closed","ping_status":"closed","template":"","meta":{"_crdt_document":"","inline_featured_image":false,"site-sidebar-layout":"no-sidebar","site-content-layout":"page-builder","ast-site-content-layout":"full-width-container","site-content-style":"default","site-sidebar-style":"default","ast-global-header-display":"","ast-banner-title-visibility":"","ast-main-header-display":"","ast-hfb-above-header-display":"","ast-hfb-below-header-display":"","ast-hfb-mobile-header-display":"","site-post-title":"disabled","ast-breadcrumbs-content":"","ast-featured-img":"disabled","footer-sml-layout":"","ast-disable-related-posts":"","theme-transparent-header-meta":"default","adv-header-id-meta":"","stick-header-meta":"","header-above-stick-meta":"","header-main-stick-meta":"","header-below-stick-meta":"","astra-migrate-meta-layouts":"default","ast-page-background-enabled":"default","ast-page-background-meta":{"desktop":{"background-color":"var(--ast-global-color-4)","background-image":"","background-repeat":"repeat","background-position":"center center","background-size":"auto","background-attachment":"scroll","background-type":"","background-media":"","overlay-type":"","overlay-color":"","overlay-opacity":"","overlay-gradient":""},"tablet":{"background-color":"","background-image":"","background-repeat":"repeat","background-position":"center center","background-size":"auto","background-attachment":"scroll","background-type":"","background-media":"","overlay-type":"","overlay-color":"","overlay-opacity":"","overlay-gradient":""},"mobile":{"background-color":"","background-image":"","background-repeat":"repeat","background-position":"center center","background-size":"auto","background-attachment":"scroll","background-type":"","background-media":"","overlay-type":"","overlay-color":"","overlay-opacity":"","overlay-gradient":""}},"ast-content-background-meta":{"desktop":{"background-color":"var(--ast-global-color-5)","background-image":"","background-repeat":"repeat","background-position":"center center","background-size":"auto","background-attachment":"scroll","background-type":"","background-media":"","overlay-type":"","overlay-color":"","overlay-opacity":"","overlay-gradient":""},"tablet":{"background-color":"var(--ast-global-color-5)","background-image":"","background-repeat":"repeat","background-position":"center center","background-size":"auto","background-attachment":"scroll","background-type":"","background-media":"","overlay-type":"","overlay-color":"","overlay-opacity":"","overlay-gradient":""},"mobile":{"background-color":"var(--ast-global-color-5)","background-image":"","background-repeat":"repeat","background-position":"center center","background-size":"auto","background-attachment":"scroll","background-type":"","background-media":"","overlay-type":"","overlay-color":"","overlay-opacity":"","overlay-gradient":""}},"footnotes":""},"class_list":["post-44665","page","type-page","status-publish","has-post-thumbnail","hentry"],"_links":{"self":[{"href":"https:\/\/translinguoglobal.com\/de\/wp-json\/wp\/v2\/pages\/44665","targetHints":{"allow":["GET"]}}],"collection":[{"href":"https:\/\/translinguoglobal.com\/de\/wp-json\/wp\/v2\/pages"}],"about":[{"href":"https:\/\/translinguoglobal.com\/de\/wp-json\/wp\/v2\/types\/page"}],"author":[{"embeddable":true,"href":"https:\/\/translinguoglobal.com\/de\/wp-json\/wp\/v2\/users\/3"}],"replies":[{"embeddable":true,"href":"https:\/\/translinguoglobal.com\/de\/wp-json\/wp\/v2\/comments?post=44665"}],"version-history":[{"count":0,"href":"https:\/\/translinguoglobal.com\/de\/wp-json\/wp\/v2\/pages\/44665\/revisions"}],"wp:featuredmedia":[{"embeddable":true,"href":"https:\/\/translinguoglobal.com\/de\/wp-json\/wp\/v2\/media\/38137"}],"wp:attachment":[{"href":"https:\/\/translinguoglobal.com\/de\/wp-json\/wp\/v2\/media?parent=44665"}],"curies":[{"name":"wp","href":"https:\/\/api.w.org\/{rel}","templated":true}]}}