{"id":44664,"date":"2022-06-13T09:30:42","date_gmt":"2022-06-13T09:30:42","guid":{"rendered":"https:\/\/translinguoglobal.com\/medizinische-uebersetzung\/"},"modified":"2022-07-15T11:02:17","modified_gmt":"2022-07-15T11:02:17","slug":"medizinische-uebersetzung","status":"publish","type":"page","link":"https:\/\/translinguoglobal.com\/de\/medizinische-uebersetzung\/","title":{"rendered":"Medizinische \u00dcbersetzung"},"content":{"rendered":"<h3 style=\"text-align: center;\"><strong>Was ist medizinische \u00dcbersetzung?<\/strong><\/h3>\n<p>Medizinische \u00dcbersetzungen umfassen alle Dokumente im Zusammenhang mit Arzneimitteln und dem Gesundheitsbereich. Diese Art der \u00dcbersetzung ist f\u00fcr die verschiedenen Berufsgruppen des Sektors wichtig, um mit Patienten oder anderen Fachleuten kommunizieren zu k\u00f6nnen. Gleichzeitig bietet die \u00dcbersetzung dieser Art von Dokumenten die M\u00f6glichkeit neue Behandlungen und Pflegema\u00dfnahmen f\u00fcr Patienten durchzuf\u00fchren.<\/p>\n<h3 style=\"text-align: center;\"><strong>Sehr spezifische Terminologie<\/strong><\/h3>\n<p>Diese Art von Dokumenten enth\u00e4lt hochspezialisierte Sprache, die f\u00fcr Personen die mit der Materie nicht vertraut sind, m\u00f6glicherweise nicht verst\u00e4ndlich ist. In der <strong>medizinischen \u00dcbersetzung<\/strong> m\u00fcssen medizinische \u00dcbersetzer \u00fcber ein breites Vokabular an Fachbegriffen verf\u00fcgen, sowohl in der Ausgangssprache als auch in der Zielsprache. Denn ein \u00dcbersetzungsfehler wirkt sich nicht nur auf das Dokument aus, sondern kann auch schwerwiegende gesundheitliche Probleme bei den Patienten verursachen.<\/p>\n<p>Bei dieser Art der \u00dcbersetzung geht es nicht darum, den Inhalt Wort f\u00fcr Wort zu \u00fcbersetzen, sondern die Bedeutung des Ausgangstextes zu erhalten. Um eine gute \u00dcbersetzung zu liefern und nicht in &#8220;falsche Freunde&#8221; zu geraten, m\u00fcssen die \u00c4quivalenzen so genau wie m\u00f6glich gesucht werden. Daher muss der \u00dcbersetzer die \u00dcbersetzung an den endg\u00fcltigen Zweck des Dokuments anpassen. Diese Zwecke k\u00f6nnen u.\u00a0a. beruflicher, p\u00e4dagogischer oder informativer Art sein.<\/p>\n<h3 style=\"text-align: center;\"><strong>Wann ist eine medizinische \u00dcbersetzung sinnvoll?<\/strong><\/h3>\n<p>Die <strong>medizinische \u00dcbersetzung<\/strong> umfasst eine gro\u00dfe Anzahl von Disziplinen im Gesundheitsbereich. Dazu geh\u00f6ren <a href=\"https:\/\/de.wikipedia.org\/wiki\/Pharmazie\" target=\"_blank\" rel=\"noopener\">Pharmazie<\/a>, <a href=\"https:\/\/de.wikipedia.org\/wiki\/Labor\" target=\"_blank\" rel=\"noopener\">Labor<\/a>, <a href=\"https:\/\/de.wikipedia.org\/wiki\/Virologie\" target=\"_blank\" rel=\"noopener\">Virologie<\/a> und viele andere Fachgebiete. Um eine gute und fehlerfreie \u00dcbersetzung anzufertigen, muss der \u00dcbersetzer die Begriffe dieser Fachgebiete beherrschen, nicht nur die allgemeinen Begriffe.<\/p>\n<p>Zu den am h\u00e4ufigsten zu \u00fcbersetzenden Dokumenten in der<strong> medizinischen \u00dcbersetzung<\/strong> geh\u00f6ren die Packungsbeilagen von Arzneimitteln. Auch medizinische Berichte, Krankenversicherungsberichte und wissenschaftliche Untersuchungen sind sehr verbreitet.<\/p>\n<p><strong>Medizinische \u00dcbersetzungen<\/strong> sind auch f\u00fcr Menschen wichtig, die im Ausland leben oder in unser Land kommen. Der Grund daf\u00fcr ist, dass sie m\u00f6glicherweise zu Arztbesuchen gehen m\u00fcssen, operiert werden oder eine Behandlung ben\u00f6tigen. Und wenn dies der Fall ist werden sie bestimmte Unterlagen ben\u00f6tigen die \u00fcbersetzt werden m\u00fcssen, damit beide Parteien sie vollst\u00e4ndig verstehen.<\/p>\n<p>Zusammenfassend l\u00e4sst sich sagen, dass die <strong>medizinische \u00dcbersetzung<\/strong> ein sehr breit gef\u00e4chertes \u00dcbersetzungsfachgebiet ist. Sie deckt ein breites Spektrum von Fachgebieten im Gesundheitssektor ab. Dar\u00fcber hinaus handelt es sich um sehr spezifische Texte und der \u00dcbersetzer muss \u00fcber ein umfassendes Wissen \u00fcber die Thematik in der Ausgangs- und Zielkultur verf\u00fcgen. Andernfalls kann das Ergebnis f\u00fcr den Patienten t\u00f6dlich sein.<\/p>\n<p>Besuchen Sie unsere Profile auf <a href=\"https:\/\/www.facebook.com\/translinguoglobal\" target=\"_blank\" rel=\"noopener\">Facebook<\/a>, <a href=\"https:\/\/www.instagram.com\/translinguoglobal\/\" target=\"_blank\" rel=\"noopener\">Instagram<\/a> und <a href=\"https:\/\/www.linkedin.com\/company\/agencia-de-traduccion-translinguo-global\/?originalSubdomain=es\" target=\"_blank\" rel=\"noopener\">Linkedin<\/a>.<\/p>\n","protected":false},"excerpt":{"rendered":"<p>Was ist medizinische \u00dcbersetzung? Medizinische \u00dcbersetzungen umfassen alle Dokumente im Zusammenhang mit Arzneimitteln und dem Gesundheitsbereich. Diese Art der \u00dcbersetzung ist f\u00fcr die verschiedenen Berufsgruppen des Sektors wichtig, um mit Patienten oder anderen Fachleuten kommunizieren zu k\u00f6nnen. Gleichzeitig bietet die \u00dcbersetzung dieser Art von Dokumenten die M\u00f6glichkeit neue Behandlungen und Pflegema\u00dfnahmen f\u00fcr Patienten durchzuf\u00fchren. Sehr [&hellip;]<\/p>\n","protected":false},"author":3,"featured_media":56999,"parent":0,"menu_order":0,"comment_status":"closed","ping_status":"closed","template":"elementor_header_footer","meta":{"_crdt_document":"","inline_featured_image":false,"site-sidebar-layout":"default","site-content-layout":"default","ast-site-content-layout":"default","site-content-style":"default","site-sidebar-style":"default","ast-global-header-display":"","ast-banner-title-visibility":"","ast-main-header-display":"","ast-hfb-above-header-display":"","ast-hfb-below-header-display":"","ast-hfb-mobile-header-display":"","site-post-title":"","ast-breadcrumbs-content":"","ast-featured-img":"","footer-sml-layout":"","ast-disable-related-posts":"","theme-transparent-header-meta":"default","adv-header-id-meta":"","stick-header-meta":"","header-above-stick-meta":"","header-main-stick-meta":"","header-below-stick-meta":"","astra-migrate-meta-layouts":"default","ast-page-background-enabled":"default","ast-page-background-meta":{"desktop":{"background-color":"var(--ast-global-color-4)","background-image":"","background-repeat":"repeat","background-position":"center center","background-size":"auto","background-attachment":"scroll","background-type":"","background-media":"","overlay-type":"","overlay-color":"","overlay-opacity":"","overlay-gradient":""},"tablet":{"background-color":"","background-image":"","background-repeat":"repeat","background-position":"center center","background-size":"auto","background-attachment":"scroll","background-type":"","background-media":"","overlay-type":"","overlay-color":"","overlay-opacity":"","overlay-gradient":""},"mobile":{"background-color":"","background-image":"","background-repeat":"repeat","background-position":"center center","background-size":"auto","background-attachment":"scroll","background-type":"","background-media":"","overlay-type":"","overlay-color":"","overlay-opacity":"","overlay-gradient":""}},"ast-content-background-meta":{"desktop":{"background-color":"var(--ast-global-color-5)","background-image":"","background-repeat":"repeat","background-position":"center center","background-size":"auto","background-attachment":"scroll","background-type":"","background-media":"","overlay-type":"","overlay-color":"","overlay-opacity":"","overlay-gradient":""},"tablet":{"background-color":"var(--ast-global-color-5)","background-image":"","background-repeat":"repeat","background-position":"center center","background-size":"auto","background-attachment":"scroll","background-type":"","background-media":"","overlay-type":"","overlay-color":"","overlay-opacity":"","overlay-gradient":""},"mobile":{"background-color":"var(--ast-global-color-5)","background-image":"","background-repeat":"repeat","background-position":"center center","background-size":"auto","background-attachment":"scroll","background-type":"","background-media":"","overlay-type":"","overlay-color":"","overlay-opacity":"","overlay-gradient":""}},"footnotes":""},"class_list":["post-44664","page","type-page","status-publish","has-post-thumbnail","hentry"],"_links":{"self":[{"href":"https:\/\/translinguoglobal.com\/de\/wp-json\/wp\/v2\/pages\/44664","targetHints":{"allow":["GET"]}}],"collection":[{"href":"https:\/\/translinguoglobal.com\/de\/wp-json\/wp\/v2\/pages"}],"about":[{"href":"https:\/\/translinguoglobal.com\/de\/wp-json\/wp\/v2\/types\/page"}],"author":[{"embeddable":true,"href":"https:\/\/translinguoglobal.com\/de\/wp-json\/wp\/v2\/users\/3"}],"replies":[{"embeddable":true,"href":"https:\/\/translinguoglobal.com\/de\/wp-json\/wp\/v2\/comments?post=44664"}],"version-history":[{"count":0,"href":"https:\/\/translinguoglobal.com\/de\/wp-json\/wp\/v2\/pages\/44664\/revisions"}],"wp:featuredmedia":[{"embeddable":true,"href":"https:\/\/translinguoglobal.com\/de\/wp-json\/wp\/v2\/media\/56999"}],"wp:attachment":[{"href":"https:\/\/translinguoglobal.com\/de\/wp-json\/wp\/v2\/media?parent=44664"}],"curies":[{"name":"wp","href":"https:\/\/api.w.org\/{rel}","templated":true}]}}