{"id":44663,"date":"2022-06-13T09:30:31","date_gmt":"2022-06-13T09:30:31","guid":{"rendered":"https:\/\/translinguoglobal.com\/uebersetzung-aus-dem-portugiesischen\/"},"modified":"2022-07-14T09:59:31","modified_gmt":"2022-07-14T09:59:31","slug":"uebersetzung-aus-dem-portugiesischen","status":"publish","type":"page","link":"https:\/\/translinguoglobal.com\/de\/uebersetzung-aus-dem-portugiesischen\/","title":{"rendered":"\u00dcbersetzung aus dem Portugiesischen"},"content":{"rendered":"<p style=\"text-align: center;\"><strong>Die Bedeutung des Portugiesischen<\/strong><\/p>\n<p><a href=\"https:\/\/de.wikipedia.org\/wiki\/Portugiesische_Sprache\" target=\"_blank\" rel=\"noopener\">Portugiesisch<\/a> ist zusammen mit Spanisch die am schnellsten wachsende europ\u00e4ische Sprache der Welt, gleich nach Englisch. Denn mit 270 Millionen Sprechern ist sie die am siebten h\u00e4ufigsten gesprochene Sprache der Welt, und sie w\u00e4chst weiter.<\/p>\n<p>Sie ist die offizielle Sprache von neun L\u00e4ndern, darunter: Portugal, Brasilien, Guinea-Bissau, Angola, Kap Verde, Mosambik, Sao Tome und Principe sowie Osttimor. In Macau ist sie neben dem Chinesischen ebenfalls amtlich.<\/p>\n<p>Aber das <a href=\"https:\/\/de.wikipedia.org\/wiki\/Portugiesische_Sprache\" target=\"_blank\" rel=\"noopener\">Portugiesisch<\/a>, das in Portugal gesprochen wird, ist nicht dasselbe wie das Portugiesisch, auf dem Rest der Welt gesprochen wird. Diese Sprache hat die Eigenschaft, plurizentrisch zu sein, d.h. sie ist eine Sprache mit zwei gesprochenen und zwei geschriebenen Normen. So existieren zwei Hauptgruppen von Dialekten nebeneinander: der Dialekt der iberischen Halbinsel (europ\u00e4isches Portugiesisch) und der Dialekt Brasiliens (brasilianisches Portugiesisch).<\/p>\n<p style=\"text-align: center;\"><strong>Portugal als wirtschaftlicher und kultureller Motor<\/strong><\/p>\n<p>Zwischen 1991 und 2000 verzeichnete Portugal eine \u00fcber dem EU-Durchschnitt liegende wirtschaftliche Entwicklung und wurde zu einem wichtigen Motor f\u00fcr die Europ\u00e4ische Union. So hat die<strong> \u00dcbersetzung aus dem <a href=\"https:\/\/de.wikipedia.org\/wiki\/Portugiesische_Sprache\" target=\"_blank\" rel=\"noopener\">Portugiesischen<\/a><\/strong> eine unverzichtbare Rolle bei der Vermittlung der einzigartigen Kultur gespielt, die dieses Land kennzeichnet.<\/p>\n<p>Portugal hat gro\u00dfe Ber\u00fchmtheiten exportiert, nicht nur nach Europa, sondern in die ganze Welt. Zum Beispiel den Fu\u00dfballspieler Cristiano Ronaldo, den Schauspieler Joaquim de Almeida (Fast and Furious 5) oder auch die Komikerin Maria de Medeiros.<\/p>\n<p style=\"text-align: center;\"><strong>Geschichte der \u00dcbersetzung aus dem Portugiesischen<\/strong><\/p>\n<p>Im Jahr 1514 nutzten die Autoren die Methode der Selbst\u00fcbersetzung, um ihre Werke einem gr\u00f6\u00dferen Publikum zug\u00e4nglich zu machen. Diese Methode wurde vor allem im Bereich der Lyrik angewandt. Ein Beispiel daf\u00fcr ist das Werk <em>Meditaci\u00f3n de la Pasi\u00f3n de Cristo N. S. metrificada por un fraile portugu\u00e9s de la provincia de la Piedad.<\/em><\/p>\n<p>Dies zeigt uns, dass die <strong>\u00dcbersetzung aus dem <a href=\"https:\/\/de.wikipedia.org\/wiki\/Portugiesische_Sprache\" target=\"_blank\" rel=\"noopener\">Portugiesischen<\/a><\/strong> einst eng mit dem Christentum und der Verbreitung dieser Art von religi\u00f6sen Werken verbunden war. Heutzutage ist diese Erweiterung von Sprache und Kultur durch die \u00dcbersetzung aus dem Portugiesischen auf das gro\u00dfe Wirtschaftswachstum des letzten Jahrzehnts zur\u00fcckzuf\u00fchren..<\/p>\n<p style=\"text-align: center;\"><strong>\u00dcbersetzung aus dem Portugiesischen heute<\/strong><\/p>\n<p>Heutzutage ist die <strong>\u00dcbersetzung der <a href=\"https:\/\/de.wikipedia.org\/wiki\/Portugiesische_Sprache\" target=\"_blank\" rel=\"noopener\">portugiesischen<\/a> Sprache<\/strong> auf internationaler Ebene dank des verst\u00e4rkten Wirtschaftswachstums weiter verbreitet. Und das sollten wir nicht \u00fcbersehen.<\/p>\n<p>Auch wenn wir als Spanier fast 80\u00a0% des Gelesenen oder Geh\u00f6rten verstehen, ist eine <strong>\u00dcbersetzung aus dem Portugiesischen<\/strong> dennoch notwendig, da sie uns hilft die Kultur und die Ideen des Landes richtig zu vermitteln. Laut einer Studie des Camoes-Instituts ist Portugiesisch heute eine der einflussreichsten Sprachen der Welt.<\/p>\n<p>Besuchen Sie unsere Profile auf <a title=\"Translinguo Global\" href=\"https:\/\/www.facebook.com\/translinguoglobal\" target=\"_blank\" rel=\"noopener\">Facebook<\/a>, <a title=\"Translinguo Global\" href=\"https:\/\/www.instagram.com\/translinguoglobal\/\" target=\"_blank\" rel=\"noopener\">Instagram<\/a> und <a title=\"Trasnslinguo Global\" href=\"https:\/\/es.linkedin.com\/company\/agencia-de-traduccion-translinguo-global\" target=\"_blank\" rel=\"noopener\">Linkedin.<\/a><\/p>\n","protected":false},"excerpt":{"rendered":"<p>Die Bedeutung des Portugiesischen Portugiesisch ist zusammen mit Spanisch die am schnellsten wachsende europ\u00e4ische Sprache der Welt, gleich nach Englisch. Denn mit 270 Millionen Sprechern ist sie die am siebten h\u00e4ufigsten gesprochene Sprache der Welt, und sie w\u00e4chst weiter. Sie ist die offizielle Sprache von neun L\u00e4ndern, darunter: Portugal, Brasilien, Guinea-Bissau, Angola, Kap Verde, Mosambik, [&hellip;]<\/p>\n","protected":false},"author":3,"featured_media":44408,"parent":0,"menu_order":0,"comment_status":"closed","ping_status":"closed","template":"","meta":{"_crdt_document":"","inline_featured_image":false,"site-sidebar-layout":"no-sidebar","site-content-layout":"page-builder","ast-site-content-layout":"full-width-container","site-content-style":"default","site-sidebar-style":"default","ast-global-header-display":"","ast-banner-title-visibility":"","ast-main-header-display":"","ast-hfb-above-header-display":"","ast-hfb-below-header-display":"","ast-hfb-mobile-header-display":"","site-post-title":"disabled","ast-breadcrumbs-content":"","ast-featured-img":"disabled","footer-sml-layout":"","ast-disable-related-posts":"","theme-transparent-header-meta":"default","adv-header-id-meta":"","stick-header-meta":"","header-above-stick-meta":"","header-main-stick-meta":"","header-below-stick-meta":"","astra-migrate-meta-layouts":"default","ast-page-background-enabled":"default","ast-page-background-meta":{"desktop":{"background-color":"var(--ast-global-color-4)","background-image":"","background-repeat":"repeat","background-position":"center center","background-size":"auto","background-attachment":"scroll","background-type":"","background-media":"","overlay-type":"","overlay-color":"","overlay-opacity":"","overlay-gradient":""},"tablet":{"background-color":"","background-image":"","background-repeat":"repeat","background-position":"center center","background-size":"auto","background-attachment":"scroll","background-type":"","background-media":"","overlay-type":"","overlay-color":"","overlay-opacity":"","overlay-gradient":""},"mobile":{"background-color":"","background-image":"","background-repeat":"repeat","background-position":"center center","background-size":"auto","background-attachment":"scroll","background-type":"","background-media":"","overlay-type":"","overlay-color":"","overlay-opacity":"","overlay-gradient":""}},"ast-content-background-meta":{"desktop":{"background-color":"var(--ast-global-color-5)","background-image":"","background-repeat":"repeat","background-position":"center center","background-size":"auto","background-attachment":"scroll","background-type":"","background-media":"","overlay-type":"","overlay-color":"","overlay-opacity":"","overlay-gradient":""},"tablet":{"background-color":"var(--ast-global-color-5)","background-image":"","background-repeat":"repeat","background-position":"center center","background-size":"auto","background-attachment":"scroll","background-type":"","background-media":"","overlay-type":"","overlay-color":"","overlay-opacity":"","overlay-gradient":""},"mobile":{"background-color":"var(--ast-global-color-5)","background-image":"","background-repeat":"repeat","background-position":"center center","background-size":"auto","background-attachment":"scroll","background-type":"","background-media":"","overlay-type":"","overlay-color":"","overlay-opacity":"","overlay-gradient":""}},"footnotes":""},"class_list":["post-44663","page","type-page","status-publish","has-post-thumbnail","hentry"],"_links":{"self":[{"href":"https:\/\/translinguoglobal.com\/de\/wp-json\/wp\/v2\/pages\/44663","targetHints":{"allow":["GET"]}}],"collection":[{"href":"https:\/\/translinguoglobal.com\/de\/wp-json\/wp\/v2\/pages"}],"about":[{"href":"https:\/\/translinguoglobal.com\/de\/wp-json\/wp\/v2\/types\/page"}],"author":[{"embeddable":true,"href":"https:\/\/translinguoglobal.com\/de\/wp-json\/wp\/v2\/users\/3"}],"replies":[{"embeddable":true,"href":"https:\/\/translinguoglobal.com\/de\/wp-json\/wp\/v2\/comments?post=44663"}],"version-history":[{"count":0,"href":"https:\/\/translinguoglobal.com\/de\/wp-json\/wp\/v2\/pages\/44663\/revisions"}],"wp:featuredmedia":[{"embeddable":true,"href":"https:\/\/translinguoglobal.com\/de\/wp-json\/wp\/v2\/media\/44408"}],"wp:attachment":[{"href":"https:\/\/translinguoglobal.com\/de\/wp-json\/wp\/v2\/media?parent=44663"}],"curies":[{"name":"wp","href":"https:\/\/api.w.org\/{rel}","templated":true}]}}