{"id":44661,"date":"2022-06-13T09:29:54","date_gmt":"2022-06-13T09:29:54","guid":{"rendered":"https:\/\/translinguoglobal.com\/uebersetzungsagentur-fuer-chinesisch\/"},"modified":"2022-07-13T12:56:47","modified_gmt":"2022-07-13T12:56:47","slug":"uebersetzungsagentur-fuer-chinesisch","status":"publish","type":"page","link":"https:\/\/translinguoglobal.com\/de\/uebersetzungsagentur-fuer-chinesisch\/","title":{"rendered":"\u00dcbersetzungsagentur f\u00fcr Chinesisch"},"content":{"rendered":"<h3 style=\"text-align: center;\"><strong>Chinesisch: ein neuer Markt f\u00fcr \u00dcbersetzungen<\/strong><\/h3>\n<p>Angesichts der fortschreitenden Globalisierung k\u00f6nnte man sagen, dass der Aufstieg Chinas immer weiter zunimmt. China ist ein wettbewerbsf\u00e4higes Land in einer globalen Gesch\u00e4fts- und Wirtschaftslandschaft. Mit dem Vormarsch dieses Landes hat Spanien immer mehr Beziehungen zu China. Diese Beziehungen &#8211; im Allgemeinen Gesch\u00e4ftsbeziehungen &#8211; haben viele Bed\u00fcrfnisse im Hinblick auf die gemeinsamen Gesch\u00e4fte entstehen lassen.<\/p>\n<p>Wenn es um die Vermittlung von Handelsvertr\u00e4gen zwischen den beiden L\u00e4ndern geht, ist eine \u00dcbersetzung erforderlich und somit auch ein \u00dcbersetzungsunternehmen f\u00fcr <a href=\"https:\/\/de.wikipedia.org\/wiki\/Chinesische_Sprachen\" target=\"_blank\" rel=\"noopener\">Chinesisch<\/a>, das einen spezialisierten und professionellen Service wie den von uns angebotenen anbietet.<\/p>\n<p>Die Transaktionen zwischen China und Spanien sind auf wirtschaftlicher Ebene sehr wichtig. Angesichts der Bedeutung dieser Gesch\u00e4fte m\u00fcssen \u00dcbersetzungsauftr\u00e4ge mit \u00e4u\u00dferster Sorgfalt und von Fachleuten bearbeitet werden, die in diesem Bereich f\u00fcr asiatische Sprachen qualifiziert sind, wie das Team unseres chinesischen \u00dcbersetzungsb\u00fcros<a href=\"https:\/\/translinguoglobal.com\/de\/\"> TRANSLINGUO.<\/a><\/p>\n<p>Dar\u00fcber hinaus ist der Tourismus ein weiterer Ansatz den es zu ber\u00fccksichtigen gilt und ein weiterer Grund warum die Existenz einer \u00dcbersetzungsagentur f\u00fcr <a href=\"https:\/\/de.wikipedia.org\/wiki\/Chinesische_Sprachen\" target=\"_blank\" rel=\"noopener\">Chinesisch<\/a> so wichtig ist. Bei <a href=\"https:\/\/translinguoglobal.com\/de\/\">TRANSLINGUO GLOBAL<\/a> wollen wir den kommunikativen Austausch mit der chinesischen Bev\u00f6lkerung und den zahlreichen Touristen die unser Land besuchen erleichtern.<\/p>\n<p>Auf diese Weise wird die Arbeit unseres \u00dcbersetzungsb\u00fcros f\u00fcr <a href=\"https:\/\/de.wikipedia.org\/wiki\/Chinesische_Sprachen\" target=\"_blank\" rel=\"noopener\">Chinesisch<\/a> zum idealen Instrument f\u00fcr die St\u00e4rkung der Beziehungen zu einer Weltmacht wie China.<\/p>\n<p>&nbsp;<\/p>\n<h3 style=\"text-align: center;\"><strong>Wird Chinesisch die Sprache der Zukunft sein?<\/strong><\/h3>\n<p>Die \u00dcbersetzung von Sprachen erm\u00f6glicht die Kommunikation zwischen verschiedenen Sprachen und Kulturen. Da die USA die f\u00fchrende Macht sind, ist Englisch die am meisten gesprochene Verkehrssprache der Welt.<\/p>\n<p>Wenn es um Technologie geht ist das Englische dem <a href=\"https:\/\/de.wikipedia.org\/wiki\/Chinesische_Sprachen\" target=\"_blank\" rel=\"noopener\">Chinesischen<\/a> voraus, da die Erfindungen auf dem Englischen basieren. Dar\u00fcber hinaus sind die gesamte Technologie und die dazugeh\u00f6rige Terminologie oft auf Englisch und es gibt sogar Begriffe, die nicht \u00fcbersetzt werden. Auch wenn China als Weltmacht auf dem Vormarsch ist, bedeutet dies nicht, dass <a href=\"https:\/\/de.wikipedia.org\/wiki\/Chinesische_Sprachen\" target=\"_blank\" rel=\"noopener\">Chinesisch<\/a> die neue Amtssprache ist. Im Allgemeinen standen die mit den \u00fcberseeischen Reichen verbundenen Verkehrssprachen an erster Stelle. Dies bezieht sich auf die Tatsache, dass Muttersprachler an verschiedenen geografischen Orten ans\u00e4ssig sein k\u00f6nnen.<\/p>\n<p>Im Gegensatz zum Englischen, das weltweit als Verkehrssprache verwendet wird, wird <a href=\"https:\/\/de.wikipedia.org\/wiki\/Chinesische_Sprachen\" target=\"_blank\" rel=\"noopener\">Chinesisch<\/a> nur in asiatischen L\u00e4ndern als Muttersprache verwendet. Andererseits w\u00fcrde es uns nicht \u00fcberraschen, wenn Spanisch die k\u00fcnftige Verkehrssprache werden w\u00fcrde. Das liegt daran, dass es die am zweith\u00e4ufigsten gesprochene Sprache ist und in Europa, Amerika und Afrika eine starke Pr\u00e4senz hat.<\/p>\n<p>Vorl\u00e4ufig scheint es, dass Englisch aufgrund der Technologie und der Kommunikation die offizielle Sprache bleiben wird. Die Zukunft und damit die Entwicklung der Sprachen l\u00e4sst sich jedoch nicht vorhersagen.<\/p>\n<p>Besuchen Sie unsere Profile auf <a title=\"Translinguo Global\" href=\"https:\/\/www.facebook.com\/translinguoglobal\" target=\"_blank\" rel=\"noopener\">Facebook<\/a>, <a title=\"Translinguo Global\" href=\"https:\/\/www.instagram.com\/translinguoglobal\/\" target=\"_blank\" rel=\"noopener\">Instagram<\/a> und <a title=\"Trasnslinguo Global\" href=\"https:\/\/es.linkedin.com\/company\/agencia-de-traduccion-translinguo-global\" target=\"_blank\" rel=\"noopener\">Linkedin.<\/a><\/p>\n","protected":false},"excerpt":{"rendered":"<p>Mandarin-Chinesisch ist die offizielle Sprache des Landes mit 836 Millionen Sprechern. Mandarin-Chinesisch sollte jedoch nicht mit Chinesisch verwechselt werden.<\/p>\n","protected":false},"author":3,"featured_media":38101,"parent":0,"menu_order":0,"comment_status":"closed","ping_status":"closed","template":"","meta":{"_crdt_document":"","inline_featured_image":false,"site-sidebar-layout":"no-sidebar","site-content-layout":"page-builder","ast-site-content-layout":"full-width-container","site-content-style":"default","site-sidebar-style":"default","ast-global-header-display":"","ast-banner-title-visibility":"","ast-main-header-display":"","ast-hfb-above-header-display":"","ast-hfb-below-header-display":"","ast-hfb-mobile-header-display":"","site-post-title":"disabled","ast-breadcrumbs-content":"","ast-featured-img":"disabled","footer-sml-layout":"","ast-disable-related-posts":"","theme-transparent-header-meta":"default","adv-header-id-meta":"","stick-header-meta":"","header-above-stick-meta":"","header-main-stick-meta":"","header-below-stick-meta":"","astra-migrate-meta-layouts":"default","ast-page-background-enabled":"default","ast-page-background-meta":{"desktop":{"background-color":"var(--ast-global-color-4)","background-image":"","background-repeat":"repeat","background-position":"center center","background-size":"auto","background-attachment":"scroll","background-type":"","background-media":"","overlay-type":"","overlay-color":"","overlay-opacity":"","overlay-gradient":""},"tablet":{"background-color":"","background-image":"","background-repeat":"repeat","background-position":"center center","background-size":"auto","background-attachment":"scroll","background-type":"","background-media":"","overlay-type":"","overlay-color":"","overlay-opacity":"","overlay-gradient":""},"mobile":{"background-color":"","background-image":"","background-repeat":"repeat","background-position":"center center","background-size":"auto","background-attachment":"scroll","background-type":"","background-media":"","overlay-type":"","overlay-color":"","overlay-opacity":"","overlay-gradient":""}},"ast-content-background-meta":{"desktop":{"background-color":"var(--ast-global-color-5)","background-image":"","background-repeat":"repeat","background-position":"center center","background-size":"auto","background-attachment":"scroll","background-type":"","background-media":"","overlay-type":"","overlay-color":"","overlay-opacity":"","overlay-gradient":""},"tablet":{"background-color":"var(--ast-global-color-5)","background-image":"","background-repeat":"repeat","background-position":"center center","background-size":"auto","background-attachment":"scroll","background-type":"","background-media":"","overlay-type":"","overlay-color":"","overlay-opacity":"","overlay-gradient":""},"mobile":{"background-color":"var(--ast-global-color-5)","background-image":"","background-repeat":"repeat","background-position":"center center","background-size":"auto","background-attachment":"scroll","background-type":"","background-media":"","overlay-type":"","overlay-color":"","overlay-opacity":"","overlay-gradient":""}},"footnotes":""},"class_list":["post-44661","page","type-page","status-publish","has-post-thumbnail","hentry"],"_links":{"self":[{"href":"https:\/\/translinguoglobal.com\/de\/wp-json\/wp\/v2\/pages\/44661","targetHints":{"allow":["GET"]}}],"collection":[{"href":"https:\/\/translinguoglobal.com\/de\/wp-json\/wp\/v2\/pages"}],"about":[{"href":"https:\/\/translinguoglobal.com\/de\/wp-json\/wp\/v2\/types\/page"}],"author":[{"embeddable":true,"href":"https:\/\/translinguoglobal.com\/de\/wp-json\/wp\/v2\/users\/3"}],"replies":[{"embeddable":true,"href":"https:\/\/translinguoglobal.com\/de\/wp-json\/wp\/v2\/comments?post=44661"}],"version-history":[{"count":0,"href":"https:\/\/translinguoglobal.com\/de\/wp-json\/wp\/v2\/pages\/44661\/revisions"}],"wp:featuredmedia":[{"embeddable":true,"href":"https:\/\/translinguoglobal.com\/de\/wp-json\/wp\/v2\/media\/38101"}],"wp:attachment":[{"href":"https:\/\/translinguoglobal.com\/de\/wp-json\/wp\/v2\/media?parent=44661"}],"curies":[{"name":"wp","href":"https:\/\/api.w.org\/{rel}","templated":true}]}}