{"id":44659,"date":"2022-06-13T09:29:12","date_gmt":"2022-06-13T09:29:12","guid":{"rendered":"https:\/\/translinguoglobal.com\/uebersetzungsagentur-in-spanien\/"},"modified":"2022-07-14T09:40:27","modified_gmt":"2022-07-14T09:40:27","slug":"uebersetzungsagentur-in-spanien","status":"publish","type":"page","link":"https:\/\/translinguoglobal.com\/de\/uebersetzungsagentur-in-spanien\/","title":{"rendered":"\u00dcbersetzungsagentur in Spanien"},"content":{"rendered":"<p>Heutzutage braucht jedes Unternehmen einen \u00dcbersetzungsdienst. Entweder, weil Unternehmen ihre Rohstoffe oder Materialien von Unternehmen in anderen L\u00e4ndern beziehen oder weil sie sich f\u00fcr eine internationale T\u00e4tigkeit entscheiden. In beiden F\u00e4llen kann es zu gro\u00dfen Problemen aufgrund von Sprachbarrieren kommen wenn kein guter \u00dcbersetzungsdienst zur Verf\u00fcgung steht.<\/p>\n<p>Im ersten Fall k\u00f6nnen Probleme auftreten, wie Missverst\u00e4ndnisse bei Bestellungen, Verz\u00f6gerungen bei Zahlungen und Lieferungen usw. Im zweiten Fall k\u00f6nnen die Probleme schwerwiegendere Folgen f\u00fcr das Unternehmen haben und zu gro\u00dfen finanziellen Verlusten f\u00fchren. Deshalb wird unsere\u00a0<strong>\u00dcbersetzungsagentur in Spanien<\/strong> Ihrem Unternehmen helfen diese Konsequenzen zu vermeiden.<\/p>\n<p style=\"text-align: center;\"><strong>Warum ein \u00dcbersetzungsunternehmen in Spanien beauftragen?<\/strong><\/p>\n<p>Unser <strong>\u00dcbersetzungsb\u00fcro in Spanien<\/strong> wird von einem Team von \u00dcbersetzern unterst\u00fctzt, die Muttersprachler der Sprachen sind mit denen wir arbeiten. Im Gegensatz zu anderen \u00dcbersetzungsdienstleistern sind wir der Meinung, dass dies f\u00fcr eine qualitativ hochwertige Arbeit unerl\u00e4sslich ist. Ein muttersprachlicher \u00dcbersetzer wei\u00df, welche Ausdr\u00fccke am fl\u00fcssigsten und koh\u00e4rentesten sind und er wei\u00df, wie er dem Originaltext treu bleiben kann. Die kulturelle Bindung die ein Muttersprachler mitbringt verhindert auch, dass unangenehme kulturelle Unterschiede zwischen Ihrem urspr\u00fcnglichen Produkt und dem Produkt, das Sie einem neuen Publikum verkaufen wollen, entstehen. Diese Details sind es, die eine gute \u00dcbersetzung von einer weniger professionellen \u00dcbersetzung unterscheiden.<\/p>\n<p style=\"text-align: center;\"><strong>Warum in Spanien?<\/strong><\/p>\n<p>Spanien ist eines der beliebtesten Reiseziele der Welt; es geh\u00f6rt sogar zu den drei meistbesuchten L\u00e4ndern der Welt. Au\u00dferdem verf\u00fcgt es \u00fcber eine hoch entwickelte Infrastruktur im Dienstleistungssektor.<\/p>\n<p>Diese entwickelte Tourismuslandschaft macht \u00dcbersetzungsdienste unverzichtbar. Von Museen, die Audioguides in allen m\u00f6glichen Sprachen haben m\u00fcssen, bis hin zu Restaurants, die Speisekarten in allen Sprachen haben m\u00fcssen. Jeder braucht einen guten \u00dcbersetzungsdienst und Englisch allein reicht nicht mehr aus.<\/p>\n<p style=\"text-align: center;\"><strong>Was bieten wir in unseren Dienstleistungen an?<\/strong><\/p>\n<p>Unser <strong>\u00dcbersetzungsb\u00fcro in Spanien<\/strong> garantiert pers\u00f6nlichen Service und p\u00fcnktliche Lieferung. Wir stehen stets in engem Kontakt mit unseren Kunden, um ihre Bed\u00fcrfnisse zu erf\u00fcllen und die h\u00f6chste Qualit\u00e4t unserer Dienstleistungen zu gew\u00e4hrleisten. Dar\u00fcber hinaus bieten wir unsere mehrsprachigen Dienstleistungen in verschiedenen Bereichen der \u00dcbersetzung an:<\/p>\n<ul>\n<li><a href=\"\/?page_id=43596\"><span style=\"text-decoration: underline;\">allgemeine \u00dcbersetzung<\/span><\/a> (Werbung, journalistische Texte, usw.);<\/li>\n<li><a href=\"\/?page_id=43666\"><span style=\"text-decoration: underline;\">\u00dcbersetzung von Webseiten;<\/span><\/a><\/li>\n<li><a href=\"\/?page_id=43597\"><span style=\"text-decoration: underline;\">Lokalisierung<\/span>;<\/a><\/li>\n<li><a href=\"\/?page_id=43661\"><span style=\"text-decoration: underline;\">beglaubigte \u00dcbersetzung;<\/span><\/a><\/li>\n<li><a href=\"\/?page_id=43598\"><span style=\"text-decoration: underline;\">Fach\u00fcbersetzung,<\/span><\/a> insbesondere in den Bereichen Lebensmittel und Pharmazeutika.<\/li>\n<\/ul>\n<p><strong>Wenn Sie Ihr Unternehmen auf dem spanischen Markt positionieren oder es \u00fcber die Grenzen hinaus bekannt machen wollen, vertrauen Sie auf unsere Dienstleistungen. Wir versichern dir Qualit\u00e4t und, dass Sie es nicht bereuen werden!<\/strong><\/p>\n<p>Besuchen Sie unsere Profile auf <a href=\"https:\/\/www.facebook.com\/translinguoglobal\" target=\"_blank\" rel=\"noopener\">Facebook<\/a>, <a href=\"https:\/\/www.instagram.com\/translinguoglobal\/\" target=\"_blank\" rel=\"noopener\">Instagram<\/a> und <a href=\"https:\/\/www.linkedin.com\/company\/agencia-de-traduccion-translinguo-global\/?originalSubdomain=es\" target=\"_blank\" rel=\"noopener\">Linkedin<\/a>.<\/p>\n","protected":false},"excerpt":{"rendered":"<p>Derzeit ist Spanisch eine der am meisten verbreiteten Sprachen der Welt. Tats\u00e4chlich ist sie eine der 5 am meisten gesprochenen Sprachen.<\/p>\n","protected":false},"author":3,"featured_media":37292,"parent":0,"menu_order":0,"comment_status":"closed","ping_status":"closed","template":"","meta":{"_crdt_document":"","inline_featured_image":false,"site-sidebar-layout":"default","site-content-layout":"default","ast-site-content-layout":"default","site-content-style":"default","site-sidebar-style":"default","ast-global-header-display":"","ast-banner-title-visibility":"","ast-main-header-display":"","ast-hfb-above-header-display":"","ast-hfb-below-header-display":"","ast-hfb-mobile-header-display":"","site-post-title":"","ast-breadcrumbs-content":"","ast-featured-img":"","footer-sml-layout":"","ast-disable-related-posts":"","theme-transparent-header-meta":"default","adv-header-id-meta":"","stick-header-meta":"","header-above-stick-meta":"","header-main-stick-meta":"","header-below-stick-meta":"","astra-migrate-meta-layouts":"default","ast-page-background-enabled":"default","ast-page-background-meta":{"desktop":{"background-color":"var(--ast-global-color-4)","background-image":"","background-repeat":"repeat","background-position":"center center","background-size":"auto","background-attachment":"scroll","background-type":"","background-media":"","overlay-type":"","overlay-color":"","overlay-opacity":"","overlay-gradient":""},"tablet":{"background-color":"","background-image":"","background-repeat":"repeat","background-position":"center center","background-size":"auto","background-attachment":"scroll","background-type":"","background-media":"","overlay-type":"","overlay-color":"","overlay-opacity":"","overlay-gradient":""},"mobile":{"background-color":"","background-image":"","background-repeat":"repeat","background-position":"center center","background-size":"auto","background-attachment":"scroll","background-type":"","background-media":"","overlay-type":"","overlay-color":"","overlay-opacity":"","overlay-gradient":""}},"ast-content-background-meta":{"desktop":{"background-color":"var(--ast-global-color-5)","background-image":"","background-repeat":"repeat","background-position":"center center","background-size":"auto","background-attachment":"scroll","background-type":"","background-media":"","overlay-type":"","overlay-color":"","overlay-opacity":"","overlay-gradient":""},"tablet":{"background-color":"var(--ast-global-color-5)","background-image":"","background-repeat":"repeat","background-position":"center center","background-size":"auto","background-attachment":"scroll","background-type":"","background-media":"","overlay-type":"","overlay-color":"","overlay-opacity":"","overlay-gradient":""},"mobile":{"background-color":"var(--ast-global-color-5)","background-image":"","background-repeat":"repeat","background-position":"center center","background-size":"auto","background-attachment":"scroll","background-type":"","background-media":"","overlay-type":"","overlay-color":"","overlay-opacity":"","overlay-gradient":""}},"footnotes":""},"class_list":["post-44659","page","type-page","status-publish","has-post-thumbnail","hentry"],"_links":{"self":[{"href":"https:\/\/translinguoglobal.com\/de\/wp-json\/wp\/v2\/pages\/44659","targetHints":{"allow":["GET"]}}],"collection":[{"href":"https:\/\/translinguoglobal.com\/de\/wp-json\/wp\/v2\/pages"}],"about":[{"href":"https:\/\/translinguoglobal.com\/de\/wp-json\/wp\/v2\/types\/page"}],"author":[{"embeddable":true,"href":"https:\/\/translinguoglobal.com\/de\/wp-json\/wp\/v2\/users\/3"}],"replies":[{"embeddable":true,"href":"https:\/\/translinguoglobal.com\/de\/wp-json\/wp\/v2\/comments?post=44659"}],"version-history":[{"count":0,"href":"https:\/\/translinguoglobal.com\/de\/wp-json\/wp\/v2\/pages\/44659\/revisions"}],"wp:featuredmedia":[{"embeddable":true,"href":"https:\/\/translinguoglobal.com\/de\/wp-json\/wp\/v2\/media\/37292"}],"wp:attachment":[{"href":"https:\/\/translinguoglobal.com\/de\/wp-json\/wp\/v2\/media?parent=44659"}],"curies":[{"name":"wp","href":"https:\/\/api.w.org\/{rel}","templated":true}]}}