{"id":44658,"date":"2022-06-13T09:28:59","date_gmt":"2022-06-13T09:28:59","guid":{"rendered":"https:\/\/translinguoglobal.com\/uebersetzung-aus-dem-deutschen\/"},"modified":"2022-07-14T09:31:15","modified_gmt":"2022-07-14T09:31:15","slug":"uebersetzung-aus-dem-deutschen","status":"publish","type":"page","link":"https:\/\/translinguoglobal.com\/de\/uebersetzung-aus-dem-deutschen\/","title":{"rendered":"\u00dcbersetzungsagentur f\u00fcr Deutsch"},"content":{"rendered":"<h4><strong>\u00dcbersetzung aus dem Deutschen und Spezialisierungen<\/strong><\/h4>\n<p>Eine \u00dcbersetzungsagentur f\u00fcr <a href=\"https:\/\/de.wikipedia.org\/wiki\/Deutsche_Sprache\" target=\"_blank\" rel=\"noopener\">Deutsch<\/a> ist von besonderer Bedeutung, da es sich um eine der am meisten nachgefragten \u00dcbersetzungen handelt. Deutschland ist eine Weltmacht und <a href=\"https:\/\/de.wikipedia.org\/wiki\/Deutsche_Sprache\" target=\"_blank\" rel=\"noopener\">Deutsch<\/a> ist die zehntmeistgesprochene Sprache der Welt mit insgesamt 185 Millionen Sprechern.<\/p>\n<p>Aus diesem Grund sind wir uns bei <a href=\"https:\/\/translinguoglobal.com\/de\/\">TRANSLINGUO GLOBAL<\/a> bewusst, wie wichtig es ist einen professionellen, qualitativ hochwertigen und originalgetreuen Service zu bieten, bei dem auf jedes Detail geachtet wird und kein Inhalt w\u00e4hrend des \u00dcbersetzungsprozesses verloren geht.<\/p>\n<p>Als \u00dcbersetzungsb\u00fcro f\u00fcr Deutsch achten wir auf die vielen anspruchsvollen Details beim Dolmetschen ins Deutsche und sorgen daf\u00fcr, dass einer der professionellen und spezialisierten Deutsch-\u00dcbersetzer in unserem Team f\u00fcr eine fl\u00fcssige und klare Kommunikation sorgt.<\/p>\n<p>40\u00a0% des deutschen <a href=\"https:\/\/de.wikipedia.org\/wiki\/Bruttoinlandsprodukt\" target=\"_blank\" rel=\"noopener\">BIP<\/a> stammen aus dem Export. Aus diesem Grund ist es nicht verwunderlich, dass die am meisten nachgefragten Fachgebiete in der deutschen \u00dcbersetzung die wirtschaftlichen, juristischen und <a href=\"\/?page_id=43661\">beglaubigten \u00dcbersetzungen<\/a> sind. Letzteres ist auch deshalb sehr wichtig, weil Deutschland ein sehr b\u00fcrokratisches Land ist. Wir betonen daher wie wichtig es ist, dass ein deutsches \u00dcbersetzungsb\u00fcro \u00fcber Fach\u00fcbersetzer verf\u00fcgt.<\/p>\n<p><strong>Preisangebot der \u00dcbersetzung ins Deutsche<\/strong><\/p>\n<p>Die g\u00e4ngigste Art einen Preis f\u00fcr eine\u00a0<strong>\u00dcbersetzung<\/strong>\u00a0zu berechnen besteht darin, die Anzahl der W\u00f6rter zu z\u00e4hlen und diese mit dem Preis zu multiplizieren. Das <a href=\"https:\/\/de.wikipedia.org\/wiki\/Deutsche_Sprache\" target=\"_blank\" rel=\"noopener\">Deutsche<\/a> fasst jedoch viele W\u00f6rter zu einem Wort zusammen. Daraus ergibt sich ein Unterschied in der Wortzahl von fast 30\u00a0%.<\/p>\n<p>Eine der L\u00f6sungen, die wir in unserem \u00dcbersetzungsb\u00fcro f\u00fcr Deutsch anwenden, ist die Z\u00e4hlung nach der Anzahl der Zeichen pro Zeile. Auf diese Weise finden wir die gerechteste L\u00f6sung bei der Berechnung des Preisangebots f\u00fcr eine\u00a0<strong>\u00dcbersetzung aus dem Deutschen.<\/strong><\/p>\n<p>Dar\u00fcber hinaus m\u00fcssen bei der Berechnung des Preisangebots mehrere Faktoren ber\u00fccksichtigt werden. Dazu geh\u00f6ren u.\u00a0a.\u00a0<b>das Fachgebiet, die Dringlichkeit, der Umfang und der Zustand des Originaldokuments<\/b>.<\/p>\n<h2><strong>Schwierigkeiten bei der \u00dcbersetzung aus dem Deutschen<\/strong><\/h2>\n<p>Eine der H\u00fcrden mit denen wir in einem \u00dcbersetzungsb\u00fcro f\u00fcr die deutsche Sprache konfrontiert werden, sind die verschiedenen Dialekte die es gibt. Ein weiteres Problem ist der offensichtliche Unterschied bei den Begriffen, mit W\u00f6rtern mit bis zu 67 Buchstaben und W\u00f6rtern, die mehr als ein Wort in einem einzigen Wort zusammenfassen, was die \u00dcbersetzung aus dem Deutschen erschwert.<\/p>\n<p>Au\u00dferdem haben wir es mit anspruchsvollen Kunden zu tun, die von muttersprachlichen \u00dcbersetzungsb\u00fcros die Einhaltung der ISO-17100-Norm verlangt, da sie sehr viel exportieren.<\/p>\n<p>Besuchen Sie unsere Profile auf <a href=\"https:\/\/www.facebook.com\/translinguoglobal\" target=\"_blank\" rel=\"noopener\">Facebook<\/a>, <a href=\"https:\/\/www.instagram.com\/translinguoglobal\/\" target=\"_blank\" rel=\"noopener\">Instagram<\/a> und <a href=\"https:\/\/www.linkedin.com\/company\/agencia-de-traduccion-translinguo-global\/?originalSubdomain=es\" target=\"_blank\" rel=\"noopener\">Linkedin<\/a>.<\/p>\n","protected":false},"excerpt":{"rendered":"<p>Deutsch ist eine germanische Sprache, die von mehr als 100 Millionen Menschen in Mitteleuropa gesprochen wird.<\/p>\n","protected":false},"author":3,"featured_media":41305,"parent":0,"menu_order":0,"comment_status":"closed","ping_status":"closed","template":"","meta":{"_crdt_document":"","inline_featured_image":false,"site-sidebar-layout":"no-sidebar","site-content-layout":"page-builder","ast-site-content-layout":"full-width-container","site-content-style":"default","site-sidebar-style":"default","ast-global-header-display":"","ast-banner-title-visibility":"","ast-main-header-display":"","ast-hfb-above-header-display":"","ast-hfb-below-header-display":"","ast-hfb-mobile-header-display":"","site-post-title":"disabled","ast-breadcrumbs-content":"","ast-featured-img":"disabled","footer-sml-layout":"","ast-disable-related-posts":"","theme-transparent-header-meta":"default","adv-header-id-meta":"","stick-header-meta":"","header-above-stick-meta":"","header-main-stick-meta":"","header-below-stick-meta":"","astra-migrate-meta-layouts":"default","ast-page-background-enabled":"default","ast-page-background-meta":{"desktop":{"background-color":"var(--ast-global-color-4)","background-image":"","background-repeat":"repeat","background-position":"center center","background-size":"auto","background-attachment":"scroll","background-type":"","background-media":"","overlay-type":"","overlay-color":"","overlay-opacity":"","overlay-gradient":""},"tablet":{"background-color":"","background-image":"","background-repeat":"repeat","background-position":"center center","background-size":"auto","background-attachment":"scroll","background-type":"","background-media":"","overlay-type":"","overlay-color":"","overlay-opacity":"","overlay-gradient":""},"mobile":{"background-color":"","background-image":"","background-repeat":"repeat","background-position":"center center","background-size":"auto","background-attachment":"scroll","background-type":"","background-media":"","overlay-type":"","overlay-color":"","overlay-opacity":"","overlay-gradient":""}},"ast-content-background-meta":{"desktop":{"background-color":"var(--ast-global-color-5)","background-image":"","background-repeat":"repeat","background-position":"center center","background-size":"auto","background-attachment":"scroll","background-type":"","background-media":"","overlay-type":"","overlay-color":"","overlay-opacity":"","overlay-gradient":""},"tablet":{"background-color":"var(--ast-global-color-5)","background-image":"","background-repeat":"repeat","background-position":"center center","background-size":"auto","background-attachment":"scroll","background-type":"","background-media":"","overlay-type":"","overlay-color":"","overlay-opacity":"","overlay-gradient":""},"mobile":{"background-color":"var(--ast-global-color-5)","background-image":"","background-repeat":"repeat","background-position":"center center","background-size":"auto","background-attachment":"scroll","background-type":"","background-media":"","overlay-type":"","overlay-color":"","overlay-opacity":"","overlay-gradient":""}},"footnotes":""},"class_list":["post-44658","page","type-page","status-publish","has-post-thumbnail","hentry"],"_links":{"self":[{"href":"https:\/\/translinguoglobal.com\/de\/wp-json\/wp\/v2\/pages\/44658","targetHints":{"allow":["GET"]}}],"collection":[{"href":"https:\/\/translinguoglobal.com\/de\/wp-json\/wp\/v2\/pages"}],"about":[{"href":"https:\/\/translinguoglobal.com\/de\/wp-json\/wp\/v2\/types\/page"}],"author":[{"embeddable":true,"href":"https:\/\/translinguoglobal.com\/de\/wp-json\/wp\/v2\/users\/3"}],"replies":[{"embeddable":true,"href":"https:\/\/translinguoglobal.com\/de\/wp-json\/wp\/v2\/comments?post=44658"}],"version-history":[{"count":0,"href":"https:\/\/translinguoglobal.com\/de\/wp-json\/wp\/v2\/pages\/44658\/revisions"}],"wp:featuredmedia":[{"embeddable":true,"href":"https:\/\/translinguoglobal.com\/de\/wp-json\/wp\/v2\/media\/41305"}],"wp:attachment":[{"href":"https:\/\/translinguoglobal.com\/de\/wp-json\/wp\/v2\/media?parent=44658"}],"curies":[{"name":"wp","href":"https:\/\/api.w.org\/{rel}","templated":true}]}}