{"id":44657,"date":"2022-06-13T09:28:44","date_gmt":"2022-06-13T09:28:44","guid":{"rendered":"https:\/\/translinguoglobal.com\/uebersetzungsdienste-fuer-e-learning\/"},"modified":"2022-07-15T10:15:36","modified_gmt":"2022-07-15T10:15:36","slug":"uebersetzungsdienste-fuer-e-learning","status":"publish","type":"page","link":"https:\/\/translinguoglobal.com\/de\/uebersetzungsdienste-fuer-e-learning\/","title":{"rendered":"\u00dcbersetzungsdienste f\u00fcr E-Learning"},"content":{"rendered":"<h3 style=\"text-align: center;\"><strong>\u00dcbersetzungsdienste f\u00fcr E-Learning<\/strong><\/h3>\n<p>Heutzutage gibt es bereits mehrere Unternehmen die diesen <strong>\u00dcbersetzungsdienst f\u00fcr <em> E-Learning<\/em><\/strong> anbieten. Als innovatives und modernes Unternehmen steht <a href=\"https:\/\/translinguoglobal.com\/de\/\">Translinguo<\/a> in dieser Hinsicht nicht zur\u00fcck.<\/p>\n<p><strong>\u00dcbersetzungsdienste f\u00fcr <em>E-Learning<\/em><\/strong> haben eine Bedeutung, die \u00fcber die blo\u00dfe Tatsache des \u00dcbersetzens hinausgeht. Dank der \u00dcbersetzung von Inhalten ist es m\u00f6glich das Lernen einen Schritt weiter zu bringen. Was bedeutet das? Dank der \u00dcbersetzungsdienste f\u00fcr<em> E-Learning<\/em> k\u00f6nnen die Ressourcen mehr Orte erreichen. Sie k\u00f6nnen wiederum von den verschiedenen Komponenten der Bildungsgemeinschaft gemeinsam genutzt, ver\u00e4ndert und verbessert werden.<\/p>\n<p>Daraus k\u00f6nnen wir schlie\u00dfen, dass die \u00dcbersetzung in vielen Bereichen der Innovation und Verbesserung pr\u00e4sent ist. Die Globalisierung und die internationalen Beziehungen erleichtern die gemeinsame Nutzung von Ressourcen, beispielsweise von Bildungsressourcen. Ohne die <strong>\u00dcbersetzungsdienste f\u00fcr <em>E-Learning<\/em> w\u00fcrden all diese Ressourcen in Vergessenheit geraten<\/strong>.<\/p>\n<h3 style=\"text-align: center;\"><strong>Wie kam es zum E-Learning?<\/strong><\/h3>\n<p>Dieses Modell des Lernens und der Ausbildung entstand in den 1990er Jahren als innovative Methode f\u00fcr die Fernausbildung. Es entstand vor allem in privaten Unternehmen, in denen eine kontinuierliche Fortbildung der Besch\u00e4ftigten stattfand. Es gibt viele Faktoren, die zur Schaffung dieses Bildungssystems gef\u00fchrt haben. Dazu geh\u00f6ren der st\u00e4ndige technologische Fortschritt, die Globalisierung oder die zunehmende Informatisierung der Gesellschaft.<\/p>\n<p>Parallel zum sozialen Wandel im technologischen Bereich vollziehen sich auch im Bildungsbereich Ver\u00e4nderungen. Die Bed\u00fcrfnisse, Ambitionen und Ziele des Bildungswesens wachsen und es werden neue Instrumente ben\u00f6tigt. <a href=\"https:\/\/de.wikipedia.org\/wiki\/E-Learning\" target=\"_blank\" rel=\"noopener\"><em>E-Learning<\/em><\/a> ist eines der vielen Instrumente, die eine Weiterentwicklung und Verbesserung der Bildung erm\u00f6glichen.<\/p>\n<p><strong>\u00dcbersetzungsdienste f\u00fcr <em>E-Learning<\/em><\/strong> sind daher ein weiterer Baustein auf dem Weg zur Weiterentwicklung und Verbesserung des Bildungswesens.<\/p>\n<h3 style=\"text-align: center;\"><strong>Was sind seine Vorteile?<\/strong><\/h3>\n<p>&nbsp;<\/p>\n<p>Zu den wichtigsten Vorteilen des <em>E-Learning<\/em> z\u00e4hlen die folgenden:<\/p>\n<ul>\n<li>Flexibilit\u00e4t: Sie erm\u00f6glicht es den Nutzern sich je nach ihrer zeitlichen Verf\u00fcgbarkeit zu verbinden;<\/li>\n<li>Internationalit\u00e4t: Dank des internationalen Zugangs zum Netz k\u00f6nnen <em>E-Learning<\/em>-Angebote aus verschiedenen Teilen der Welt genutzt werden;<\/li>\n<li>Gr\u00f6\u00dfere Einsparungen: Die Verf\u00fcgbarkeit der Ressourcen im Internet spart Lehrmaterial wie B\u00fccher oder Fahrten zu den Zentren.<\/li>\n<\/ul>\n<p>Die <strong>\u00dcbersetzungsdienste f\u00fcr E-Learning<\/strong> sind Teil der oben erw\u00e4hnten Internationalisierung der Ressourcen. Dank dieser <strong>\u00dcbersetzungsdienste f\u00fcr <em>E-Learning<\/em><\/strong>\u00a0kann die italienische Bildungsgemeinschaft auf eine in Spanien erstellte Ressource zugreifen.<\/p>\n<p>Auch hier spielt die \u00dcbersetzung die Rolle eines Bindeglieds zwischen Sprachen und Kulturen und \u00fcberwindet sprachliche Barrieren.<\/p>\n<p>Besuchen Sie unsere Profile auf <a title=\"Translinguo Global\" href=\"https:\/\/www.facebook.com\/translinguoglobal\" target=\"_blank\" rel=\"noopener\">Facebook<\/a>, <a title=\"Translinguo Global\" href=\"https:\/\/www.instagram.com\/translinguoglobal\/\" target=\"_blank\" rel=\"noopener\">Instagram<\/a> und <a title=\"Trasnslinguo Global\" href=\"https:\/\/es.linkedin.com\/company\/agencia-de-traduccion-translinguo-global\" target=\"_blank\" rel=\"noopener\">Linkedin.<\/a><\/p>\n","protected":false},"excerpt":{"rendered":"<p>\u00dcbersetzungsdienste f\u00fcr E-Learning Heutzutage gibt es bereits mehrere Unternehmen die diesen \u00dcbersetzungsdienst f\u00fcr E-Learning anbieten. Als innovatives und modernes Unternehmen steht Translinguo in dieser Hinsicht nicht zur\u00fcck. \u00dcbersetzungsdienste f\u00fcr E-Learning haben eine Bedeutung, die \u00fcber die blo\u00dfe Tatsache des \u00dcbersetzens hinausgeht. Dank der \u00dcbersetzung von Inhalten ist es m\u00f6glich das Lernen einen Schritt weiter zu [&hellip;]<\/p>\n","protected":false},"author":3,"featured_media":38167,"parent":0,"menu_order":0,"comment_status":"closed","ping_status":"closed","template":"","meta":{"_crdt_document":"","inline_featured_image":false,"site-sidebar-layout":"default","site-content-layout":"default","ast-site-content-layout":"default","site-content-style":"default","site-sidebar-style":"default","ast-global-header-display":"","ast-banner-title-visibility":"","ast-main-header-display":"","ast-hfb-above-header-display":"","ast-hfb-below-header-display":"","ast-hfb-mobile-header-display":"","site-post-title":"","ast-breadcrumbs-content":"","ast-featured-img":"","footer-sml-layout":"","ast-disable-related-posts":"","theme-transparent-header-meta":"default","adv-header-id-meta":"","stick-header-meta":"","header-above-stick-meta":"","header-main-stick-meta":"","header-below-stick-meta":"","astra-migrate-meta-layouts":"default","ast-page-background-enabled":"default","ast-page-background-meta":{"desktop":{"background-color":"var(--ast-global-color-4)","background-image":"","background-repeat":"repeat","background-position":"center center","background-size":"auto","background-attachment":"scroll","background-type":"","background-media":"","overlay-type":"","overlay-color":"","overlay-opacity":"","overlay-gradient":""},"tablet":{"background-color":"","background-image":"","background-repeat":"repeat","background-position":"center center","background-size":"auto","background-attachment":"scroll","background-type":"","background-media":"","overlay-type":"","overlay-color":"","overlay-opacity":"","overlay-gradient":""},"mobile":{"background-color":"","background-image":"","background-repeat":"repeat","background-position":"center center","background-size":"auto","background-attachment":"scroll","background-type":"","background-media":"","overlay-type":"","overlay-color":"","overlay-opacity":"","overlay-gradient":""}},"ast-content-background-meta":{"desktop":{"background-color":"var(--ast-global-color-5)","background-image":"","background-repeat":"repeat","background-position":"center center","background-size":"auto","background-attachment":"scroll","background-type":"","background-media":"","overlay-type":"","overlay-color":"","overlay-opacity":"","overlay-gradient":""},"tablet":{"background-color":"var(--ast-global-color-5)","background-image":"","background-repeat":"repeat","background-position":"center center","background-size":"auto","background-attachment":"scroll","background-type":"","background-media":"","overlay-type":"","overlay-color":"","overlay-opacity":"","overlay-gradient":""},"mobile":{"background-color":"var(--ast-global-color-5)","background-image":"","background-repeat":"repeat","background-position":"center center","background-size":"auto","background-attachment":"scroll","background-type":"","background-media":"","overlay-type":"","overlay-color":"","overlay-opacity":"","overlay-gradient":""}},"footnotes":""},"class_list":["post-44657","page","type-page","status-publish","has-post-thumbnail","hentry"],"_links":{"self":[{"href":"https:\/\/translinguoglobal.com\/de\/wp-json\/wp\/v2\/pages\/44657","targetHints":{"allow":["GET"]}}],"collection":[{"href":"https:\/\/translinguoglobal.com\/de\/wp-json\/wp\/v2\/pages"}],"about":[{"href":"https:\/\/translinguoglobal.com\/de\/wp-json\/wp\/v2\/types\/page"}],"author":[{"embeddable":true,"href":"https:\/\/translinguoglobal.com\/de\/wp-json\/wp\/v2\/users\/3"}],"replies":[{"embeddable":true,"href":"https:\/\/translinguoglobal.com\/de\/wp-json\/wp\/v2\/comments?post=44657"}],"version-history":[{"count":0,"href":"https:\/\/translinguoglobal.com\/de\/wp-json\/wp\/v2\/pages\/44657\/revisions"}],"wp:featuredmedia":[{"embeddable":true,"href":"https:\/\/translinguoglobal.com\/de\/wp-json\/wp\/v2\/media\/38167"}],"wp:attachment":[{"href":"https:\/\/translinguoglobal.com\/de\/wp-json\/wp\/v2\/media?parent=44657"}],"curies":[{"name":"wp","href":"https:\/\/api.w.org\/{rel}","templated":true}]}}