{"id":44645,"date":"2022-06-13T09:16:56","date_gmt":"2022-06-13T09:16:56","guid":{"rendered":"https:\/\/translinguoglobal.com\/uebersetzungsdienste-fuer-architektur-und-bauwesen\/"},"modified":"2022-07-15T10:04:24","modified_gmt":"2022-07-15T10:04:24","slug":"uebersetzungsdienste-fuer-architektur-und-bauwesen","status":"publish","type":"page","link":"https:\/\/translinguoglobal.com\/de\/uebersetzungsdienste-fuer-architektur-und-bauwesen\/","title":{"rendered":"\u00dcbersetzungsdienste f\u00fcr Architektur und Bauwesen"},"content":{"rendered":"<p>Es sind Elemente, die die Menschheit seit Beginn ihrer Existenz begleiten. Deshalb sind \u00dcbersetzungsdienste f\u00fcr Architektur und Bauwesen wie sie\u00a0<a href=\"https:\/\/translinguoglobal.com\/de\/\">Translinguo<\/a> anbietet so wichtig.<\/p>\n<h2><\/h2>\n<h2><strong>Der Unterschied zwischen \u00dcbersetzungen f\u00fcr Architektur und Bauwesen <\/strong><\/h2>\n<p>Wir glauben, dass es wichtig ist diese beiden Disziplinen zu kontextualisieren und zu differenzieren, um sie aus der Perspektive der \u00dcbersetzung zu betrachten. Zun\u00e4chst wird eine Definition der Begriffe Architektur und Bauwesen gegeben. Nachfolgend werden wir die Merkmale beider \u00dcbersetzungsbereiche erl\u00e4utern. All dies wird n\u00fctzlich sein, um den Schwerpunkt der <strong>\u00dcbersetzungsdienste f\u00fcr Architektur und Bauwesen<\/strong> zu kl\u00e4ren.<\/p>\n<p>Architektur ist die Kunst des Entwerfens und Bauens von Geb\u00e4uden. Architektur wird als ein Punkt charakterisiert, an dem verschiedene historische oder soziale Epochen aufeinandertreffen. Man k\u00f6nnte sagen, dass die Architektur ein Spiegelbild der Ver\u00e4nderungen ist, die die Gesellschaft erf\u00e4hrt.<\/p>\n<p>Die Tatsache, dass Architektur aus so vielen Elementen besteht, macht ihre \u00dcbersetzung zu einer Herausforderung.<\/p>\n<p>Das Bauen beschr\u00e4nkt sich auf den Akt des Bauens, aber ohne den Zweck, diejenigen zu erg\u00f6tzen, die das Bauwesen genie\u00dfen. Darin liegt der Hauptunterschied zwischen den beiden Disziplinen, denn die Architektur will begl\u00fccken. Das Bauen gab es schon vor der Architektur, um genau zu sein seit 17.500 Jahren. Man k\u00f6nnte also sagen, dass die Architektur eine Art der Konstruktion ist, die eine Metamorphose durchgemacht hat.<\/p>\n<p>Obwohl beide Dienstleistungen in unserem Unternehmen gemeinsam angeboten werden, werden sie im folgenden Abschnitt getrennt vorgestellt.<\/p>\n<h2><\/h2>\n<h2><strong>\u00dcbersetzungsdienste f\u00fcr Architektur <\/strong><\/h2>\n<p>Die <strong>\u00dcbersetzungsdienste f\u00fcr <a href=\"https:\/\/de.wikipedia.org\/wiki\/Architektur\" target=\"_blank\" rel=\"noopener\">Architektur<\/a><\/strong> befassen sich mit Texten wie den folgenden:<\/p>\n<ul>\n<li>Beschreibungen einer architektonischen Konstruktion f\u00fcr touristische Zwecke.<\/li>\n<li>Verschiedene Artikel \u00fcber architektonische Bewegungen oder Werke.<\/li>\n<li>Architekturprojekte mit Anmerkungen des Architekten selbst.<\/li>\n<li>Akademische Ver\u00f6ffentlichungen aus anderen Disziplinen, in denen architektonische Aspekte erw\u00e4hnt werden.<\/li>\n<\/ul>\n<p>Obwohl es sich auf den ersten Blick um ein allgemeines Gebiet handelt, erfordert die Architektur sehr spezielle Kenntnisse. So muss man beispielsweise wissen, wie man sich richtig in die beschriebenen Epochen und k\u00fcnstlerischen Str\u00f6mungen einordnen kann. Sie m\u00fcssen auch mit den Namen der Elemente oder Teile aus denen eine architektonische Struktur besteht vertraut sein.<\/p>\n<h2><strong>\u00dcbersetzungsdienstleistungen f\u00fcr das Bauwesen <\/strong><\/h2>\n<p>Die Bandbreite der Texte, die einen \u00dcbersetzungsdienst im Bereich des <a href=\"https:\/\/de.wikipedia.org\/wiki\/Bauwesen\" target=\"_blank\" rel=\"noopener\">Bauwesens<\/a> erfordern k\u00f6nnen ist gr\u00f6\u00dfer. Dies ist darauf zur\u00fcckzuf\u00fchren, dass beim Bau verschiedene Materialien, Maschinen und Werkzeuge verwendet werden, die aus dem Ausland stammen k\u00f6nnen. Einige der Texte die \u00fcbersetzt werden m\u00fcssen sind daher;<\/p>\n<ul>\n<li>Betriebsanleitungen f\u00fcr Maschinen (Kr\u00e4ne, Bagger oder Bohrmaschinen).<\/li>\n<li>Anweisungen f\u00fcr den Zusammenbau von Werkzeugen (Radial- oder Lasernivelliere).<\/li>\n<li>Anweisungen f\u00fcr die Vorbereitung von Baumaterialien (Zement, Gips, Zementkleber).<\/li>\n<\/ul>\n<p>\u00dcber den reinen Bauvorgang hinaus k\u00f6nnen <strong>\u00dcbersetzungsdienste f\u00fcr das Bauwesen<\/strong> aber auch andere Texte umfassen. Wir beziehen uns auf Dokumente wie die folgenden:<\/p>\n<ul>\n<li>Baugenehmigungen, auf halbem Weg zwischen Bau und juristischer \u00dcbersetzung;<\/li>\n<li>allgemeine Pl\u00e4ne mit Hinweisen auf die auszuf\u00fchrenden Arbeiten;<\/li>\n<li>Haushaltsbl\u00e4tter;<\/li>\n<li>technische Projektberichte.<\/li>\n<\/ul>\n<p>Wie wir gesehen haben, ist die \u00dcbersetzung f\u00fcr Architektur und Bauwesen eine Spezialdisziplin. Wenn wir also eine professionelle \u00dcbersetzung wollen, die eine gute Praxis garantiert, brauchen wir einen Fachmann. Das bieten Unternehmen wie <a href=\"https:\/\/translinguoglobal.com\/de\/\">Translinguo<\/a>, bei denen Professionalit\u00e4t an erster Stelle steht.<\/p>\n<p>Besuchen Sie unsere Profile auf <a href=\"https:\/\/www.facebook.com\/translinguoglobal\" target=\"_blank\" rel=\"noopener\">Facebook<\/a>, <a href=\"https:\/\/www.instagram.com\/translinguoglobal\/\" target=\"_blank\" rel=\"noopener\">Instagram<\/a> und <a href=\"https:\/\/www.linkedin.com\/company\/agencia-de-traduccion-translinguo-global\/?originalSubdomain=es\" target=\"_blank\" rel=\"noopener\">Linkedin<\/a>.<\/p>\n","protected":false},"excerpt":{"rendered":"<p>Die von Translinguo angebotenen \u00dcbersetzungsdienste decken so unterschiedliche Bereiche wie Architektur und \u00dcbersetzung ab.<\/p>\n","protected":false},"author":3,"featured_media":43223,"parent":0,"menu_order":0,"comment_status":"closed","ping_status":"closed","template":"","meta":{"_crdt_document":"","inline_featured_image":false,"site-sidebar-layout":"default","site-content-layout":"default","ast-site-content-layout":"default","site-content-style":"default","site-sidebar-style":"default","ast-global-header-display":"","ast-banner-title-visibility":"","ast-main-header-display":"","ast-hfb-above-header-display":"","ast-hfb-below-header-display":"","ast-hfb-mobile-header-display":"","site-post-title":"","ast-breadcrumbs-content":"","ast-featured-img":"","footer-sml-layout":"","ast-disable-related-posts":"","theme-transparent-header-meta":"default","adv-header-id-meta":"","stick-header-meta":"","header-above-stick-meta":"","header-main-stick-meta":"","header-below-stick-meta":"","astra-migrate-meta-layouts":"default","ast-page-background-enabled":"default","ast-page-background-meta":{"desktop":{"background-color":"var(--ast-global-color-4)","background-image":"","background-repeat":"repeat","background-position":"center center","background-size":"auto","background-attachment":"scroll","background-type":"","background-media":"","overlay-type":"","overlay-color":"","overlay-opacity":"","overlay-gradient":""},"tablet":{"background-color":"","background-image":"","background-repeat":"repeat","background-position":"center center","background-size":"auto","background-attachment":"scroll","background-type":"","background-media":"","overlay-type":"","overlay-color":"","overlay-opacity":"","overlay-gradient":""},"mobile":{"background-color":"","background-image":"","background-repeat":"repeat","background-position":"center center","background-size":"auto","background-attachment":"scroll","background-type":"","background-media":"","overlay-type":"","overlay-color":"","overlay-opacity":"","overlay-gradient":""}},"ast-content-background-meta":{"desktop":{"background-color":"var(--ast-global-color-5)","background-image":"","background-repeat":"repeat","background-position":"center center","background-size":"auto","background-attachment":"scroll","background-type":"","background-media":"","overlay-type":"","overlay-color":"","overlay-opacity":"","overlay-gradient":""},"tablet":{"background-color":"var(--ast-global-color-5)","background-image":"","background-repeat":"repeat","background-position":"center center","background-size":"auto","background-attachment":"scroll","background-type":"","background-media":"","overlay-type":"","overlay-color":"","overlay-opacity":"","overlay-gradient":""},"mobile":{"background-color":"var(--ast-global-color-5)","background-image":"","background-repeat":"repeat","background-position":"center center","background-size":"auto","background-attachment":"scroll","background-type":"","background-media":"","overlay-type":"","overlay-color":"","overlay-opacity":"","overlay-gradient":""}},"footnotes":""},"class_list":["post-44645","page","type-page","status-publish","has-post-thumbnail","hentry"],"_links":{"self":[{"href":"https:\/\/translinguoglobal.com\/de\/wp-json\/wp\/v2\/pages\/44645","targetHints":{"allow":["GET"]}}],"collection":[{"href":"https:\/\/translinguoglobal.com\/de\/wp-json\/wp\/v2\/pages"}],"about":[{"href":"https:\/\/translinguoglobal.com\/de\/wp-json\/wp\/v2\/types\/page"}],"author":[{"embeddable":true,"href":"https:\/\/translinguoglobal.com\/de\/wp-json\/wp\/v2\/users\/3"}],"replies":[{"embeddable":true,"href":"https:\/\/translinguoglobal.com\/de\/wp-json\/wp\/v2\/comments?post=44645"}],"version-history":[{"count":0,"href":"https:\/\/translinguoglobal.com\/de\/wp-json\/wp\/v2\/pages\/44645\/revisions"}],"wp:featuredmedia":[{"embeddable":true,"href":"https:\/\/translinguoglobal.com\/de\/wp-json\/wp\/v2\/media\/43223"}],"wp:attachment":[{"href":"https:\/\/translinguoglobal.com\/de\/wp-json\/wp\/v2\/media?parent=44645"}],"curies":[{"name":"wp","href":"https:\/\/api.w.org\/{rel}","templated":true}]}}