{"id":44644,"date":"2022-06-13T09:16:45","date_gmt":"2022-06-13T09:16:45","guid":{"rendered":"https:\/\/translinguoglobal.com\/uebersetzungsagentur-fuer-polnisch\/"},"modified":"2022-07-13T13:07:49","modified_gmt":"2022-07-13T13:07:49","slug":"uebersetzungsagentur-fuer-polnisch","status":"publish","type":"page","link":"https:\/\/translinguoglobal.com\/de\/uebersetzungsagentur-fuer-polnisch\/","title":{"rendered":"\u00dcbersetzungsagentur f\u00fcr Polnisch"},"content":{"rendered":"<h3 style=\"text-align: center;\"><strong>Besondere Eigenschaften der \u00dcbersetzung aus dem Polnischen<\/strong><\/h3>\n<p>Es gibt einige Eigenschaften, die eine <strong>\u00dcbersetzung aus dem <a href=\"https:\/\/de.wikipedia.org\/wiki\/Polnische_Sprache\" target=\"_blank\" rel=\"noopener\">Polnischen<\/a><\/strong> erschweren k\u00f6nnen. <a href=\"https:\/\/de.wikipedia.org\/wiki\/Polnische_Sprache\" target=\"_blank\" rel=\"noopener\">Polnisch<\/a> hat sieben Dialekte, von denen die am weitesten verbreiteten <em>Wielkopolski<\/em> oder Gro\u00dfpolnisch sind, welches in Westpolen gesprochen wird; <em>Malopolski<\/em> oder Kleinpolnisch, das im S\u00fcden und S\u00fcdosten gesprochen wird; <em>Mazowiecki<\/em> oder Masowisch und Schlesisch, das im Nordwesten gesprochen wird, wo auch die Hauptstadt Warschau liegt. In der \u00dcbersetzung aus dem Polnischen wird haupts\u00e4chlich\u00a0<em>Wielkopolski <\/em>verwendet. Wenn die \u00dcbersetzung es jedoch erfordert, kann sie in den gew\u00fcnschten Dialekt \u00fcbersetzt werden.<\/p>\n<h3 style=\"text-align: center;\"><strong>Zu ber\u00fccksichtigende Aspekte<\/strong><\/h3>\n<p>Ein weiteres Problem k\u00f6nnten die &#8220;falschen Freunde&#8221; sein, die bei der \u00dcbersetzung des <a href=\"https:\/\/de.wikipedia.org\/wiki\/Polnische_Sprache\" target=\"_blank\" rel=\"noopener\">Polnischen<\/a> im Verh\u00e4ltnis zu anderen slawischen und nicht-slawischen Sprachen, wie z.\u00a0B. dem Englischen, auftreten. Au\u00dferdem gibt es eine unendliche Anzahl von Diminutiven. Was die Wortbildung anbelangt, so werden viele W\u00f6rter von Verben abgeleitet, was zu Verwirrung f\u00fchrt, da jedes abgeleitete Wort eine andere Bedeutung hat. Eine weitere Besonderheit sind die Digraphen und die 9 der 32 Buchstaben des Alphabets, die es in fast keiner Sprache gibt: \u0105, \u0107, \u0119, \u0142, \u0144, \u00f3, \u015b, \u017a, \u017c.<\/p>\n<h3 style=\"text-align: center;\"><strong>Drei Geschlechter von Polnisch<\/strong><\/h3>\n<p>Ein weiterer interessanter Punkt der nicht \u00fcbersehen werden sollte, bezieht sich auf die Geschlechter. Im Gegensatz zu den zwei Geschlechtern im <a href=\"https:\/\/de.wikipedia.org\/wiki\/Spanische_Sprache\" target=\"_blank\" rel=\"noopener\">Spanischen<\/a> und den drei Geschlechtern im <a href=\"https:\/\/de.wikipedia.org\/wiki\/Spanische_Sprache\" target=\"_blank\" rel=\"noopener\">Deutschen<\/a>, gibt es im <a href=\"https:\/\/de.wikipedia.org\/wiki\/Polnische_Sprache\" target=\"_blank\" rel=\"noopener\">Polnischen<\/a> f\u00fcnf Geschlechter. Dies sind das weibliche, das s\u00e4chliche und drei m\u00e4nnliche Geschlechter. Dar\u00fcber hinaus gibt es sieben F\u00e4lle: Nominativ, Genitiv, Dativ, Akkusativ, Instrumental, Lokativ und Vokativ. Es ist auch wichtig zu wissen, dass Substantive, Adjektive und Verben flektierbar sind, mit vielen Regeln und Ausnahmen, wie zum Beispiel, dass alle Verben im Perfekt oder im Imperfekt stehen k\u00f6nnen.<\/p>\n<h3 style=\"text-align: center;\"><strong>Preisangebot f\u00fcr eine \u00dcbersetzung aus dem Polnischen<\/strong><\/h3>\n<p>Um den Preis f\u00fcr eine <strong>\u00dcbersetzung aus dem <a href=\"https:\/\/de.wikipedia.org\/wiki\/Polnische_Sprache\" target=\"_blank\" rel=\"noopener\">Polnischen<\/a><\/strong> zu berechnen, m\u00fcssen wir eine Reihe von Faktoren ber\u00fccksichtigen die in diesem Prozess eine Rolle spielen, wie z.\u00a0B.:<\/p>\n<ul>\n<li>Die Anzahl der W\u00f6rter, die in dem Dokument oder den Seiten enthalten sind.<\/li>\n<li>Der Tarif des \u00dcbersetzers;<\/li>\n<li>Die Spezialisierung des Textes, ob es sich um eine beglaubigte \u00dcbersetzung oder eine Standard\u00fcbersetzung handelt;<\/li>\n<li>Die Dringlichkeit des Auftrags;<\/li>\n<li>Das Format des Dokuments sowie seine Verst\u00e4ndlichkeit.<\/li>\n<li>All diese Faktoren m\u00fcssen bei der Berechnung des Preises f\u00fcr die \u00dcbersetzung ber\u00fccksichtigt werden.<\/li>\n<\/ul>\n<h3 style=\"text-align: center;\"><strong>Faktoren, die die Kosten f\u00fcr eine \u00dcbersetzung aus dem Polnischen senken<\/strong><\/h3>\n<p>Aber es gibt auch Faktoren, die den Preis senken, wie z. B. <strong>der Umfang der Arbeit<\/strong>, denn wenn die \u00dcbersetzung umfangreich ist, kann der \u00dcbersetzer einen Rabatt gew\u00e4hren; <strong>Wiederholungen von Fragmenten<\/strong> im Dokument, denn gro\u00dfe identische Fragmente werden nicht doppelt berechnet, und andere Rabatte, die vom \u00dcbersetzer abh\u00e4ngen.<\/p>\n<p>Besuchen Sie unsere Profile auf <a title=\"Translinguo Global\" href=\"https:\/\/www.facebook.com\/translinguoglobal\" target=\"_blank\" rel=\"noopener\">Facebook<\/a>, <a title=\"Translinguo Global\" href=\"https:\/\/www.instagram.com\/translinguoglobal\/\" target=\"_blank\" rel=\"noopener\">Instagram<\/a> und <a title=\"Trasnslinguo Global\" href=\"https:\/\/es.linkedin.com\/company\/agencia-de-traduccion-translinguo-global\" target=\"_blank\" rel=\"noopener\">Linkedin.<\/a><\/p>\n","protected":false},"excerpt":{"rendered":"<p>Polnisch ist eine westslawische Sprache, die haupts\u00e4chlich in Polen gesprochen wird.<\/p>\n","protected":false},"author":3,"featured_media":38173,"parent":0,"menu_order":0,"comment_status":"closed","ping_status":"closed","template":"","meta":{"_crdt_document":"","inline_featured_image":false,"site-sidebar-layout":"no-sidebar","site-content-layout":"page-builder","ast-site-content-layout":"full-width-container","site-content-style":"default","site-sidebar-style":"default","ast-global-header-display":"","ast-banner-title-visibility":"","ast-main-header-display":"","ast-hfb-above-header-display":"","ast-hfb-below-header-display":"","ast-hfb-mobile-header-display":"","site-post-title":"disabled","ast-breadcrumbs-content":"","ast-featured-img":"disabled","footer-sml-layout":"","ast-disable-related-posts":"","theme-transparent-header-meta":"default","adv-header-id-meta":"","stick-header-meta":"","header-above-stick-meta":"","header-main-stick-meta":"","header-below-stick-meta":"","astra-migrate-meta-layouts":"default","ast-page-background-enabled":"default","ast-page-background-meta":{"desktop":{"background-color":"var(--ast-global-color-4)","background-image":"","background-repeat":"repeat","background-position":"center center","background-size":"auto","background-attachment":"scroll","background-type":"","background-media":"","overlay-type":"","overlay-color":"","overlay-opacity":"","overlay-gradient":""},"tablet":{"background-color":"","background-image":"","background-repeat":"repeat","background-position":"center center","background-size":"auto","background-attachment":"scroll","background-type":"","background-media":"","overlay-type":"","overlay-color":"","overlay-opacity":"","overlay-gradient":""},"mobile":{"background-color":"","background-image":"","background-repeat":"repeat","background-position":"center center","background-size":"auto","background-attachment":"scroll","background-type":"","background-media":"","overlay-type":"","overlay-color":"","overlay-opacity":"","overlay-gradient":""}},"ast-content-background-meta":{"desktop":{"background-color":"var(--ast-global-color-5)","background-image":"","background-repeat":"repeat","background-position":"center center","background-size":"auto","background-attachment":"scroll","background-type":"","background-media":"","overlay-type":"","overlay-color":"","overlay-opacity":"","overlay-gradient":""},"tablet":{"background-color":"var(--ast-global-color-5)","background-image":"","background-repeat":"repeat","background-position":"center center","background-size":"auto","background-attachment":"scroll","background-type":"","background-media":"","overlay-type":"","overlay-color":"","overlay-opacity":"","overlay-gradient":""},"mobile":{"background-color":"var(--ast-global-color-5)","background-image":"","background-repeat":"repeat","background-position":"center center","background-size":"auto","background-attachment":"scroll","background-type":"","background-media":"","overlay-type":"","overlay-color":"","overlay-opacity":"","overlay-gradient":""}},"footnotes":""},"class_list":["post-44644","page","type-page","status-publish","has-post-thumbnail","hentry"],"_links":{"self":[{"href":"https:\/\/translinguoglobal.com\/de\/wp-json\/wp\/v2\/pages\/44644","targetHints":{"allow":["GET"]}}],"collection":[{"href":"https:\/\/translinguoglobal.com\/de\/wp-json\/wp\/v2\/pages"}],"about":[{"href":"https:\/\/translinguoglobal.com\/de\/wp-json\/wp\/v2\/types\/page"}],"author":[{"embeddable":true,"href":"https:\/\/translinguoglobal.com\/de\/wp-json\/wp\/v2\/users\/3"}],"replies":[{"embeddable":true,"href":"https:\/\/translinguoglobal.com\/de\/wp-json\/wp\/v2\/comments?post=44644"}],"version-history":[{"count":0,"href":"https:\/\/translinguoglobal.com\/de\/wp-json\/wp\/v2\/pages\/44644\/revisions"}],"wp:featuredmedia":[{"embeddable":true,"href":"https:\/\/translinguoglobal.com\/de\/wp-json\/wp\/v2\/media\/38173"}],"wp:attachment":[{"href":"https:\/\/translinguoglobal.com\/de\/wp-json\/wp\/v2\/media?parent=44644"}],"curies":[{"name":"wp","href":"https:\/\/api.w.org\/{rel}","templated":true}]}}